{"id":4470,"date":"2025-02-04T14:35:31","date_gmt":"2025-02-04T14:35:31","guid":{"rendered":"https:\/\/www.tpa-group.hr\/baker-tilly-international"},"modified":"2025-03-29T17:19:19","modified_gmt":"2025-03-29T17:19:19","slug":"baker-tilly-international","status":"publish","type":"page","link":"https:\/\/www.tpa-group.hr\/hr\/baker-tilly-international","title":{"rendered":"Baker Tilly International"},"content":{"rendered":"\t\t<div data-elementor-type=\"wp-page\" data-elementor-id=\"4470\" class=\"elementor elementor-4470 elementor-3543\" data-elementor-post-type=\"page\">\n\t\t\t\t\t\t<section class=\"elementor-section elementor-top-section elementor-element elementor-element-68e081b0 hero-banner elementor-section-boxed elementor-section-height-default elementor-section-height-default\" data-id=\"68e081b0\" data-element_type=\"section\" data-settings=\"{&quot;background_background&quot;:&quot;classic&quot;}\">\n\t\t\t\t\t\t<div class=\"elementor-container elementor-column-gap-default\">\n\t\t\t\t\t<div class=\"elementor-column elementor-col-50 elementor-top-column elementor-element elementor-element-7bbf14ba\" data-id=\"7bbf14ba\" data-element_type=\"column\">\n\t\t\t<div class=\"elementor-widget-wrap elementor-element-populated\">\n\t\t\t\t\t\t<section class=\"elementor-section elementor-inner-section elementor-element elementor-element-15ea118b hero-banner-breadcrumbs-container elementor-section-boxed elementor-section-height-default elementor-section-height-default\" data-id=\"15ea118b\" data-element_type=\"section\">\n\t\t\t\t\t\t<div class=\"elementor-container elementor-column-gap-default\">\n\t\t\t\t\t<div class=\"elementor-column elementor-col-100 elementor-inner-column elementor-element elementor-element-3acca1b4\" data-id=\"3acca1b4\" data-element_type=\"column\">\n\t\t\t<div class=\"elementor-widget-wrap elementor-element-populated\">\n\t\t\t\t\t\t<div class=\"elementor-element elementor-element-224616da elementor-widget elementor-widget-heading\" data-id=\"224616da\" data-element_type=\"widget\" data-widget_type=\"heading.default\">\n\t\t\t\t<div class=\"elementor-widget-container\">\n\t\t\t\t\t<p class=\"elementor-heading-title elementor-size-default\"><a href=\"\/hr\/\">Naslovnica |&nbsp;<\/a><\/p>\t\t\t\t<\/div>\n\t\t\t\t<\/div>\n\t\t\t\t<div class=\"elementor-element elementor-element-5edef2cf elementor-widget elementor-widget-heading\" data-id=\"5edef2cf\" data-element_type=\"widget\" data-widget_type=\"heading.default\">\n\t\t\t\t<div class=\"elementor-widget-container\">\n\t\t\t\t\t<p class=\"elementor-heading-title elementor-size-default\">Baker Tilly International<\/p>\t\t\t\t<\/div>\n\t\t\t\t<\/div>\n\t\t\t\t\t<\/div>\n\t\t<\/div>\n\t\t\t\t\t<\/div>\n\t\t<\/section>\n\t\t\t\t<div class=\"elementor-element elementor-element-54c8335d elementor-widget elementor-widget-heading\" data-id=\"54c8335d\" data-element_type=\"widget\" data-widget_type=\"heading.default\">\n\t\t\t\t<div class=\"elementor-widget-container\">\n\t\t\t\t\t<h1 class=\"elementor-heading-title elementor-size-default\">Baker Tilly International<\/h1>\t\t\t\t<\/div>\n\t\t\t\t<\/div>\n\t\t\t\t<div class=\"elementor-element elementor-element-67ef3be1 elementor-widget elementor-widget-text-editor\" data-id=\"67ef3be1\" data-element_type=\"widget\" data-widget_type=\"text-editor.default\">\n\t\t\t\t<div class=\"elementor-widget-container\">\n\t\t\t\t\t\t\t\t\t<p>Zahvaljuju\u0107i na\u0161em savezu s mre\u017eom <span style=\"text-decoration: underline;\"><a title=\"Baker Tilly International - Now for tomorrow\" href=\"https:\/\/www.bakertilly.global\/\" target=\"_blank\" rel=\"noopener noreferrer\"><strong>Baker Tilly International<\/strong><\/a><\/span>, 12 zemalja unutar neovisne TPA grupe savr\u0161eno su povezane na globalnoj razini, \u0161to nam omogu\u0107uje pru\u017eanje visokokvalitetnih usluga u svim glavnim poslovnim centrima i regijama svijeta.<\/p>\t\t\t\t\t\t\t\t<\/div>\n\t\t\t\t<\/div>\n\t\t\t\t\t<\/div>\n\t\t<\/div>\n\t\t\t\t<div class=\"elementor-column elementor-col-50 elementor-top-column elementor-element elementor-element-14868d5\" data-id=\"14868d5\" data-element_type=\"column\">\n\t\t\t<div class=\"elementor-widget-wrap\">\n\t\t\t\t\t\t\t<\/div>\n\t\t<\/div>\n\t\t\t\t\t<\/div>\n\t\t<\/section>\n\t\t<div class=\"elementor-element elementor-element-518ca5d1 e-flex e-con-boxed e-con e-parent\" data-id=\"518ca5d1\" data-element_type=\"container\" data-settings=\"{&quot;background_background&quot;:&quot;classic&quot;}\">\n\t\t\t\t\t<div class=\"e-con-inner\">\n\t\t\t\t<div class=\"elementor-element elementor-element-43c10d6b elementor-widget elementor-widget-heading\" data-id=\"43c10d6b\" data-element_type=\"widget\" data-widget_type=\"heading.default\">\n\t\t\t\t<div class=\"elementor-widget-container\">\n\t\t\t\t\t<h3 class=\"elementor-heading-title elementor-size-default\">Baker Tilly u Njema\u010dkoj<\/h3>\t\t\t\t<\/div>\n\t\t\t\t<\/div>\n\t\t\t\t<div class=\"elementor-element elementor-element-401339b4 elementor-widget elementor-widget-text-editor\" data-id=\"401339b4\" data-element_type=\"widget\" data-widget_type=\"text-editor.default\">\n\t\t\t\t<div class=\"elementor-widget-container\">\n\t\t\t\t\t\t\t\t\t<p>Na najva\u017enijem europskom tr\u017ei\u0161tu, <strong>Njema\u010dkoj<\/strong>, TPA Grupa usko sura\u0111uje s vode\u0107im i vrlo uspje\u0161nim \u010dlanom mre\u017ee Baker Tilly International, renomiranom njema\u010dkom konzultantskom tvrtkom <span style=\"text-decoration: underline;\"><a title=\"Porezno savjetovanje, ra\u010dunovodstvo, revizija i savjetovanje u Njema\u010dkoj - Baker Tilly Germany\" href=\"http:\/\/www.bakertilly.de\/\"><strong>Baker Tilly<\/strong><\/a><\/span>, koja ima 10 lokacija u Njema\u010dkoj i vi\u0161e od 1.200 zaposlenika.<\/p>\t\t\t\t\t\t\t\t<\/div>\n\t\t\t\t<\/div>\n\t\t\t\t<div class=\"elementor-element elementor-element-e3e8c68 elementor-widget elementor-widget-heading\" data-id=\"e3e8c68\" data-element_type=\"widget\" data-widget_type=\"heading.default\">\n\t\t\t\t<div class=\"elementor-widget-container\">\n\t\t\t\t\t<h3 class=\"elementor-heading-title elementor-size-default\">Sada za sutra<\/h3>\t\t\t\t<\/div>\n\t\t\t\t<\/div>\n\t\t\t\t<div class=\"elementor-element elementor-element-5719680 elementor-widget elementor-widget-text-editor\" data-id=\"5719680\" data-element_type=\"widget\" data-widget_type=\"text-editor.default\">\n\t\t\t\t<div class=\"elementor-widget-container\">\n\t\t\t\t\t\t\t\t\t<p>Mre\u017ea <strong>Baker Tilly International<\/strong> trenutno obuhva\u0107a vi\u0161e od 700 ureda u 148 zemalja s oko 39.000 zaposlenika, \u0161to je svrstava me\u0111u <strong>top 10<\/strong> globalnih konzultantskih mre\u017ea za porezno savjetovanje, ra\u010dunovodstvo, obra\u010dun pla\u0107a, savjetovanje, pravne usluge i jo\u0161 mnogo toga.<\/p><p>TPA Grupa je neovisni \u010dlan <strong>Baker Tilly Europe Alliance<\/strong>. Baker Tilly Europe Alliance ne pru\u017ea profesionalne usluge klijentima. Svaka \u010dlanica saveza je zasebna i neovisna pravna osoba te se kao takva i predstavlja. TPA Grupa nije agent Baker Tilly Europe Alliance niti agent Baker Tilly International i nema ovlasti obvezivati Baker Tilly Europe Alliance ili Baker Tilly International niti djelovati u njihovo ime. Ni Baker Tilly International, ni Baker Tilly Europe Alliance, ni TPA Grupa, ni bilo koja druga \u010dlanica mre\u017ee Baker Tilly International ili saveza Baker Tilly Europe Alliance ne snose odgovornost za postupke ili propuste drugih \u010dlanica. Osim toga, ni Baker Tilly International, ni Baker Tilly Europe Alliance, niti bilo koja druga \u010dlanica nema pravo upravlja\u010dke kontrole nad drugom \u010dlanicom. Naziv Baker Tilly i pripadaju\u0107i logo koriste se pod licencom tvrtke Baker Tilly International Limited.<\/p><ul><li>Vi\u0161e o <span style=\"text-decoration: underline;\"><a title=\"Now for Tomorrow: Globalna mre\u017ea Baker Tilly International\" href=\"https:\/\/www.bakertilly.global\/\" target=\"_blank\" rel=\"noopener noreferrer\"><strong>Baker Tilly International<\/strong><\/a><\/span><\/li><li>Vi\u0161e o <span style=\"text-decoration: underline;\"><a title=\"Savr\u0161eni zajedno: S Baker Tilly Europe Alliance prisutni smo u Njema\u010dkoj, Austriji i cijeloj regiji srednje i isto\u010dne Europe.\" href=\"https:\/\/www.tpa-group.com\/?page_id=4449\"><strong>Baker Tilly Europe Alliance<\/strong><\/a><\/span><\/li><li><span style=\"text-decoration: underline;\"><a title=\"Prona\u0111ite najbli\u017ei TPA ured za porezno savjetovanje i reviziju! Sve lokacije TPA Grupe\" href=\"https:\/\/www.tpa-group.com\/en\/locations\/\"><strong>Svi TPA uredi za porezno savjetovanje i reviziju<\/strong><\/a><\/span><\/li><\/ul>\t\t\t\t\t\t\t\t<\/div>\n\t\t\t\t<\/div>\n\t\t\t\t\t<\/div>\n\t\t\t\t<\/div>\n\t\t\t\t<\/div>\n\t\t","protected":false},"excerpt":{"rendered":"<p>Naslovnica |&nbsp; Baker Tilly International Baker Tilly International Zahvaljuju\u0107i na\u0161em savezu s mre\u017eom Baker Tilly International, 12 zemalja unutar neovisne TPA grupe savr\u0161eno su povezane na globalnoj razini, \u0161to nam omogu\u0107uje pru\u017eanje visokokvalitetnih usluga u svim glavnim poslovnim centrima i regijama svijeta. Baker Tilly u Njema\u010dkoj Na najva\u017enijem europskom tr\u017ei\u0161tu, Njema\u010dkoj, TPA Grupa usko sura\u0111uje [&hellip;]<\/p>\n","protected":false},"author":13,"featured_media":0,"parent":0,"menu_order":0,"comment_status":"closed","ping_status":"closed","template":"elementor_header_footer","meta":{"_acf_changed":false,"footnotes":""},"class_list":["post-4470","page","type-page","status-publish","hentry"],"acf":[],"yoast_head":"<!-- This site is optimized with the Yoast SEO plugin v26.0 - https:\/\/yoast.com\/wordpress\/plugins\/seo\/ -->\n<title>Baker Tilly International - TPA Hrvatska - TPA Croatia<\/title>\n<meta name=\"robots\" content=\"index, follow, max-snippet:-1, max-image-preview:large, max-video-preview:-1\" \/>\n<link rel=\"canonical\" href=\"https:\/\/www.tpa-group.hr\/hr\/baker-tilly-international\" \/>\n<meta property=\"og:locale\" content=\"hr_HR\" \/>\n<meta property=\"og:type\" content=\"article\" \/>\n<meta property=\"og:title\" content=\"Baker Tilly International - TPA Hrvatska - TPA Croatia\" \/>\n<meta property=\"og:description\" content=\"Naslovnica |&nbsp; Baker Tilly International Baker Tilly International Zahvaljuju\u0107i na\u0161em savezu s mre\u017eom Baker Tilly International, 12 zemalja unutar neovisne TPA grupe savr\u0161eno su povezane na globalnoj razini, \u0161to nam omogu\u0107uje pru\u017eanje visokokvalitetnih usluga u svim glavnim poslovnim centrima i regijama svijeta. Baker Tilly u Njema\u010dkoj Na najva\u017enijem europskom tr\u017ei\u0161tu, Njema\u010dkoj, TPA Grupa usko sura\u0111uje [&hellip;]\" \/>\n<meta property=\"og:url\" content=\"https:\/\/www.tpa-group.hr\/hr\/baker-tilly-international\" \/>\n<meta property=\"og:site_name\" content=\"TPA Hrvatska - TPA Croatia\" \/>\n<meta property=\"article:modified_time\" content=\"2025-03-29T17:19:19+00:00\" \/>\n<meta name=\"twitter:card\" content=\"summary_large_image\" \/>\n<meta name=\"twitter:label1\" content=\"Est. reading time\" \/>\n\t<meta name=\"twitter:data1\" content=\"2 minute\" \/>\n<script type=\"application\/ld+json\" class=\"yoast-schema-graph\">{\"@context\":\"https:\/\/schema.org\",\"@graph\":[{\"@type\":\"WebPage\",\"@id\":\"https:\/\/www.tpa-group.hr\/hr\/baker-tilly-international\",\"url\":\"https:\/\/www.tpa-group.hr\/hr\/baker-tilly-international\",\"name\":\"Baker Tilly International - TPA Hrvatska - TPA Croatia\",\"isPartOf\":{\"@id\":\"https:\/\/www.tpa-group.hr\/hr#website\"},\"datePublished\":\"2025-02-04T14:35:31+00:00\",\"dateModified\":\"2025-03-29T17:19:19+00:00\",\"breadcrumb\":{\"@id\":\"https:\/\/www.tpa-group.hr\/hr\/baker-tilly-international#breadcrumb\"},\"inLanguage\":\"hr\",\"potentialAction\":[{\"@type\":\"ReadAction\",\"target\":[\"https:\/\/www.tpa-group.hr\/hr\/baker-tilly-international\"]}]},{\"@type\":\"BreadcrumbList\",\"@id\":\"https:\/\/www.tpa-group.hr\/hr\/baker-tilly-international#breadcrumb\",\"itemListElement\":[{\"@type\":\"ListItem\",\"position\":1,\"name\":\"Home\",\"item\":\"https:\/\/www.tpa-group.hr\/hr\"},{\"@type\":\"ListItem\",\"position\":2,\"name\":\"Baker Tilly International\"}]},{\"@type\":\"WebSite\",\"@id\":\"https:\/\/www.tpa-group.hr\/hr#website\",\"url\":\"https:\/\/www.tpa-group.hr\/hr\",\"name\":\"TPA Hrvatska - TPA Croatia\",\"description\":\"Porezno savjetovanje\",\"publisher\":{\"@id\":\"https:\/\/www.tpa-group.hr\/hr#organization\"},\"alternateName\":\"TPA\",\"potentialAction\":[{\"@type\":\"SearchAction\",\"target\":{\"@type\":\"EntryPoint\",\"urlTemplate\":\"https:\/\/www.tpa-group.hr\/hr?s={search_term_string}\"},\"query-input\":{\"@type\":\"PropertyValueSpecification\",\"valueRequired\":true,\"valueName\":\"search_term_string\"}}],\"inLanguage\":\"hr\"},{\"@type\":\"Organization\",\"@id\":\"https:\/\/www.tpa-group.hr\/hr#organization\",\"name\":\"TPA Hrvatska - TPA Croatia\",\"url\":\"https:\/\/www.tpa-group.hr\/hr\",\"logo\":{\"@type\":\"ImageObject\",\"inLanguage\":\"hr\",\"@id\":\"https:\/\/www.tpa-group.hr\/hr#\/schema\/logo\/image\/\",\"url\":\"https:\/\/www.tpa-group.hr\/app\/uploads\/sites\/5\/2025\/09\/WhatsApp-Image-2025-09-29-at-13.31.31-Photoroom.png\",\"contentUrl\":\"https:\/\/www.tpa-group.hr\/app\/uploads\/sites\/5\/2025\/09\/WhatsApp-Image-2025-09-29-at-13.31.31-Photoroom.png\",\"width\":709,\"height\":355,\"caption\":\"TPA Hrvatska - TPA Croatia\"},\"image\":{\"@id\":\"https:\/\/www.tpa-group.hr\/hr#\/schema\/logo\/image\/\"}}]}<\/script>\n<!-- \/ Yoast SEO plugin. -->","yoast_head_json":{"title":"Baker Tilly International - TPA Hrvatska - TPA Croatia","robots":{"index":"index","follow":"follow","max-snippet":"max-snippet:-1","max-image-preview":"max-image-preview:large","max-video-preview":"max-video-preview:-1"},"canonical":"https:\/\/www.tpa-group.hr\/hr\/baker-tilly-international","og_locale":"hr_HR","og_type":"article","og_title":"Baker Tilly International - TPA Hrvatska - TPA Croatia","og_description":"Naslovnica |&nbsp; Baker Tilly International Baker Tilly International Zahvaljuju\u0107i na\u0161em savezu s mre\u017eom Baker Tilly International, 12 zemalja unutar neovisne TPA grupe savr\u0161eno su povezane na globalnoj razini, \u0161to nam omogu\u0107uje pru\u017eanje visokokvalitetnih usluga u svim glavnim poslovnim centrima i regijama svijeta. Baker Tilly u Njema\u010dkoj Na najva\u017enijem europskom tr\u017ei\u0161tu, Njema\u010dkoj, TPA Grupa usko sura\u0111uje [&hellip;]","og_url":"https:\/\/www.tpa-group.hr\/hr\/baker-tilly-international","og_site_name":"TPA Hrvatska - TPA Croatia","article_modified_time":"2025-03-29T17:19:19+00:00","twitter_card":"summary_large_image","twitter_misc":{"Est. reading time":"2 minute"},"schema":{"@context":"https:\/\/schema.org","@graph":[{"@type":"WebPage","@id":"https:\/\/www.tpa-group.hr\/hr\/baker-tilly-international","url":"https:\/\/www.tpa-group.hr\/hr\/baker-tilly-international","name":"Baker Tilly International - TPA Hrvatska - TPA Croatia","isPartOf":{"@id":"https:\/\/www.tpa-group.hr\/hr#website"},"datePublished":"2025-02-04T14:35:31+00:00","dateModified":"2025-03-29T17:19:19+00:00","breadcrumb":{"@id":"https:\/\/www.tpa-group.hr\/hr\/baker-tilly-international#breadcrumb"},"inLanguage":"hr","potentialAction":[{"@type":"ReadAction","target":["https:\/\/www.tpa-group.hr\/hr\/baker-tilly-international"]}]},{"@type":"BreadcrumbList","@id":"https:\/\/www.tpa-group.hr\/hr\/baker-tilly-international#breadcrumb","itemListElement":[{"@type":"ListItem","position":1,"name":"Home","item":"https:\/\/www.tpa-group.hr\/hr"},{"@type":"ListItem","position":2,"name":"Baker Tilly International"}]},{"@type":"WebSite","@id":"https:\/\/www.tpa-group.hr\/hr#website","url":"https:\/\/www.tpa-group.hr\/hr","name":"TPA Hrvatska - TPA Croatia","description":"Porezno savjetovanje","publisher":{"@id":"https:\/\/www.tpa-group.hr\/hr#organization"},"alternateName":"TPA","potentialAction":[{"@type":"SearchAction","target":{"@type":"EntryPoint","urlTemplate":"https:\/\/www.tpa-group.hr\/hr?s={search_term_string}"},"query-input":{"@type":"PropertyValueSpecification","valueRequired":true,"valueName":"search_term_string"}}],"inLanguage":"hr"},{"@type":"Organization","@id":"https:\/\/www.tpa-group.hr\/hr#organization","name":"TPA Hrvatska - TPA Croatia","url":"https:\/\/www.tpa-group.hr\/hr","logo":{"@type":"ImageObject","inLanguage":"hr","@id":"https:\/\/www.tpa-group.hr\/hr#\/schema\/logo\/image\/","url":"https:\/\/www.tpa-group.hr\/app\/uploads\/sites\/5\/2025\/09\/WhatsApp-Image-2025-09-29-at-13.31.31-Photoroom.png","contentUrl":"https:\/\/www.tpa-group.hr\/app\/uploads\/sites\/5\/2025\/09\/WhatsApp-Image-2025-09-29-at-13.31.31-Photoroom.png","width":709,"height":355,"caption":"TPA Hrvatska - TPA Croatia"},"image":{"@id":"https:\/\/www.tpa-group.hr\/hr#\/schema\/logo\/image\/"}}]}},"_links":{"self":[{"href":"https:\/\/www.tpa-group.hr\/hr\/wp-json\/wp\/v2\/pages\/4470","targetHints":{"allow":["GET"]}}],"collection":[{"href":"https:\/\/www.tpa-group.hr\/hr\/wp-json\/wp\/v2\/pages"}],"about":[{"href":"https:\/\/www.tpa-group.hr\/hr\/wp-json\/wp\/v2\/types\/page"}],"author":[{"embeddable":true,"href":"https:\/\/www.tpa-group.hr\/hr\/wp-json\/wp\/v2\/users\/13"}],"replies":[{"embeddable":true,"href":"https:\/\/www.tpa-group.hr\/hr\/wp-json\/wp\/v2\/comments?post=4470"}],"version-history":[{"count":11,"href":"https:\/\/www.tpa-group.hr\/hr\/wp-json\/wp\/v2\/pages\/4470\/revisions"}],"predecessor-version":[{"id":5325,"href":"https:\/\/www.tpa-group.hr\/hr\/wp-json\/wp\/v2\/pages\/4470\/revisions\/5325"}],"wp:attachment":[{"href":"https:\/\/www.tpa-group.hr\/hr\/wp-json\/wp\/v2\/media?parent=4470"}],"curies":[{"name":"wp","href":"https:\/\/api.w.org\/{rel}","templated":true}]}}