{"id":4154,"date":"2025-03-11T14:20:06","date_gmt":"2025-03-11T14:20:06","guid":{"rendered":"https:\/\/www.tpa-group.hr\/disclaimer"},"modified":"2025-03-11T14:27:58","modified_gmt":"2025-03-11T14:27:58","slug":"opci-uvjeti-koristenja","status":"publish","type":"page","link":"https:\/\/www.tpa-group.hr\/hr\/opci-uvjeti-koristenja","title":{"rendered":"Op\u0107i uvjeti kori\u0161tenja"},"content":{"rendered":"\t\t<div data-elementor-type=\"wp-page\" data-elementor-id=\"4154\" class=\"elementor elementor-4154 elementor-4143\" data-elementor-post-type=\"page\">\n\t\t\t\t\t\t<section class=\"elementor-section elementor-top-section elementor-element elementor-element-721753cb hero-banner elementor-section-boxed elementor-section-height-default elementor-section-height-default\" data-id=\"721753cb\" data-element_type=\"section\" data-settings=\"{&quot;background_background&quot;:&quot;classic&quot;}\">\n\t\t\t\t\t\t\t<div class=\"elementor-background-overlay\"><\/div>\n\t\t\t\t\t\t\t<div class=\"elementor-container elementor-column-gap-default\">\n\t\t\t\t\t<div class=\"elementor-column elementor-col-50 elementor-top-column elementor-element elementor-element-6acf4799\" data-id=\"6acf4799\" data-element_type=\"column\">\n\t\t\t<div class=\"elementor-widget-wrap elementor-element-populated\">\n\t\t\t\t\t\t<section class=\"elementor-section elementor-inner-section elementor-element elementor-element-69c3c27e hero-banner-breadcrumbs-container elementor-section-boxed elementor-section-height-default elementor-section-height-default\" data-id=\"69c3c27e\" data-element_type=\"section\">\n\t\t\t\t\t\t<div class=\"elementor-container elementor-column-gap-default\">\n\t\t\t\t\t<div class=\"elementor-column elementor-col-100 elementor-inner-column elementor-element elementor-element-5ad62f99\" data-id=\"5ad62f99\" data-element_type=\"column\">\n\t\t\t<div class=\"elementor-widget-wrap elementor-element-populated\">\n\t\t\t\t\t\t<div class=\"elementor-element elementor-element-74e5a6cf elementor-widget elementor-widget-heading\" data-id=\"74e5a6cf\" data-element_type=\"widget\" data-widget_type=\"heading.default\">\n\t\t\t\t<div class=\"elementor-widget-container\">\n\t\t\t\t\t<p class=\"elementor-heading-title elementor-size-default\"><a href=\"\/hr\/\">Naslovnica |&nbsp;<\/a><\/p>\t\t\t\t<\/div>\n\t\t\t\t<\/div>\n\t\t\t\t<div class=\"elementor-element elementor-element-aeb1437 elementor-widget elementor-widget-heading\" data-id=\"aeb1437\" data-element_type=\"widget\" data-widget_type=\"heading.default\">\n\t\t\t\t<div class=\"elementor-widget-container\">\n\t\t\t\t\t<p class=\"elementor-heading-title elementor-size-default\">Op\u0107i uvjeti kori\u0161tenja<\/p>\t\t\t\t<\/div>\n\t\t\t\t<\/div>\n\t\t\t\t\t<\/div>\n\t\t<\/div>\n\t\t\t\t\t<\/div>\n\t\t<\/section>\n\t\t\t\t<div class=\"elementor-element elementor-element-77df1814 elementor-widget elementor-widget-heading\" data-id=\"77df1814\" data-element_type=\"widget\" data-widget_type=\"heading.default\">\n\t\t\t\t<div class=\"elementor-widget-container\">\n\t\t\t\t\t<h1 class=\"elementor-heading-title elementor-size-default\">Op\u0107i uvjeti kori\u0161tenja<\/h1>\t\t\t\t<\/div>\n\t\t\t\t<\/div>\n\t\t\t\t\t<\/div>\n\t\t<\/div>\n\t\t\t\t<div class=\"elementor-column elementor-col-50 elementor-top-column elementor-element elementor-element-4089c130\" data-id=\"4089c130\" data-element_type=\"column\">\n\t\t\t<div class=\"elementor-widget-wrap\">\n\t\t\t\t\t\t\t<\/div>\n\t\t<\/div>\n\t\t\t\t\t<\/div>\n\t\t<\/section>\n\t\t<div class=\"elementor-element elementor-element-d9937d2 page-content-container e-flex e-con-boxed e-con e-parent\" data-id=\"d9937d2\" data-element_type=\"container\" data-settings=\"{&quot;background_background&quot;:&quot;classic&quot;}\">\n\t\t\t\t\t<div class=\"e-con-inner\">\n\t\t\t\t<div class=\"elementor-element elementor-element-f294178 page-content-container elementor-widget elementor-widget-text-editor\" data-id=\"f294178\" data-element_type=\"widget\" data-widget_type=\"text-editor.default\">\n\t\t\t\t<div class=\"elementor-widget-container\">\n\t\t\t\t\t\t\t\t\t<p>Informacije, mi\u0161ljenja i pravna tuma\u010denja na ovim stranicama pru\u017eena su samo za op\u0107e informacije. Primjena i utjecaj zakona mo\u017ee u velikoj mjeri varirati ovisno o specifi\u010dnim \u010dinjenicama. S obzirom na promjenjivost zakona, propisa i pravila te specifi\u010dnih opasnosti elektroni\u010dke komunikacije, mogu se javiti ka\u0161njenja, propusti ili neto\u010dnost u prikazu informacija o ovoj web stranici. Prema tome, treba uzeti u obzir da se informacije, dostupne na ovim stranicama, ne mogu i ne smiju koristiti kao zamjena za profesionalni savjet. Prije dono\u0161enja bilo kakve odluke, trebali biste se savjetovati s TPA stru\u010dnjacima.<\/p><p>Iako nastojimo osigurati da se sve informacije sadr\u017eane na ovoj web stranici temelje na pouzdanim izvorima, ni TPA niti pojedini autori nisu odgovorni za bilo kakve pogre\u0161ke, propuste ili rezultate dobivene upotrebom ovih informacija. Sve informacije na ovoj web stranici pru\u017eene su bez jamstva potpunosti, to\u010dnosti ili aktualnosti te bez jamstva prikladnosti za bilo kakvu odre\u0111enu namjenu.<\/p><p>Ni TPA niti pojedini autori ne prihva\u0107aju nikakvu odgovornost za bilo koje odluke ili radnje koje su poduzete na temelju sadr\u017eaja ove web stranice, kao ni za \u0161tetu bilo kakve vrste koja bi proiza\u0161la iz takvog postupanja ili odluka. TPA nema kontrolu nad sadr\u017eajem ili izlaganjem bilo kojeg internetskog materijala koji su dodani kao poveznice na web stranicu i ne prihva\u0107a nikakvu odgovornost za takve sadr\u017eaje. TPA ne prihva\u0107a odgovornost za to\u010dnost, potpunost i aktualnost povezanih internetskih materijala. Primjenjuju se Op\u0107i uvjeti koji su dostupni za preuzimanje u nastavku ovog teksta.<\/p><p>Tekstovi, slike, grafike, video materijali i ostali materijali na ovoj web stranici za\u0161ti\u0107eni su autorskim pravima i drugim pravima intelektualnog vlasni\u0161tva: niti jedan dio ovih materijala ne smije se prenositi tre\u0107im osobama, umno\u017eavati ili na neki drugi na\u010din prenositi bez izri\u010ditog, prethodnog pisanog dopu\u0161tenja TPA.<\/p><p>Svi sudski sporovi i postupci u vezi s kori\u0161tenjem ove web stranice podlije\u017eu isklju\u010divo materijalnom pravu.<\/p><p>Za sve sporove i postupke koji proizlaze iz izravno ili neizravno kori\u0161tenja web stranice nadle\u017ean je stvarno sud u Zagrebu.<\/p><p>TPA ne jam\u010di da \u0107e se usluge obavljati bez prekida ili da \u0107e funkcionirati kao \u0161to je planirano. TPA je ovla\u0161ten u svakom trenutku i bez prethodne obavijesti obustaviti ili trajno otkazati neke od usluga ili sveukupne usluge pru\u017eene putem ove web stranice.<\/p><p><strong>Dodatno vezano uz e-mailove:<\/strong><\/p><p>Informacije za korisnike podlije\u017eu odredbama osnovne ponude i naloga, uklju\u010duju\u0107i, ali ne ograni\u010davaju\u0107i se na ugovorene Op\u0107e uvjete poslovanja (vidi dolje).<\/p><p>Suglasni ste da \u0107e informacije dobivene putem e-maila i prilo\u017eenih datoteka biti obvezuju\u0107e samo ako su potvr\u0111ene u pisanom obliku. Rizike iz prijenosa podataka elektroni\u010dkim putem snosit \u0107e isklju\u010divo stranka koja ih je zatra\u017eila, i to prvenstveno u pogledu problema koji se odnose na prijenos informacija i usluge, rizik nepostojanja primatelja te rizik kr\u0161enja tajnosti podataka na Internetu. Automatski generirane potvrde primitka ili pregleda ne\u0107e se smatrati dokazom preuzimanja va\u0161e poruke.<\/p><p><strong>Obavijest o za\u0161titi podataka vezano uz Google Analytics<\/strong><\/p><p>Ova web stranica koristi vanjski statisti\u010dki alat Google Analytics (<a title=\"google analytics\" href=\"http:\/\/www.google.com\/analytics\/\">www.google.com\/analytics<\/a>). Kori\u0161tenjem ove web stranice potvr\u0111ujete da va\u0161i\u00a0<em>klikovi<\/em>\u00a0na stranici mogu biti sa\u010duvani i anonimno vrednovani u statisti\u010dke svrhe.<\/p>\t\t\t\t\t\t\t\t<\/div>\n\t\t\t\t<\/div>\n\t\t\t\t\t<\/div>\n\t\t\t\t<\/div>\n\t\t\t\t<\/div>\n\t\t","protected":false},"excerpt":{"rendered":"<p>Naslovnica |&nbsp; Op\u0107i uvjeti kori\u0161tenja Op\u0107i uvjeti kori\u0161tenja Informacije, mi\u0161ljenja i pravna tuma\u010denja na ovim stranicama pru\u017eena su samo za op\u0107e informacije. Primjena i utjecaj zakona mo\u017ee u velikoj mjeri varirati ovisno o specifi\u010dnim \u010dinjenicama. S obzirom na promjenjivost zakona, propisa i pravila te specifi\u010dnih opasnosti elektroni\u010dke komunikacije, mogu se javiti ka\u0161njenja, propusti ili neto\u010dnost [&hellip;]<\/p>\n","protected":false},"author":13,"featured_media":0,"parent":0,"menu_order":0,"comment_status":"closed","ping_status":"closed","template":"elementor_header_footer","meta":{"_acf_changed":false,"footnotes":""},"class_list":["post-4154","page","type-page","status-publish","hentry"],"acf":[],"yoast_head":"<!-- This site is optimized with the Yoast SEO plugin v26.0 - https:\/\/yoast.com\/wordpress\/plugins\/seo\/ -->\n<title>Op\u0107i uvjeti kori\u0161tenja - TPA Hrvatska - TPA Croatia<\/title>\n<meta name=\"robots\" content=\"index, follow, max-snippet:-1, max-image-preview:large, max-video-preview:-1\" \/>\n<link rel=\"canonical\" href=\"https:\/\/www.tpa-group.hr\/hr\/opci-uvjeti-koristenja\" \/>\n<meta property=\"og:locale\" content=\"hr_HR\" \/>\n<meta property=\"og:type\" content=\"article\" \/>\n<meta property=\"og:title\" content=\"Op\u0107i uvjeti kori\u0161tenja - TPA Hrvatska - TPA Croatia\" \/>\n<meta property=\"og:description\" content=\"Naslovnica |&nbsp; Op\u0107i uvjeti kori\u0161tenja Op\u0107i uvjeti kori\u0161tenja Informacije, mi\u0161ljenja i pravna tuma\u010denja na ovim stranicama pru\u017eena su samo za op\u0107e informacije. Primjena i utjecaj zakona mo\u017ee u velikoj mjeri varirati ovisno o specifi\u010dnim \u010dinjenicama. S obzirom na promjenjivost zakona, propisa i pravila te specifi\u010dnih opasnosti elektroni\u010dke komunikacije, mogu se javiti ka\u0161njenja, propusti ili neto\u010dnost [&hellip;]\" \/>\n<meta property=\"og:url\" content=\"https:\/\/www.tpa-group.hr\/hr\/opci-uvjeti-koristenja\" \/>\n<meta property=\"og:site_name\" content=\"TPA Hrvatska - TPA Croatia\" \/>\n<meta property=\"article:modified_time\" content=\"2025-03-11T14:27:58+00:00\" \/>\n<meta name=\"twitter:card\" content=\"summary_large_image\" \/>\n<meta name=\"twitter:label1\" content=\"Est. reading time\" \/>\n\t<meta name=\"twitter:data1\" content=\"3 minute\" \/>\n<script type=\"application\/ld+json\" class=\"yoast-schema-graph\">{\"@context\":\"https:\/\/schema.org\",\"@graph\":[{\"@type\":\"WebPage\",\"@id\":\"https:\/\/www.tpa-group.hr\/hr\/opci-uvjeti-koristenja\",\"url\":\"https:\/\/www.tpa-group.hr\/hr\/opci-uvjeti-koristenja\",\"name\":\"Op\u0107i uvjeti kori\u0161tenja - TPA Hrvatska - TPA Croatia\",\"isPartOf\":{\"@id\":\"https:\/\/www.tpa-group.hr\/hr#website\"},\"datePublished\":\"2025-03-11T14:20:06+00:00\",\"dateModified\":\"2025-03-11T14:27:58+00:00\",\"breadcrumb\":{\"@id\":\"https:\/\/www.tpa-group.hr\/hr\/opci-uvjeti-koristenja#breadcrumb\"},\"inLanguage\":\"hr\",\"potentialAction\":[{\"@type\":\"ReadAction\",\"target\":[\"https:\/\/www.tpa-group.hr\/hr\/opci-uvjeti-koristenja\"]}]},{\"@type\":\"BreadcrumbList\",\"@id\":\"https:\/\/www.tpa-group.hr\/hr\/opci-uvjeti-koristenja#breadcrumb\",\"itemListElement\":[{\"@type\":\"ListItem\",\"position\":1,\"name\":\"Home\",\"item\":\"https:\/\/www.tpa-group.hr\/hr\"},{\"@type\":\"ListItem\",\"position\":2,\"name\":\"Op\u0107i uvjeti kori\u0161tenja\"}]},{\"@type\":\"WebSite\",\"@id\":\"https:\/\/www.tpa-group.hr\/hr#website\",\"url\":\"https:\/\/www.tpa-group.hr\/hr\",\"name\":\"TPA Hrvatska - TPA Croatia\",\"description\":\"Porezno savjetovanje\",\"publisher\":{\"@id\":\"https:\/\/www.tpa-group.hr\/hr#organization\"},\"alternateName\":\"TPA\",\"potentialAction\":[{\"@type\":\"SearchAction\",\"target\":{\"@type\":\"EntryPoint\",\"urlTemplate\":\"https:\/\/www.tpa-group.hr\/hr?s={search_term_string}\"},\"query-input\":{\"@type\":\"PropertyValueSpecification\",\"valueRequired\":true,\"valueName\":\"search_term_string\"}}],\"inLanguage\":\"hr\"},{\"@type\":\"Organization\",\"@id\":\"https:\/\/www.tpa-group.hr\/hr#organization\",\"name\":\"TPA Hrvatska - TPA Croatia\",\"url\":\"https:\/\/www.tpa-group.hr\/hr\",\"logo\":{\"@type\":\"ImageObject\",\"inLanguage\":\"hr\",\"@id\":\"https:\/\/www.tpa-group.hr\/hr#\/schema\/logo\/image\/\",\"url\":\"https:\/\/www.tpa-group.hr\/app\/uploads\/sites\/5\/2025\/09\/WhatsApp-Image-2025-09-29-at-13.31.31-Photoroom.png\",\"contentUrl\":\"https:\/\/www.tpa-group.hr\/app\/uploads\/sites\/5\/2025\/09\/WhatsApp-Image-2025-09-29-at-13.31.31-Photoroom.png\",\"width\":709,\"height\":355,\"caption\":\"TPA Hrvatska - TPA Croatia\"},\"image\":{\"@id\":\"https:\/\/www.tpa-group.hr\/hr#\/schema\/logo\/image\/\"}}]}<\/script>\n<!-- \/ Yoast SEO plugin. -->","yoast_head_json":{"title":"Op\u0107i uvjeti kori\u0161tenja - TPA Hrvatska - TPA Croatia","robots":{"index":"index","follow":"follow","max-snippet":"max-snippet:-1","max-image-preview":"max-image-preview:large","max-video-preview":"max-video-preview:-1"},"canonical":"https:\/\/www.tpa-group.hr\/hr\/opci-uvjeti-koristenja","og_locale":"hr_HR","og_type":"article","og_title":"Op\u0107i uvjeti kori\u0161tenja - TPA Hrvatska - TPA Croatia","og_description":"Naslovnica |&nbsp; Op\u0107i uvjeti kori\u0161tenja Op\u0107i uvjeti kori\u0161tenja Informacije, mi\u0161ljenja i pravna tuma\u010denja na ovim stranicama pru\u017eena su samo za op\u0107e informacije. Primjena i utjecaj zakona mo\u017ee u velikoj mjeri varirati ovisno o specifi\u010dnim \u010dinjenicama. S obzirom na promjenjivost zakona, propisa i pravila te specifi\u010dnih opasnosti elektroni\u010dke komunikacije, mogu se javiti ka\u0161njenja, propusti ili neto\u010dnost [&hellip;]","og_url":"https:\/\/www.tpa-group.hr\/hr\/opci-uvjeti-koristenja","og_site_name":"TPA Hrvatska - TPA Croatia","article_modified_time":"2025-03-11T14:27:58+00:00","twitter_card":"summary_large_image","twitter_misc":{"Est. reading time":"3 minute"},"schema":{"@context":"https:\/\/schema.org","@graph":[{"@type":"WebPage","@id":"https:\/\/www.tpa-group.hr\/hr\/opci-uvjeti-koristenja","url":"https:\/\/www.tpa-group.hr\/hr\/opci-uvjeti-koristenja","name":"Op\u0107i uvjeti kori\u0161tenja - TPA Hrvatska - TPA Croatia","isPartOf":{"@id":"https:\/\/www.tpa-group.hr\/hr#website"},"datePublished":"2025-03-11T14:20:06+00:00","dateModified":"2025-03-11T14:27:58+00:00","breadcrumb":{"@id":"https:\/\/www.tpa-group.hr\/hr\/opci-uvjeti-koristenja#breadcrumb"},"inLanguage":"hr","potentialAction":[{"@type":"ReadAction","target":["https:\/\/www.tpa-group.hr\/hr\/opci-uvjeti-koristenja"]}]},{"@type":"BreadcrumbList","@id":"https:\/\/www.tpa-group.hr\/hr\/opci-uvjeti-koristenja#breadcrumb","itemListElement":[{"@type":"ListItem","position":1,"name":"Home","item":"https:\/\/www.tpa-group.hr\/hr"},{"@type":"ListItem","position":2,"name":"Op\u0107i uvjeti kori\u0161tenja"}]},{"@type":"WebSite","@id":"https:\/\/www.tpa-group.hr\/hr#website","url":"https:\/\/www.tpa-group.hr\/hr","name":"TPA Hrvatska - TPA Croatia","description":"Porezno savjetovanje","publisher":{"@id":"https:\/\/www.tpa-group.hr\/hr#organization"},"alternateName":"TPA","potentialAction":[{"@type":"SearchAction","target":{"@type":"EntryPoint","urlTemplate":"https:\/\/www.tpa-group.hr\/hr?s={search_term_string}"},"query-input":{"@type":"PropertyValueSpecification","valueRequired":true,"valueName":"search_term_string"}}],"inLanguage":"hr"},{"@type":"Organization","@id":"https:\/\/www.tpa-group.hr\/hr#organization","name":"TPA Hrvatska - TPA Croatia","url":"https:\/\/www.tpa-group.hr\/hr","logo":{"@type":"ImageObject","inLanguage":"hr","@id":"https:\/\/www.tpa-group.hr\/hr#\/schema\/logo\/image\/","url":"https:\/\/www.tpa-group.hr\/app\/uploads\/sites\/5\/2025\/09\/WhatsApp-Image-2025-09-29-at-13.31.31-Photoroom.png","contentUrl":"https:\/\/www.tpa-group.hr\/app\/uploads\/sites\/5\/2025\/09\/WhatsApp-Image-2025-09-29-at-13.31.31-Photoroom.png","width":709,"height":355,"caption":"TPA Hrvatska - TPA Croatia"},"image":{"@id":"https:\/\/www.tpa-group.hr\/hr#\/schema\/logo\/image\/"}}]}},"_links":{"self":[{"href":"https:\/\/www.tpa-group.hr\/hr\/wp-json\/wp\/v2\/pages\/4154","targetHints":{"allow":["GET"]}}],"collection":[{"href":"https:\/\/www.tpa-group.hr\/hr\/wp-json\/wp\/v2\/pages"}],"about":[{"href":"https:\/\/www.tpa-group.hr\/hr\/wp-json\/wp\/v2\/types\/page"}],"author":[{"embeddable":true,"href":"https:\/\/www.tpa-group.hr\/hr\/wp-json\/wp\/v2\/users\/13"}],"replies":[{"embeddable":true,"href":"https:\/\/www.tpa-group.hr\/hr\/wp-json\/wp\/v2\/comments?post=4154"}],"version-history":[{"count":9,"href":"https:\/\/www.tpa-group.hr\/hr\/wp-json\/wp\/v2\/pages\/4154\/revisions"}],"predecessor-version":[{"id":4163,"href":"https:\/\/www.tpa-group.hr\/hr\/wp-json\/wp\/v2\/pages\/4154\/revisions\/4163"}],"wp:attachment":[{"href":"https:\/\/www.tpa-group.hr\/hr\/wp-json\/wp\/v2\/media?parent=4154"}],"curies":[{"name":"wp","href":"https:\/\/api.w.org\/{rel}","templated":true}]}}