{"id":3293,"date":"2025-02-01T20:31:23","date_gmt":"2025-02-01T20:31:23","guid":{"rendered":"https:\/\/www.tpa-group.hr\/about-us\/"},"modified":"2026-02-24T16:24:23","modified_gmt":"2026-02-24T16:24:23","slug":"o-nama","status":"publish","type":"page","link":"https:\/\/www.tpa-group.hr\/hr\/o-nama","title":{"rendered":"O nama"},"content":{"rendered":"\t\t<div data-elementor-type=\"wp-page\" data-elementor-id=\"3293\" class=\"elementor elementor-3293 elementor-3283\" data-elementor-post-type=\"page\">\n\t\t\t\t\t\t<section class=\"elementor-section elementor-top-section elementor-element elementor-element-27678f43 hero-banner elementor-section-boxed elementor-section-height-default elementor-section-height-default\" data-id=\"27678f43\" data-element_type=\"section\">\n\t\t\t\t\t\t<div class=\"elementor-container elementor-column-gap-default\">\n\t\t\t\t\t<div class=\"elementor-column elementor-col-50 elementor-top-column elementor-element elementor-element-b6b8861\" data-id=\"b6b8861\" data-element_type=\"column\">\n\t\t\t<div class=\"elementor-widget-wrap elementor-element-populated\">\n\t\t\t\t\t\t<section class=\"elementor-section elementor-inner-section elementor-element elementor-element-7d3a09de hero-banner-breadcrumbs-container elementor-section-boxed elementor-section-height-default elementor-section-height-default\" data-id=\"7d3a09de\" data-element_type=\"section\">\n\t\t\t\t\t\t<div class=\"elementor-container elementor-column-gap-default\">\n\t\t\t\t\t<div class=\"elementor-column elementor-col-100 elementor-inner-column elementor-element elementor-element-5eddc3bc\" data-id=\"5eddc3bc\" data-element_type=\"column\">\n\t\t\t<div class=\"elementor-widget-wrap elementor-element-populated\">\n\t\t\t\t\t\t<div class=\"elementor-element elementor-element-4db80735 elementor-widget elementor-widget-heading\" data-id=\"4db80735\" data-element_type=\"widget\" data-widget_type=\"heading.default\">\n\t\t\t\t<div class=\"elementor-widget-container\">\n\t\t\t\t\t<p class=\"elementor-heading-title elementor-size-default\"><a href=\"\/hr\/\">Naslovnica |&nbsp;<\/a><\/p>\t\t\t\t<\/div>\n\t\t\t\t<\/div>\n\t\t\t\t<div class=\"elementor-element elementor-element-4406cc8b elementor-widget elementor-widget-heading\" data-id=\"4406cc8b\" data-element_type=\"widget\" data-widget_type=\"heading.default\">\n\t\t\t\t<div class=\"elementor-widget-container\">\n\t\t\t\t\t<p class=\"elementor-heading-title elementor-size-default\">O nama<\/p>\t\t\t\t<\/div>\n\t\t\t\t<\/div>\n\t\t\t\t\t<\/div>\n\t\t<\/div>\n\t\t\t\t\t<\/div>\n\t\t<\/section>\n\t\t\t\t<div class=\"elementor-element elementor-element-61fed9e3 elementor-widget elementor-widget-heading\" data-id=\"61fed9e3\" data-element_type=\"widget\" data-widget_type=\"heading.default\">\n\t\t\t\t<div class=\"elementor-widget-container\">\n\t\t\t\t\t<h1 class=\"elementor-heading-title elementor-size-default\">O nama<\/h1>\t\t\t\t<\/div>\n\t\t\t\t<\/div>\n\t\t\t\t<div class=\"elementor-element elementor-element-17d87de0 elementor-widget elementor-widget-text-editor\" data-id=\"17d87de0\" data-element_type=\"widget\" data-widget_type=\"text-editor.default\">\n\t\t\t\t<div class=\"elementor-widget-container\">\n\t\t\t\t\t\t\t\t\t<p>Tra\u017eite li partnera koji razumije Va\u0161e potrebe? Koji govori Va\u0161im jezikom, poznaje va\u0161u poslovnu djelatnost i koji je spreman izdvojiti vrijeme da bi saslu\u0161ao Va\u0161e potrebe?<\/p>\n\t\t\t\t\t\t\t\t<\/div>\n\t\t\t\t<\/div>\n\t\t\t\t\t<\/div>\n\t\t<\/div>\n\t\t\t\t<div class=\"elementor-column elementor-col-50 elementor-top-column elementor-element elementor-element-30cddf3e\" data-id=\"30cddf3e\" data-element_type=\"column\">\n\t\t\t<div class=\"elementor-widget-wrap\">\n\t\t\t\t\t\t\t<\/div>\n\t\t<\/div>\n\t\t\t\t\t<\/div>\n\t\t<\/section>\n\t\t<div class=\"elementor-element elementor-element-8fb23c6 e-flex e-con-boxed e-con e-parent\" data-id=\"8fb23c6\" data-element_type=\"container\" data-settings=\"{&quot;background_background&quot;:&quot;classic&quot;}\">\n\t\t\t\t\t<div class=\"e-con-inner\">\n\t\t\t\t<div class=\"elementor-element elementor-element-378eebe elementor-widget__width-initial elementor-widget elementor-widget-text-editor\" data-id=\"378eebe\" data-element_type=\"widget\" data-widget_type=\"text-editor.default\">\n\t\t\t\t<div class=\"elementor-widget-container\">\n\t\t\t\t\t\t\t\t\t<div class=\"elementor-element elementor-element-e884ab4 elementor-widget elementor-widget-text-editor\" data-id=\"e884ab4\" data-element_type=\"widget\" data-widget_type=\"text-editor.default\"><div class=\"elementor-widget-container\"><p>Onda je TPA Grupa pravi poslovni partner za Vas. Na\u0161i najva\u017eniji alati nisu kalkulatori, prora\u010dunske tablice ili moderna tehnologija, ve\u0107 pozorno oko, pa\u017eljivo uho, dobar nos i iskreni razgovor.<\/p><p>Samo oni koji komuniciraju na ravnopravnoj razini i koji se mogu poistovjetiti sa svakim projektom mogu prona\u0107i najprikladnije rje\u0161enje. To je ono \u0161to podrazumijevamo pod poslovanjem face to face. Upravo to provodimo u djelo iz dana u dan, na lokalnoj i me\u0111unarodnoj razini. Na poljima <span style=\"text-decoration: underline;\"><a href=\"\/hr\/the-tpa-services\/tax-advisory\/\"><strong>poreznog savjetovanja<\/strong><\/a><\/span>, <span style=\"text-decoration: underline;\"><strong><a href=\"\/hr\/the-tpa-services\/accounting\/\">ra\u010dunovodstva<\/a>,<\/strong> <a href=\"\/hr\/the-tpa-services\/audit\/\"><strong>revizije<\/strong><\/a><\/span> i\u00a0<span style=\"text-decoration: underline;\"><a href=\"\/hr\/the-tpa-services\/advisory\/\"><strong>poslovnog savjetovanja<\/strong><\/a><\/span>.<\/p><\/div><\/div>\t\t\t\t\t\t\t\t<\/div>\n\t\t\t\t<\/div>\n\t\t\t\t<div class=\"elementor-element elementor-element-26e55d3 elementor-widget__width-initial elementor-widget elementor-widget-heading\" data-id=\"26e55d3\" data-element_type=\"widget\" data-widget_type=\"heading.default\">\n\t\t\t\t<div class=\"elementor-widget-container\">\n\t\t\t\t\t<h2 class=\"elementor-heading-title elementor-size-default\">12 dr\u017eava. 1 kompanija. TPA Grupa.<\/h2>\t\t\t\t<\/div>\n\t\t\t\t<\/div>\n\t\t\t\t<div class=\"elementor-element elementor-element-6a3c065 elementor-widget__width-initial elementor-widget elementor-widget-text-editor\" data-id=\"6a3c065\" data-element_type=\"widget\" data-widget_type=\"text-editor.default\">\n\t\t\t\t<div class=\"elementor-widget-container\">\n\t\t\t\t\t\t\t\t\t<p><strong>TPA Grupa<\/strong> vam je tako\u0111er na raspolaganju u srednjoj i jugoisto\u010dnoj Europi: u Albaniji, Austriji, Bugarskoj, Hrvatskoj, \u010ce\u0161koj, Crnoj Gori, Poljskoj, Rumunjskoj, Srbiji, Slova\u010dkoj, Sloveniji i Ma\u0111arskoj. Vi\u0161e od 1.850 zaposlenika na 30 lokacija u dvanaest zemalja brine o va\u0161im potrebama.<\/p>\t\t\t\t\t\t\t\t<\/div>\n\t\t\t\t<\/div>\n\t\t\t\t<div class=\"elementor-element elementor-element-55b813b elementor-widget__width-initial elementor-widget elementor-widget-heading\" data-id=\"55b813b\" data-element_type=\"widget\" data-widget_type=\"heading.default\">\n\t\t\t\t<div class=\"elementor-widget-container\">\n\t\t\t\t\t<h2 class=\"elementor-heading-title elementor-size-default\">TPA Grupa: regionalni korijeni. Globalna mre\u017ea.<\/h2>\t\t\t\t<\/div>\n\t\t\t\t<\/div>\n\t\t\t\t<div class=\"elementor-element elementor-element-713fffc elementor-widget__width-initial elementor-widget elementor-widget-text-editor\" data-id=\"713fffc\" data-element_type=\"widget\" data-widget_type=\"text-editor.default\">\n\t\t\t\t<div class=\"elementor-widget-container\">\n\t\t\t\t\t\t\t\t\t<p>TPA Grupa je neovisni \u010dlan Baker Tilly Europe Alliancea, \u0161to joj omogu\u0107uje pristup globalnoj mre\u017ei poreznih savjetnika, revizora i konzultanata za svoje klijente.<\/p><p>Zahvaljuju\u0107i na\u0161em partnerstvu s mre\u017eom Baker Tilly International, 12 zemalja neovisne TPA Grupe savr\u0161eno je povezano na globalnoj razini, omogu\u0107uju\u0107i nam pru\u017eanje visokokvalitetnih usluga u svim klju\u010dnim poslovnim centrima i regijama \u0161irom svijeta.<\/p><p>Mre\u017ea Baker Tilly International trenutno obuhva\u0107a 126 neovisnih \u010dlanica u 150 zemalja, s ukupno vi\u0161e od 41.360 zaposlenika u 703 ureda, \u0161to je svrstava me\u0111u 10 najve\u0107ih globalnih konzultantskih mre\u017ea.<\/p><p>TPA Grupa: <span style=\"text-decoration: underline;\"><strong><a href=\"https:\/\/www.tpa-group.com\/\" target=\"_blank\" rel=\"noopener\">na\u0161e lokacije u srednjoj i jugoisto\u010dnoj Europi<\/a><\/strong><\/span><\/p>\t\t\t\t\t\t\t\t<\/div>\n\t\t\t\t<\/div>\n\t\t\t\t\t<\/div>\n\t\t\t\t<\/div>\n\t\t\t\t<\/div>\n\t\t","protected":false},"excerpt":{"rendered":"<p>Naslovnica |&nbsp; O nama O nama Tra\u017eite li partnera koji razumije Va\u0161e potrebe? Koji govori Va\u0161im jezikom, poznaje va\u0161u poslovnu djelatnost i koji je spreman izdvojiti vrijeme da bi saslu\u0161ao Va\u0161e potrebe? Onda je TPA Grupa pravi poslovni partner za Vas. Na\u0161i najva\u017eniji alati nisu kalkulatori, prora\u010dunske tablice ili moderna tehnologija, ve\u0107 pozorno oko, pa\u017eljivo [&hellip;]<\/p>\n","protected":false},"author":13,"featured_media":0,"parent":0,"menu_order":0,"comment_status":"closed","ping_status":"closed","template":"elementor_header_footer","meta":{"_acf_changed":false,"footnotes":""},"class_list":["post-3293","page","type-page","status-publish","hentry"],"acf":[],"yoast_head":"<!-- This site is optimized with the Yoast SEO plugin v26.0 - https:\/\/yoast.com\/wordpress\/plugins\/seo\/ -->\n<title>O nama - TPA Hrvatska - TPA Croatia<\/title>\n<meta name=\"robots\" content=\"index, follow, max-snippet:-1, max-image-preview:large, max-video-preview:-1\" \/>\n<link rel=\"canonical\" href=\"https:\/\/www.tpa-group.hr\/hr\/o-nama\" \/>\n<meta property=\"og:locale\" content=\"hr_HR\" \/>\n<meta property=\"og:type\" content=\"article\" \/>\n<meta property=\"og:title\" content=\"O nama - TPA Hrvatska - TPA Croatia\" \/>\n<meta property=\"og:description\" content=\"Naslovnica |&nbsp; O nama O nama Tra\u017eite li partnera koji razumije Va\u0161e potrebe? Koji govori Va\u0161im jezikom, poznaje va\u0161u poslovnu djelatnost i koji je spreman izdvojiti vrijeme da bi saslu\u0161ao Va\u0161e potrebe? Onda je TPA Grupa pravi poslovni partner za Vas. Na\u0161i najva\u017eniji alati nisu kalkulatori, prora\u010dunske tablice ili moderna tehnologija, ve\u0107 pozorno oko, pa\u017eljivo [&hellip;]\" \/>\n<meta property=\"og:url\" content=\"https:\/\/www.tpa-group.hr\/hr\/o-nama\" \/>\n<meta property=\"og:site_name\" content=\"TPA Hrvatska - TPA Croatia\" \/>\n<meta property=\"article:modified_time\" content=\"2026-02-24T16:24:23+00:00\" \/>\n<meta name=\"twitter:card\" content=\"summary_large_image\" \/>\n<meta name=\"twitter:label1\" content=\"Est. reading time\" \/>\n\t<meta name=\"twitter:data1\" content=\"2 minute\" \/>\n<script type=\"application\/ld+json\" class=\"yoast-schema-graph\">{\"@context\":\"https:\/\/schema.org\",\"@graph\":[{\"@type\":\"WebPage\",\"@id\":\"https:\/\/www.tpa-group.hr\/hr\/o-nama\",\"url\":\"https:\/\/www.tpa-group.hr\/hr\/o-nama\",\"name\":\"O nama - TPA Hrvatska - TPA Croatia\",\"isPartOf\":{\"@id\":\"https:\/\/www.tpa-group.hr\/hr#website\"},\"datePublished\":\"2025-02-01T20:31:23+00:00\",\"dateModified\":\"2026-02-24T16:24:23+00:00\",\"breadcrumb\":{\"@id\":\"https:\/\/www.tpa-group.hr\/hr\/o-nama#breadcrumb\"},\"inLanguage\":\"hr\",\"potentialAction\":[{\"@type\":\"ReadAction\",\"target\":[\"https:\/\/www.tpa-group.hr\/hr\/o-nama\"]}]},{\"@type\":\"BreadcrumbList\",\"@id\":\"https:\/\/www.tpa-group.hr\/hr\/o-nama#breadcrumb\",\"itemListElement\":[{\"@type\":\"ListItem\",\"position\":1,\"name\":\"Home\",\"item\":\"https:\/\/www.tpa-group.hr\/hr\"},{\"@type\":\"ListItem\",\"position\":2,\"name\":\"O nama\"}]},{\"@type\":\"WebSite\",\"@id\":\"https:\/\/www.tpa-group.hr\/hr#website\",\"url\":\"https:\/\/www.tpa-group.hr\/hr\",\"name\":\"TPA Hrvatska - TPA Croatia\",\"description\":\"Porezno savjetovanje\",\"publisher\":{\"@id\":\"https:\/\/www.tpa-group.hr\/hr#organization\"},\"alternateName\":\"TPA\",\"potentialAction\":[{\"@type\":\"SearchAction\",\"target\":{\"@type\":\"EntryPoint\",\"urlTemplate\":\"https:\/\/www.tpa-group.hr\/hr?s={search_term_string}\"},\"query-input\":{\"@type\":\"PropertyValueSpecification\",\"valueRequired\":true,\"valueName\":\"search_term_string\"}}],\"inLanguage\":\"hr\"},{\"@type\":\"Organization\",\"@id\":\"https:\/\/www.tpa-group.hr\/hr#organization\",\"name\":\"TPA Hrvatska - TPA Croatia\",\"url\":\"https:\/\/www.tpa-group.hr\/hr\",\"logo\":{\"@type\":\"ImageObject\",\"inLanguage\":\"hr\",\"@id\":\"https:\/\/www.tpa-group.hr\/hr#\/schema\/logo\/image\/\",\"url\":\"https:\/\/www.tpa-group.hr\/app\/uploads\/sites\/5\/2025\/09\/WhatsApp-Image-2025-09-29-at-13.31.31-Photoroom.png\",\"contentUrl\":\"https:\/\/www.tpa-group.hr\/app\/uploads\/sites\/5\/2025\/09\/WhatsApp-Image-2025-09-29-at-13.31.31-Photoroom.png\",\"width\":709,\"height\":355,\"caption\":\"TPA Hrvatska - TPA Croatia\"},\"image\":{\"@id\":\"https:\/\/www.tpa-group.hr\/hr#\/schema\/logo\/image\/\"}}]}<\/script>\n<!-- \/ Yoast SEO plugin. -->","yoast_head_json":{"title":"O nama - TPA Hrvatska - TPA Croatia","robots":{"index":"index","follow":"follow","max-snippet":"max-snippet:-1","max-image-preview":"max-image-preview:large","max-video-preview":"max-video-preview:-1"},"canonical":"https:\/\/www.tpa-group.hr\/hr\/o-nama","og_locale":"hr_HR","og_type":"article","og_title":"O nama - TPA Hrvatska - TPA Croatia","og_description":"Naslovnica |&nbsp; O nama O nama Tra\u017eite li partnera koji razumije Va\u0161e potrebe? Koji govori Va\u0161im jezikom, poznaje va\u0161u poslovnu djelatnost i koji je spreman izdvojiti vrijeme da bi saslu\u0161ao Va\u0161e potrebe? Onda je TPA Grupa pravi poslovni partner za Vas. Na\u0161i najva\u017eniji alati nisu kalkulatori, prora\u010dunske tablice ili moderna tehnologija, ve\u0107 pozorno oko, pa\u017eljivo [&hellip;]","og_url":"https:\/\/www.tpa-group.hr\/hr\/o-nama","og_site_name":"TPA Hrvatska - TPA Croatia","article_modified_time":"2026-02-24T16:24:23+00:00","twitter_card":"summary_large_image","twitter_misc":{"Est. reading time":"2 minute"},"schema":{"@context":"https:\/\/schema.org","@graph":[{"@type":"WebPage","@id":"https:\/\/www.tpa-group.hr\/hr\/o-nama","url":"https:\/\/www.tpa-group.hr\/hr\/o-nama","name":"O nama - TPA Hrvatska - TPA Croatia","isPartOf":{"@id":"https:\/\/www.tpa-group.hr\/hr#website"},"datePublished":"2025-02-01T20:31:23+00:00","dateModified":"2026-02-24T16:24:23+00:00","breadcrumb":{"@id":"https:\/\/www.tpa-group.hr\/hr\/o-nama#breadcrumb"},"inLanguage":"hr","potentialAction":[{"@type":"ReadAction","target":["https:\/\/www.tpa-group.hr\/hr\/o-nama"]}]},{"@type":"BreadcrumbList","@id":"https:\/\/www.tpa-group.hr\/hr\/o-nama#breadcrumb","itemListElement":[{"@type":"ListItem","position":1,"name":"Home","item":"https:\/\/www.tpa-group.hr\/hr"},{"@type":"ListItem","position":2,"name":"O nama"}]},{"@type":"WebSite","@id":"https:\/\/www.tpa-group.hr\/hr#website","url":"https:\/\/www.tpa-group.hr\/hr","name":"TPA Hrvatska - TPA Croatia","description":"Porezno savjetovanje","publisher":{"@id":"https:\/\/www.tpa-group.hr\/hr#organization"},"alternateName":"TPA","potentialAction":[{"@type":"SearchAction","target":{"@type":"EntryPoint","urlTemplate":"https:\/\/www.tpa-group.hr\/hr?s={search_term_string}"},"query-input":{"@type":"PropertyValueSpecification","valueRequired":true,"valueName":"search_term_string"}}],"inLanguage":"hr"},{"@type":"Organization","@id":"https:\/\/www.tpa-group.hr\/hr#organization","name":"TPA Hrvatska - TPA Croatia","url":"https:\/\/www.tpa-group.hr\/hr","logo":{"@type":"ImageObject","inLanguage":"hr","@id":"https:\/\/www.tpa-group.hr\/hr#\/schema\/logo\/image\/","url":"https:\/\/www.tpa-group.hr\/app\/uploads\/sites\/5\/2025\/09\/WhatsApp-Image-2025-09-29-at-13.31.31-Photoroom.png","contentUrl":"https:\/\/www.tpa-group.hr\/app\/uploads\/sites\/5\/2025\/09\/WhatsApp-Image-2025-09-29-at-13.31.31-Photoroom.png","width":709,"height":355,"caption":"TPA Hrvatska - TPA Croatia"},"image":{"@id":"https:\/\/www.tpa-group.hr\/hr#\/schema\/logo\/image\/"}}]}},"_links":{"self":[{"href":"https:\/\/www.tpa-group.hr\/hr\/wp-json\/wp\/v2\/pages\/3293","targetHints":{"allow":["GET"]}}],"collection":[{"href":"https:\/\/www.tpa-group.hr\/hr\/wp-json\/wp\/v2\/pages"}],"about":[{"href":"https:\/\/www.tpa-group.hr\/hr\/wp-json\/wp\/v2\/types\/page"}],"author":[{"embeddable":true,"href":"https:\/\/www.tpa-group.hr\/hr\/wp-json\/wp\/v2\/users\/13"}],"replies":[{"embeddable":true,"href":"https:\/\/www.tpa-group.hr\/hr\/wp-json\/wp\/v2\/comments?post=3293"}],"version-history":[{"count":23,"href":"https:\/\/www.tpa-group.hr\/hr\/wp-json\/wp\/v2\/pages\/3293\/revisions"}],"predecessor-version":[{"id":6150,"href":"https:\/\/www.tpa-group.hr\/hr\/wp-json\/wp\/v2\/pages\/3293\/revisions\/6150"}],"wp:attachment":[{"href":"https:\/\/www.tpa-group.hr\/hr\/wp-json\/wp\/v2\/media?parent=3293"}],"curies":[{"name":"wp","href":"https:\/\/api.w.org\/{rel}","templated":true}]}}