{"id":3112,"date":"2025-01-30T08:41:53","date_gmt":"2025-01-30T08:41:53","guid":{"rendered":"https:\/\/www.tpa-group.hr\/company-history\/"},"modified":"2026-02-24T16:17:01","modified_gmt":"2026-02-24T16:17:01","slug":"company-history","status":"publish","type":"page","link":"https:\/\/www.tpa-group.hr\/hr\/company-history","title":{"rendered":"Povijest tvrtke"},"content":{"rendered":"\t\t<div data-elementor-type=\"wp-page\" data-elementor-id=\"3112\" class=\"elementor elementor-3112 elementor-3103\" data-elementor-post-type=\"page\">\n\t\t\t\t\t\t<section class=\"elementor-section elementor-top-section elementor-element elementor-element-6d3dfa11 hero-banner elementor-section-boxed elementor-section-height-default elementor-section-height-default\" data-id=\"6d3dfa11\" data-element_type=\"section\" data-settings=\"{&quot;background_background&quot;:&quot;classic&quot;}\">\n\t\t\t\t\t\t\t<div class=\"elementor-background-overlay\"><\/div>\n\t\t\t\t\t\t\t<div class=\"elementor-container elementor-column-gap-default\">\n\t\t\t\t\t<div class=\"elementor-column elementor-col-50 elementor-top-column elementor-element elementor-element-7705abbe\" data-id=\"7705abbe\" data-element_type=\"column\">\n\t\t\t<div class=\"elementor-widget-wrap elementor-element-populated\">\n\t\t\t\t\t\t<section class=\"elementor-section elementor-inner-section elementor-element elementor-element-d27858 hero-banner-breadcrumbs-container elementor-section-boxed elementor-section-height-default elementor-section-height-default\" data-id=\"d27858\" data-element_type=\"section\">\n\t\t\t\t\t\t<div class=\"elementor-container elementor-column-gap-default\">\n\t\t\t\t\t<div class=\"elementor-column elementor-col-100 elementor-inner-column elementor-element elementor-element-6034bb49\" data-id=\"6034bb49\" data-element_type=\"column\">\n\t\t\t<div class=\"elementor-widget-wrap elementor-element-populated\">\n\t\t\t\t\t\t<div class=\"elementor-element elementor-element-6efc58b2 elementor-widget elementor-widget-heading\" data-id=\"6efc58b2\" data-element_type=\"widget\" data-widget_type=\"heading.default\">\n\t\t\t\t<div class=\"elementor-widget-container\">\n\t\t\t\t\t<p class=\"elementor-heading-title elementor-size-default\"><a href=\"\/hr\/\">Naslovnica |&nbsp;<\/a><\/p>\t\t\t\t<\/div>\n\t\t\t\t<\/div>\n\t\t\t\t<div class=\"elementor-element elementor-element-7f6d3740 elementor-widget elementor-widget-heading\" data-id=\"7f6d3740\" data-element_type=\"widget\" data-widget_type=\"heading.default\">\n\t\t\t\t<div class=\"elementor-widget-container\">\n\t\t\t\t\t<p class=\"elementor-heading-title elementor-size-default\">Povijest tvrtke<\/p>\t\t\t\t<\/div>\n\t\t\t\t<\/div>\n\t\t\t\t\t<\/div>\n\t\t<\/div>\n\t\t\t\t\t<\/div>\n\t\t<\/section>\n\t\t\t\t<div class=\"elementor-element elementor-element-2da34cce elementor-widget elementor-widget-heading\" data-id=\"2da34cce\" data-element_type=\"widget\" data-widget_type=\"heading.default\">\n\t\t\t\t<div class=\"elementor-widget-container\">\n\t\t\t\t\t<h1 class=\"elementor-heading-title elementor-size-default\">Povijest tvrtke<\/h1>\t\t\t\t<\/div>\n\t\t\t\t<\/div>\n\t\t\t\t<div class=\"elementor-element elementor-element-2b2ef649 elementor-widget elementor-widget-text-editor\" data-id=\"2b2ef649\" data-element_type=\"widget\" data-widget_type=\"text-editor.default\">\n\t\t\t\t<div class=\"elementor-widget-container\">\n\t\t\t\t\t\t\t\t\t<p><strong>Osnovana prije vi\u0161e od 35 godina u gradu Langenloisu na jugu Austrije, TPA je danas me\u0111u vode\u0107im kompanijama za porezno pravo i reviziju u Hrvatskoj. <\/strong><\/p><p>Tako\u0111er, TPA grupa prometnula se me\u0111u najuspje\u0161nije kompanije na tom podru\u010dju u Srednjoj i Jugoisto\u010dnoj Europi.<\/p>\t\t\t\t\t\t\t\t<\/div>\n\t\t\t\t<\/div>\n\t\t\t\t\t<\/div>\n\t\t<\/div>\n\t\t\t\t<div class=\"elementor-column elementor-col-50 elementor-top-column elementor-element elementor-element-1f05bd78\" data-id=\"1f05bd78\" data-element_type=\"column\">\n\t\t\t<div class=\"elementor-widget-wrap\">\n\t\t\t\t\t\t\t<\/div>\n\t\t<\/div>\n\t\t\t\t\t<\/div>\n\t\t<\/section>\n\t\t<div class=\"elementor-element elementor-element-69312f page-content-container e-flex e-con-boxed e-con e-parent\" data-id=\"69312f\" data-element_type=\"container\" data-settings=\"{&quot;background_background&quot;:&quot;classic&quot;}\">\n\t\t\t\t\t<div class=\"e-con-inner\">\n\t\t\t\t<div class=\"elementor-element elementor-element-76fc928 elementor-widget elementor-widget-text-editor\" data-id=\"76fc928\" data-element_type=\"widget\" data-widget_type=\"text-editor.default\">\n\t\t\t\t<div class=\"elementor-widget-container\">\n\t\t\t\t\t\t\t\t\t<div class=\"elementor-element elementor-element-f151aac elementor-widget elementor-widget-heading\" data-id=\"f151aac\" data-element_type=\"widget\" data-widget_type=\"heading.default\"><div class=\"elementor-widget-container\"><table border=\"1\" cellpadding=\"0\" align=\"right\"><tbody><tr><td><strong>TPA u Hrvatskoj<\/strong><\/td><\/tr><tr><td>Osnovana 2015.<\/td><\/tr><tr><td>Pravni oblik: d.o.o. (dru\u0161tvo s ograni\u010denom odgovorno\u0161\u0107u)<\/td><\/tr><tr><td>Menad\u017ement: 2 partnera<\/td><\/tr><tr><td>Zaposlenici: 33<\/td><\/tr><tr><td>Uredi: 1<\/td><\/tr><tr><td><strong>\u00a0TPA Grupa<\/strong><\/td><\/tr><tr><td>Zaposlenici: oko 1,700<\/td><\/tr><tr><td>Zemlje: 12<\/td><\/tr><tr><td>Lokacije: 30<\/td><\/tr><\/tbody><\/table><h4><strong>Kompanija u Hrvatskoj i u inozemstvu<\/strong><\/h4><p>TPA spada me\u0111u vode\u0107e hrvatske tvrtke na podru\u010dju poreznog savjetovanja i revizije kao i pru\u017eanju raznih profesionalnih usluga klijentima.<\/p><p>Uz Hrvatsku,\u00a0<strong>TPA grupa<\/strong>\u00a0djeluje i u ostalih deset zemalja Srednje i Jugoisto\u010dne Europe: Albaniji, Austriji, Bugarskoj, \u010ce\u0161koj, Poljskoj, Rumunjskoj, Srbiji, Slova\u010dkoj, Sloveniji i Ma\u0111arskoj. Sveukupno cijela grupa\u00a0<strong>ima vi\u0161e od 1,700 zaposlenika<\/strong>\u00a0na 30 lokacija.<\/p><h4><strong>Na\u0161e usluge<\/strong><\/h4><p>U Hrvatskoj TPA pru\u017ea sljede\u0107e usluge<strong>:\u00a0<\/strong><a title=\"Porezno savjetovanje\" href=\"https:\/\/www.tpa-group.hr\/hr\/usluge\/porezno-savjetovanje\/\"><strong>porezno savjetovanje<\/strong><\/a>,\u00a0<a title=\"Ra\u010dunovodstvo\" href=\"https:\/\/www.tpa-group.hr\/hr\/usluge\/racunovodstvo\/\"><strong>ra\u010dunovodstvo<\/strong><\/a>,\u00a0<a title=\"\" href=\"https:\/\/www.tpa-group.hr\/hr\/usluge\/revizija\/\"><strong>reviziju<\/strong><\/a>,\u00a0<a title=\"\" href=\"https:\/\/www.tpa-group.hr\/hr\/usluge\/savjetovanje\/\"><strong>savjetovanje<\/strong><\/a>. Ukratko, ovo je filozofija TPA: \u201cFace to Face Business\u201d. Zaposlenici TPA nastoje biti \u0161to je mogu\u0107e bli\u017ee klijentu pri obavljanu posla. Njihov posao karakteriziraju prisutnost na licu mjesta, posjedovanje visokih stru\u010dnih znanja te razumijevanje \u0161irokog raspona industrija.<\/p><p>Posebna znanja stru\u010dnjaka u TPA, me\u0111u ostalim, uklju\u010duju stru\u010dna znanja na podru\u010dju nekretnina, me\u0111unarodnog poreznog prava, osnivanja i restrukturiranja kompanija, odabiru najprikladnijeg pravnog oblika za obavljanje odre\u0111enog posla, kao i pitanja iz radnog prava.<\/p><h4><strong>T<\/strong><strong>PA<\/strong><strong>\u00a0Grupa: regionaln<\/strong><strong>i korijeni. Globalna mre\u017ea.<\/strong><\/h4><p>TPA Grupa nezavisna je \u010dlanica Baker Tilly Europe Alliance te je stoga u stanju svojim klijentima pru\u017eiti pristup globalnoj mre\u017ei poreznih savjetnika, revizora i konzultanata.<\/p><p>Zahvaljuju\u0107i na\u0161oj alijansi s mre\u017eom\u00a0<strong>Baker Tilly International<\/strong>, 11 zemalja neovisne TPA Grupe savr\u0161eno su povezane na globalnoj razini te smo u stanu pru\u017eiti visokokvalitetnu uslugu u svim glavnim poslovnim centrima i regijama svijeta.<\/p><p>Baker Tilly International mre\u017ea trenutno se sastoji od 165 nezavisnih \u010dlanica u 141 zemlji, s ukupno 28,000 zaposlenika u 745 ureda, \u0161to ju svrstava me\u0111u 10 najve\u0107ih svjetskih konzultantskih mre\u017ea.<\/p><h4><strong>Povijest TPA<\/strong><\/h4><p>TPA (izvorno skra\u0107enica od: Treuhand Partner Austria) osnovan je 1979. u Langenloisu (ju\u017ena Austrija). Kompanija je brzo rasla \u2013 1990. broj zaposlenih ve\u0107 je porastao na 65. Ranih 1990-ih kompanija je po\u010dela sa \u0161irenjem na Srednju i Jugoisto\u010dnu Europu.<\/p><p>Danas, nezavisna TPA Grupa djeluje u dvanaest zemalja.<\/p><p>Jesen 2016. godine predstavlja novo va\u017eno poglavlje u razvoju TPA, jedne od vode\u0107ih austrijskih kompanija na podru\u010dju poreznog savjetni\u0161tva i revizije: u svih 12 zemalja Srednje i Jugoisto\u010dne Europe, Grupa je sada nezavisna \u010dlanica\u00a0<strong>Baker Tilly Europe Alliance\u00a0<\/strong>pod svojim vlastitim nazivom, \u201cTPA\u201d.<\/p><p>Zahvaljuju\u0107i alijansi s mre\u017eom\u00a0<strong>Baker Tilly International,\u00a0<\/strong>12 zemalja nezavisne TPA Grupe odli\u010dno su povezane na globalnoj razini te je stoga TPA u stanju pru\u017eiti visokokvalitetnu uslugu u svim glavnim poslovnim centrima i regijama svijeta.<\/p><p>Kao samostalna kompanija, TPA je jedna od najve\u0107ih austrijskih kompanija za porezno savjetni\u0161tvo i reviziju koje djeluju u Srednjoj i Jugoisto\u010dnoj Europi.<\/p><ul><li>Gdje nas mo\u017eete prona\u0107i:\u00a0<strong><a title=\"Partneri\" href=\"https:\/\/www.tpa-group.hr\/hr\/groups\/partneri\/\">lokacija i kontakt osobe TPA u Hrvatskoj<\/a><\/strong><\/li><li>TPA Grupa u 12 zemalja: sve\u00a0<strong><a href=\"http:\/\/www.tpa-group.com\/en\/about-us\/cee-network\">lokacije TPA u Srednjoj i Jugoisto\u010dnoj Europi<\/a><\/strong><\/li><\/ul><\/div><\/div>\t\t\t\t\t\t\t\t<\/div>\n\t\t\t\t<\/div>\n\t\t\t\t\t<\/div>\n\t\t\t\t<\/div>\n\t\t\t\t<\/div>\n\t\t","protected":false},"excerpt":{"rendered":"<p>Naslovnica |&nbsp; Povijest tvrtke Povijest tvrtke Osnovana prije vi\u0161e od 35 godina u gradu Langenloisu na jugu Austrije, TPA je danas me\u0111u vode\u0107im kompanijama za porezno pravo i reviziju u Hrvatskoj. Tako\u0111er, TPA grupa prometnula se me\u0111u najuspje\u0161nije kompanije na tom podru\u010dju u Srednjoj i Jugoisto\u010dnoj Europi. TPA u Hrvatskoj Osnovana 2015. Pravni oblik: d.o.o. [&hellip;]<\/p>\n","protected":false},"author":13,"featured_media":0,"parent":0,"menu_order":0,"comment_status":"closed","ping_status":"closed","template":"elementor_header_footer","meta":{"_acf_changed":false,"footnotes":""},"class_list":["post-3112","page","type-page","status-publish","hentry"],"acf":[],"yoast_head":"<!-- This site is optimized with the Yoast SEO plugin v26.0 - https:\/\/yoast.com\/wordpress\/plugins\/seo\/ -->\n<title>Povijest tvrtke - TPA Hrvatska - TPA Croatia<\/title>\n<meta name=\"robots\" content=\"index, follow, max-snippet:-1, max-image-preview:large, max-video-preview:-1\" \/>\n<link rel=\"canonical\" href=\"https:\/\/www.tpa-group.hr\/hr\/company-history\" \/>\n<meta property=\"og:locale\" content=\"hr_HR\" \/>\n<meta property=\"og:type\" content=\"article\" \/>\n<meta property=\"og:title\" content=\"Povijest tvrtke - TPA Hrvatska - TPA Croatia\" \/>\n<meta property=\"og:description\" content=\"Naslovnica |&nbsp; Povijest tvrtke Povijest tvrtke Osnovana prije vi\u0161e od 35 godina u gradu Langenloisu na jugu Austrije, TPA je danas me\u0111u vode\u0107im kompanijama za porezno pravo i reviziju u Hrvatskoj. Tako\u0111er, TPA grupa prometnula se me\u0111u najuspje\u0161nije kompanije na tom podru\u010dju u Srednjoj i Jugoisto\u010dnoj Europi. TPA u Hrvatskoj Osnovana 2015. Pravni oblik: d.o.o. [&hellip;]\" \/>\n<meta property=\"og:url\" content=\"https:\/\/www.tpa-group.hr\/hr\/company-history\" \/>\n<meta property=\"og:site_name\" content=\"TPA Hrvatska - TPA Croatia\" \/>\n<meta property=\"article:modified_time\" content=\"2026-02-24T16:17:01+00:00\" \/>\n<meta name=\"twitter:card\" content=\"summary_large_image\" \/>\n<meta name=\"twitter:label1\" content=\"Est. reading time\" \/>\n\t<meta name=\"twitter:data1\" content=\"6 minuta\" \/>\n<script type=\"application\/ld+json\" class=\"yoast-schema-graph\">{\"@context\":\"https:\/\/schema.org\",\"@graph\":[{\"@type\":\"WebPage\",\"@id\":\"https:\/\/www.tpa-group.hr\/hr\/company-history\",\"url\":\"https:\/\/www.tpa-group.hr\/hr\/company-history\",\"name\":\"Povijest tvrtke - TPA Hrvatska - TPA Croatia\",\"isPartOf\":{\"@id\":\"https:\/\/www.tpa-group.hr\/hr#website\"},\"datePublished\":\"2025-01-30T08:41:53+00:00\",\"dateModified\":\"2026-02-24T16:17:01+00:00\",\"breadcrumb\":{\"@id\":\"https:\/\/www.tpa-group.hr\/hr\/company-history#breadcrumb\"},\"inLanguage\":\"hr\",\"potentialAction\":[{\"@type\":\"ReadAction\",\"target\":[\"https:\/\/www.tpa-group.hr\/hr\/company-history\"]}]},{\"@type\":\"BreadcrumbList\",\"@id\":\"https:\/\/www.tpa-group.hr\/hr\/company-history#breadcrumb\",\"itemListElement\":[{\"@type\":\"ListItem\",\"position\":1,\"name\":\"Home\",\"item\":\"https:\/\/www.tpa-group.hr\/hr\"},{\"@type\":\"ListItem\",\"position\":2,\"name\":\"Povijest tvrtke\"}]},{\"@type\":\"WebSite\",\"@id\":\"https:\/\/www.tpa-group.hr\/hr#website\",\"url\":\"https:\/\/www.tpa-group.hr\/hr\",\"name\":\"TPA Hrvatska - TPA Croatia\",\"description\":\"Porezno savjetovanje\",\"publisher\":{\"@id\":\"https:\/\/www.tpa-group.hr\/hr#organization\"},\"alternateName\":\"TPA\",\"potentialAction\":[{\"@type\":\"SearchAction\",\"target\":{\"@type\":\"EntryPoint\",\"urlTemplate\":\"https:\/\/www.tpa-group.hr\/hr?s={search_term_string}\"},\"query-input\":{\"@type\":\"PropertyValueSpecification\",\"valueRequired\":true,\"valueName\":\"search_term_string\"}}],\"inLanguage\":\"hr\"},{\"@type\":\"Organization\",\"@id\":\"https:\/\/www.tpa-group.hr\/hr#organization\",\"name\":\"TPA Hrvatska - TPA Croatia\",\"url\":\"https:\/\/www.tpa-group.hr\/hr\",\"logo\":{\"@type\":\"ImageObject\",\"inLanguage\":\"hr\",\"@id\":\"https:\/\/www.tpa-group.hr\/hr#\/schema\/logo\/image\/\",\"url\":\"https:\/\/www.tpa-group.hr\/app\/uploads\/sites\/5\/2025\/09\/WhatsApp-Image-2025-09-29-at-13.31.31-Photoroom.png\",\"contentUrl\":\"https:\/\/www.tpa-group.hr\/app\/uploads\/sites\/5\/2025\/09\/WhatsApp-Image-2025-09-29-at-13.31.31-Photoroom.png\",\"width\":709,\"height\":355,\"caption\":\"TPA Hrvatska - TPA Croatia\"},\"image\":{\"@id\":\"https:\/\/www.tpa-group.hr\/hr#\/schema\/logo\/image\/\"}}]}<\/script>\n<!-- \/ Yoast SEO plugin. -->","yoast_head_json":{"title":"Povijest tvrtke - TPA Hrvatska - TPA Croatia","robots":{"index":"index","follow":"follow","max-snippet":"max-snippet:-1","max-image-preview":"max-image-preview:large","max-video-preview":"max-video-preview:-1"},"canonical":"https:\/\/www.tpa-group.hr\/hr\/company-history","og_locale":"hr_HR","og_type":"article","og_title":"Povijest tvrtke - TPA Hrvatska - TPA Croatia","og_description":"Naslovnica |&nbsp; Povijest tvrtke Povijest tvrtke Osnovana prije vi\u0161e od 35 godina u gradu Langenloisu na jugu Austrije, TPA je danas me\u0111u vode\u0107im kompanijama za porezno pravo i reviziju u Hrvatskoj. Tako\u0111er, TPA grupa prometnula se me\u0111u najuspje\u0161nije kompanije na tom podru\u010dju u Srednjoj i Jugoisto\u010dnoj Europi. TPA u Hrvatskoj Osnovana 2015. Pravni oblik: d.o.o. [&hellip;]","og_url":"https:\/\/www.tpa-group.hr\/hr\/company-history","og_site_name":"TPA Hrvatska - TPA Croatia","article_modified_time":"2026-02-24T16:17:01+00:00","twitter_card":"summary_large_image","twitter_misc":{"Est. reading time":"6 minuta"},"schema":{"@context":"https:\/\/schema.org","@graph":[{"@type":"WebPage","@id":"https:\/\/www.tpa-group.hr\/hr\/company-history","url":"https:\/\/www.tpa-group.hr\/hr\/company-history","name":"Povijest tvrtke - TPA Hrvatska - TPA Croatia","isPartOf":{"@id":"https:\/\/www.tpa-group.hr\/hr#website"},"datePublished":"2025-01-30T08:41:53+00:00","dateModified":"2026-02-24T16:17:01+00:00","breadcrumb":{"@id":"https:\/\/www.tpa-group.hr\/hr\/company-history#breadcrumb"},"inLanguage":"hr","potentialAction":[{"@type":"ReadAction","target":["https:\/\/www.tpa-group.hr\/hr\/company-history"]}]},{"@type":"BreadcrumbList","@id":"https:\/\/www.tpa-group.hr\/hr\/company-history#breadcrumb","itemListElement":[{"@type":"ListItem","position":1,"name":"Home","item":"https:\/\/www.tpa-group.hr\/hr"},{"@type":"ListItem","position":2,"name":"Povijest tvrtke"}]},{"@type":"WebSite","@id":"https:\/\/www.tpa-group.hr\/hr#website","url":"https:\/\/www.tpa-group.hr\/hr","name":"TPA Hrvatska - TPA Croatia","description":"Porezno savjetovanje","publisher":{"@id":"https:\/\/www.tpa-group.hr\/hr#organization"},"alternateName":"TPA","potentialAction":[{"@type":"SearchAction","target":{"@type":"EntryPoint","urlTemplate":"https:\/\/www.tpa-group.hr\/hr?s={search_term_string}"},"query-input":{"@type":"PropertyValueSpecification","valueRequired":true,"valueName":"search_term_string"}}],"inLanguage":"hr"},{"@type":"Organization","@id":"https:\/\/www.tpa-group.hr\/hr#organization","name":"TPA Hrvatska - TPA Croatia","url":"https:\/\/www.tpa-group.hr\/hr","logo":{"@type":"ImageObject","inLanguage":"hr","@id":"https:\/\/www.tpa-group.hr\/hr#\/schema\/logo\/image\/","url":"https:\/\/www.tpa-group.hr\/app\/uploads\/sites\/5\/2025\/09\/WhatsApp-Image-2025-09-29-at-13.31.31-Photoroom.png","contentUrl":"https:\/\/www.tpa-group.hr\/app\/uploads\/sites\/5\/2025\/09\/WhatsApp-Image-2025-09-29-at-13.31.31-Photoroom.png","width":709,"height":355,"caption":"TPA Hrvatska - TPA Croatia"},"image":{"@id":"https:\/\/www.tpa-group.hr\/hr#\/schema\/logo\/image\/"}}]}},"_links":{"self":[{"href":"https:\/\/www.tpa-group.hr\/hr\/wp-json\/wp\/v2\/pages\/3112","targetHints":{"allow":["GET"]}}],"collection":[{"href":"https:\/\/www.tpa-group.hr\/hr\/wp-json\/wp\/v2\/pages"}],"about":[{"href":"https:\/\/www.tpa-group.hr\/hr\/wp-json\/wp\/v2\/types\/page"}],"author":[{"embeddable":true,"href":"https:\/\/www.tpa-group.hr\/hr\/wp-json\/wp\/v2\/users\/13"}],"replies":[{"embeddable":true,"href":"https:\/\/www.tpa-group.hr\/hr\/wp-json\/wp\/v2\/comments?post=3112"}],"version-history":[{"count":15,"href":"https:\/\/www.tpa-group.hr\/hr\/wp-json\/wp\/v2\/pages\/3112\/revisions"}],"predecessor-version":[{"id":6125,"href":"https:\/\/www.tpa-group.hr\/hr\/wp-json\/wp\/v2\/pages\/3112\/revisions\/6125"}],"wp:attachment":[{"href":"https:\/\/www.tpa-group.hr\/hr\/wp-json\/wp\/v2\/media?parent=3112"}],"curies":[{"name":"wp","href":"https:\/\/api.w.org\/{rel}","templated":true}]}}