{"id":3092,"date":"2025-01-30T08:17:17","date_gmt":"2025-01-30T08:17:17","guid":{"rendered":"https:\/\/www.tpa-group.hr\/facts-figures\/"},"modified":"2025-04-07T13:07:57","modified_gmt":"2025-04-07T13:07:57","slug":"facts-figures","status":"publish","type":"page","link":"https:\/\/www.tpa-group.hr\/hr\/facts-figures","title":{"rendered":"\u010cinjenice i brojke"},"content":{"rendered":"\t\t<div data-elementor-type=\"wp-page\" data-elementor-id=\"3092\" class=\"elementor elementor-3092 elementor-3083\" data-elementor-post-type=\"page\">\n\t\t\t\t\t\t<section class=\"elementor-section elementor-top-section elementor-element elementor-element-6d3dfa11 hero-banner elementor-section-boxed elementor-section-height-default elementor-section-height-default\" data-id=\"6d3dfa11\" data-element_type=\"section\" data-settings=\"{&quot;background_background&quot;:&quot;classic&quot;}\">\n\t\t\t\t\t\t\t<div class=\"elementor-background-overlay\"><\/div>\n\t\t\t\t\t\t\t<div class=\"elementor-container elementor-column-gap-default\">\n\t\t\t\t\t<div class=\"elementor-column elementor-col-50 elementor-top-column elementor-element elementor-element-7705abbe\" data-id=\"7705abbe\" data-element_type=\"column\">\n\t\t\t<div class=\"elementor-widget-wrap elementor-element-populated\">\n\t\t\t\t\t\t<section class=\"elementor-section elementor-inner-section elementor-element elementor-element-d27858 hero-banner-breadcrumbs-container elementor-section-boxed elementor-section-height-default elementor-section-height-default\" data-id=\"d27858\" data-element_type=\"section\">\n\t\t\t\t\t\t<div class=\"elementor-container elementor-column-gap-default\">\n\t\t\t\t\t<div class=\"elementor-column elementor-col-100 elementor-inner-column elementor-element elementor-element-6034bb49\" data-id=\"6034bb49\" data-element_type=\"column\">\n\t\t\t<div class=\"elementor-widget-wrap elementor-element-populated\">\n\t\t\t\t\t\t<div class=\"elementor-element elementor-element-6efc58b2 elementor-widget elementor-widget-heading\" data-id=\"6efc58b2\" data-element_type=\"widget\" data-widget_type=\"heading.default\">\n\t\t\t\t<div class=\"elementor-widget-container\">\n\t\t\t\t\t<p class=\"elementor-heading-title elementor-size-default\"><a href=\"\/hr\/\">Naslovnica |&nbsp;<\/a><\/p>\t\t\t\t<\/div>\n\t\t\t\t<\/div>\n\t\t\t\t<div class=\"elementor-element elementor-element-7f6d3740 elementor-widget elementor-widget-heading\" data-id=\"7f6d3740\" data-element_type=\"widget\" data-widget_type=\"heading.default\">\n\t\t\t\t<div class=\"elementor-widget-container\">\n\t\t\t\t\t<p class=\"elementor-heading-title elementor-size-default\">\u010cinjenice i brojke<\/p>\t\t\t\t<\/div>\n\t\t\t\t<\/div>\n\t\t\t\t\t<\/div>\n\t\t<\/div>\n\t\t\t\t\t<\/div>\n\t\t<\/section>\n\t\t\t\t<div class=\"elementor-element elementor-element-2da34cce elementor-widget elementor-widget-heading\" data-id=\"2da34cce\" data-element_type=\"widget\" data-widget_type=\"heading.default\">\n\t\t\t\t<div class=\"elementor-widget-container\">\n\t\t\t\t\t<h1 class=\"elementor-heading-title elementor-size-default\">\u010cinjenice i brojke<\/h1>\t\t\t\t<\/div>\n\t\t\t\t<\/div>\n\t\t\t\t<div class=\"elementor-element elementor-element-2b2ef649 elementor-widget elementor-widget-text-editor\" data-id=\"2b2ef649\" data-element_type=\"widget\" data-widget_type=\"text-editor.default\">\n\t\t\t\t<div class=\"elementor-widget-container\">\n\t\t\t\t\t\t\t\t\t<p>TPA jedna je od vode\u0107ih konzultantskih kompanija u Srednjoj i Jugoisto\u010dnoj Europi. Imamo oko 1700 zaposlenika u trideset lokacija u\u00a0<span style=\"text-decoration: underline;\"><strong><a href=\"http:\/\/www.tpa-group.al\/\" target=\"_blank\" rel=\"noopener\">Albaniji<\/a>,\u00a0<a href=\"https:\/\/www.tpa-group.at\/\" target=\"_blank\" rel=\"noopener\">Austriji<\/a>,\u00a0<a href=\"http:\/\/www.tpa-group.bg\/\" target=\"_blank\" rel=\"noopener\">Bugarskoj<\/a><\/strong><\/span>, <span style=\"text-decoration: underline;\"><strong><a href=\"https:\/\/www.tpa-group.me\/\" target=\"_blank\" rel=\"noopener\">Crnoj Gori<\/a><\/strong><\/span>, Hrvatskoj, <span style=\"text-decoration: underline;\"><strong><a href=\"http:\/\/www.tpa-group.pl\/\" target=\"_blank\" rel=\"noopener\">Poljskoj<\/a>,\u00a0<a href=\"http:\/\/www.tpa-group.ro\/\" target=\"_blank\" rel=\"noopener\">Rumunjskoj<\/a>,\u00a0<a href=\"http:\/\/www.tpa-group.rs\/\" target=\"_blank\" rel=\"noopener\">Srbiji<\/a>,\u00a0<a href=\"http:\/\/www.tpa-group.sk\/\" target=\"_blank\" rel=\"noopener\">Slova\u010dkoj<\/a>,\u00a0<a href=\"http:\/\/www.tpa-group.si\/\" target=\"_blank\" rel=\"noopener\">Sloveniji<\/a>,\u00a0<a href=\"http:\/\/www.tpa-group.cz\/\" target=\"_blank\" rel=\"noopener\">\u010ce\u0161koj <\/a><\/strong><\/span>i <span style=\"text-decoration: underline;\"><strong><a href=\"http:\/\/www.tpa-group.hu\/\" target=\"_blank\" rel=\"noopener\">Ma\u0111arskoj<\/a>.<\/strong><\/span><\/p><p>Saznajte vi\u0161e o\u00a0<span style=\"text-decoration: underline;\"><strong><a title=\"TPA grupa\" href=\"http:\/\/www.tpa-group.com\/\" target=\"_blank\" rel=\"noopener\">TPA grupi<\/a><\/strong><\/span><\/p>\t\t\t\t\t\t\t\t<\/div>\n\t\t\t\t<\/div>\n\t\t\t\t\t<\/div>\n\t\t<\/div>\n\t\t\t\t<div class=\"elementor-column elementor-col-50 elementor-top-column elementor-element elementor-element-1f05bd78\" data-id=\"1f05bd78\" data-element_type=\"column\">\n\t\t\t<div class=\"elementor-widget-wrap\">\n\t\t\t\t\t\t\t<\/div>\n\t\t<\/div>\n\t\t\t\t\t<\/div>\n\t\t<\/section>\n\t\t<div class=\"elementor-element elementor-element-69312f page-content-container e-flex e-con-boxed e-con e-parent\" data-id=\"69312f\" data-element_type=\"container\" data-settings=\"{&quot;background_background&quot;:&quot;classic&quot;}\">\n\t\t\t\t\t<div class=\"e-con-inner\">\n\t\t\t\t<div class=\"elementor-element elementor-element-76fc928 elementor-widget elementor-widget-text-editor\" data-id=\"76fc928\" data-element_type=\"widget\" data-widget_type=\"text-editor.default\">\n\t\t\t\t<div class=\"elementor-widget-container\">\n\t\t\t\t\t\t\t\t\t<div class=\"elementor-element elementor-element-f151aac elementor-widget elementor-widget-heading\" data-id=\"f151aac\" data-element_type=\"widget\" data-widget_type=\"heading.default\"><div class=\"elementor-widget-container\"><h2>TPA Hrvatska<\/h2><p>Na\u0161e usluge uklju\u010duju\u00a0<span style=\"text-decoration: underline;\"><strong><a href=\"\/hr\/porezno-savjetovanje\/\">porezno savjetovanje<\/a>,\u00a0<a href=\"\/hr\/racunovodstvo\/\">ra\u010dunovodstvo<\/a>,\u00a0<a href=\"\/hr\/revizija\/\">reviziju<\/a><\/strong><\/span>\u00a0i <span style=\"text-decoration: underline;\"><strong><a href=\"\/hr\/financijsko-savjetovanje\/\">savjetovanje<\/a>.<\/strong><\/span> Vrhunska kvaliteta, kontinuirani razvoj na\u0161ih znanja i razumijevanje za svaku specifi\u010dnu situaciju i potrebu na\u0161ih klijenata va\u017ene su zna\u010dajke na\u0161eg rada.<\/p><ul><li>Pro\u010ditajte vi\u0161e o\u00a0<strong><a title=\"Povijest tvrtke\" href=\"https:\/\/www.tpa-group.hr\/hr\/povijest-tvrtke\/\">povijesti TPA<\/a><\/strong><\/li><li><a title=\"Izvje\u0161\u0107e o transparentnosti 2023.\" href=\"https:\/\/www.tpa-group.hr\/izvjesce-o-transparentnosti-2023\/\" target=\"_blank\" rel=\"noopener\"><strong>Izvje\u0161\u0107e o transparentnosti 2023.<\/strong><\/a><\/li><li><a title=\"Izvje\u0161\u0107e o transparentnosti 2022.\" href=\"https:\/\/www.tpa-group.hr\/izvjesce-o-transparentnosti-2022\/\"><strong>Izvje\u0161\u0107e o transparentnosti 2022.<\/strong><\/a><\/li><li><a title=\"Izvje\u0161\u0107e o transparentnosti 2021.\" href=\"https:\/\/www.tpa-group.hr\/hr\/izvjesce-o-transparentnosti-2021\/\"><strong>Izvje\u0161\u0107e o transparentnosti 2021.<\/strong><\/a><\/li><li><a href=\"https:\/\/www.tpa-group.hr\/hr\/izvjesce-o-transparentnosti-2020-azurirano\/\"><strong>Izvje\u0161\u0107e o transparentnosti 2020. \u2013 A\u017eurirano<\/strong><\/a><\/li><li><a title=\"Izvje\u0161\u0107e o transparentnosti 2020.\" href=\"https:\/\/www.tpa-group.hr\/hr\/izvjesce-o-transparentnosti-2020\/\"><strong>Izvje\u0161\u0107e o transparentnosti 2020.<\/strong><\/a><\/li><li><a title=\"Izvje\u0161\u0107e o transparentnosti\" href=\"https:\/\/www.tpa-group.hr\/hr\/izvjesce-o-transparentnosti\/\"><strong>Izvje\u0161\u0107e o transparentnosti 2019.<\/strong><\/a><\/li><\/ul><\/div><\/div>\t\t\t\t\t\t\t\t<\/div>\n\t\t\t\t<\/div>\n\t\t\t\t\t<\/div>\n\t\t\t\t<\/div>\n\t\t\t\t<\/div>\n\t\t","protected":false},"excerpt":{"rendered":"<p>Naslovnica |&nbsp; \u010cinjenice i brojke \u010cinjenice i brojke TPA jedna je od vode\u0107ih konzultantskih kompanija u Srednjoj i Jugoisto\u010dnoj Europi. Imamo oko 1700 zaposlenika u trideset lokacija u\u00a0Albaniji,\u00a0Austriji,\u00a0Bugarskoj, Crnoj Gori, Hrvatskoj, Poljskoj,\u00a0Rumunjskoj,\u00a0Srbiji,\u00a0Slova\u010dkoj,\u00a0Sloveniji,\u00a0\u010ce\u0161koj i Ma\u0111arskoj. Saznajte vi\u0161e o\u00a0TPA grupi TPA Hrvatska Na\u0161e usluge uklju\u010duju\u00a0porezno savjetovanje,\u00a0ra\u010dunovodstvo,\u00a0reviziju\u00a0i savjetovanje. Vrhunska kvaliteta, kontinuirani razvoj na\u0161ih znanja i razumijevanje za svaku [&hellip;]<\/p>\n","protected":false},"author":13,"featured_media":0,"parent":0,"menu_order":0,"comment_status":"closed","ping_status":"closed","template":"elementor_header_footer","meta":{"_acf_changed":false,"footnotes":""},"class_list":["post-3092","page","type-page","status-publish","hentry"],"acf":[],"yoast_head":"<!-- This site is optimized with the Yoast SEO plugin v26.0 - https:\/\/yoast.com\/wordpress\/plugins\/seo\/ -->\n<title>\u010cinjenice i brojke - TPA Hrvatska - TPA Croatia<\/title>\n<meta name=\"robots\" content=\"index, follow, max-snippet:-1, max-image-preview:large, max-video-preview:-1\" \/>\n<link rel=\"canonical\" href=\"https:\/\/www.tpa-group.hr\/hr\/facts-figures\" \/>\n<meta property=\"og:locale\" content=\"hr_HR\" \/>\n<meta property=\"og:type\" content=\"article\" \/>\n<meta property=\"og:title\" content=\"\u010cinjenice i brojke - TPA Hrvatska - TPA Croatia\" \/>\n<meta property=\"og:description\" content=\"Naslovnica |&nbsp; \u010cinjenice i brojke \u010cinjenice i brojke TPA jedna je od vode\u0107ih konzultantskih kompanija u Srednjoj i Jugoisto\u010dnoj Europi. Imamo oko 1700 zaposlenika u trideset lokacija u\u00a0Albaniji,\u00a0Austriji,\u00a0Bugarskoj, Crnoj Gori, Hrvatskoj, Poljskoj,\u00a0Rumunjskoj,\u00a0Srbiji,\u00a0Slova\u010dkoj,\u00a0Sloveniji,\u00a0\u010ce\u0161koj i Ma\u0111arskoj. Saznajte vi\u0161e o\u00a0TPA grupi TPA Hrvatska Na\u0161e usluge uklju\u010duju\u00a0porezno savjetovanje,\u00a0ra\u010dunovodstvo,\u00a0reviziju\u00a0i savjetovanje. Vrhunska kvaliteta, kontinuirani razvoj na\u0161ih znanja i razumijevanje za svaku [&hellip;]\" \/>\n<meta property=\"og:url\" content=\"https:\/\/www.tpa-group.hr\/hr\/facts-figures\" \/>\n<meta property=\"og:site_name\" content=\"TPA Hrvatska - TPA Croatia\" \/>\n<meta property=\"article:modified_time\" content=\"2025-04-07T13:07:57+00:00\" \/>\n<meta name=\"twitter:card\" content=\"summary_large_image\" \/>\n<meta name=\"twitter:label1\" content=\"Est. reading time\" \/>\n\t<meta name=\"twitter:data1\" content=\"1 minuta\" \/>\n<script type=\"application\/ld+json\" class=\"yoast-schema-graph\">{\"@context\":\"https:\/\/schema.org\",\"@graph\":[{\"@type\":\"WebPage\",\"@id\":\"https:\/\/www.tpa-group.hr\/hr\/facts-figures\",\"url\":\"https:\/\/www.tpa-group.hr\/hr\/facts-figures\",\"name\":\"\u010cinjenice i brojke - TPA Hrvatska - TPA Croatia\",\"isPartOf\":{\"@id\":\"https:\/\/www.tpa-group.hr\/hr#website\"},\"datePublished\":\"2025-01-30T08:17:17+00:00\",\"dateModified\":\"2025-04-07T13:07:57+00:00\",\"breadcrumb\":{\"@id\":\"https:\/\/www.tpa-group.hr\/hr\/facts-figures#breadcrumb\"},\"inLanguage\":\"hr\",\"potentialAction\":[{\"@type\":\"ReadAction\",\"target\":[\"https:\/\/www.tpa-group.hr\/hr\/facts-figures\"]}]},{\"@type\":\"BreadcrumbList\",\"@id\":\"https:\/\/www.tpa-group.hr\/hr\/facts-figures#breadcrumb\",\"itemListElement\":[{\"@type\":\"ListItem\",\"position\":1,\"name\":\"Home\",\"item\":\"https:\/\/www.tpa-group.hr\/hr\"},{\"@type\":\"ListItem\",\"position\":2,\"name\":\"\u010cinjenice i brojke\"}]},{\"@type\":\"WebSite\",\"@id\":\"https:\/\/www.tpa-group.hr\/hr#website\",\"url\":\"https:\/\/www.tpa-group.hr\/hr\",\"name\":\"TPA Hrvatska - TPA Croatia\",\"description\":\"Porezno savjetovanje\",\"publisher\":{\"@id\":\"https:\/\/www.tpa-group.hr\/hr#organization\"},\"alternateName\":\"TPA\",\"potentialAction\":[{\"@type\":\"SearchAction\",\"target\":{\"@type\":\"EntryPoint\",\"urlTemplate\":\"https:\/\/www.tpa-group.hr\/hr?s={search_term_string}\"},\"query-input\":{\"@type\":\"PropertyValueSpecification\",\"valueRequired\":true,\"valueName\":\"search_term_string\"}}],\"inLanguage\":\"hr\"},{\"@type\":\"Organization\",\"@id\":\"https:\/\/www.tpa-group.hr\/hr#organization\",\"name\":\"TPA Hrvatska - TPA Croatia\",\"url\":\"https:\/\/www.tpa-group.hr\/hr\",\"logo\":{\"@type\":\"ImageObject\",\"inLanguage\":\"hr\",\"@id\":\"https:\/\/www.tpa-group.hr\/hr#\/schema\/logo\/image\/\",\"url\":\"https:\/\/www.tpa-group.hr\/app\/uploads\/sites\/5\/2025\/09\/WhatsApp-Image-2025-09-29-at-13.31.31-Photoroom.png\",\"contentUrl\":\"https:\/\/www.tpa-group.hr\/app\/uploads\/sites\/5\/2025\/09\/WhatsApp-Image-2025-09-29-at-13.31.31-Photoroom.png\",\"width\":709,\"height\":355,\"caption\":\"TPA Hrvatska - TPA Croatia\"},\"image\":{\"@id\":\"https:\/\/www.tpa-group.hr\/hr#\/schema\/logo\/image\/\"}}]}<\/script>\n<!-- \/ Yoast SEO plugin. -->","yoast_head_json":{"title":"\u010cinjenice i brojke - TPA Hrvatska - TPA Croatia","robots":{"index":"index","follow":"follow","max-snippet":"max-snippet:-1","max-image-preview":"max-image-preview:large","max-video-preview":"max-video-preview:-1"},"canonical":"https:\/\/www.tpa-group.hr\/hr\/facts-figures","og_locale":"hr_HR","og_type":"article","og_title":"\u010cinjenice i brojke - TPA Hrvatska - TPA Croatia","og_description":"Naslovnica |&nbsp; \u010cinjenice i brojke \u010cinjenice i brojke TPA jedna je od vode\u0107ih konzultantskih kompanija u Srednjoj i Jugoisto\u010dnoj Europi. Imamo oko 1700 zaposlenika u trideset lokacija u\u00a0Albaniji,\u00a0Austriji,\u00a0Bugarskoj, Crnoj Gori, Hrvatskoj, Poljskoj,\u00a0Rumunjskoj,\u00a0Srbiji,\u00a0Slova\u010dkoj,\u00a0Sloveniji,\u00a0\u010ce\u0161koj i Ma\u0111arskoj. Saznajte vi\u0161e o\u00a0TPA grupi TPA Hrvatska Na\u0161e usluge uklju\u010duju\u00a0porezno savjetovanje,\u00a0ra\u010dunovodstvo,\u00a0reviziju\u00a0i savjetovanje. Vrhunska kvaliteta, kontinuirani razvoj na\u0161ih znanja i razumijevanje za svaku [&hellip;]","og_url":"https:\/\/www.tpa-group.hr\/hr\/facts-figures","og_site_name":"TPA Hrvatska - TPA Croatia","article_modified_time":"2025-04-07T13:07:57+00:00","twitter_card":"summary_large_image","twitter_misc":{"Est. reading time":"1 minuta"},"schema":{"@context":"https:\/\/schema.org","@graph":[{"@type":"WebPage","@id":"https:\/\/www.tpa-group.hr\/hr\/facts-figures","url":"https:\/\/www.tpa-group.hr\/hr\/facts-figures","name":"\u010cinjenice i brojke - TPA Hrvatska - TPA Croatia","isPartOf":{"@id":"https:\/\/www.tpa-group.hr\/hr#website"},"datePublished":"2025-01-30T08:17:17+00:00","dateModified":"2025-04-07T13:07:57+00:00","breadcrumb":{"@id":"https:\/\/www.tpa-group.hr\/hr\/facts-figures#breadcrumb"},"inLanguage":"hr","potentialAction":[{"@type":"ReadAction","target":["https:\/\/www.tpa-group.hr\/hr\/facts-figures"]}]},{"@type":"BreadcrumbList","@id":"https:\/\/www.tpa-group.hr\/hr\/facts-figures#breadcrumb","itemListElement":[{"@type":"ListItem","position":1,"name":"Home","item":"https:\/\/www.tpa-group.hr\/hr"},{"@type":"ListItem","position":2,"name":"\u010cinjenice i brojke"}]},{"@type":"WebSite","@id":"https:\/\/www.tpa-group.hr\/hr#website","url":"https:\/\/www.tpa-group.hr\/hr","name":"TPA Hrvatska - TPA Croatia","description":"Porezno savjetovanje","publisher":{"@id":"https:\/\/www.tpa-group.hr\/hr#organization"},"alternateName":"TPA","potentialAction":[{"@type":"SearchAction","target":{"@type":"EntryPoint","urlTemplate":"https:\/\/www.tpa-group.hr\/hr?s={search_term_string}"},"query-input":{"@type":"PropertyValueSpecification","valueRequired":true,"valueName":"search_term_string"}}],"inLanguage":"hr"},{"@type":"Organization","@id":"https:\/\/www.tpa-group.hr\/hr#organization","name":"TPA Hrvatska - TPA Croatia","url":"https:\/\/www.tpa-group.hr\/hr","logo":{"@type":"ImageObject","inLanguage":"hr","@id":"https:\/\/www.tpa-group.hr\/hr#\/schema\/logo\/image\/","url":"https:\/\/www.tpa-group.hr\/app\/uploads\/sites\/5\/2025\/09\/WhatsApp-Image-2025-09-29-at-13.31.31-Photoroom.png","contentUrl":"https:\/\/www.tpa-group.hr\/app\/uploads\/sites\/5\/2025\/09\/WhatsApp-Image-2025-09-29-at-13.31.31-Photoroom.png","width":709,"height":355,"caption":"TPA Hrvatska - TPA Croatia"},"image":{"@id":"https:\/\/www.tpa-group.hr\/hr#\/schema\/logo\/image\/"}}]}},"_links":{"self":[{"href":"https:\/\/www.tpa-group.hr\/hr\/wp-json\/wp\/v2\/pages\/3092","targetHints":{"allow":["GET"]}}],"collection":[{"href":"https:\/\/www.tpa-group.hr\/hr\/wp-json\/wp\/v2\/pages"}],"about":[{"href":"https:\/\/www.tpa-group.hr\/hr\/wp-json\/wp\/v2\/types\/page"}],"author":[{"embeddable":true,"href":"https:\/\/www.tpa-group.hr\/hr\/wp-json\/wp\/v2\/users\/13"}],"replies":[{"embeddable":true,"href":"https:\/\/www.tpa-group.hr\/hr\/wp-json\/wp\/v2\/comments?post=3092"}],"version-history":[{"count":18,"href":"https:\/\/www.tpa-group.hr\/hr\/wp-json\/wp\/v2\/pages\/3092\/revisions"}],"predecessor-version":[{"id":5428,"href":"https:\/\/www.tpa-group.hr\/hr\/wp-json\/wp\/v2\/pages\/3092\/revisions\/5428"}],"wp:attachment":[{"href":"https:\/\/www.tpa-group.hr\/hr\/wp-json\/wp\/v2\/media?parent=3092"}],"curies":[{"name":"wp","href":"https:\/\/api.w.org\/{rel}","templated":true}]}}