{"id":3074,"date":"2025-01-29T17:42:59","date_gmt":"2025-01-29T17:42:59","guid":{"rendered":"https:\/\/www.tpa-group.hr\/imprint\/"},"modified":"2025-03-11T08:22:07","modified_gmt":"2025-03-11T08:22:07","slug":"imprint","status":"publish","type":"page","link":"https:\/\/www.tpa-group.hr\/hr\/imprint","title":{"rendered":"Impressum"},"content":{"rendered":"\t\t<div data-elementor-type=\"wp-page\" data-elementor-id=\"3074\" class=\"elementor elementor-3074 elementor-3065\" data-elementor-post-type=\"page\">\n\t\t\t\t\t\t<section class=\"elementor-section elementor-top-section elementor-element elementor-element-60f447a0 hero-banner elementor-section-boxed elementor-section-height-default elementor-section-height-default\" data-id=\"60f447a0\" data-element_type=\"section\" data-settings=\"{&quot;background_background&quot;:&quot;classic&quot;}\">\n\t\t\t\t\t\t\t<div class=\"elementor-background-overlay\"><\/div>\n\t\t\t\t\t\t\t<div class=\"elementor-container elementor-column-gap-default\">\n\t\t\t\t\t<div class=\"elementor-column elementor-col-50 elementor-top-column elementor-element elementor-element-78d8beb8\" data-id=\"78d8beb8\" data-element_type=\"column\">\n\t\t\t<div class=\"elementor-widget-wrap elementor-element-populated\">\n\t\t\t\t\t\t<section class=\"elementor-section elementor-inner-section elementor-element elementor-element-41111bfe hero-banner-breadcrumbs-container elementor-section-boxed elementor-section-height-default elementor-section-height-default\" data-id=\"41111bfe\" data-element_type=\"section\">\n\t\t\t\t\t\t<div class=\"elementor-container elementor-column-gap-default\">\n\t\t\t\t\t<div class=\"elementor-column elementor-col-100 elementor-inner-column elementor-element elementor-element-25452518\" data-id=\"25452518\" data-element_type=\"column\">\n\t\t\t<div class=\"elementor-widget-wrap elementor-element-populated\">\n\t\t\t\t\t\t<div class=\"elementor-element elementor-element-5fe2b329 elementor-widget elementor-widget-heading\" data-id=\"5fe2b329\" data-element_type=\"widget\" data-widget_type=\"heading.default\">\n\t\t\t\t<div class=\"elementor-widget-container\">\n\t\t\t\t\t<p class=\"elementor-heading-title elementor-size-default\"><a href=\"\/hr\/\">Naslovnica |&nbsp;<\/a><\/p>\t\t\t\t<\/div>\n\t\t\t\t<\/div>\n\t\t\t\t<div class=\"elementor-element elementor-element-4805f334 elementor-widget elementor-widget-heading\" data-id=\"4805f334\" data-element_type=\"widget\" data-widget_type=\"heading.default\">\n\t\t\t\t<div class=\"elementor-widget-container\">\n\t\t\t\t\t<p class=\"elementor-heading-title elementor-size-default\">Impressum<\/p>\t\t\t\t<\/div>\n\t\t\t\t<\/div>\n\t\t\t\t\t<\/div>\n\t\t<\/div>\n\t\t\t\t\t<\/div>\n\t\t<\/section>\n\t\t\t\t<div class=\"elementor-element elementor-element-746a42cd elementor-widget elementor-widget-heading\" data-id=\"746a42cd\" data-element_type=\"widget\" data-widget_type=\"heading.default\">\n\t\t\t\t<div class=\"elementor-widget-container\">\n\t\t\t\t\t<h1 class=\"elementor-heading-title elementor-size-default\">Impressum<\/h1>\t\t\t\t<\/div>\n\t\t\t\t<\/div>\n\t\t\t\t\t<\/div>\n\t\t<\/div>\n\t\t\t\t<div class=\"elementor-column elementor-col-50 elementor-top-column elementor-element elementor-element-1cd461df\" data-id=\"1cd461df\" data-element_type=\"column\">\n\t\t\t<div class=\"elementor-widget-wrap\">\n\t\t\t\t\t\t\t<\/div>\n\t\t<\/div>\n\t\t\t\t\t<\/div>\n\t\t<\/section>\n\t\t<div class=\"elementor-element elementor-element-7632ca35 page-content-container e-flex e-con-boxed e-con e-parent\" data-id=\"7632ca35\" data-element_type=\"container\" data-settings=\"{&quot;background_background&quot;:&quot;classic&quot;}\">\n\t\t\t\t\t<div class=\"e-con-inner\">\n\t\t\t\t<div class=\"elementor-element elementor-element-5494a2a page-content-container elementor-widget elementor-widget-text-editor\" data-id=\"5494a2a\" data-element_type=\"widget\" data-widget_type=\"text-editor.default\">\n\t\t\t\t<div class=\"elementor-widget-container\">\n\t\t\t\t\t\t\t\t\t<h3>Impressum TPA u Zagrebu<\/h3><p>Informacije sukladne \u010dl.21. Zakona o trgova\u010dkim dru\u0161tvima<\/p><p><strong>Tvrtka:<br \/><\/strong>TPA d.o.o.<\/p><p><strong>Adresa:<br \/><\/strong>Josipa Marohni\u0107a 1\/1<br \/>10 000 Zagreb, Croatia<\/p><p>Tel: +385\u00a01 6461 780<br \/>E-Mail:\u00a0<a href=\"mailto:office@tpa-group.hr\">office@tpa-group.hr<\/a><\/p><p><strong>MBS:<\/strong>\u00a0080988662<br \/><strong>PIN:<\/strong>\u00a018197068007<br \/><strong>PDV ID:<\/strong>\u00a0HR18197068007<\/p><p><strong>Trgova\u010dki sud:<br \/><\/strong>Trgova\u010dki sud u Zagrebu, Temeljni kapital 20.000,00 HRK upla\u0107en u cijelosti<br \/>IBAN: HR7324020061100755587, Erste&amp;Steiermaerkische Bank d.d., Jadranski trg 3a, 51000 Rijeka<\/p><p><strong>Uprava:<\/strong><\/p><ul><li>Thomas Haneder<\/li><li>Bojan Huzani\u0107<\/li><li>Igor Arbutina<\/li><\/ul><p><strong>Tvrtka:<\/strong><br \/>TPA Audit d.o.o.<\/p><p><strong>Adresa:<\/strong><br \/>Kneza Branimira 28, Prelog, Hrvatska\/Croatia<br \/>Tel: +385 1 6461 780<br \/>E-mail:\u00a0<a href=\"mailto:office@tpa-group.hr\">office@tpa-group.hr<\/a><\/p><p><strong>MBS:<\/strong>\u00a0070143436<br \/><strong>PIN:<\/strong>\u00a082899666867<br \/><strong>PDV ID:<\/strong>\u00a0HR82899666867<\/p><p><strong>Trgova\u010dki sud:<\/strong><br \/>Trgova\u010dki sud u Vara\u017edinu, Temeljni kapital 20.000,00 HRK upla\u0107en u cijelosti<br \/>IBAN: HR8524840081135296810, Raiffeisenbank Austria Bank d.d., Magazinska cesta 69, 10000 Zagreb<\/p><p><strong>Uprava:<\/strong><\/p><ul><li>Bojan Huzani\u0107<\/li><li>Igor Arbutina<\/li><\/ul>\t\t\t\t\t\t\t\t<\/div>\n\t\t\t\t<\/div>\n\t\t\t\t\t<\/div>\n\t\t\t\t<\/div>\n\t\t\t\t<\/div>\n\t\t","protected":false},"excerpt":{"rendered":"<p>Naslovnica |&nbsp; Impressum Impressum Impressum TPA u Zagrebu Informacije sukladne \u010dl.21. Zakona o trgova\u010dkim dru\u0161tvima Tvrtka:TPA d.o.o. Adresa:Josipa Marohni\u0107a 1\/110 000 Zagreb, Croatia Tel: +385\u00a01 6461 780E-Mail:\u00a0office@tpa-group.hr MBS:\u00a0080988662PIN:\u00a018197068007PDV ID:\u00a0HR18197068007 Trgova\u010dki sud:Trgova\u010dki sud u Zagrebu, Temeljni kapital 20.000,00 HRK upla\u0107en u cijelostiIBAN: HR7324020061100755587, Erste&amp;Steiermaerkische Bank d.d., Jadranski trg 3a, 51000 Rijeka Uprava: Thomas Haneder Bojan Huzani\u0107 [&hellip;]<\/p>\n","protected":false},"author":13,"featured_media":0,"parent":0,"menu_order":0,"comment_status":"closed","ping_status":"closed","template":"elementor_header_footer","meta":{"_acf_changed":false,"footnotes":""},"class_list":["post-3074","page","type-page","status-publish","hentry"],"acf":[],"yoast_head":"<!-- This site is optimized with the Yoast SEO plugin v26.0 - https:\/\/yoast.com\/wordpress\/plugins\/seo\/ -->\n<title>Impressum - TPA Hrvatska - TPA Croatia<\/title>\n<meta name=\"robots\" content=\"index, follow, max-snippet:-1, max-image-preview:large, max-video-preview:-1\" \/>\n<link rel=\"canonical\" href=\"https:\/\/www.tpa-group.hr\/hr\/imprint\" \/>\n<meta property=\"og:locale\" content=\"hr_HR\" \/>\n<meta property=\"og:type\" content=\"article\" \/>\n<meta property=\"og:title\" content=\"Impressum - TPA Hrvatska - TPA Croatia\" \/>\n<meta property=\"og:description\" content=\"Naslovnica |&nbsp; Impressum Impressum Impressum TPA u Zagrebu Informacije sukladne \u010dl.21. Zakona o trgova\u010dkim dru\u0161tvima Tvrtka:TPA d.o.o. Adresa:Josipa Marohni\u0107a 1\/110 000 Zagreb, Croatia Tel: +385\u00a01 6461 780E-Mail:\u00a0office@tpa-group.hr MBS:\u00a0080988662PIN:\u00a018197068007PDV ID:\u00a0HR18197068007 Trgova\u010dki sud:Trgova\u010dki sud u Zagrebu, Temeljni kapital 20.000,00 HRK upla\u0107en u cijelostiIBAN: HR7324020061100755587, Erste&amp;Steiermaerkische Bank d.d., Jadranski trg 3a, 51000 Rijeka Uprava: Thomas Haneder Bojan Huzani\u0107 [&hellip;]\" \/>\n<meta property=\"og:url\" content=\"https:\/\/www.tpa-group.hr\/hr\/imprint\" \/>\n<meta property=\"og:site_name\" content=\"TPA Hrvatska - TPA Croatia\" \/>\n<meta property=\"article:modified_time\" content=\"2025-03-11T08:22:07+00:00\" \/>\n<meta name=\"twitter:card\" content=\"summary_large_image\" \/>\n<meta name=\"twitter:label1\" content=\"Est. reading time\" \/>\n\t<meta name=\"twitter:data1\" content=\"1 minuta\" \/>\n<script type=\"application\/ld+json\" class=\"yoast-schema-graph\">{\"@context\":\"https:\/\/schema.org\",\"@graph\":[{\"@type\":\"WebPage\",\"@id\":\"https:\/\/www.tpa-group.hr\/hr\/imprint\",\"url\":\"https:\/\/www.tpa-group.hr\/hr\/imprint\",\"name\":\"Impressum - TPA Hrvatska - TPA Croatia\",\"isPartOf\":{\"@id\":\"https:\/\/www.tpa-group.hr\/hr#website\"},\"datePublished\":\"2025-01-29T17:42:59+00:00\",\"dateModified\":\"2025-03-11T08:22:07+00:00\",\"breadcrumb\":{\"@id\":\"https:\/\/www.tpa-group.hr\/hr\/imprint#breadcrumb\"},\"inLanguage\":\"hr\",\"potentialAction\":[{\"@type\":\"ReadAction\",\"target\":[\"https:\/\/www.tpa-group.hr\/hr\/imprint\"]}]},{\"@type\":\"BreadcrumbList\",\"@id\":\"https:\/\/www.tpa-group.hr\/hr\/imprint#breadcrumb\",\"itemListElement\":[{\"@type\":\"ListItem\",\"position\":1,\"name\":\"Home\",\"item\":\"https:\/\/www.tpa-group.hr\/hr\"},{\"@type\":\"ListItem\",\"position\":2,\"name\":\"Impressum\"}]},{\"@type\":\"WebSite\",\"@id\":\"https:\/\/www.tpa-group.hr\/hr#website\",\"url\":\"https:\/\/www.tpa-group.hr\/hr\",\"name\":\"TPA Hrvatska - TPA Croatia\",\"description\":\"Porezno savjetovanje\",\"publisher\":{\"@id\":\"https:\/\/www.tpa-group.hr\/hr#organization\"},\"alternateName\":\"TPA\",\"potentialAction\":[{\"@type\":\"SearchAction\",\"target\":{\"@type\":\"EntryPoint\",\"urlTemplate\":\"https:\/\/www.tpa-group.hr\/hr?s={search_term_string}\"},\"query-input\":{\"@type\":\"PropertyValueSpecification\",\"valueRequired\":true,\"valueName\":\"search_term_string\"}}],\"inLanguage\":\"hr\"},{\"@type\":\"Organization\",\"@id\":\"https:\/\/www.tpa-group.hr\/hr#organization\",\"name\":\"TPA Hrvatska - TPA Croatia\",\"url\":\"https:\/\/www.tpa-group.hr\/hr\",\"logo\":{\"@type\":\"ImageObject\",\"inLanguage\":\"hr\",\"@id\":\"https:\/\/www.tpa-group.hr\/hr#\/schema\/logo\/image\/\",\"url\":\"https:\/\/www.tpa-group.hr\/app\/uploads\/sites\/5\/2025\/09\/WhatsApp-Image-2025-09-29-at-13.31.31-Photoroom.png\",\"contentUrl\":\"https:\/\/www.tpa-group.hr\/app\/uploads\/sites\/5\/2025\/09\/WhatsApp-Image-2025-09-29-at-13.31.31-Photoroom.png\",\"width\":709,\"height\":355,\"caption\":\"TPA Hrvatska - TPA Croatia\"},\"image\":{\"@id\":\"https:\/\/www.tpa-group.hr\/hr#\/schema\/logo\/image\/\"}}]}<\/script>\n<!-- \/ Yoast SEO plugin. -->","yoast_head_json":{"title":"Impressum - TPA Hrvatska - TPA Croatia","robots":{"index":"index","follow":"follow","max-snippet":"max-snippet:-1","max-image-preview":"max-image-preview:large","max-video-preview":"max-video-preview:-1"},"canonical":"https:\/\/www.tpa-group.hr\/hr\/imprint","og_locale":"hr_HR","og_type":"article","og_title":"Impressum - TPA Hrvatska - TPA Croatia","og_description":"Naslovnica |&nbsp; Impressum Impressum Impressum TPA u Zagrebu Informacije sukladne \u010dl.21. Zakona o trgova\u010dkim dru\u0161tvima Tvrtka:TPA d.o.o. Adresa:Josipa Marohni\u0107a 1\/110 000 Zagreb, Croatia Tel: +385\u00a01 6461 780E-Mail:\u00a0office@tpa-group.hr MBS:\u00a0080988662PIN:\u00a018197068007PDV ID:\u00a0HR18197068007 Trgova\u010dki sud:Trgova\u010dki sud u Zagrebu, Temeljni kapital 20.000,00 HRK upla\u0107en u cijelostiIBAN: HR7324020061100755587, Erste&amp;Steiermaerkische Bank d.d., Jadranski trg 3a, 51000 Rijeka Uprava: Thomas Haneder Bojan Huzani\u0107 [&hellip;]","og_url":"https:\/\/www.tpa-group.hr\/hr\/imprint","og_site_name":"TPA Hrvatska - TPA Croatia","article_modified_time":"2025-03-11T08:22:07+00:00","twitter_card":"summary_large_image","twitter_misc":{"Est. reading time":"1 minuta"},"schema":{"@context":"https:\/\/schema.org","@graph":[{"@type":"WebPage","@id":"https:\/\/www.tpa-group.hr\/hr\/imprint","url":"https:\/\/www.tpa-group.hr\/hr\/imprint","name":"Impressum - TPA Hrvatska - TPA Croatia","isPartOf":{"@id":"https:\/\/www.tpa-group.hr\/hr#website"},"datePublished":"2025-01-29T17:42:59+00:00","dateModified":"2025-03-11T08:22:07+00:00","breadcrumb":{"@id":"https:\/\/www.tpa-group.hr\/hr\/imprint#breadcrumb"},"inLanguage":"hr","potentialAction":[{"@type":"ReadAction","target":["https:\/\/www.tpa-group.hr\/hr\/imprint"]}]},{"@type":"BreadcrumbList","@id":"https:\/\/www.tpa-group.hr\/hr\/imprint#breadcrumb","itemListElement":[{"@type":"ListItem","position":1,"name":"Home","item":"https:\/\/www.tpa-group.hr\/hr"},{"@type":"ListItem","position":2,"name":"Impressum"}]},{"@type":"WebSite","@id":"https:\/\/www.tpa-group.hr\/hr#website","url":"https:\/\/www.tpa-group.hr\/hr","name":"TPA Hrvatska - TPA Croatia","description":"Porezno savjetovanje","publisher":{"@id":"https:\/\/www.tpa-group.hr\/hr#organization"},"alternateName":"TPA","potentialAction":[{"@type":"SearchAction","target":{"@type":"EntryPoint","urlTemplate":"https:\/\/www.tpa-group.hr\/hr?s={search_term_string}"},"query-input":{"@type":"PropertyValueSpecification","valueRequired":true,"valueName":"search_term_string"}}],"inLanguage":"hr"},{"@type":"Organization","@id":"https:\/\/www.tpa-group.hr\/hr#organization","name":"TPA Hrvatska - TPA Croatia","url":"https:\/\/www.tpa-group.hr\/hr","logo":{"@type":"ImageObject","inLanguage":"hr","@id":"https:\/\/www.tpa-group.hr\/hr#\/schema\/logo\/image\/","url":"https:\/\/www.tpa-group.hr\/app\/uploads\/sites\/5\/2025\/09\/WhatsApp-Image-2025-09-29-at-13.31.31-Photoroom.png","contentUrl":"https:\/\/www.tpa-group.hr\/app\/uploads\/sites\/5\/2025\/09\/WhatsApp-Image-2025-09-29-at-13.31.31-Photoroom.png","width":709,"height":355,"caption":"TPA Hrvatska - TPA Croatia"},"image":{"@id":"https:\/\/www.tpa-group.hr\/hr#\/schema\/logo\/image\/"}}]}},"_links":{"self":[{"href":"https:\/\/www.tpa-group.hr\/hr\/wp-json\/wp\/v2\/pages\/3074","targetHints":{"allow":["GET"]}}],"collection":[{"href":"https:\/\/www.tpa-group.hr\/hr\/wp-json\/wp\/v2\/pages"}],"about":[{"href":"https:\/\/www.tpa-group.hr\/hr\/wp-json\/wp\/v2\/types\/page"}],"author":[{"embeddable":true,"href":"https:\/\/www.tpa-group.hr\/hr\/wp-json\/wp\/v2\/users\/13"}],"replies":[{"embeddable":true,"href":"https:\/\/www.tpa-group.hr\/hr\/wp-json\/wp\/v2\/comments?post=3074"}],"version-history":[{"count":9,"href":"https:\/\/www.tpa-group.hr\/hr\/wp-json\/wp\/v2\/pages\/3074\/revisions"}],"predecessor-version":[{"id":4132,"href":"https:\/\/www.tpa-group.hr\/hr\/wp-json\/wp\/v2\/pages\/3074\/revisions\/4132"}],"wp:attachment":[{"href":"https:\/\/www.tpa-group.hr\/hr\/wp-json\/wp\/v2\/media?parent=3074"}],"curies":[{"name":"wp","href":"https:\/\/api.w.org\/{rel}","templated":true}]}}