{"id":2950,"date":"2025-01-27T18:42:11","date_gmt":"2025-01-27T18:42:11","guid":{"rendered":"https:\/\/www.tpa-group.hr\/?page_id=2950"},"modified":"2025-01-27T19:00:35","modified_gmt":"2025-01-27T19:00:35","slug":"partneri","status":"publish","type":"page","link":"https:\/\/www.tpa-group.hr\/hr\/partneri","title":{"rendered":"Partneri"},"content":{"rendered":"\t\t<div data-elementor-type=\"wp-page\" data-elementor-id=\"2950\" class=\"elementor elementor-2950\" data-elementor-post-type=\"page\">\n\t\t\t\t\t\t<section class=\"elementor-section elementor-top-section elementor-element elementor-element-781779d1 hero-banner elementor-section-boxed elementor-section-height-default elementor-section-height-default\" data-id=\"781779d1\" data-element_type=\"section\">\n\t\t\t\t\t\t<div class=\"elementor-container elementor-column-gap-default\">\n\t\t\t\t\t<div class=\"elementor-column elementor-col-100 elementor-top-column elementor-element elementor-element-49878527\" data-id=\"49878527\" data-element_type=\"column\">\n\t\t\t<div class=\"elementor-widget-wrap elementor-element-populated\">\n\t\t\t\t\t\t<section class=\"elementor-section elementor-inner-section elementor-element elementor-element-5af9c080 hero-banner-breadcrumbs-container elementor-section-boxed elementor-section-height-default elementor-section-height-default\" data-id=\"5af9c080\" data-element_type=\"section\">\n\t\t\t\t\t\t<div class=\"elementor-container elementor-column-gap-default\">\n\t\t\t\t\t<div class=\"elementor-column elementor-col-100 elementor-inner-column elementor-element elementor-element-562fb714\" data-id=\"562fb714\" data-element_type=\"column\">\n\t\t\t<div class=\"elementor-widget-wrap elementor-element-populated\">\n\t\t\t\t\t\t<div class=\"elementor-element elementor-element-26d29f66 elementor-widget elementor-widget-heading\" data-id=\"26d29f66\" data-element_type=\"widget\" data-widget_type=\"heading.default\">\n\t\t\t\t<div class=\"elementor-widget-container\">\n\t\t\t\t\t<p class=\"elementor-heading-title elementor-size-default\"><a href=\"\/\">Naslovnica |&nbsp;<\/a><\/p>\t\t\t\t<\/div>\n\t\t\t\t<\/div>\n\t\t\t\t<div class=\"elementor-element elementor-element-31270be7 elementor-widget elementor-widget-heading\" data-id=\"31270be7\" data-element_type=\"widget\" data-widget_type=\"heading.default\">\n\t\t\t\t<div class=\"elementor-widget-container\">\n\t\t\t\t\t<p class=\"elementor-heading-title elementor-size-default\">Parteri<\/p>\t\t\t\t<\/div>\n\t\t\t\t<\/div>\n\t\t\t\t\t<\/div>\n\t\t<\/div>\n\t\t\t\t\t<\/div>\n\t\t<\/section>\n\t\t\t\t<div class=\"elementor-element elementor-element-58b52ed1 elementor-widget elementor-widget-heading\" data-id=\"58b52ed1\" data-element_type=\"widget\" data-widget_type=\"heading.default\">\n\t\t\t\t<div class=\"elementor-widget-container\">\n\t\t\t\t\t<h2 class=\"elementor-heading-title elementor-size-default\">Na\u0161 tim u Hrvatskoj<\/h2>\t\t\t\t<\/div>\n\t\t\t\t<\/div>\n\t\t\t\t<div class=\"elementor-element elementor-element-1ccce00 elementor-widget elementor-widget-text-editor\" data-id=\"1ccce00\" data-element_type=\"widget\" data-widget_type=\"text-editor.default\">\n\t\t\t\t<div class=\"elementor-widget-container\">\n\t\t\t\t\t\t\t\t\t<p>Na\u0161i partneri posjeduju vrhunsku stru\u010dnost u podru\u010djima poreznog savjetovanja, ra\u010dunovodstva i poslovnog savjetovanja. \u017delimo vas informirati o podru\u010djima stru\u010dnosti \u010dlanova na\u0161eg rukovode\u0107eg tima u nastavku.<\/p>\t\t\t\t\t\t\t\t<\/div>\n\t\t\t\t<\/div>\n\t\t\t\t\t<\/div>\n\t\t<\/div>\n\t\t\t\t\t<\/div>\n\t\t<\/section>\n\t\t\t\t<section class=\"elementor-section elementor-top-section elementor-element elementor-element-e392878 elementor-section-boxed elementor-section-height-default elementor-section-height-default\" data-id=\"e392878\" data-element_type=\"section\" data-settings=\"{&quot;background_background&quot;:&quot;gradient&quot;}\">\n\t\t\t\t\t\t<div class=\"elementor-container elementor-column-gap-default\">\n\t\t\t\t\t<div class=\"elementor-column elementor-col-33 elementor-top-column elementor-element elementor-element-94dec40\" data-id=\"94dec40\" data-element_type=\"column\">\n\t\t\t<div class=\"elementor-widget-wrap elementor-element-populated\">\n\t\t\t\t\t\t<div class=\"elementor-element elementor-element-fe216bf elementor-widget elementor-widget-single-person-card\" data-id=\"fe216bf\" data-element_type=\"widget\" data-widget_type=\"single-person-card.default\">\n\t\t\t\t<div class=\"elementor-widget-container\">\n\t\t\t\t\t\n\t\t<div class=\"single-person-card\">\n            <a class=\"person-link\" href=\"\/hr\/persons\/igor-arbutina-2\/\"  >\n        \t\t<div class=\"img-container\">\n        \t\t\t<img decoding=\"async\" src=\"https:\/\/www.tpa-group.hr\/app\/uploads\/sites\/5\/2023\/12\/TPA-press-photo-Igor-Arbutina-800x1000-1-Photoroom-1.png\" alt=\"Igor Arbutina\">\n        \t\t\t<span><\/span>\n        \t\t<\/div>\n\n\t\t\t\t    \t\t\t\t<div class=\"post-content-wrapper\">\n\t\t        \t\t<div class=\"content-container\">\n                \t\t\t                \t\t\t\t<div class=\"locations\">\n\n        \t\t\t\t\t\t    \t\t\t\t\t\t\t<p>Zagreb<\/p>\n    \t\t\t\t\t\t\t\t\t\t\t\t\t\t\t<\/div>\n\t\t\t\t\t\t\t\t\n\t\t        \t\t\t\t\t        \t\t\t\t<h5 class=\"post-title\">Igor Arbutina<\/h5>\n                \t\t\t\t\t        \t\t\t\t\t        \t\t\t\t\t        \t\t\t\t\t<div class=\"job-positions\">\n\t        \t\t\t\t\t\t\t        \t\t\t\t\t\t\t<p class=\"job-position \">Financijski savjetnik  Partner<\/p>\n        \t\t\t\t\t\t\t        \t\t\t\t\t\t<\/div>\n\t        \t\t\t\t\t\t        \t\t\t\t\t<div class=\"btn-arrow\" style=\"background-image: url('https:\/\/www.tpa-group.hr\/app\/plugins\/ovos-elementor-widgets\/widgets\/single-person-card-widget\/img\/button-arrow-right-long.svg')\"><\/div>\n\t\t        \t\t\t\t\t        \t\t<\/div>\n\t        \t\t<\/div>\n\t\t\t\t    \t\t<\/a>\n    \t<\/div>\n\n\t\t\t\t\t\t<\/div>\n\t\t\t\t<\/div>\n\t\t\t\t\t<\/div>\n\t\t<\/div>\n\t\t\t\t<div class=\"elementor-column elementor-col-33 elementor-top-column elementor-element elementor-element-4961003\" data-id=\"4961003\" data-element_type=\"column\">\n\t\t\t<div class=\"elementor-widget-wrap elementor-element-populated\">\n\t\t\t\t\t\t<div class=\"elementor-element elementor-element-dbeaaad elementor-widget elementor-widget-single-person-card\" data-id=\"dbeaaad\" data-element_type=\"widget\" data-widget_type=\"single-person-card.default\">\n\t\t\t\t<div class=\"elementor-widget-container\">\n\t\t\t\t\t\n\t\t<div class=\"single-person-card\">\n            <a class=\"person-link\" href=\"\/hr\/persons\/thomas-haneder\/\"  >\n        \t\t<div class=\"img-container\">\n        \t\t\t<img decoding=\"async\" src=\"https:\/\/www.tpa-group.hr\/app\/uploads\/sites\/5\/2023\/09\/TPA-Haneder-Thomas-880x1000-1_prev_ui-1.png\" alt=\"Thomas Haneder\">\n        \t\t\t<span><\/span>\n        \t\t<\/div>\n\n\t\t\t\t    \t\t\t\t<div class=\"post-content-wrapper\">\n\t\t        \t\t<div class=\"content-container\">\n                \t\t\t                \t\t\t\t<div class=\"locations\">\n\n        \t\t\t\t\t\t    \t\t\t\t\t\t\t<p>Zagreb<\/p>\n    \t\t\t\t\t\t\t\t\t\t\t\t\t\t\t<\/div>\n\t\t\t\t\t\t\t\t\n\t\t        \t\t\t\t\t        \t\t\t\t<h5 class=\"post-title\">Thomas Haneder<\/h5>\n                \t\t\t\t\t        \t\t\t\t\t        \t\t\t\t\t        \t\t\t\t\t<div class=\"job-positions\">\n\t        \t\t\t\t\t\t\t        \t\t\t\t\t\t\t<p class=\"job-position \">Managing Partner za Hrvatsku, Albaniju, Srbiju i Bugarsku<\/p>\n        \t\t\t\t\t\t\t        \t\t\t\t\t\t<\/div>\n\t        \t\t\t\t\t\t        \t\t\t\t\t<div class=\"btn-arrow\" style=\"background-image: url('https:\/\/www.tpa-group.hr\/app\/plugins\/ovos-elementor-widgets\/widgets\/single-person-card-widget\/img\/button-arrow-right-long.svg')\"><\/div>\n\t\t        \t\t\t\t\t        \t\t<\/div>\n\t        \t\t<\/div>\n\t\t\t\t    \t\t<\/a>\n    \t<\/div>\n\n\t\t\t\t\t\t<\/div>\n\t\t\t\t<\/div>\n\t\t\t\t\t<\/div>\n\t\t<\/div>\n\t\t\t\t<div class=\"elementor-column elementor-col-33 elementor-top-column elementor-element elementor-element-1f5c5b5\" data-id=\"1f5c5b5\" data-element_type=\"column\">\n\t\t\t<div class=\"elementor-widget-wrap elementor-element-populated\">\n\t\t\t\t\t\t<div class=\"elementor-element elementor-element-1c066c1 elementor-widget elementor-widget-single-person-card\" data-id=\"1c066c1\" data-element_type=\"widget\" data-widget_type=\"single-person-card.default\">\n\t\t\t\t<div class=\"elementor-widget-container\">\n\t\t\t\t\t\n\t\t<div class=\"single-person-card\">\n            <a class=\"person-link\" href=\"\/hr\/persons\/bojan-huzanic\/\"  >\n        \t\t<div class=\"img-container\">\n        \t\t\t<img decoding=\"async\" src=\"https:\/\/www.tpa-group.hr\/app\/uploads\/sites\/5\/2023\/09\/TPA-press-photo-Bojan-Huzanic-880X1000.png\" alt=\"Bojan Huzani\u0107\">\n        \t\t\t<span><\/span>\n        \t\t<\/div>\n\n\t\t\t\t    \t\t\t\t<div class=\"post-content-wrapper\">\n\t\t        \t\t<div class=\"content-container\">\n                \t\t\t                \t\t\t\t<div class=\"locations\">\n\n        \t\t\t\t\t\t    \t\t\t\t\t\t\t<p>Zagreb<\/p>\n    \t\t\t\t\t\t\t\t\t\t\t\t\t\t\t<\/div>\n\t\t\t\t\t\t\t\t\n\t\t        \t\t\t\t\t        \t\t\t\t<h5 class=\"post-title\">Bojan Huzani\u0107<\/h5>\n                \t\t\t\t\t        \t\t\t\t\t        \t\t\t\t\t        \t\t\t\t\t<div class=\"job-positions\">\n\t        \t\t\t\t\t\t\t        \t\t\t\t\t\t\t<p class=\"job-position \">Managing Partner za  Hrvatsku<\/p>\n        \t\t\t\t\t\t\t        \t\t\t\t\t\t<\/div>\n\t        \t\t\t\t\t\t        \t\t\t\t\t<div class=\"btn-arrow\" style=\"background-image: url('https:\/\/www.tpa-group.hr\/app\/plugins\/ovos-elementor-widgets\/widgets\/single-person-card-widget\/img\/button-arrow-right-long.svg')\"><\/div>\n\t\t        \t\t\t\t\t        \t\t<\/div>\n\t        \t\t<\/div>\n\t\t\t\t    \t\t<\/a>\n    \t<\/div>\n\n\t\t\t\t\t\t<\/div>\n\t\t\t\t<\/div>\n\t\t\t\t\t<\/div>\n\t\t<\/div>\n\t\t\t\t\t<\/div>\n\t\t<\/section>\n\t\t\t\t<\/div>\n\t\t","protected":false},"excerpt":{"rendered":"<p>Naslovnica |&nbsp; Parteri Na\u0161 tim u Hrvatskoj Na\u0161i partneri posjeduju vrhunsku stru\u010dnost u podru\u010djima poreznog savjetovanja, ra\u010dunovodstva i poslovnog savjetovanja. \u017delimo vas informirati o podru\u010djima stru\u010dnosti \u010dlanova na\u0161eg rukovode\u0107eg tima u nastavku. Zagreb Igor Arbutina Financijski savjetnik Partner Zagreb Thomas Haneder Managing Partner za Hrvatsku, Albaniju, Srbiju i Bugarsku Zagreb Bojan Huzani\u0107 Managing Partner za [&hellip;]<\/p>\n","protected":false},"author":13,"featured_media":0,"parent":0,"menu_order":0,"comment_status":"closed","ping_status":"closed","template":"elementor_header_footer","meta":{"_acf_changed":false,"footnotes":""},"class_list":["post-2950","page","type-page","status-publish","hentry"],"acf":[],"yoast_head":"<!-- This site is optimized with the Yoast SEO plugin v26.0 - https:\/\/yoast.com\/wordpress\/plugins\/seo\/ -->\n<title>Partneri - TPA Hrvatska - TPA Croatia<\/title>\n<meta name=\"robots\" content=\"index, follow, max-snippet:-1, max-image-preview:large, max-video-preview:-1\" \/>\n<link rel=\"canonical\" href=\"https:\/\/www.tpa-group.hr\/hr\/partneri\" \/>\n<meta property=\"og:locale\" content=\"hr_HR\" \/>\n<meta property=\"og:type\" content=\"article\" \/>\n<meta property=\"og:title\" content=\"Partneri - TPA Hrvatska - TPA Croatia\" \/>\n<meta property=\"og:description\" content=\"Naslovnica |&nbsp; Parteri Na\u0161 tim u Hrvatskoj Na\u0161i partneri posjeduju vrhunsku stru\u010dnost u podru\u010djima poreznog savjetovanja, ra\u010dunovodstva i poslovnog savjetovanja. \u017delimo vas informirati o podru\u010djima stru\u010dnosti \u010dlanova na\u0161eg rukovode\u0107eg tima u nastavku. Zagreb Igor Arbutina Financijski savjetnik Partner Zagreb Thomas Haneder Managing Partner za Hrvatsku, Albaniju, Srbiju i Bugarsku Zagreb Bojan Huzani\u0107 Managing Partner za [&hellip;]\" \/>\n<meta property=\"og:url\" content=\"https:\/\/www.tpa-group.hr\/hr\/partneri\" \/>\n<meta property=\"og:site_name\" content=\"TPA Hrvatska - TPA Croatia\" \/>\n<meta property=\"article:modified_time\" content=\"2025-01-27T19:00:35+00:00\" \/>\n<meta property=\"og:image\" content=\"https:\/\/www.tpa-group.hr\/app\/uploads\/sites\/5\/2023\/12\/TPA-press-photo-Igor-Arbutina-800x1000-1-Photoroom-1.png\" \/>\n<meta name=\"twitter:card\" content=\"summary_large_image\" \/>\n<meta name=\"twitter:label1\" content=\"Est. reading time\" \/>\n\t<meta name=\"twitter:data1\" content=\"1 minuta\" \/>\n<script type=\"application\/ld+json\" class=\"yoast-schema-graph\">{\"@context\":\"https:\/\/schema.org\",\"@graph\":[{\"@type\":\"WebPage\",\"@id\":\"https:\/\/www.tpa-group.hr\/hr\/partneri\",\"url\":\"https:\/\/www.tpa-group.hr\/hr\/partneri\",\"name\":\"Partneri - TPA Hrvatska - TPA Croatia\",\"isPartOf\":{\"@id\":\"https:\/\/www.tpa-group.hr\/hr#website\"},\"primaryImageOfPage\":{\"@id\":\"https:\/\/www.tpa-group.hr\/hr\/partneri#primaryimage\"},\"image\":{\"@id\":\"https:\/\/www.tpa-group.hr\/hr\/partneri#primaryimage\"},\"thumbnailUrl\":\"https:\/\/www.tpa-group.hr\/app\/uploads\/sites\/5\/2023\/12\/TPA-press-photo-Igor-Arbutina-800x1000-1-Photoroom-1.png\",\"datePublished\":\"2025-01-27T18:42:11+00:00\",\"dateModified\":\"2025-01-27T19:00:35+00:00\",\"breadcrumb\":{\"@id\":\"https:\/\/www.tpa-group.hr\/hr\/partneri#breadcrumb\"},\"inLanguage\":\"hr\",\"potentialAction\":[{\"@type\":\"ReadAction\",\"target\":[\"https:\/\/www.tpa-group.hr\/hr\/partneri\"]}]},{\"@type\":\"ImageObject\",\"inLanguage\":\"hr\",\"@id\":\"https:\/\/www.tpa-group.hr\/hr\/partneri#primaryimage\",\"url\":\"https:\/\/www.tpa-group.hr\/app\/uploads\/sites\/5\/2023\/12\/TPA-press-photo-Igor-Arbutina-800x1000-1-Photoroom-1.png\",\"contentUrl\":\"https:\/\/www.tpa-group.hr\/app\/uploads\/sites\/5\/2023\/12\/TPA-press-photo-Igor-Arbutina-800x1000-1-Photoroom-1.png\"},{\"@type\":\"BreadcrumbList\",\"@id\":\"https:\/\/www.tpa-group.hr\/hr\/partneri#breadcrumb\",\"itemListElement\":[{\"@type\":\"ListItem\",\"position\":1,\"name\":\"Home\",\"item\":\"https:\/\/www.tpa-group.hr\/hr\"},{\"@type\":\"ListItem\",\"position\":2,\"name\":\"Partneri\"}]},{\"@type\":\"WebSite\",\"@id\":\"https:\/\/www.tpa-group.hr\/hr#website\",\"url\":\"https:\/\/www.tpa-group.hr\/hr\",\"name\":\"TPA Hrvatska - TPA Croatia\",\"description\":\"Porezno savjetovanje\",\"publisher\":{\"@id\":\"https:\/\/www.tpa-group.hr\/hr#organization\"},\"alternateName\":\"TPA\",\"potentialAction\":[{\"@type\":\"SearchAction\",\"target\":{\"@type\":\"EntryPoint\",\"urlTemplate\":\"https:\/\/www.tpa-group.hr\/hr?s={search_term_string}\"},\"query-input\":{\"@type\":\"PropertyValueSpecification\",\"valueRequired\":true,\"valueName\":\"search_term_string\"}}],\"inLanguage\":\"hr\"},{\"@type\":\"Organization\",\"@id\":\"https:\/\/www.tpa-group.hr\/hr#organization\",\"name\":\"TPA Hrvatska - TPA Croatia\",\"url\":\"https:\/\/www.tpa-group.hr\/hr\",\"logo\":{\"@type\":\"ImageObject\",\"inLanguage\":\"hr\",\"@id\":\"https:\/\/www.tpa-group.hr\/hr#\/schema\/logo\/image\/\",\"url\":\"https:\/\/www.tpa-group.hr\/app\/uploads\/sites\/5\/2025\/09\/WhatsApp-Image-2025-09-29-at-13.31.31-Photoroom.png\",\"contentUrl\":\"https:\/\/www.tpa-group.hr\/app\/uploads\/sites\/5\/2025\/09\/WhatsApp-Image-2025-09-29-at-13.31.31-Photoroom.png\",\"width\":709,\"height\":355,\"caption\":\"TPA Hrvatska - TPA Croatia\"},\"image\":{\"@id\":\"https:\/\/www.tpa-group.hr\/hr#\/schema\/logo\/image\/\"}}]}<\/script>\n<!-- \/ Yoast SEO plugin. -->","yoast_head_json":{"title":"Partneri - TPA Hrvatska - TPA Croatia","robots":{"index":"index","follow":"follow","max-snippet":"max-snippet:-1","max-image-preview":"max-image-preview:large","max-video-preview":"max-video-preview:-1"},"canonical":"https:\/\/www.tpa-group.hr\/hr\/partneri","og_locale":"hr_HR","og_type":"article","og_title":"Partneri - TPA Hrvatska - TPA Croatia","og_description":"Naslovnica |&nbsp; Parteri Na\u0161 tim u Hrvatskoj Na\u0161i partneri posjeduju vrhunsku stru\u010dnost u podru\u010djima poreznog savjetovanja, ra\u010dunovodstva i poslovnog savjetovanja. \u017delimo vas informirati o podru\u010djima stru\u010dnosti \u010dlanova na\u0161eg rukovode\u0107eg tima u nastavku. Zagreb Igor Arbutina Financijski savjetnik Partner Zagreb Thomas Haneder Managing Partner za Hrvatsku, Albaniju, Srbiju i Bugarsku Zagreb Bojan Huzani\u0107 Managing Partner za [&hellip;]","og_url":"https:\/\/www.tpa-group.hr\/hr\/partneri","og_site_name":"TPA Hrvatska - TPA Croatia","article_modified_time":"2025-01-27T19:00:35+00:00","og_image":[{"url":"https:\/\/www.tpa-group.hr\/app\/uploads\/sites\/5\/2023\/12\/TPA-press-photo-Igor-Arbutina-800x1000-1-Photoroom-1.png","type":"","width":"","height":""}],"twitter_card":"summary_large_image","twitter_misc":{"Est. reading time":"1 minuta"},"schema":{"@context":"https:\/\/schema.org","@graph":[{"@type":"WebPage","@id":"https:\/\/www.tpa-group.hr\/hr\/partneri","url":"https:\/\/www.tpa-group.hr\/hr\/partneri","name":"Partneri - TPA Hrvatska - TPA Croatia","isPartOf":{"@id":"https:\/\/www.tpa-group.hr\/hr#website"},"primaryImageOfPage":{"@id":"https:\/\/www.tpa-group.hr\/hr\/partneri#primaryimage"},"image":{"@id":"https:\/\/www.tpa-group.hr\/hr\/partneri#primaryimage"},"thumbnailUrl":"https:\/\/www.tpa-group.hr\/app\/uploads\/sites\/5\/2023\/12\/TPA-press-photo-Igor-Arbutina-800x1000-1-Photoroom-1.png","datePublished":"2025-01-27T18:42:11+00:00","dateModified":"2025-01-27T19:00:35+00:00","breadcrumb":{"@id":"https:\/\/www.tpa-group.hr\/hr\/partneri#breadcrumb"},"inLanguage":"hr","potentialAction":[{"@type":"ReadAction","target":["https:\/\/www.tpa-group.hr\/hr\/partneri"]}]},{"@type":"ImageObject","inLanguage":"hr","@id":"https:\/\/www.tpa-group.hr\/hr\/partneri#primaryimage","url":"https:\/\/www.tpa-group.hr\/app\/uploads\/sites\/5\/2023\/12\/TPA-press-photo-Igor-Arbutina-800x1000-1-Photoroom-1.png","contentUrl":"https:\/\/www.tpa-group.hr\/app\/uploads\/sites\/5\/2023\/12\/TPA-press-photo-Igor-Arbutina-800x1000-1-Photoroom-1.png"},{"@type":"BreadcrumbList","@id":"https:\/\/www.tpa-group.hr\/hr\/partneri#breadcrumb","itemListElement":[{"@type":"ListItem","position":1,"name":"Home","item":"https:\/\/www.tpa-group.hr\/hr"},{"@type":"ListItem","position":2,"name":"Partneri"}]},{"@type":"WebSite","@id":"https:\/\/www.tpa-group.hr\/hr#website","url":"https:\/\/www.tpa-group.hr\/hr","name":"TPA Hrvatska - TPA Croatia","description":"Porezno savjetovanje","publisher":{"@id":"https:\/\/www.tpa-group.hr\/hr#organization"},"alternateName":"TPA","potentialAction":[{"@type":"SearchAction","target":{"@type":"EntryPoint","urlTemplate":"https:\/\/www.tpa-group.hr\/hr?s={search_term_string}"},"query-input":{"@type":"PropertyValueSpecification","valueRequired":true,"valueName":"search_term_string"}}],"inLanguage":"hr"},{"@type":"Organization","@id":"https:\/\/www.tpa-group.hr\/hr#organization","name":"TPA Hrvatska - TPA Croatia","url":"https:\/\/www.tpa-group.hr\/hr","logo":{"@type":"ImageObject","inLanguage":"hr","@id":"https:\/\/www.tpa-group.hr\/hr#\/schema\/logo\/image\/","url":"https:\/\/www.tpa-group.hr\/app\/uploads\/sites\/5\/2025\/09\/WhatsApp-Image-2025-09-29-at-13.31.31-Photoroom.png","contentUrl":"https:\/\/www.tpa-group.hr\/app\/uploads\/sites\/5\/2025\/09\/WhatsApp-Image-2025-09-29-at-13.31.31-Photoroom.png","width":709,"height":355,"caption":"TPA Hrvatska - TPA Croatia"},"image":{"@id":"https:\/\/www.tpa-group.hr\/hr#\/schema\/logo\/image\/"}}]}},"_links":{"self":[{"href":"https:\/\/www.tpa-group.hr\/hr\/wp-json\/wp\/v2\/pages\/2950","targetHints":{"allow":["GET"]}}],"collection":[{"href":"https:\/\/www.tpa-group.hr\/hr\/wp-json\/wp\/v2\/pages"}],"about":[{"href":"https:\/\/www.tpa-group.hr\/hr\/wp-json\/wp\/v2\/types\/page"}],"author":[{"embeddable":true,"href":"https:\/\/www.tpa-group.hr\/hr\/wp-json\/wp\/v2\/users\/13"}],"replies":[{"embeddable":true,"href":"https:\/\/www.tpa-group.hr\/hr\/wp-json\/wp\/v2\/comments?post=2950"}],"version-history":[{"count":12,"href":"https:\/\/www.tpa-group.hr\/hr\/wp-json\/wp\/v2\/pages\/2950\/revisions"}],"predecessor-version":[{"id":2965,"href":"https:\/\/www.tpa-group.hr\/hr\/wp-json\/wp\/v2\/pages\/2950\/revisions\/2965"}],"wp:attachment":[{"href":"https:\/\/www.tpa-group.hr\/hr\/wp-json\/wp\/v2\/media?parent=2950"}],"curies":[{"name":"wp","href":"https:\/\/api.w.org\/{rel}","templated":true}]}}