{"id":2930,"date":"2025-01-27T07:56:00","date_gmt":"2025-01-27T07:56:00","guid":{"rendered":"https:\/\/www.tpa-group.hr\/our-philosophy\/"},"modified":"2026-02-24T16:19:24","modified_gmt":"2026-02-24T16:19:24","slug":"nasa-filozofija","status":"publish","type":"page","link":"https:\/\/www.tpa-group.hr\/hr\/nasa-filozofija","title":{"rendered":"Na\u0161a filozofija"},"content":{"rendered":"\t\t<div data-elementor-type=\"wp-page\" data-elementor-id=\"2930\" class=\"elementor elementor-2930 elementor-2918\" data-elementor-post-type=\"page\">\n\t\t\t\t\t\t<section class=\"elementor-section elementor-top-section elementor-element elementor-element-6d3dfa11 hero-banner elementor-section-boxed elementor-section-height-default elementor-section-height-default\" data-id=\"6d3dfa11\" data-element_type=\"section\" data-settings=\"{&quot;background_background&quot;:&quot;classic&quot;}\">\n\t\t\t\t\t\t\t<div class=\"elementor-background-overlay\"><\/div>\n\t\t\t\t\t\t\t<div class=\"elementor-container elementor-column-gap-default\">\n\t\t\t\t\t<div class=\"elementor-column elementor-col-50 elementor-top-column elementor-element elementor-element-7705abbe\" data-id=\"7705abbe\" data-element_type=\"column\">\n\t\t\t<div class=\"elementor-widget-wrap elementor-element-populated\">\n\t\t\t\t\t\t<section class=\"elementor-section elementor-inner-section elementor-element elementor-element-d27858 hero-banner-breadcrumbs-container elementor-section-boxed elementor-section-height-default elementor-section-height-default\" data-id=\"d27858\" data-element_type=\"section\">\n\t\t\t\t\t\t<div class=\"elementor-container elementor-column-gap-default\">\n\t\t\t\t\t<div class=\"elementor-column elementor-col-100 elementor-inner-column elementor-element elementor-element-6034bb49\" data-id=\"6034bb49\" data-element_type=\"column\">\n\t\t\t<div class=\"elementor-widget-wrap elementor-element-populated\">\n\t\t\t\t\t\t<div class=\"elementor-element elementor-element-6efc58b2 elementor-widget elementor-widget-heading\" data-id=\"6efc58b2\" data-element_type=\"widget\" data-widget_type=\"heading.default\">\n\t\t\t\t<div class=\"elementor-widget-container\">\n\t\t\t\t\t<p class=\"elementor-heading-title elementor-size-default\"><a href=\"\/hr\/\">Naslovnica |&nbsp;<\/a><\/p>\t\t\t\t<\/div>\n\t\t\t\t<\/div>\n\t\t\t\t<div class=\"elementor-element elementor-element-7f6d3740 elementor-widget elementor-widget-heading\" data-id=\"7f6d3740\" data-element_type=\"widget\" data-widget_type=\"heading.default\">\n\t\t\t\t<div class=\"elementor-widget-container\">\n\t\t\t\t\t<p class=\"elementor-heading-title elementor-size-default\">Na\u0161a filozofija<\/p>\t\t\t\t<\/div>\n\t\t\t\t<\/div>\n\t\t\t\t\t<\/div>\n\t\t<\/div>\n\t\t\t\t\t<\/div>\n\t\t<\/section>\n\t\t\t\t<div class=\"elementor-element elementor-element-2da34cce elementor-widget elementor-widget-heading\" data-id=\"2da34cce\" data-element_type=\"widget\" data-widget_type=\"heading.default\">\n\t\t\t\t<div class=\"elementor-widget-container\">\n\t\t\t\t\t<h1 class=\"elementor-heading-title elementor-size-default\">Na\u0161a filozofija<\/h1>\t\t\t\t<\/div>\n\t\t\t\t<\/div>\n\t\t\t\t<div class=\"elementor-element elementor-element-2b2ef649 elementor-widget elementor-widget-text-editor\" data-id=\"2b2ef649\" data-element_type=\"widget\" data-widget_type=\"text-editor.default\">\n\t\t\t\t<div class=\"elementor-widget-container\">\n\t\t\t\t\t\t\t\t\t<p><strong>TPA Grupa sebe vidi kao va\u0161eg partnera \u2013 na va\u0161oj razini \u2013 partnera na kojeg se mo\u017eete osloniti u svakom trenutku. Za nas vrijedi sljede\u0107e:<\/strong><\/p><p>Samo oni koji komuniciraju na ravnopravnoj razini i koji se mogu poistovjetiti sa svakim projektom mogu prona\u0107i najprikladnije rje\u0161enje. To je ono \u0161to podrazumijevamo pod poslovanjem Face to Face. Upravo to provodimo u djelo iz dana u dan, na lokalnoj i me\u0111unarodnoj razini, u podru\u010djima <span style=\"text-decoration: underline;\"><a href=\"\/hr\/porezno-savjetovanje\/\"><strong>poreznog savjetovanja<\/strong><\/a>, <a href=\"\/hr\/racunovodstvo\/\"><strong>knjigovodstvenih usluga<\/strong><\/a>, <a href=\"\/hr\/revizija\/\"><strong>revizije<\/strong><\/a> i <a href=\"\/hr\/financijsko-savjetovanje\/\"><strong>financijskog savjetovanja<\/strong><\/a>.<\/span><\/p>\t\t\t\t\t\t\t\t<\/div>\n\t\t\t\t<\/div>\n\t\t\t\t\t<\/div>\n\t\t<\/div>\n\t\t\t\t<div class=\"elementor-column elementor-col-50 elementor-top-column elementor-element elementor-element-1f05bd78\" data-id=\"1f05bd78\" data-element_type=\"column\">\n\t\t\t<div class=\"elementor-widget-wrap\">\n\t\t\t\t\t\t\t<\/div>\n\t\t<\/div>\n\t\t\t\t\t<\/div>\n\t\t<\/section>\n\t\t<div class=\"elementor-element elementor-element-69312f page-content-container e-flex e-con-boxed e-con e-parent\" data-id=\"69312f\" data-element_type=\"container\" data-settings=\"{&quot;background_background&quot;:&quot;classic&quot;}\">\n\t\t\t\t\t<div class=\"e-con-inner\">\n\t\t\t\t<div class=\"elementor-element elementor-element-0c9c7ed elementor-widget__width-initial elementor-widget elementor-widget-heading\" data-id=\"0c9c7ed\" data-element_type=\"widget\" data-widget_type=\"heading.default\">\n\t\t\t\t<div class=\"elementor-widget-container\">\n\t\t\t\t\t<h2 class=\"elementor-heading-title elementor-size-default\">Face to Face Business. Jer klijent je ono \u0161to je va\u017eno.<\/h2>\t\t\t\t<\/div>\n\t\t\t\t<\/div>\n\t\t\t\t<div class=\"elementor-element elementor-element-76fc928 elementor-widget__width-initial elementor-widget elementor-widget-text-editor\" data-id=\"76fc928\" data-element_type=\"widget\" data-widget_type=\"text-editor.default\">\n\t\t\t\t<div class=\"elementor-widget-container\">\n\t\t\t\t\t\t\t\t\t<div class=\"elementor-element elementor-element-f151aac elementor-widget elementor-widget-heading\" data-id=\"f151aac\" data-element_type=\"widget\" data-widget_type=\"heading.default\"><div class=\"elementor-widget-container\"><p class=\"elementor-heading-title elementor-size-default\"><span style=\"font-size: 16px;\">Razumijemo va\u0161 jezik, poznajemo va\u0161e poslovanje i posve\u0107eni smo va\u0161im potrebama. Svako savjetovanje zapo\u010dinje detaljnim razgovorom. Na temelju toga razvijamo najprikladnije rje\u0161enje zajedno s vama i poma\u017eemo vam u njegovoj implementaciji. Na\u0161i stru\u010dnjaci imaju osje\u0107aj za va\u0161u individualnu situaciju, znaju &#8220;\u010ditati izme\u0111u redaka&#8221; brojki i pritom se usredoto\u010duju na ono najva\u017enije: va\u0161 uspjeh.<\/span><\/p><\/div><\/div>\t\t\t\t\t\t\t\t<\/div>\n\t\t\t\t<\/div>\n\t\t\t\t<div class=\"elementor-element elementor-element-da832ba elementor-widget__width-initial elementor-widget elementor-widget-heading\" data-id=\"da832ba\" data-element_type=\"widget\" data-widget_type=\"heading.default\">\n\t\t\t\t<div class=\"elementor-widget-container\">\n\t\t\t\t\t<h2 class=\"elementor-heading-title elementor-size-default\">Nije va\u017ena veli\u010dina. Va\u017ene su va\u0161e potrebe.<\/h2>\t\t\t\t<\/div>\n\t\t\t\t<\/div>\n\t\t\t\t<div class=\"elementor-element elementor-element-12462a5 elementor-widget__width-initial elementor-widget elementor-widget-text-editor\" data-id=\"12462a5\" data-element_type=\"widget\" data-widget_type=\"text-editor.default\">\n\t\t\t\t<div class=\"elementor-widget-container\">\n\t\t\t\t\t\t\t\t\t<div class=\"elementor-element elementor-element-f151aac elementor-widget elementor-widget-heading\" data-id=\"f151aac\" data-element_type=\"widget\" data-widget_type=\"heading.default\"><div class=\"elementor-widget-container\"><p class=\"elementor-heading-title elementor-size-default\"><span style=\"font-size: 16px;\">Tra\u017eite partnera za vo\u0111enje ra\u010dunovodstva, dono\u0161enje strate\u0161kih odluka ili pripremu za reviziju? U TPA-u se fokusiramo na va\u0161e potrebe. Volimo izazove, pouzdani smo i kreativni u svom radu te pru\u017eamo brza i kompetentna rje\u0161enja. Ovo vrijedi za male i srednje tvrtke, kao i za grupacije tvrtki ili javne institucije.<\/span><\/p><\/div><\/div>\t\t\t\t\t\t\t\t<\/div>\n\t\t\t\t<\/div>\n\t\t\t\t<div class=\"elementor-element elementor-element-79e09fc elementor-widget__width-initial elementor-widget elementor-widget-heading\" data-id=\"79e09fc\" data-element_type=\"widget\" data-widget_type=\"heading.default\">\n\t\t\t\t<div class=\"elementor-widget-container\">\n\t\t\t\t\t<h2 class=\"elementor-heading-title elementor-size-default\">Lokalno, regionalno, me\u0111unarodno. Partner koji je uvijek uz vas.<\/h2>\t\t\t\t<\/div>\n\t\t\t\t<\/div>\n\t\t\t\t<div class=\"elementor-element elementor-element-05416db elementor-widget__width-initial elementor-widget elementor-widget-text-editor\" data-id=\"05416db\" data-element_type=\"widget\" data-widget_type=\"text-editor.default\">\n\t\t\t\t<div class=\"elementor-widget-container\">\n\t\t\t\t\t\t\t\t\t<div class=\"elementor-element elementor-element-f151aac elementor-widget elementor-widget-heading\" data-id=\"f151aac\" data-element_type=\"widget\" data-widget_type=\"heading.default\"><div class=\"elementor-widget-container\"><p class=\"elementor-heading-title elementor-size-default\">Gdje god da nas klijenti trebaju \u2013 nikada nismo daleko. Nudimo vrhunsku uslugu i individualnu podr\u0161ku lokalno. TPA Grupa je neovisni \u010dlan Baker Tilly Europe Alliancea, \u0161to omogu\u0107uje na\u0161im klijentima pristup globalnoj mre\u017ei poreznih savjetnika, revizora i konzultanata. <strong>Baker Tilly International<\/strong> mre\u017ea trenutno ima 126 neovisnih \u010dlanova u 148 zemalja, zapo\u0161ljava ukupno 38.600 ljudi u 706 ureda, \u0161to je svrstava me\u0111u 10 najve\u0107ih konzultantskih mre\u017ea u svijetu.<\/p><\/div><\/div>\t\t\t\t\t\t\t\t<\/div>\n\t\t\t\t<\/div>\n\t\t\t\t<div class=\"elementor-element elementor-element-60efae6 elementor-widget__width-initial elementor-widget elementor-widget-heading\" data-id=\"60efae6\" data-element_type=\"widget\" data-widget_type=\"heading.default\">\n\t\t\t\t<div class=\"elementor-widget-container\">\n\t\t\t\t\t<h2 class=\"elementor-heading-title elementor-size-default\">Prostor za razvoj. Poti\u010demo individualni napredak.<\/h2>\t\t\t\t<\/div>\n\t\t\t\t<\/div>\n\t\t\t\t<div class=\"elementor-element elementor-element-0e36ce7 elementor-widget__width-initial elementor-widget elementor-widget-text-editor\" data-id=\"0e36ce7\" data-element_type=\"widget\" data-widget_type=\"text-editor.default\">\n\t\t\t\t<div class=\"elementor-widget-container\">\n\t\t\t\t\t\t\t\t\t<div class=\"elementor-element elementor-element-f151aac elementor-widget elementor-widget-heading\" data-id=\"f151aac\" data-element_type=\"widget\" data-widget_type=\"heading.default\"><div class=\"elementor-widget-container\"><div class=\"elementor-element elementor-element-48f305e elementor-widget elementor-widget-text-editor\" data-id=\"48f305e\" data-element_type=\"widget\" data-widget_type=\"text-editor.default\"><div class=\"elementor-widget-container\"><p>Oni koji rade u TPA pru\u017eaju vrhunske rezultate svakodnevno. Podr\u017eavamo njihov kontinuirani razvoj. U tu svrhu pru\u017eamo, osim \u0161irokog spektra <strong>karijernih prilika<\/strong> i daljnjeg usavr\u0161avanja, prvenstveno jednu stvar: prostor za individualni razvoj. Ljudi mogu razvijati svoje snage samo ako su zadovoljni na poslu i ako je radno okru\u017eenje pozitivno.<\/p><ul><li><strong>TPA Grupa: <span style=\"text-decoration: underline;\"><a href=\"http:\/\/www.tpa-group.com\/en\/about-us\/cee-network\" target=\"_blank\" rel=\"noopener\">na\u0161e lokacije u Srednjoj i Jugoisto\u010dnoj Europi<\/a><\/span><\/strong><\/li><\/ul><ul><li><a href=\"\/hr\/knowhow\/?type=news\"><strong><span style=\"text-decoration: underline;\">TPA Vijesti<\/span><\/strong><\/a>: Porezne i financijske novosti iz regije CEE\/SEE.<\/li><\/ul><\/div><\/div><div class=\"elementor-element elementor-element-e0d83e4 elementor-widget elementor-widget-text-editor\" data-id=\"e0d83e4\" data-element_type=\"widget\" data-widget_type=\"text-editor.default\"><div class=\"elementor-widget-container\"><p><a href=\"\/app\/uploads\/sites\/10\/2024\/06\/Code_of_conduct_TPA-Croatia-1.pdf\"><strong>Kodeks pona\u0161anja TPA<\/strong><\/a><\/p><\/div><\/div><\/div><\/div>\t\t\t\t\t\t\t\t<\/div>\n\t\t\t\t<\/div>\n\t\t\t\t\t<\/div>\n\t\t\t\t<\/div>\n\t\t\t\t<\/div>\n\t\t","protected":false},"excerpt":{"rendered":"<p>Naslovnica |&nbsp; Na\u0161a filozofija Na\u0161a filozofija TPA Grupa sebe vidi kao va\u0161eg partnera \u2013 na va\u0161oj razini \u2013 partnera na kojeg se mo\u017eete osloniti u svakom trenutku. Za nas vrijedi sljede\u0107e: Samo oni koji komuniciraju na ravnopravnoj razini i koji se mogu poistovjetiti sa svakim projektom mogu prona\u0107i najprikladnije rje\u0161enje. To je ono \u0161to podrazumijevamo [&hellip;]<\/p>\n","protected":false},"author":13,"featured_media":0,"parent":0,"menu_order":0,"comment_status":"closed","ping_status":"closed","template":"elementor_header_footer","meta":{"_acf_changed":false,"footnotes":""},"class_list":["post-2930","page","type-page","status-publish","hentry"],"acf":[],"yoast_head":"<!-- This site is optimized with the Yoast SEO plugin v26.0 - https:\/\/yoast.com\/wordpress\/plugins\/seo\/ -->\n<title>Na\u0161a filozofija - TPA Hrvatska - TPA Croatia<\/title>\n<meta name=\"robots\" content=\"index, follow, max-snippet:-1, max-image-preview:large, max-video-preview:-1\" \/>\n<link rel=\"canonical\" href=\"https:\/\/www.tpa-group.hr\/hr\/nasa-filozofija\" \/>\n<meta property=\"og:locale\" content=\"hr_HR\" \/>\n<meta property=\"og:type\" content=\"article\" \/>\n<meta property=\"og:title\" content=\"Na\u0161a filozofija - TPA Hrvatska - TPA Croatia\" \/>\n<meta property=\"og:description\" content=\"Naslovnica |&nbsp; Na\u0161a filozofija Na\u0161a filozofija TPA Grupa sebe vidi kao va\u0161eg partnera \u2013 na va\u0161oj razini \u2013 partnera na kojeg se mo\u017eete osloniti u svakom trenutku. Za nas vrijedi sljede\u0107e: Samo oni koji komuniciraju na ravnopravnoj razini i koji se mogu poistovjetiti sa svakim projektom mogu prona\u0107i najprikladnije rje\u0161enje. To je ono \u0161to podrazumijevamo [&hellip;]\" \/>\n<meta property=\"og:url\" content=\"https:\/\/www.tpa-group.hr\/hr\/nasa-filozofija\" \/>\n<meta property=\"og:site_name\" content=\"TPA Hrvatska - TPA Croatia\" \/>\n<meta property=\"article:modified_time\" content=\"2026-02-24T16:19:24+00:00\" \/>\n<meta name=\"twitter:card\" content=\"summary_large_image\" \/>\n<meta name=\"twitter:label1\" content=\"Est. reading time\" \/>\n\t<meta name=\"twitter:data1\" content=\"4 minute\" \/>\n<script type=\"application\/ld+json\" class=\"yoast-schema-graph\">{\"@context\":\"https:\/\/schema.org\",\"@graph\":[{\"@type\":\"WebPage\",\"@id\":\"https:\/\/www.tpa-group.hr\/hr\/nasa-filozofija\",\"url\":\"https:\/\/www.tpa-group.hr\/hr\/nasa-filozofija\",\"name\":\"Na\u0161a filozofija - TPA Hrvatska - TPA Croatia\",\"isPartOf\":{\"@id\":\"https:\/\/www.tpa-group.hr\/hr#website\"},\"datePublished\":\"2025-01-27T07:56:00+00:00\",\"dateModified\":\"2026-02-24T16:19:24+00:00\",\"breadcrumb\":{\"@id\":\"https:\/\/www.tpa-group.hr\/hr\/nasa-filozofija#breadcrumb\"},\"inLanguage\":\"hr\",\"potentialAction\":[{\"@type\":\"ReadAction\",\"target\":[\"https:\/\/www.tpa-group.hr\/hr\/nasa-filozofija\"]}]},{\"@type\":\"BreadcrumbList\",\"@id\":\"https:\/\/www.tpa-group.hr\/hr\/nasa-filozofija#breadcrumb\",\"itemListElement\":[{\"@type\":\"ListItem\",\"position\":1,\"name\":\"Home\",\"item\":\"https:\/\/www.tpa-group.hr\/hr\"},{\"@type\":\"ListItem\",\"position\":2,\"name\":\"Na\u0161a filozofija\"}]},{\"@type\":\"WebSite\",\"@id\":\"https:\/\/www.tpa-group.hr\/hr#website\",\"url\":\"https:\/\/www.tpa-group.hr\/hr\",\"name\":\"TPA Hrvatska - TPA Croatia\",\"description\":\"Porezno savjetovanje\",\"publisher\":{\"@id\":\"https:\/\/www.tpa-group.hr\/hr#organization\"},\"alternateName\":\"TPA\",\"potentialAction\":[{\"@type\":\"SearchAction\",\"target\":{\"@type\":\"EntryPoint\",\"urlTemplate\":\"https:\/\/www.tpa-group.hr\/hr?s={search_term_string}\"},\"query-input\":{\"@type\":\"PropertyValueSpecification\",\"valueRequired\":true,\"valueName\":\"search_term_string\"}}],\"inLanguage\":\"hr\"},{\"@type\":\"Organization\",\"@id\":\"https:\/\/www.tpa-group.hr\/hr#organization\",\"name\":\"TPA Hrvatska - TPA Croatia\",\"url\":\"https:\/\/www.tpa-group.hr\/hr\",\"logo\":{\"@type\":\"ImageObject\",\"inLanguage\":\"hr\",\"@id\":\"https:\/\/www.tpa-group.hr\/hr#\/schema\/logo\/image\/\",\"url\":\"https:\/\/www.tpa-group.hr\/app\/uploads\/sites\/5\/2025\/09\/WhatsApp-Image-2025-09-29-at-13.31.31-Photoroom.png\",\"contentUrl\":\"https:\/\/www.tpa-group.hr\/app\/uploads\/sites\/5\/2025\/09\/WhatsApp-Image-2025-09-29-at-13.31.31-Photoroom.png\",\"width\":709,\"height\":355,\"caption\":\"TPA Hrvatska - TPA Croatia\"},\"image\":{\"@id\":\"https:\/\/www.tpa-group.hr\/hr#\/schema\/logo\/image\/\"}}]}<\/script>\n<!-- \/ Yoast SEO plugin. -->","yoast_head_json":{"title":"Na\u0161a filozofija - TPA Hrvatska - TPA Croatia","robots":{"index":"index","follow":"follow","max-snippet":"max-snippet:-1","max-image-preview":"max-image-preview:large","max-video-preview":"max-video-preview:-1"},"canonical":"https:\/\/www.tpa-group.hr\/hr\/nasa-filozofija","og_locale":"hr_HR","og_type":"article","og_title":"Na\u0161a filozofija - TPA Hrvatska - TPA Croatia","og_description":"Naslovnica |&nbsp; Na\u0161a filozofija Na\u0161a filozofija TPA Grupa sebe vidi kao va\u0161eg partnera \u2013 na va\u0161oj razini \u2013 partnera na kojeg se mo\u017eete osloniti u svakom trenutku. Za nas vrijedi sljede\u0107e: Samo oni koji komuniciraju na ravnopravnoj razini i koji se mogu poistovjetiti sa svakim projektom mogu prona\u0107i najprikladnije rje\u0161enje. To je ono \u0161to podrazumijevamo [&hellip;]","og_url":"https:\/\/www.tpa-group.hr\/hr\/nasa-filozofija","og_site_name":"TPA Hrvatska - TPA Croatia","article_modified_time":"2026-02-24T16:19:24+00:00","twitter_card":"summary_large_image","twitter_misc":{"Est. reading time":"4 minute"},"schema":{"@context":"https:\/\/schema.org","@graph":[{"@type":"WebPage","@id":"https:\/\/www.tpa-group.hr\/hr\/nasa-filozofija","url":"https:\/\/www.tpa-group.hr\/hr\/nasa-filozofija","name":"Na\u0161a filozofija - TPA Hrvatska - TPA Croatia","isPartOf":{"@id":"https:\/\/www.tpa-group.hr\/hr#website"},"datePublished":"2025-01-27T07:56:00+00:00","dateModified":"2026-02-24T16:19:24+00:00","breadcrumb":{"@id":"https:\/\/www.tpa-group.hr\/hr\/nasa-filozofija#breadcrumb"},"inLanguage":"hr","potentialAction":[{"@type":"ReadAction","target":["https:\/\/www.tpa-group.hr\/hr\/nasa-filozofija"]}]},{"@type":"BreadcrumbList","@id":"https:\/\/www.tpa-group.hr\/hr\/nasa-filozofija#breadcrumb","itemListElement":[{"@type":"ListItem","position":1,"name":"Home","item":"https:\/\/www.tpa-group.hr\/hr"},{"@type":"ListItem","position":2,"name":"Na\u0161a filozofija"}]},{"@type":"WebSite","@id":"https:\/\/www.tpa-group.hr\/hr#website","url":"https:\/\/www.tpa-group.hr\/hr","name":"TPA Hrvatska - TPA Croatia","description":"Porezno savjetovanje","publisher":{"@id":"https:\/\/www.tpa-group.hr\/hr#organization"},"alternateName":"TPA","potentialAction":[{"@type":"SearchAction","target":{"@type":"EntryPoint","urlTemplate":"https:\/\/www.tpa-group.hr\/hr?s={search_term_string}"},"query-input":{"@type":"PropertyValueSpecification","valueRequired":true,"valueName":"search_term_string"}}],"inLanguage":"hr"},{"@type":"Organization","@id":"https:\/\/www.tpa-group.hr\/hr#organization","name":"TPA Hrvatska - TPA Croatia","url":"https:\/\/www.tpa-group.hr\/hr","logo":{"@type":"ImageObject","inLanguage":"hr","@id":"https:\/\/www.tpa-group.hr\/hr#\/schema\/logo\/image\/","url":"https:\/\/www.tpa-group.hr\/app\/uploads\/sites\/5\/2025\/09\/WhatsApp-Image-2025-09-29-at-13.31.31-Photoroom.png","contentUrl":"https:\/\/www.tpa-group.hr\/app\/uploads\/sites\/5\/2025\/09\/WhatsApp-Image-2025-09-29-at-13.31.31-Photoroom.png","width":709,"height":355,"caption":"TPA Hrvatska - TPA Croatia"},"image":{"@id":"https:\/\/www.tpa-group.hr\/hr#\/schema\/logo\/image\/"}}]}},"_links":{"self":[{"href":"https:\/\/www.tpa-group.hr\/hr\/wp-json\/wp\/v2\/pages\/2930","targetHints":{"allow":["GET"]}}],"collection":[{"href":"https:\/\/www.tpa-group.hr\/hr\/wp-json\/wp\/v2\/pages"}],"about":[{"href":"https:\/\/www.tpa-group.hr\/hr\/wp-json\/wp\/v2\/types\/page"}],"author":[{"embeddable":true,"href":"https:\/\/www.tpa-group.hr\/hr\/wp-json\/wp\/v2\/users\/13"}],"replies":[{"embeddable":true,"href":"https:\/\/www.tpa-group.hr\/hr\/wp-json\/wp\/v2\/comments?post=2930"}],"version-history":[{"count":30,"href":"https:\/\/www.tpa-group.hr\/hr\/wp-json\/wp\/v2\/pages\/2930\/revisions"}],"predecessor-version":[{"id":6134,"href":"https:\/\/www.tpa-group.hr\/hr\/wp-json\/wp\/v2\/pages\/2930\/revisions\/6134"}],"wp:attachment":[{"href":"https:\/\/www.tpa-group.hr\/hr\/wp-json\/wp\/v2\/media?parent=2930"}],"curies":[{"name":"wp","href":"https:\/\/api.w.org\/{rel}","templated":true}]}}