{"id":2671,"date":"2024-11-26T18:25:39","date_gmt":"2024-11-26T18:25:39","guid":{"rendered":"https:\/\/www.tpa-group.hr\/?page_id=2671"},"modified":"2025-02-02T07:03:04","modified_gmt":"2025-02-02T07:03:04","slug":"tpa-usluge-porezno-savjetovanje","status":"publish","type":"page","link":"https:\/\/www.tpa-group.hr\/hr\/tpa-usluge-porezno-savjetovanje","title":{"rendered":"Porezno savjetovanje"},"content":{"rendered":"\t\t<div data-elementor-type=\"wp-page\" data-elementor-id=\"2671\" class=\"elementor elementor-2671\" data-elementor-post-type=\"page\">\n\t\t\t\t\t\t<section class=\"elementor-section elementor-top-section elementor-element elementor-element-722e9932 hero-banner elementor-section-boxed elementor-section-height-default elementor-section-height-default\" data-id=\"722e9932\" data-element_type=\"section\" data-settings=\"{&quot;background_background&quot;:&quot;classic&quot;}\">\n\t\t\t\t\t\t\t<div class=\"elementor-background-overlay\"><\/div>\n\t\t\t\t\t\t\t<div class=\"elementor-container elementor-column-gap-default\">\n\t\t\t\t\t<div class=\"elementor-column elementor-col-50 elementor-top-column elementor-element elementor-element-5f7c06a6\" data-id=\"5f7c06a6\" data-element_type=\"column\">\n\t\t\t<div class=\"elementor-widget-wrap elementor-element-populated\">\n\t\t\t\t\t\t<section class=\"elementor-section elementor-inner-section elementor-element elementor-element-59c1ff15 hero-banner-breadcrumbs-container elementor-section-boxed elementor-section-height-default elementor-section-height-default\" data-id=\"59c1ff15\" data-element_type=\"section\">\n\t\t\t\t\t\t<div class=\"elementor-container elementor-column-gap-default\">\n\t\t\t\t\t<div class=\"elementor-column elementor-col-100 elementor-inner-column elementor-element elementor-element-6c1a80f7\" data-id=\"6c1a80f7\" data-element_type=\"column\">\n\t\t\t<div class=\"elementor-widget-wrap elementor-element-populated\">\n\t\t\t\t\t\t<div class=\"elementor-element elementor-element-19770714 elementor-widget elementor-widget-heading\" data-id=\"19770714\" data-element_type=\"widget\" data-widget_type=\"heading.default\">\n\t\t\t\t<div class=\"elementor-widget-container\">\n\t\t\t\t\t<p class=\"elementor-heading-title elementor-size-default\"><a href=\"\/\">Naslovnica |&nbsp;<\/a><\/p>\t\t\t\t<\/div>\n\t\t\t\t<\/div>\n\t\t\t\t<div class=\"elementor-element elementor-element-3b1e79c4 elementor-widget elementor-widget-heading\" data-id=\"3b1e79c4\" data-element_type=\"widget\" data-widget_type=\"heading.default\">\n\t\t\t\t<div class=\"elementor-widget-container\">\n\t\t\t\t\t<p class=\"elementor-heading-title elementor-size-default\"><a href=\"\/hr\/usluge\/\">Usluge |&nbsp;<\/a><\/p>\t\t\t\t<\/div>\n\t\t\t\t<\/div>\n\t\t\t\t<div class=\"elementor-element elementor-element-7e95de8 elementor-widget elementor-widget-heading\" data-id=\"7e95de8\" data-element_type=\"widget\" data-widget_type=\"heading.default\">\n\t\t\t\t<div class=\"elementor-widget-container\">\n\t\t\t\t\t<p class=\"elementor-heading-title elementor-size-default\">Porezno savjetovanje<\/p>\t\t\t\t<\/div>\n\t\t\t\t<\/div>\n\t\t\t\t\t<\/div>\n\t\t<\/div>\n\t\t\t\t\t<\/div>\n\t\t<\/section>\n\t\t\t\t<div class=\"elementor-element elementor-element-18dd6ad8 elementor-widget elementor-widget-heading\" data-id=\"18dd6ad8\" data-element_type=\"widget\" data-widget_type=\"heading.default\">\n\t\t\t\t<div class=\"elementor-widget-container\">\n\t\t\t\t\t<h1 class=\"elementor-heading-title elementor-size-default\">Porezno savjetovanje<\/h1>\t\t\t\t<\/div>\n\t\t\t\t<\/div>\n\t\t\t\t<div class=\"elementor-element elementor-element-ef7f6cb elementor-widget elementor-widget-text-editor\" data-id=\"ef7f6cb\" data-element_type=\"widget\" data-widget_type=\"text-editor.default\">\n\t\t\t\t<div class=\"elementor-widget-container\">\n\t\t\t\t\t\t\t\t\t<p>Porezno savjetovanje je stvar povjerenja i pitanje stru\u010dnosti. Oboje je u sredi\u0161tu rada TPA savjetnika. Savjetujemo vas ravnopravno, na \u010detrnaest lokacija u Austriji. S fokusom na bitno i stra\u0161\u0107u prema brojkama pronalazimo upravo ono rje\u0161enje koje vam najbolje odgovara.<\/p>\t\t\t\t\t\t\t\t<\/div>\n\t\t\t\t<\/div>\n\t\t\t\t\t<\/div>\n\t\t<\/div>\n\t\t\t\t<div class=\"elementor-column elementor-col-50 elementor-top-column elementor-element elementor-element-206bc5e1\" data-id=\"206bc5e1\" data-element_type=\"column\">\n\t\t\t<div class=\"elementor-widget-wrap\">\n\t\t\t\t\t\t\t<\/div>\n\t\t<\/div>\n\t\t\t\t\t<\/div>\n\t\t<\/section>\n\t\t<div class=\"elementor-element elementor-element-3b08f65f e-flex e-con-boxed e-con e-parent\" data-id=\"3b08f65f\" data-element_type=\"container\" data-settings=\"{&quot;background_background&quot;:&quot;classic&quot;}\">\n\t\t\t\t\t<div class=\"e-con-inner\">\n\t\t<div class=\"elementor-element elementor-element-50e65a3b e-flex e-con-boxed e-con e-child\" data-id=\"50e65a3b\" data-element_type=\"container\" data-settings=\"{&quot;background_background&quot;:&quot;classic&quot;}\">\n\t\t\t\t\t<div class=\"e-con-inner\">\n\t\t\t\t<div class=\"elementor-element elementor-element-3547c85b elementor-widget elementor-widget-posts-card-grid\" data-id=\"3547c85b\" data-element_type=\"widget\" data-settings=\"{&quot;posts_card_grid_content_type&quot;:&quot;post&quot;,&quot;posts_card_grid_category&quot;:&quot;83&quot;,&quot;posts_card_grid_order_by&quot;:&quot;alphabet&quot;,&quot;posts_card_grid_order&quot;:&quot;ASC&quot;}\" data-widget_type=\"posts-card-grid.default\">\n\t\t\t\t<div class=\"elementor-widget-container\">\n\t\t\t\t\t\t \t<div \n\t \t\tclass=\"posts-card-grid-container\" \n \t\t>   \n\n\t\t\t\t  <div class=\"posts-grid\" style=\"opacity: 0;\">\n\n\t\t  \t<div class=\"posts-grid-sizer\"><\/div>\n\t\t    \t\n\t\t        \t<div class=\"posts-grid-item\">\n\t\t        \t\t\t        \t\t\t<a href=\"https:\/\/www.tpa-group.hr\/hr\/tpa-usluge\/porezno-savjetovanje\/izaslani-radnici\">\n\n\t\t        \t\t\t        \t\t\t\t\t\t<p class=\"main-category\">Izaslani radnici<\/p>\n\t        \t\t\t\t\t\t\t        \t\t<div class=\"img-container\">\n\t\t\t        \t\t\t<img decoding=\"async\" class=\"post-image\" src=\"https:\/\/www.tpa-group.hr\/app\/uploads\/sites\/5\/2023\/11\/TPA-Service-Expats.jpg\" alt=\"Izaslani radnici\">\n\t\t        \t\t\t\t\t\t\t        \t\t<\/div>\n        \t\t\t\t<\/a>\n\n        \t\t\t\t\t\t        \t<\/div>\n\t\t        \t\n\t\t        \t<div class=\"posts-grid-item\">\n\t\t        \t\t\t        \t\t\t<a href=\"https:\/\/www.tpa-group.hr\/hr\/tpa-usluge\/porezno-savjetovanje\/opce-porezno-savjetovanje\">\n\n\t\t        \t\t\t\t\t        \t\t\t\t<p class=\"main-category\">Op\u0107e porezno<br \/>\r\nsavjetovanje<\/p>\n\t        \t\t\t\t\t\t\t        \t\t<div class=\"img-container\">\n\t\t\t        \t\t\t<img decoding=\"async\" class=\"post-image\" src=\"https:\/\/www.tpa-group.hr\/app\/uploads\/sites\/5\/2023\/11\/TPA-Service-Tax-Advising.jpg\" alt=\"Op\u0107e porezno savjetovanje\">\n\t\t        \t\t\t\t\t\t\t        \t\t<\/div>\n        \t\t\t\t<\/a>\n\n        \t\t\t\t\t\t        \t<\/div>\n\t\t        \t\n\t\t        \t<div class=\"posts-grid-item\">\n\t\t        \t\t\t        \t\t\t<a href=\"https:\/\/www.tpa-group.hr\/hr\/tpa-usluge\/porezno-savjetovanje\/optimizacija-placa-i-doprinosa\">\n\n\t\t        \t\t\t        \t\t\t\t\t\t<p class=\"main-category\">Optimizacija pla\u0107a i doprinosa<\/p>\n\t        \t\t\t\t\t\t\t        \t\t<div class=\"img-container\">\n\t\t\t        \t\t\t<img decoding=\"async\" class=\"post-image\" src=\"https:\/\/www.tpa-group.hr\/app\/uploads\/sites\/5\/2023\/11\/TPA-Service-Tax-Advisory.jpg\" alt=\"Optimizacija pla\u0107a i doprinosa\">\n\t\t        \t\t\t\t\t\t\t        \t\t<\/div>\n        \t\t\t\t<\/a>\n\n        \t\t\t\t\t\t        \t<\/div>\n\t\t        \t\n\t\t        \t<div class=\"posts-grid-item\">\n\t\t        \t\t\t        \t\t\t<a href=\"https:\/\/www.tpa-group.hr\/hr\/tpa-usluge\/pdv-strukturiranje-domace-i-medunarodno\">\n\n\t\t        \t\t\t\t\t        \t\t\t\t<p class=\"main-category\">PDV strukturiranje; doma\u0107e i<br \/>\r\nme\u0111unarodno<\/p>\n\t        \t\t\t\t\t\t\t        \t\t<div class=\"img-container\">\n\t\t\t        \t\t\t<img decoding=\"async\" class=\"post-image\" src=\"https:\/\/www.tpa-group.hr\/app\/uploads\/sites\/5\/2023\/11\/TPA-Service-VAT-Structuring-National-International.jpg\" alt=\"PDV strukturiranje; doma\u0107e i me\u0111unarodno\">\n\t\t        \t\t\t\t\t\t\t        \t\t<\/div>\n        \t\t\t\t<\/a>\n\n        \t\t\t\t\t\t        \t<\/div>\n\t\t        \t\n\t\t        \t<div class=\"posts-grid-item\">\n\t\t        \t\t\t        \t\t\t<a href=\"https:\/\/www.tpa-group.hr\/hr\/tpa-usluge\/porezno-savjetovanje\/porezna-dubinska-analiza\">\n\n\t\t        \t\t\t        \t\t\t\t\t\t<p class=\"main-category\">Porezni Due Diligence<\/p>\n\t        \t\t\t\t\t\t\t        \t\t<div class=\"img-container\">\n\t\t\t        \t\t\t<img decoding=\"async\" class=\"post-image\" src=\"https:\/\/www.tpa-group.hr\/app\/uploads\/sites\/5\/2025\/02\/TPA-Service-Financial-Due-Diligence-600x400-1-472x280.jpg\" alt=\"Porezni Due Diligence\">\n\t\t        \t\t\t\t\t\t\t        \t\t<\/div>\n        \t\t\t\t<\/a>\n\n        \t\t\t\t\t\t        \t<\/div>\n\t\t        \t\n\t\t        \t<div class=\"posts-grid-item\">\n\t\t        \t\t\t        \t\t\t<a href=\"https:\/\/www.tpa-group.hr\/hr\/tpa-usluge\/porezno-savjetovanje\/porezno-strukturiranje-domace-i-medunarodno\">\n\n\t\t        \t\t\t\t\t        \t\t\t\t<p class=\"main-category\">Porezno<br \/>\r\nstrukturiranje;<br \/>\r\ndoma\u0107e i<br \/>\r\nme\u0111unarodno<\/p>\n\t        \t\t\t\t\t\t\t        \t\t<div class=\"img-container\">\n\t\t\t        \t\t\t<img decoding=\"async\" class=\"post-image\" src=\"https:\/\/www.tpa-group.hr\/app\/uploads\/sites\/5\/2023\/11\/TPA-Service-Tax-Structuring-National-International.jpg\" alt=\"Porezno strukturiranje; doma\u0107e i me\u0111unarodno\">\n\t\t        \t\t\t\t\t\t\t        \t\t<\/div>\n        \t\t\t\t<\/a>\n\n        \t\t\t\t\t\t        \t<\/div>\n\t\t        \t\n\t\t        \t<div class=\"posts-grid-item\">\n\t\t        \t\t\t        \t\t\t<a href=\"https:\/\/www.tpa-group.hr\/hr\/tpa-usluge\/porezno-savjetovanje\/posebna-porezna-pitanja\">\n\n\t\t        \t\t\t\t\t        \t\t\t\t<p class=\"main-category\">Posebna porezna<br \/>\r\npitanja<\/p>\n\t        \t\t\t\t\t\t\t        \t\t<div class=\"img-container\">\n\t\t\t        \t\t\t<img decoding=\"async\" class=\"post-image\" src=\"https:\/\/www.tpa-group.hr\/app\/uploads\/sites\/5\/2023\/11\/TPA-Service-Tax-Related-Special-Issues.jpg\" alt=\"Posebna porezna pitanja\">\n\t\t        \t\t\t\t\t\t\t        \t\t<\/div>\n        \t\t\t\t<\/a>\n\n        \t\t\t\t\t\t        \t<\/div>\n\t\t        \t\n\t\t        \t<div class=\"posts-grid-item\">\n\t\t        \t\t\t        \t\t\t<a href=\"https:\/\/www.tpa-group.hr\/hr\/tpa-usluge\/porezno-savjetovanje\/transferne-cijene\">\n\n\t\t        \t\t\t        \t\t\t\t\t\t<p class=\"main-category\">Transferne cijene<\/p>\n\t        \t\t\t\t\t\t\t        \t\t<div class=\"img-container\">\n\t\t\t        \t\t\t<img decoding=\"async\" class=\"post-image\" src=\"https:\/\/www.tpa-group.hr\/app\/uploads\/sites\/5\/2023\/11\/TPA-Service-Subsidy-Advisory.jpg\" alt=\"Transferne cijene\">\n\t\t        \t\t\t\t\t\t\t        \t\t<\/div>\n        \t\t\t\t<\/a>\n\n        \t\t\t\t\t\t        \t<\/div>\n\t\t        \t\t  <\/div>\n\t\t  \t\t\n\t\t\n\n\t\t\t \t<\/div>\n\t\t\t\t\t\t<\/div>\n\t\t\t\t<\/div>\n\t\t\t\t\t<\/div>\n\t\t\t\t<\/div>\n\t\t\t\t\t<\/div>\n\t\t\t\t<\/div>\n\t\t\t\t<\/div>\n\t\t","protected":false},"excerpt":{"rendered":"<p>Naslovnica |&nbsp; Usluge |&nbsp; Porezno savjetovanje Porezno savjetovanje Porezno savjetovanje je stvar povjerenja i pitanje stru\u010dnosti. Oboje je u sredi\u0161tu rada TPA savjetnika. Savjetujemo vas ravnopravno, na \u010detrnaest lokacija u Austriji. S fokusom na bitno i stra\u0161\u0107u prema brojkama pronalazimo upravo ono rje\u0161enje koje vam najbolje odgovara. Izaslani radnici Op\u0107e porezno savjetovanje Optimizacija pla\u0107a i [&hellip;]<\/p>\n","protected":false},"author":13,"featured_media":0,"parent":0,"menu_order":0,"comment_status":"closed","ping_status":"closed","template":"elementor_header_footer","meta":{"_acf_changed":false,"footnotes":""},"class_list":["post-2671","page","type-page","status-publish","hentry"],"acf":[],"yoast_head":"<!-- This site is optimized with the Yoast SEO plugin v26.0 - https:\/\/yoast.com\/wordpress\/plugins\/seo\/ -->\n<title>Porezno savjetovanje - TPA Hrvatska - TPA Croatia<\/title>\n<meta name=\"robots\" content=\"index, follow, max-snippet:-1, max-image-preview:large, max-video-preview:-1\" \/>\n<link rel=\"canonical\" href=\"https:\/\/www.tpa-group.hr\/hr\/tpa-usluge-porezno-savjetovanje\" \/>\n<meta property=\"og:locale\" content=\"hr_HR\" \/>\n<meta property=\"og:type\" content=\"article\" \/>\n<meta property=\"og:title\" content=\"Porezno savjetovanje - TPA Hrvatska - TPA Croatia\" \/>\n<meta property=\"og:description\" content=\"Naslovnica |&nbsp; Usluge |&nbsp; Porezno savjetovanje Porezno savjetovanje Porezno savjetovanje je stvar povjerenja i pitanje stru\u010dnosti. Oboje je u sredi\u0161tu rada TPA savjetnika. Savjetujemo vas ravnopravno, na \u010detrnaest lokacija u Austriji. S fokusom na bitno i stra\u0161\u0107u prema brojkama pronalazimo upravo ono rje\u0161enje koje vam najbolje odgovara. Izaslani radnici Op\u0107e porezno savjetovanje Optimizacija pla\u0107a i [&hellip;]\" \/>\n<meta property=\"og:url\" content=\"https:\/\/www.tpa-group.hr\/hr\/tpa-usluge-porezno-savjetovanje\" \/>\n<meta property=\"og:site_name\" content=\"TPA Hrvatska - TPA Croatia\" \/>\n<meta property=\"article:modified_time\" content=\"2025-02-02T07:03:04+00:00\" \/>\n<meta property=\"og:image\" content=\"https:\/\/www.tpa-group.hr\/app\/uploads\/sites\/5\/2023\/11\/TPA-Service-Expats.jpg\" \/>\n<meta name=\"twitter:card\" content=\"summary_large_image\" \/>\n<meta name=\"twitter:label1\" content=\"Est. reading time\" \/>\n\t<meta name=\"twitter:data1\" content=\"2 minute\" \/>\n<script type=\"application\/ld+json\" class=\"yoast-schema-graph\">{\"@context\":\"https:\/\/schema.org\",\"@graph\":[{\"@type\":\"WebPage\",\"@id\":\"https:\/\/www.tpa-group.hr\/hr\/tpa-usluge-porezno-savjetovanje\",\"url\":\"https:\/\/www.tpa-group.hr\/hr\/tpa-usluge-porezno-savjetovanje\",\"name\":\"Porezno savjetovanje - TPA Hrvatska - TPA Croatia\",\"isPartOf\":{\"@id\":\"https:\/\/www.tpa-group.hr\/hr#website\"},\"primaryImageOfPage\":{\"@id\":\"https:\/\/www.tpa-group.hr\/hr\/tpa-usluge-porezno-savjetovanje#primaryimage\"},\"image\":{\"@id\":\"https:\/\/www.tpa-group.hr\/hr\/tpa-usluge-porezno-savjetovanje#primaryimage\"},\"thumbnailUrl\":\"https:\/\/www.tpa-group.hr\/app\/uploads\/sites\/5\/2023\/11\/TPA-Service-Expats.jpg\",\"datePublished\":\"2024-11-26T18:25:39+00:00\",\"dateModified\":\"2025-02-02T07:03:04+00:00\",\"breadcrumb\":{\"@id\":\"https:\/\/www.tpa-group.hr\/hr\/tpa-usluge-porezno-savjetovanje#breadcrumb\"},\"inLanguage\":\"hr\",\"potentialAction\":[{\"@type\":\"ReadAction\",\"target\":[\"https:\/\/www.tpa-group.hr\/hr\/tpa-usluge-porezno-savjetovanje\"]}]},{\"@type\":\"ImageObject\",\"inLanguage\":\"hr\",\"@id\":\"https:\/\/www.tpa-group.hr\/hr\/tpa-usluge-porezno-savjetovanje#primaryimage\",\"url\":\"https:\/\/www.tpa-group.hr\/app\/uploads\/sites\/5\/2023\/11\/TPA-Service-Expats.jpg\",\"contentUrl\":\"https:\/\/www.tpa-group.hr\/app\/uploads\/sites\/5\/2023\/11\/TPA-Service-Expats.jpg\"},{\"@type\":\"BreadcrumbList\",\"@id\":\"https:\/\/www.tpa-group.hr\/hr\/tpa-usluge-porezno-savjetovanje#breadcrumb\",\"itemListElement\":[{\"@type\":\"ListItem\",\"position\":1,\"name\":\"Home\",\"item\":\"https:\/\/www.tpa-group.hr\/hr\"},{\"@type\":\"ListItem\",\"position\":2,\"name\":\"Porezno savjetovanje\"}]},{\"@type\":\"WebSite\",\"@id\":\"https:\/\/www.tpa-group.hr\/hr#website\",\"url\":\"https:\/\/www.tpa-group.hr\/hr\",\"name\":\"TPA Hrvatska - TPA Croatia\",\"description\":\"Porezno savjetovanje\",\"publisher\":{\"@id\":\"https:\/\/www.tpa-group.hr\/hr#organization\"},\"alternateName\":\"TPA\",\"potentialAction\":[{\"@type\":\"SearchAction\",\"target\":{\"@type\":\"EntryPoint\",\"urlTemplate\":\"https:\/\/www.tpa-group.hr\/hr?s={search_term_string}\"},\"query-input\":{\"@type\":\"PropertyValueSpecification\",\"valueRequired\":true,\"valueName\":\"search_term_string\"}}],\"inLanguage\":\"hr\"},{\"@type\":\"Organization\",\"@id\":\"https:\/\/www.tpa-group.hr\/hr#organization\",\"name\":\"TPA Hrvatska - TPA Croatia\",\"url\":\"https:\/\/www.tpa-group.hr\/hr\",\"logo\":{\"@type\":\"ImageObject\",\"inLanguage\":\"hr\",\"@id\":\"https:\/\/www.tpa-group.hr\/hr#\/schema\/logo\/image\/\",\"url\":\"https:\/\/www.tpa-group.hr\/app\/uploads\/sites\/5\/2025\/09\/WhatsApp-Image-2025-09-29-at-13.31.31-Photoroom.png\",\"contentUrl\":\"https:\/\/www.tpa-group.hr\/app\/uploads\/sites\/5\/2025\/09\/WhatsApp-Image-2025-09-29-at-13.31.31-Photoroom.png\",\"width\":709,\"height\":355,\"caption\":\"TPA Hrvatska - TPA Croatia\"},\"image\":{\"@id\":\"https:\/\/www.tpa-group.hr\/hr#\/schema\/logo\/image\/\"}}]}<\/script>\n<!-- \/ Yoast SEO plugin. -->","yoast_head_json":{"title":"Porezno savjetovanje - TPA Hrvatska - TPA Croatia","robots":{"index":"index","follow":"follow","max-snippet":"max-snippet:-1","max-image-preview":"max-image-preview:large","max-video-preview":"max-video-preview:-1"},"canonical":"https:\/\/www.tpa-group.hr\/hr\/tpa-usluge-porezno-savjetovanje","og_locale":"hr_HR","og_type":"article","og_title":"Porezno savjetovanje - TPA Hrvatska - TPA Croatia","og_description":"Naslovnica |&nbsp; Usluge |&nbsp; Porezno savjetovanje Porezno savjetovanje Porezno savjetovanje je stvar povjerenja i pitanje stru\u010dnosti. Oboje je u sredi\u0161tu rada TPA savjetnika. Savjetujemo vas ravnopravno, na \u010detrnaest lokacija u Austriji. S fokusom na bitno i stra\u0161\u0107u prema brojkama pronalazimo upravo ono rje\u0161enje koje vam najbolje odgovara. Izaslani radnici Op\u0107e porezno savjetovanje Optimizacija pla\u0107a i [&hellip;]","og_url":"https:\/\/www.tpa-group.hr\/hr\/tpa-usluge-porezno-savjetovanje","og_site_name":"TPA Hrvatska - TPA Croatia","article_modified_time":"2025-02-02T07:03:04+00:00","og_image":[{"url":"https:\/\/www.tpa-group.hr\/app\/uploads\/sites\/5\/2023\/11\/TPA-Service-Expats.jpg","type":"","width":"","height":""}],"twitter_card":"summary_large_image","twitter_misc":{"Est. reading time":"2 minute"},"schema":{"@context":"https:\/\/schema.org","@graph":[{"@type":"WebPage","@id":"https:\/\/www.tpa-group.hr\/hr\/tpa-usluge-porezno-savjetovanje","url":"https:\/\/www.tpa-group.hr\/hr\/tpa-usluge-porezno-savjetovanje","name":"Porezno savjetovanje - TPA Hrvatska - TPA Croatia","isPartOf":{"@id":"https:\/\/www.tpa-group.hr\/hr#website"},"primaryImageOfPage":{"@id":"https:\/\/www.tpa-group.hr\/hr\/tpa-usluge-porezno-savjetovanje#primaryimage"},"image":{"@id":"https:\/\/www.tpa-group.hr\/hr\/tpa-usluge-porezno-savjetovanje#primaryimage"},"thumbnailUrl":"https:\/\/www.tpa-group.hr\/app\/uploads\/sites\/5\/2023\/11\/TPA-Service-Expats.jpg","datePublished":"2024-11-26T18:25:39+00:00","dateModified":"2025-02-02T07:03:04+00:00","breadcrumb":{"@id":"https:\/\/www.tpa-group.hr\/hr\/tpa-usluge-porezno-savjetovanje#breadcrumb"},"inLanguage":"hr","potentialAction":[{"@type":"ReadAction","target":["https:\/\/www.tpa-group.hr\/hr\/tpa-usluge-porezno-savjetovanje"]}]},{"@type":"ImageObject","inLanguage":"hr","@id":"https:\/\/www.tpa-group.hr\/hr\/tpa-usluge-porezno-savjetovanje#primaryimage","url":"https:\/\/www.tpa-group.hr\/app\/uploads\/sites\/5\/2023\/11\/TPA-Service-Expats.jpg","contentUrl":"https:\/\/www.tpa-group.hr\/app\/uploads\/sites\/5\/2023\/11\/TPA-Service-Expats.jpg"},{"@type":"BreadcrumbList","@id":"https:\/\/www.tpa-group.hr\/hr\/tpa-usluge-porezno-savjetovanje#breadcrumb","itemListElement":[{"@type":"ListItem","position":1,"name":"Home","item":"https:\/\/www.tpa-group.hr\/hr"},{"@type":"ListItem","position":2,"name":"Porezno savjetovanje"}]},{"@type":"WebSite","@id":"https:\/\/www.tpa-group.hr\/hr#website","url":"https:\/\/www.tpa-group.hr\/hr","name":"TPA Hrvatska - TPA Croatia","description":"Porezno savjetovanje","publisher":{"@id":"https:\/\/www.tpa-group.hr\/hr#organization"},"alternateName":"TPA","potentialAction":[{"@type":"SearchAction","target":{"@type":"EntryPoint","urlTemplate":"https:\/\/www.tpa-group.hr\/hr?s={search_term_string}"},"query-input":{"@type":"PropertyValueSpecification","valueRequired":true,"valueName":"search_term_string"}}],"inLanguage":"hr"},{"@type":"Organization","@id":"https:\/\/www.tpa-group.hr\/hr#organization","name":"TPA Hrvatska - TPA Croatia","url":"https:\/\/www.tpa-group.hr\/hr","logo":{"@type":"ImageObject","inLanguage":"hr","@id":"https:\/\/www.tpa-group.hr\/hr#\/schema\/logo\/image\/","url":"https:\/\/www.tpa-group.hr\/app\/uploads\/sites\/5\/2025\/09\/WhatsApp-Image-2025-09-29-at-13.31.31-Photoroom.png","contentUrl":"https:\/\/www.tpa-group.hr\/app\/uploads\/sites\/5\/2025\/09\/WhatsApp-Image-2025-09-29-at-13.31.31-Photoroom.png","width":709,"height":355,"caption":"TPA Hrvatska - TPA Croatia"},"image":{"@id":"https:\/\/www.tpa-group.hr\/hr#\/schema\/logo\/image\/"}}]}},"_links":{"self":[{"href":"https:\/\/www.tpa-group.hr\/hr\/wp-json\/wp\/v2\/pages\/2671","targetHints":{"allow":["GET"]}}],"collection":[{"href":"https:\/\/www.tpa-group.hr\/hr\/wp-json\/wp\/v2\/pages"}],"about":[{"href":"https:\/\/www.tpa-group.hr\/hr\/wp-json\/wp\/v2\/types\/page"}],"author":[{"embeddable":true,"href":"https:\/\/www.tpa-group.hr\/hr\/wp-json\/wp\/v2\/users\/13"}],"replies":[{"embeddable":true,"href":"https:\/\/www.tpa-group.hr\/hr\/wp-json\/wp\/v2\/comments?post=2671"}],"version-history":[{"count":45,"href":"https:\/\/www.tpa-group.hr\/hr\/wp-json\/wp\/v2\/pages\/2671\/revisions"}],"predecessor-version":[{"id":3231,"href":"https:\/\/www.tpa-group.hr\/hr\/wp-json\/wp\/v2\/pages\/2671\/revisions\/3231"}],"wp:attachment":[{"href":"https:\/\/www.tpa-group.hr\/hr\/wp-json\/wp\/v2\/media?parent=2671"}],"curies":[{"name":"wp","href":"https:\/\/api.w.org\/{rel}","templated":true}]}}