{"id":1877,"date":"2023-09-28T11:15:28","date_gmt":"2023-09-28T11:15:28","guid":{"rendered":"https:\/\/www.tpa-group.hr\/poslovnice\/"},"modified":"2026-02-24T16:20:01","modified_gmt":"2026-02-24T16:20:01","slug":"industrije","status":"publish","type":"page","link":"https:\/\/www.tpa-group.hr\/hr\/industrije","title":{"rendered":"Industrije"},"content":{"rendered":"\t\t<div data-elementor-type=\"wp-page\" data-elementor-id=\"1877\" class=\"elementor elementor-1877 elementor-533\" data-elementor-post-type=\"page\">\n\t\t\t\t\t\t<section class=\"elementor-section elementor-top-section elementor-element elementor-element-722e9932 hero-banner elementor-section-boxed elementor-section-height-default elementor-section-height-default\" data-id=\"722e9932\" data-element_type=\"section\">\n\t\t\t\t\t\t<div class=\"elementor-container elementor-column-gap-default\">\n\t\t\t\t\t<div class=\"elementor-column elementor-col-50 elementor-top-column elementor-element elementor-element-5f7c06a6\" data-id=\"5f7c06a6\" data-element_type=\"column\">\n\t\t\t<div class=\"elementor-widget-wrap elementor-element-populated\">\n\t\t\t\t\t\t<section class=\"elementor-section elementor-inner-section elementor-element elementor-element-59c1ff15 hero-banner-breadcrumbs-container elementor-section-boxed elementor-section-height-default elementor-section-height-default\" data-id=\"59c1ff15\" data-element_type=\"section\">\n\t\t\t\t\t\t<div class=\"elementor-container elementor-column-gap-default\">\n\t\t\t\t\t<div class=\"elementor-column elementor-col-100 elementor-inner-column elementor-element elementor-element-6c1a80f7\" data-id=\"6c1a80f7\" data-element_type=\"column\">\n\t\t\t<div class=\"elementor-widget-wrap elementor-element-populated\">\n\t\t\t\t\t\t<div class=\"elementor-element elementor-element-19770714 elementor-widget elementor-widget-heading\" data-id=\"19770714\" data-element_type=\"widget\" data-widget_type=\"heading.default\">\n\t\t\t\t<div class=\"elementor-widget-container\">\n\t\t\t\t\t<p class=\"elementor-heading-title elementor-size-default\"><a href=\"\/hr\/\">Naslovnica |&nbsp;<\/a><\/p>\t\t\t\t<\/div>\n\t\t\t\t<\/div>\n\t\t\t\t<div class=\"elementor-element elementor-element-3b1e79c4 elementor-widget elementor-widget-heading\" data-id=\"3b1e79c4\" data-element_type=\"widget\" data-widget_type=\"heading.default\">\n\t\t\t\t<div class=\"elementor-widget-container\">\n\t\t\t\t\t<p class=\"elementor-heading-title elementor-size-default\">Industrije<\/p>\t\t\t\t<\/div>\n\t\t\t\t<\/div>\n\t\t\t\t\t<\/div>\n\t\t<\/div>\n\t\t\t\t\t<\/div>\n\t\t<\/section>\n\t\t\t\t<div class=\"elementor-element elementor-element-18dd6ad8 elementor-widget elementor-widget-heading\" data-id=\"18dd6ad8\" data-element_type=\"widget\" data-widget_type=\"heading.default\">\n\t\t\t\t<div class=\"elementor-widget-container\">\n\t\t\t\t\t<h1 class=\"elementor-heading-title elementor-size-default\">Industrije<\/h1>\t\t\t\t<\/div>\n\t\t\t\t<\/div>\n\t\t\t\t<div class=\"elementor-element elementor-element-75507fe8 elementor-widget elementor-widget-text-editor\" data-id=\"75507fe8\" data-element_type=\"widget\" data-widget_type=\"text-editor.default\">\n\t\t\t\t<div class=\"elementor-widget-container\">\n\t\t\t\t\t\t\t\t\t<p>Svaka industrija ima svoja pravila igre. \u0160to ih bolje razumijete, to bolje mo\u017eete brinuti o svojim kupcima. Za nas, Face to Face Business zna\u010di savjetovanje na ravnopravnoj osnovi. Govorimo va\u0161im jezikom i razumijemo izazove va\u0161eg tr\u017ei\u0161ta. Na\u0161i stru\u010dnjaci spajaju specijalizirano i industrijsko znanje s predano\u0161\u0107u i pa\u017enjom prema detaljima.<\/p>\t\t\t\t\t\t\t\t<\/div>\n\t\t\t\t<\/div>\n\t\t\t\t\t<\/div>\n\t\t<\/div>\n\t\t\t\t<div class=\"elementor-column elementor-col-50 elementor-top-column elementor-element elementor-element-206bc5e1\" data-id=\"206bc5e1\" data-element_type=\"column\">\n\t\t\t<div class=\"elementor-widget-wrap\">\n\t\t\t\t\t\t\t<\/div>\n\t\t<\/div>\n\t\t\t\t\t<\/div>\n\t\t<\/section>\n\t\t<div class=\"elementor-element elementor-element-3b08f65f e-flex e-con-boxed e-con e-parent\" data-id=\"3b08f65f\" data-element_type=\"container\" data-settings=\"{&quot;background_background&quot;:&quot;gradient&quot;}\">\n\t\t\t\t\t<div class=\"e-con-inner\">\n\t\t<div class=\"elementor-element elementor-element-50e65a3b e-flex e-con-boxed e-con e-child\" data-id=\"50e65a3b\" data-element_type=\"container\" data-settings=\"{&quot;background_background&quot;:&quot;classic&quot;}\">\n\t\t\t\t\t<div class=\"e-con-inner\">\n\t\t\t\t<div class=\"elementor-element elementor-element-3547c85b elementor-widget elementor-widget-posts-card-grid\" data-id=\"3547c85b\" data-element_type=\"widget\" data-settings=\"{&quot;posts_card_grid_content_type&quot;:&quot;post&quot;,&quot;posts_card_grid_category&quot;:&quot;41&quot;,&quot;posts_card_grid_order_by&quot;:&quot;alphabet&quot;,&quot;posts_card_grid_order&quot;:&quot;ASC&quot;}\" data-widget_type=\"posts-card-grid.default\">\n\t\t\t\t<div class=\"elementor-widget-container\">\n\t\t\t\t\t\t \t<div \n\t \t\tclass=\"posts-card-grid-container\" \n \t\t>   \n\n\t\t\t\t  <div class=\"posts-grid\" style=\"opacity: 0;\">\n\n\t\t  \t<div class=\"posts-grid-sizer\"><\/div>\n\t\t    \t\n\t\t        \t<div class=\"posts-grid-item\">\n\t\t        \t\t\t        \t\t\t<a href=\"https:\/\/www.tpa-group.hr\/hr\/industrijehr\/banke-osiguravajuca-drustva-i-financijske-usluge\">\n\n\t\t        \t\t\t        \t\t\t\t\t\t<p class=\"main-category\">Banke, osiguravaju\u0107a dru\u0161tva i financijske usluge<\/p>\n\t        \t\t\t\t\t\t\t        \t\t<div class=\"img-container\">\n\t\t\t        \t\t\t<img decoding=\"async\" class=\"post-image\" src=\"https:\/\/www.tpa-group.hr\/app\/uploads\/sites\/5\/2023\/11\/TPA-Industry-Banking-Insurance-Financial-Service-Provider.jpg\" alt=\"Banke, osiguravaju\u0107a dru\u0161tva i financijske usluge\">\n\t\t        \t\t\t\t\t\t\t        \t\t<\/div>\n        \t\t\t\t<\/a>\n\n        \t\t\t\t\t\t        \t<\/div>\n\t\t        \t\n\t\t        \t<div class=\"posts-grid-item\">\n\t\t        \t\t\t        \t\t\t<a href=\"https:\/\/www.tpa-group.hr\/hr\/industrijehr\/biotehnologija-i-farmaceutska-industrija\">\n\n\t\t        \t\t\t\t\t        \t\t\t\t<p class=\"main-category\">Biotehnologija i<br>farmaceutska<br> industrija<\/p>\n\t        \t\t\t\t\t\t\t        \t\t<div class=\"img-container\">\n\t\t\t        \t\t\t<img decoding=\"async\" class=\"post-image\" src=\"https:\/\/www.tpa-group.hr\/app\/uploads\/sites\/5\/2023\/11\/TPA-Industry-Biotechnology-Pharmaceutical-Industry.jpg\" alt=\"Biotehnologija i farmaceutska industrija\">\n\t\t        \t\t\t\t\t\t\t        \t\t<\/div>\n        \t\t\t\t<\/a>\n\n        \t\t\t\t\t\t        \t<\/div>\n\t\t        \t\n\t\t        \t<div class=\"posts-grid-item\">\n\t\t        \t\t\t        \t\t\t<a href=\"https:\/\/www.tpa-group.hr\/hr\/industrijehr\/energija\">\n\n\t\t        \t\t\t        \t\t\t\t\t\t<p class=\"main-category\">Energija<\/p>\n\t        \t\t\t\t\t\t\t        \t\t<div class=\"img-container\">\n\t\t\t        \t\t\t<img decoding=\"async\" class=\"post-image\" src=\"https:\/\/www.tpa-group.hr\/app\/uploads\/sites\/5\/2023\/11\/TPA-Industry-Energy.jpg\" alt=\"Energija\">\n\t\t        \t\t\t\t\t\t\t        \t\t<\/div>\n        \t\t\t\t<\/a>\n\n        \t\t\t\t\t\t        \t<\/div>\n\t\t        \t\n\t\t        \t<div class=\"posts-grid-item\">\n\t\t        \t\t\t        \t\t\t<a href=\"https:\/\/www.tpa-group.hr\/hr\/industrijehr\/holding-drustva\">\n\n\t\t        \t\t\t        \t\t\t\t\t\t<p class=\"main-category\">Holding dru\u0161tva<\/p>\n\t        \t\t\t\t\t\t\t        \t\t<div class=\"img-container\">\n\t\t\t        \t\t\t<img decoding=\"async\" class=\"post-image\" src=\"https:\/\/www.tpa-group.hr\/app\/uploads\/sites\/5\/2023\/11\/TPA-Industry-Holdings.jpg\" alt=\"Holding dru\u0161tva\">\n\t\t        \t\t\t\t\t\t\t        \t\t<\/div>\n        \t\t\t\t<\/a>\n\n        \t\t\t\t\t\t        \t<\/div>\n\t\t        \t\n\t\t        \t<div class=\"posts-grid-item\">\n\t\t        \t\t\t        \t\t\t<a href=\"https:\/\/www.tpa-group.hr\/hr\/industrijehr\/real-estate\">\n\n\t\t        \t\t\t        \t\t\t\t\t\t<p class=\"main-category\">Nekretnine<\/p>\n\t        \t\t\t\t\t\t\t        \t\t<div class=\"img-container\">\n\t\t\t        \t\t\t<img decoding=\"async\" class=\"post-image\" src=\"https:\/\/www.tpa-group.hr\/app\/uploads\/sites\/5\/2023\/11\/TPA-Industry-Real-Estate.jpg\" alt=\"Nekretnine\">\n\t\t        \t\t\t\t\t\t\t        \t\t<\/div>\n        \t\t\t\t<\/a>\n\n        \t\t\t\t\t\t        \t<\/div>\n\t\t        \t\n\t\t        \t<div class=\"posts-grid-item\">\n\t\t        \t\t\t        \t\t\t<a href=\"https:\/\/www.tpa-group.hr\/hr\/industrijehr\/poljoprivreda-i-vinarstvo\">\n\n\t\t        \t\t\t\t\t        \t\t\t\t<p class=\"main-category\">Poljoprivreda i<br> vinarstvo<\/p>\n\t        \t\t\t\t\t\t\t        \t\t<div class=\"img-container\">\n\t\t\t        \t\t\t<img decoding=\"async\" class=\"post-image\" src=\"https:\/\/www.tpa-group.hr\/app\/uploads\/sites\/5\/2023\/11\/TPA-Industry-Winegrowing-Agriculture.jpg\" alt=\"Poljoprivreda i vinarstvo\">\n\t\t        \t\t\t\t\t\t\t        \t\t<\/div>\n        \t\t\t\t<\/a>\n\n        \t\t\t\t\t\t        \t<\/div>\n\t\t        \t\n\t\t        \t<div class=\"posts-grid-item\">\n\t\t        \t\t\t        \t\t\t<a href=\"https:\/\/www.tpa-group.hr\/hr\/industrijehr\/preradivacka-industrija\">\n\n\t\t        \t\t\t\t\t        \t\t\t\t<p class=\"main-category\">Prera\u0111iva\u010dka<br> industrija<\/p>\n\t        \t\t\t\t\t\t\t        \t\t<div class=\"img-container\">\n\t\t\t        \t\t\t<img decoding=\"async\" class=\"post-image\" src=\"https:\/\/www.tpa-group.hr\/app\/uploads\/sites\/5\/2023\/11\/TPA-Industry-Manufacturing-Industry.jpg\" alt=\"Prera\u0111iva\u010dka industrija\">\n\t\t        \t\t\t\t\t\t\t        \t\t<\/div>\n        \t\t\t\t<\/a>\n\n        \t\t\t\t\t\t        \t<\/div>\n\t\t        \t\n\t\t        \t<div class=\"posts-grid-item\">\n\t\t        \t\t\t        \t\t\t<a href=\"https:\/\/www.tpa-group.hr\/hr\/industrijehr\/transport-i-logistika\">\n\n\t\t        \t\t\t        \t\t\t\t\t\t<p class=\"main-category\">Transport i logistika<\/p>\n\t        \t\t\t\t\t\t\t        \t\t<div class=\"img-container\">\n\t\t\t        \t\t\t<img decoding=\"async\" class=\"post-image\" src=\"https:\/\/www.tpa-group.hr\/app\/uploads\/sites\/5\/2023\/11\/TPA-Industry-Transport-Logistics.jpg\" alt=\"Transport i logistika\">\n\t\t        \t\t\t\t\t\t\t        \t\t<\/div>\n        \t\t\t\t<\/a>\n\n        \t\t\t\t\t\t        \t<\/div>\n\t\t        \t\n\t\t        \t<div class=\"posts-grid-item\">\n\t\t        \t\t\t        \t\t\t<a href=\"https:\/\/www.tpa-group.hr\/hr\/industrijehr\/trgovina\">\n\n\t\t        \t\t\t        \t\t\t\t\t\t<p class=\"main-category\">Trgovina<\/p>\n\t        \t\t\t\t\t\t\t        \t\t<div class=\"img-container\">\n\t\t\t        \t\t\t<img decoding=\"async\" class=\"post-image\" src=\"https:\/\/www.tpa-group.hr\/app\/uploads\/sites\/5\/2023\/09\/Lebensmittelbranche-1.jpg\" alt=\"Trgovina\">\n\t\t        \t\t\t\t\t\t\t        \t\t<\/div>\n        \t\t\t\t<\/a>\n\n        \t\t\t\t\t\t        \t<\/div>\n\t\t        \t\n\t\t        \t<div class=\"posts-grid-item\">\n\t\t        \t\t\t        \t\t\t<a href=\"https:\/\/www.tpa-group.hr\/hr\/industrijehr\/zbrinjavanje-otpada\">\n\n\t\t        \t\t\t        \t\t\t\t\t\t<p class=\"main-category\">Zbrinjavanje otpada<\/p>\n\t        \t\t\t\t\t\t\t        \t\t<div class=\"img-container\">\n\t\t\t        \t\t\t<img decoding=\"async\" class=\"post-image\" src=\"https:\/\/www.tpa-group.hr\/app\/uploads\/sites\/5\/2023\/11\/TPA-Industry-Waste-Industry.jpg\" alt=\"Zbrinjavanje otpada\">\n\t\t        \t\t\t\t\t\t\t        \t\t<\/div>\n        \t\t\t\t<\/a>\n\n        \t\t\t\t\t\t        \t<\/div>\n\t\t        \t\t  <\/div>\n\t\t  \t\t\n\t\t\n\n\t\t\t \t<\/div>\n\t\t\t\t\t\t<\/div>\n\t\t\t\t<\/div>\n\t\t\t\t\t<\/div>\n\t\t\t\t<\/div>\n\t\t\t\t\t<\/div>\n\t\t\t\t<\/div>\n\t\t\t\t<\/div>\n\t\t","protected":false},"excerpt":{"rendered":"<p>Naslovnica |&nbsp; Industrije Industrije Svaka industrija ima svoja pravila igre. \u0160to ih bolje razumijete, to bolje mo\u017eete brinuti o svojim kupcima. Za nas, Face to Face Business zna\u010di savjetovanje na ravnopravnoj osnovi. Govorimo va\u0161im jezikom i razumijemo izazove va\u0161eg tr\u017ei\u0161ta. Na\u0161i stru\u010dnjaci spajaju specijalizirano i industrijsko znanje s predano\u0161\u0107u i pa\u017enjom prema detaljima.<\/p>\n","protected":false},"author":1,"featured_media":0,"parent":0,"menu_order":0,"comment_status":"closed","ping_status":"closed","template":"elementor_header_footer","meta":{"_acf_changed":false,"footnotes":""},"class_list":["post-1877","page","type-page","status-publish","hentry"],"acf":[],"yoast_head":"<!-- This site is optimized with the Yoast SEO plugin v26.0 - https:\/\/yoast.com\/wordpress\/plugins\/seo\/ -->\n<title>Industrije - TPA Hrvatska - TPA Croatia<\/title>\n<meta name=\"robots\" content=\"index, follow, max-snippet:-1, max-image-preview:large, max-video-preview:-1\" \/>\n<link rel=\"canonical\" href=\"https:\/\/www.tpa-group.hr\/hr\/industrije\" \/>\n<meta property=\"og:locale\" content=\"hr_HR\" \/>\n<meta property=\"og:type\" content=\"article\" \/>\n<meta property=\"og:title\" content=\"Industrije - TPA Hrvatska - TPA Croatia\" \/>\n<meta property=\"og:description\" content=\"Naslovnica |&nbsp; Industrije Industrije Svaka industrija ima svoja pravila igre. \u0160to ih bolje razumijete, to bolje mo\u017eete brinuti o svojim kupcima. Za nas, Face to Face Business zna\u010di savjetovanje na ravnopravnoj osnovi. Govorimo va\u0161im jezikom i razumijemo izazove va\u0161eg tr\u017ei\u0161ta. Na\u0161i stru\u010dnjaci spajaju specijalizirano i industrijsko znanje s predano\u0161\u0107u i pa\u017enjom prema detaljima.\" \/>\n<meta property=\"og:url\" content=\"https:\/\/www.tpa-group.hr\/hr\/industrije\" \/>\n<meta property=\"og:site_name\" content=\"TPA Hrvatska - TPA Croatia\" \/>\n<meta property=\"article:modified_time\" content=\"2026-02-24T16:20:01+00:00\" \/>\n<meta name=\"twitter:card\" content=\"summary_large_image\" \/>\n<meta name=\"twitter:label1\" content=\"Est. reading time\" \/>\n\t<meta name=\"twitter:data1\" content=\"3 minute\" \/>\n<script type=\"application\/ld+json\" class=\"yoast-schema-graph\">{\"@context\":\"https:\/\/schema.org\",\"@graph\":[{\"@type\":\"WebPage\",\"@id\":\"https:\/\/www.tpa-group.hr\/hr\/industrije\",\"url\":\"https:\/\/www.tpa-group.hr\/hr\/industrije\",\"name\":\"Industrije - TPA Hrvatska - TPA Croatia\",\"isPartOf\":{\"@id\":\"https:\/\/www.tpa-group.hr\/hr#website\"},\"datePublished\":\"2023-09-28T11:15:28+00:00\",\"dateModified\":\"2026-02-24T16:20:01+00:00\",\"breadcrumb\":{\"@id\":\"https:\/\/www.tpa-group.hr\/hr\/industrije#breadcrumb\"},\"inLanguage\":\"hr\",\"potentialAction\":[{\"@type\":\"ReadAction\",\"target\":[\"https:\/\/www.tpa-group.hr\/hr\/industrije\"]}]},{\"@type\":\"BreadcrumbList\",\"@id\":\"https:\/\/www.tpa-group.hr\/hr\/industrije#breadcrumb\",\"itemListElement\":[{\"@type\":\"ListItem\",\"position\":1,\"name\":\"Home\",\"item\":\"https:\/\/www.tpa-group.hr\/hr\"},{\"@type\":\"ListItem\",\"position\":2,\"name\":\"Industrije\"}]},{\"@type\":\"WebSite\",\"@id\":\"https:\/\/www.tpa-group.hr\/hr#website\",\"url\":\"https:\/\/www.tpa-group.hr\/hr\",\"name\":\"TPA Hrvatska - TPA Croatia\",\"description\":\"Porezno savjetovanje\",\"publisher\":{\"@id\":\"https:\/\/www.tpa-group.hr\/hr#organization\"},\"alternateName\":\"TPA\",\"potentialAction\":[{\"@type\":\"SearchAction\",\"target\":{\"@type\":\"EntryPoint\",\"urlTemplate\":\"https:\/\/www.tpa-group.hr\/hr?s={search_term_string}\"},\"query-input\":{\"@type\":\"PropertyValueSpecification\",\"valueRequired\":true,\"valueName\":\"search_term_string\"}}],\"inLanguage\":\"hr\"},{\"@type\":\"Organization\",\"@id\":\"https:\/\/www.tpa-group.hr\/hr#organization\",\"name\":\"TPA Hrvatska - TPA Croatia\",\"url\":\"https:\/\/www.tpa-group.hr\/hr\",\"logo\":{\"@type\":\"ImageObject\",\"inLanguage\":\"hr\",\"@id\":\"https:\/\/www.tpa-group.hr\/hr#\/schema\/logo\/image\/\",\"url\":\"https:\/\/www.tpa-group.hr\/app\/uploads\/sites\/5\/2025\/09\/WhatsApp-Image-2025-09-29-at-13.31.31-Photoroom.png\",\"contentUrl\":\"https:\/\/www.tpa-group.hr\/app\/uploads\/sites\/5\/2025\/09\/WhatsApp-Image-2025-09-29-at-13.31.31-Photoroom.png\",\"width\":709,\"height\":355,\"caption\":\"TPA Hrvatska - TPA Croatia\"},\"image\":{\"@id\":\"https:\/\/www.tpa-group.hr\/hr#\/schema\/logo\/image\/\"}}]}<\/script>\n<!-- \/ Yoast SEO plugin. -->","yoast_head_json":{"title":"Industrije - TPA Hrvatska - TPA Croatia","robots":{"index":"index","follow":"follow","max-snippet":"max-snippet:-1","max-image-preview":"max-image-preview:large","max-video-preview":"max-video-preview:-1"},"canonical":"https:\/\/www.tpa-group.hr\/hr\/industrije","og_locale":"hr_HR","og_type":"article","og_title":"Industrije - TPA Hrvatska - TPA Croatia","og_description":"Naslovnica |&nbsp; Industrije Industrije Svaka industrija ima svoja pravila igre. \u0160to ih bolje razumijete, to bolje mo\u017eete brinuti o svojim kupcima. Za nas, Face to Face Business zna\u010di savjetovanje na ravnopravnoj osnovi. Govorimo va\u0161im jezikom i razumijemo izazove va\u0161eg tr\u017ei\u0161ta. Na\u0161i stru\u010dnjaci spajaju specijalizirano i industrijsko znanje s predano\u0161\u0107u i pa\u017enjom prema detaljima.","og_url":"https:\/\/www.tpa-group.hr\/hr\/industrije","og_site_name":"TPA Hrvatska - TPA Croatia","article_modified_time":"2026-02-24T16:20:01+00:00","twitter_card":"summary_large_image","twitter_misc":{"Est. reading time":"3 minute"},"schema":{"@context":"https:\/\/schema.org","@graph":[{"@type":"WebPage","@id":"https:\/\/www.tpa-group.hr\/hr\/industrije","url":"https:\/\/www.tpa-group.hr\/hr\/industrije","name":"Industrije - TPA Hrvatska - TPA Croatia","isPartOf":{"@id":"https:\/\/www.tpa-group.hr\/hr#website"},"datePublished":"2023-09-28T11:15:28+00:00","dateModified":"2026-02-24T16:20:01+00:00","breadcrumb":{"@id":"https:\/\/www.tpa-group.hr\/hr\/industrije#breadcrumb"},"inLanguage":"hr","potentialAction":[{"@type":"ReadAction","target":["https:\/\/www.tpa-group.hr\/hr\/industrije"]}]},{"@type":"BreadcrumbList","@id":"https:\/\/www.tpa-group.hr\/hr\/industrije#breadcrumb","itemListElement":[{"@type":"ListItem","position":1,"name":"Home","item":"https:\/\/www.tpa-group.hr\/hr"},{"@type":"ListItem","position":2,"name":"Industrije"}]},{"@type":"WebSite","@id":"https:\/\/www.tpa-group.hr\/hr#website","url":"https:\/\/www.tpa-group.hr\/hr","name":"TPA Hrvatska - TPA Croatia","description":"Porezno savjetovanje","publisher":{"@id":"https:\/\/www.tpa-group.hr\/hr#organization"},"alternateName":"TPA","potentialAction":[{"@type":"SearchAction","target":{"@type":"EntryPoint","urlTemplate":"https:\/\/www.tpa-group.hr\/hr?s={search_term_string}"},"query-input":{"@type":"PropertyValueSpecification","valueRequired":true,"valueName":"search_term_string"}}],"inLanguage":"hr"},{"@type":"Organization","@id":"https:\/\/www.tpa-group.hr\/hr#organization","name":"TPA Hrvatska - TPA Croatia","url":"https:\/\/www.tpa-group.hr\/hr","logo":{"@type":"ImageObject","inLanguage":"hr","@id":"https:\/\/www.tpa-group.hr\/hr#\/schema\/logo\/image\/","url":"https:\/\/www.tpa-group.hr\/app\/uploads\/sites\/5\/2025\/09\/WhatsApp-Image-2025-09-29-at-13.31.31-Photoroom.png","contentUrl":"https:\/\/www.tpa-group.hr\/app\/uploads\/sites\/5\/2025\/09\/WhatsApp-Image-2025-09-29-at-13.31.31-Photoroom.png","width":709,"height":355,"caption":"TPA Hrvatska - TPA Croatia"},"image":{"@id":"https:\/\/www.tpa-group.hr\/hr#\/schema\/logo\/image\/"}}]}},"_links":{"self":[{"href":"https:\/\/www.tpa-group.hr\/hr\/wp-json\/wp\/v2\/pages\/1877","targetHints":{"allow":["GET"]}}],"collection":[{"href":"https:\/\/www.tpa-group.hr\/hr\/wp-json\/wp\/v2\/pages"}],"about":[{"href":"https:\/\/www.tpa-group.hr\/hr\/wp-json\/wp\/v2\/types\/page"}],"author":[{"embeddable":true,"href":"https:\/\/www.tpa-group.hr\/hr\/wp-json\/wp\/v2\/users\/1"}],"replies":[{"embeddable":true,"href":"https:\/\/www.tpa-group.hr\/hr\/wp-json\/wp\/v2\/comments?post=1877"}],"version-history":[{"count":21,"href":"https:\/\/www.tpa-group.hr\/hr\/wp-json\/wp\/v2\/pages\/1877\/revisions"}],"predecessor-version":[{"id":6137,"href":"https:\/\/www.tpa-group.hr\/hr\/wp-json\/wp\/v2\/pages\/1877\/revisions\/6137"}],"wp:attachment":[{"href":"https:\/\/www.tpa-group.hr\/hr\/wp-json\/wp\/v2\/media?parent=1877"}],"curies":[{"name":"wp","href":"https:\/\/api.w.org\/{rel}","templated":true}]}}