{"id":1875,"date":"2023-09-28T11:26:29","date_gmt":"2023-09-28T11:26:29","guid":{"rendered":"https:\/\/www.tpa-group.hr\/usluge\/"},"modified":"2025-03-24T09:13:52","modified_gmt":"2025-03-24T09:13:52","slug":"usluge","status":"publish","type":"page","link":"https:\/\/www.tpa-group.hr\/hr\/usluge","title":{"rendered":"Usluge"},"content":{"rendered":"\t\t<div data-elementor-type=\"wp-page\" data-elementor-id=\"1875\" class=\"elementor elementor-1875 elementor-559\" data-elementor-post-type=\"page\">\n\t\t\t\t\t\t<section class=\"elementor-section elementor-top-section elementor-element elementor-element-27678f43 hero-banner elementor-section-boxed elementor-section-height-default elementor-section-height-default\" data-id=\"27678f43\" data-element_type=\"section\">\n\t\t\t\t\t\t<div class=\"elementor-container elementor-column-gap-default\">\n\t\t\t\t\t<div class=\"elementor-column elementor-col-50 elementor-top-column elementor-element elementor-element-b6b8861\" data-id=\"b6b8861\" data-element_type=\"column\">\n\t\t\t<div class=\"elementor-widget-wrap elementor-element-populated\">\n\t\t\t\t\t\t<section class=\"elementor-section elementor-inner-section elementor-element elementor-element-7d3a09de hero-banner-breadcrumbs-container elementor-section-boxed elementor-section-height-default elementor-section-height-default\" data-id=\"7d3a09de\" data-element_type=\"section\">\n\t\t\t\t\t\t<div class=\"elementor-container elementor-column-gap-default\">\n\t\t\t\t\t<div class=\"elementor-column elementor-col-100 elementor-inner-column elementor-element elementor-element-5eddc3bc\" data-id=\"5eddc3bc\" data-element_type=\"column\">\n\t\t\t<div class=\"elementor-widget-wrap elementor-element-populated\">\n\t\t\t\t\t\t<div class=\"elementor-element elementor-element-4db80735 elementor-widget elementor-widget-heading\" data-id=\"4db80735\" data-element_type=\"widget\" data-widget_type=\"heading.default\">\n\t\t\t\t<div class=\"elementor-widget-container\">\n\t\t\t\t\t<p class=\"elementor-heading-title elementor-size-default\"><a href=\"\/hr\/\">Naslovnica |&nbsp;<\/a><\/p>\t\t\t\t<\/div>\n\t\t\t\t<\/div>\n\t\t\t\t<div class=\"elementor-element elementor-element-4406cc8b elementor-widget elementor-widget-heading\" data-id=\"4406cc8b\" data-element_type=\"widget\" data-widget_type=\"heading.default\">\n\t\t\t\t<div class=\"elementor-widget-container\">\n\t\t\t\t\t<p class=\"elementor-heading-title elementor-size-default\">Usluge<\/p>\t\t\t\t<\/div>\n\t\t\t\t<\/div>\n\t\t\t\t\t<\/div>\n\t\t<\/div>\n\t\t\t\t\t<\/div>\n\t\t<\/section>\n\t\t\t\t<div class=\"elementor-element elementor-element-61fed9e3 elementor-widget elementor-widget-heading\" data-id=\"61fed9e3\" data-element_type=\"widget\" data-widget_type=\"heading.default\">\n\t\t\t\t<div class=\"elementor-widget-container\">\n\t\t\t\t\t<h1 class=\"elementor-heading-title elementor-size-default\">Usluge<\/h1>\t\t\t\t<\/div>\n\t\t\t\t<\/div>\n\t\t\t\t<div class=\"elementor-element elementor-element-17d87de0 elementor-widget elementor-widget-text-editor\" data-id=\"17d87de0\" data-element_type=\"widget\" data-widget_type=\"text-editor.default\">\n\t\t\t\t<div class=\"elementor-widget-container\">\n\t\t\t\t\t\t\t\t\t<div class=\"n4sEPd\"><div class=\"FFpbKc\">\u00a0<\/div><\/div><div class=\"QcsUad BDJ8fb BLojaf sMVRZe hCXDsb wneUed\"><p class=\"oBOnKe\"><span class=\"jCAhz ChMk0b\" style=\"font-size: 16px;\"><span class=\"ryNqvb\">Od pravog pravnog oblika za va\u0161u tvrtku do savr\u0161ene porezne strukture: pomo\u0107u na\u0161ih savjetodavnih usluga \u010dinimo vas spremnim za va\u0161e specifi\u010dne izazove. <\/span><\/span><span class=\"jCAhz ChMk0b\" style=\"font-size: 16px;\"><span class=\"ryNqvb\">Budu\u0107i da je svaka tvrtka druga\u010dija, na\u0161a je ponuda jednako raznolika.<\/span><\/span><\/p><p class=\"oBOnKe\"><span class=\"jCAhz ChMk0b\" style=\"font-size: 16px;\"><span class=\"ryNqvb\">Vodimo ra\u010duna o va\u0161em ra\u010dunovodstvu, obra\u010dunu pla\u0107a ili ra\u010dunovodstvu i pru\u017eamo vam stalne savjete o svim poreznim pitanjima, revizijama ili grupnom ra\u010dunovodstvu.<\/span><\/span> <span class=\"jCAhz ChMk0b\" style=\"font-size: 16px;\"><span class=\"ryNqvb\">Tako\u0111er pru\u017eamo kompetentnu podr\u0161ku u svim strate\u0161kim pitanjima va\u0161e tvrtke uz usluge poslovnog i poreznog savjetovanja!<\/span><\/span><\/p><\/div>\t\t\t\t\t\t\t\t<\/div>\n\t\t\t\t<\/div>\n\t\t\t\t\t<\/div>\n\t\t<\/div>\n\t\t\t\t<div class=\"elementor-column elementor-col-50 elementor-top-column elementor-element elementor-element-30cddf3e\" data-id=\"30cddf3e\" data-element_type=\"column\">\n\t\t\t<div class=\"elementor-widget-wrap\">\n\t\t\t\t\t\t\t<\/div>\n\t\t<\/div>\n\t\t\t\t\t<\/div>\n\t\t<\/section>\n\t\t<div class=\"elementor-element elementor-element-32c0fdc9 e-flex e-con-boxed e-con e-parent\" data-id=\"32c0fdc9\" data-element_type=\"container\" data-settings=\"{&quot;background_background&quot;:&quot;classic&quot;}\">\n\t\t\t\t\t<div class=\"e-con-inner\">\n\t\t<div class=\"elementor-element elementor-element-e98a202 e-flex e-con-boxed e-con e-child\" data-id=\"e98a202\" data-element_type=\"container\">\n\t\t\t\t\t<div class=\"e-con-inner\">\n\t\t\t\t<div class=\"elementor-element elementor-element-12f341e5 elementor-widget elementor-widget-posts-card-grid\" data-id=\"12f341e5\" data-element_type=\"widget\" data-settings=\"{&quot;posts_card_grid_content_type&quot;:&quot;post&quot;,&quot;posts_card_grid_category&quot;:&quot;42&quot;,&quot;posts_card_grid_order_by&quot;:&quot;date&quot;,&quot;posts_card_grid_order&quot;:&quot;DESC&quot;}\" data-widget_type=\"posts-card-grid.default\">\n\t\t\t\t<div class=\"elementor-widget-container\">\n\t\t\t\t\t\t \t<div \n\t \t\tclass=\"posts-card-grid-container\" \n \t\t>   \n\n\t\t\t\t  <div class=\"posts-grid\" style=\"opacity: 0;\">\n\n\t\t  \t<div class=\"posts-grid-sizer\"><\/div>\n\t\t    \t\n\t\t        \t<div class=\"posts-grid-item\">\n\t\t        \t\t\t        \t\t\t<a href=\"https:\/\/www.tpa-group.hr\/hr\/tpa-usluge\/racunovodstvo\">\n\n\t\t        \t\t\t        \t\t\t\t\t\t<p class=\"main-category\">Ra\u010dunovodstvo<\/p>\n\t        \t\t\t\t\t\t\t        \t\t<div class=\"img-container\">\n\t\t\t        \t\t\t<img decoding=\"async\" class=\"post-image\" src=\"https:\/\/www.tpa-group.hr\/app\/uploads\/sites\/5\/2025\/02\/accounting-services-outsourcing-working-together-service-consulting-buchhaltung-472x280.jpg\" alt=\"Ra\u010dunovodstvo\">\n\t\t        \t\t\t\t\t\t\t        \t\t<\/div>\n        \t\t\t\t<\/a>\n\n        \t\t\t\t\t\t        \t<\/div>\n\t\t        \t\n\t\t        \t<div class=\"posts-grid-item\">\n\t\t        \t\t\t        \t\t\t<a href=\"https:\/\/www.tpa-group.hr\/hr\/tpa-usluge\/revizija\">\n\n\t\t        \t\t\t        \t\t\t\t\t\t<p class=\"main-category\">Revizija<\/p>\n\t        \t\t\t\t\t\t\t        \t\t<div class=\"img-container\">\n\t\t\t        \t\t\t<img decoding=\"async\" class=\"post-image\" src=\"https:\/\/www.tpa-group.hr\/app\/uploads\/sites\/5\/2025\/02\/120-472x280.jpg\" alt=\"Revizija\">\n\t\t        \t\t\t\t\t\t\t        \t\t<\/div>\n        \t\t\t\t<\/a>\n\n        \t\t\t\t\t\t        \t<\/div>\n\t\t        \t\n\t\t        \t<div class=\"posts-grid-item\">\n\t\t        \t\t\t        \t\t\t<a href=\"https:\/\/www.tpa-group.hr\/hr\/tpa-usluge\/porezno-savjetovanje\">\n\n\t\t        \t\t\t        \t\t\t\t\t\t<p class=\"main-category\">Porezno savjetovanje<\/p>\n\t        \t\t\t\t\t\t\t        \t\t<div class=\"img-container\">\n\t\t\t        \t\t\t<img decoding=\"async\" class=\"post-image\" src=\"https:\/\/www.tpa-group.hr\/app\/uploads\/sites\/5\/2025\/02\/TPA-Steuerberatung-GmbH-Leistungen-Steuerberatung-1024x684-1-472x280.jpg\" alt=\"Porezno savjetovanje\">\n\t\t        \t\t\t\t\t\t\t        \t\t<\/div>\n        \t\t\t\t<\/a>\n\n        \t\t\t\t\t\t        \t<\/div>\n\t\t        \t\n\t\t        \t<div class=\"posts-grid-item\">\n\t\t        \t\t\t        \t\t\t<a href=\"https:\/\/www.tpa-group.hr\/hr\/tpa-usluge\/financijsko-savjetovanje\">\n\n\t\t        \t\t\t        \t\t\t\t\t\t<p class=\"main-category\">Financijsko savjetovanje<\/p>\n\t        \t\t\t\t\t\t\t        \t\t<div class=\"img-container\">\n\t\t\t        \t\t\t<img decoding=\"async\" class=\"post-image\" src=\"https:\/\/www.tpa-group.hr\/app\/uploads\/sites\/5\/2025\/02\/TPA-Steuerberatung-Financial_Due-Diligence-472x280.jpg\" alt=\"Financijsko savjetovanje\">\n\t\t        \t\t\t\t\t\t\t        \t\t<\/div>\n        \t\t\t\t<\/a>\n\n        \t\t\t\t\t\t        \t<\/div>\n\t\t        \t\t  <\/div>\n\t\t  \t\t\n\t\t\n\n\t\t\t \t<\/div>\n\t\t\t\t\t\t<\/div>\n\t\t\t\t<\/div>\n\t\t\t\t\t<\/div>\n\t\t\t\t<\/div>\n\t\t\t\t\t<\/div>\n\t\t\t\t<\/div>\n\t\t\t\t<\/div>\n\t\t","protected":false},"excerpt":{"rendered":"<p>Naslovnica |&nbsp; Usluge Usluge \u00a0 Od pravog pravnog oblika za va\u0161u tvrtku do savr\u0161ene porezne strukture: pomo\u0107u na\u0161ih savjetodavnih usluga \u010dinimo vas spremnim za va\u0161e specifi\u010dne izazove. Budu\u0107i da je svaka tvrtka druga\u010dija, na\u0161a je ponuda jednako raznolika. Vodimo ra\u010duna o va\u0161em ra\u010dunovodstvu, obra\u010dunu pla\u0107a ili ra\u010dunovodstvu i pru\u017eamo vam stalne savjete o svim poreznim [&hellip;]<\/p>\n","protected":false},"author":1,"featured_media":0,"parent":0,"menu_order":0,"comment_status":"closed","ping_status":"closed","template":"elementor_header_footer","meta":{"_acf_changed":false,"footnotes":""},"class_list":["post-1875","page","type-page","status-publish","hentry"],"acf":[],"yoast_head":"<!-- This site is optimized with the Yoast SEO plugin v26.0 - https:\/\/yoast.com\/wordpress\/plugins\/seo\/ -->\n<title>Usluge - TPA Hrvatska - TPA Croatia<\/title>\n<meta name=\"robots\" content=\"index, follow, max-snippet:-1, max-image-preview:large, max-video-preview:-1\" \/>\n<link rel=\"canonical\" href=\"https:\/\/www.tpa-group.hr\/hr\/usluge\" \/>\n<meta property=\"og:locale\" content=\"hr_HR\" \/>\n<meta property=\"og:type\" content=\"article\" \/>\n<meta property=\"og:title\" content=\"Usluge - TPA Hrvatska - TPA Croatia\" \/>\n<meta property=\"og:description\" content=\"Naslovnica |&nbsp; Usluge Usluge \u00a0 Od pravog pravnog oblika za va\u0161u tvrtku do savr\u0161ene porezne strukture: pomo\u0107u na\u0161ih savjetodavnih usluga \u010dinimo vas spremnim za va\u0161e specifi\u010dne izazove. Budu\u0107i da je svaka tvrtka druga\u010dija, na\u0161a je ponuda jednako raznolika. Vodimo ra\u010duna o va\u0161em ra\u010dunovodstvu, obra\u010dunu pla\u0107a ili ra\u010dunovodstvu i pru\u017eamo vam stalne savjete o svim poreznim [&hellip;]\" \/>\n<meta property=\"og:url\" content=\"https:\/\/www.tpa-group.hr\/hr\/usluge\" \/>\n<meta property=\"og:site_name\" content=\"TPA Hrvatska - TPA Croatia\" \/>\n<meta property=\"article:modified_time\" content=\"2025-03-24T09:13:52+00:00\" \/>\n<meta name=\"twitter:card\" content=\"summary_large_image\" \/>\n<meta name=\"twitter:label1\" content=\"Est. reading time\" \/>\n\t<meta name=\"twitter:data1\" content=\"2 minute\" \/>\n<script type=\"application\/ld+json\" class=\"yoast-schema-graph\">{\"@context\":\"https:\/\/schema.org\",\"@graph\":[{\"@type\":\"WebPage\",\"@id\":\"https:\/\/www.tpa-group.hr\/hr\/usluge\",\"url\":\"https:\/\/www.tpa-group.hr\/hr\/usluge\",\"name\":\"Usluge - TPA Hrvatska - TPA Croatia\",\"isPartOf\":{\"@id\":\"https:\/\/www.tpa-group.hr\/hr#website\"},\"datePublished\":\"2023-09-28T11:26:29+00:00\",\"dateModified\":\"2025-03-24T09:13:52+00:00\",\"breadcrumb\":{\"@id\":\"https:\/\/www.tpa-group.hr\/hr\/usluge#breadcrumb\"},\"inLanguage\":\"hr\",\"potentialAction\":[{\"@type\":\"ReadAction\",\"target\":[\"https:\/\/www.tpa-group.hr\/hr\/usluge\"]}]},{\"@type\":\"BreadcrumbList\",\"@id\":\"https:\/\/www.tpa-group.hr\/hr\/usluge#breadcrumb\",\"itemListElement\":[{\"@type\":\"ListItem\",\"position\":1,\"name\":\"Home\",\"item\":\"https:\/\/www.tpa-group.hr\/hr\"},{\"@type\":\"ListItem\",\"position\":2,\"name\":\"Usluge\"}]},{\"@type\":\"WebSite\",\"@id\":\"https:\/\/www.tpa-group.hr\/hr#website\",\"url\":\"https:\/\/www.tpa-group.hr\/hr\",\"name\":\"TPA Hrvatska - TPA Croatia\",\"description\":\"Porezno savjetovanje\",\"publisher\":{\"@id\":\"https:\/\/www.tpa-group.hr\/hr#organization\"},\"alternateName\":\"TPA\",\"potentialAction\":[{\"@type\":\"SearchAction\",\"target\":{\"@type\":\"EntryPoint\",\"urlTemplate\":\"https:\/\/www.tpa-group.hr\/hr?s={search_term_string}\"},\"query-input\":{\"@type\":\"PropertyValueSpecification\",\"valueRequired\":true,\"valueName\":\"search_term_string\"}}],\"inLanguage\":\"hr\"},{\"@type\":\"Organization\",\"@id\":\"https:\/\/www.tpa-group.hr\/hr#organization\",\"name\":\"TPA Hrvatska - TPA Croatia\",\"url\":\"https:\/\/www.tpa-group.hr\/hr\",\"logo\":{\"@type\":\"ImageObject\",\"inLanguage\":\"hr\",\"@id\":\"https:\/\/www.tpa-group.hr\/hr#\/schema\/logo\/image\/\",\"url\":\"https:\/\/www.tpa-group.hr\/app\/uploads\/sites\/5\/2025\/09\/WhatsApp-Image-2025-09-29-at-13.31.31-Photoroom.png\",\"contentUrl\":\"https:\/\/www.tpa-group.hr\/app\/uploads\/sites\/5\/2025\/09\/WhatsApp-Image-2025-09-29-at-13.31.31-Photoroom.png\",\"width\":709,\"height\":355,\"caption\":\"TPA Hrvatska - TPA Croatia\"},\"image\":{\"@id\":\"https:\/\/www.tpa-group.hr\/hr#\/schema\/logo\/image\/\"}}]}<\/script>\n<!-- \/ Yoast SEO plugin. -->","yoast_head_json":{"title":"Usluge - TPA Hrvatska - TPA Croatia","robots":{"index":"index","follow":"follow","max-snippet":"max-snippet:-1","max-image-preview":"max-image-preview:large","max-video-preview":"max-video-preview:-1"},"canonical":"https:\/\/www.tpa-group.hr\/hr\/usluge","og_locale":"hr_HR","og_type":"article","og_title":"Usluge - TPA Hrvatska - TPA Croatia","og_description":"Naslovnica |&nbsp; Usluge Usluge \u00a0 Od pravog pravnog oblika za va\u0161u tvrtku do savr\u0161ene porezne strukture: pomo\u0107u na\u0161ih savjetodavnih usluga \u010dinimo vas spremnim za va\u0161e specifi\u010dne izazove. Budu\u0107i da je svaka tvrtka druga\u010dija, na\u0161a je ponuda jednako raznolika. Vodimo ra\u010duna o va\u0161em ra\u010dunovodstvu, obra\u010dunu pla\u0107a ili ra\u010dunovodstvu i pru\u017eamo vam stalne savjete o svim poreznim [&hellip;]","og_url":"https:\/\/www.tpa-group.hr\/hr\/usluge","og_site_name":"TPA Hrvatska - TPA Croatia","article_modified_time":"2025-03-24T09:13:52+00:00","twitter_card":"summary_large_image","twitter_misc":{"Est. reading time":"2 minute"},"schema":{"@context":"https:\/\/schema.org","@graph":[{"@type":"WebPage","@id":"https:\/\/www.tpa-group.hr\/hr\/usluge","url":"https:\/\/www.tpa-group.hr\/hr\/usluge","name":"Usluge - TPA Hrvatska - TPA Croatia","isPartOf":{"@id":"https:\/\/www.tpa-group.hr\/hr#website"},"datePublished":"2023-09-28T11:26:29+00:00","dateModified":"2025-03-24T09:13:52+00:00","breadcrumb":{"@id":"https:\/\/www.tpa-group.hr\/hr\/usluge#breadcrumb"},"inLanguage":"hr","potentialAction":[{"@type":"ReadAction","target":["https:\/\/www.tpa-group.hr\/hr\/usluge"]}]},{"@type":"BreadcrumbList","@id":"https:\/\/www.tpa-group.hr\/hr\/usluge#breadcrumb","itemListElement":[{"@type":"ListItem","position":1,"name":"Home","item":"https:\/\/www.tpa-group.hr\/hr"},{"@type":"ListItem","position":2,"name":"Usluge"}]},{"@type":"WebSite","@id":"https:\/\/www.tpa-group.hr\/hr#website","url":"https:\/\/www.tpa-group.hr\/hr","name":"TPA Hrvatska - TPA Croatia","description":"Porezno savjetovanje","publisher":{"@id":"https:\/\/www.tpa-group.hr\/hr#organization"},"alternateName":"TPA","potentialAction":[{"@type":"SearchAction","target":{"@type":"EntryPoint","urlTemplate":"https:\/\/www.tpa-group.hr\/hr?s={search_term_string}"},"query-input":{"@type":"PropertyValueSpecification","valueRequired":true,"valueName":"search_term_string"}}],"inLanguage":"hr"},{"@type":"Organization","@id":"https:\/\/www.tpa-group.hr\/hr#organization","name":"TPA Hrvatska - TPA Croatia","url":"https:\/\/www.tpa-group.hr\/hr","logo":{"@type":"ImageObject","inLanguage":"hr","@id":"https:\/\/www.tpa-group.hr\/hr#\/schema\/logo\/image\/","url":"https:\/\/www.tpa-group.hr\/app\/uploads\/sites\/5\/2025\/09\/WhatsApp-Image-2025-09-29-at-13.31.31-Photoroom.png","contentUrl":"https:\/\/www.tpa-group.hr\/app\/uploads\/sites\/5\/2025\/09\/WhatsApp-Image-2025-09-29-at-13.31.31-Photoroom.png","width":709,"height":355,"caption":"TPA Hrvatska - TPA Croatia"},"image":{"@id":"https:\/\/www.tpa-group.hr\/hr#\/schema\/logo\/image\/"}}]}},"_links":{"self":[{"href":"https:\/\/www.tpa-group.hr\/hr\/wp-json\/wp\/v2\/pages\/1875","targetHints":{"allow":["GET"]}}],"collection":[{"href":"https:\/\/www.tpa-group.hr\/hr\/wp-json\/wp\/v2\/pages"}],"about":[{"href":"https:\/\/www.tpa-group.hr\/hr\/wp-json\/wp\/v2\/types\/page"}],"author":[{"embeddable":true,"href":"https:\/\/www.tpa-group.hr\/hr\/wp-json\/wp\/v2\/users\/1"}],"replies":[{"embeddable":true,"href":"https:\/\/www.tpa-group.hr\/hr\/wp-json\/wp\/v2\/comments?post=1875"}],"version-history":[{"count":23,"href":"https:\/\/www.tpa-group.hr\/hr\/wp-json\/wp\/v2\/pages\/1875\/revisions"}],"predecessor-version":[{"id":4645,"href":"https:\/\/www.tpa-group.hr\/hr\/wp-json\/wp\/v2\/pages\/1875\/revisions\/4645"}],"wp:attachment":[{"href":"https:\/\/www.tpa-group.hr\/hr\/wp-json\/wp\/v2\/media?parent=1875"}],"curies":[{"name":"wp","href":"https:\/\/api.w.org\/{rel}","templated":true}]}}