{"id":4479,"date":"2025-02-04T14:35:31","date_gmt":"2025-02-04T14:35:31","guid":{"rendered":"https:\/\/www.tpa-group.hr\/baker-tilly-international"},"modified":"2025-03-29T17:20:55","modified_gmt":"2025-03-29T17:20:55","slug":"baker-tilly-international","status":"publish","type":"page","link":"https:\/\/www.tpa-group.hr\/de\/baker-tilly-international","title":{"rendered":"Baker Tilly International"},"content":{"rendered":"\t\t<div data-elementor-type=\"wp-page\" data-elementor-id=\"4479\" class=\"elementor elementor-4479 elementor-3543\" data-elementor-post-type=\"page\">\n\t\t\t\t\t\t<section class=\"elementor-section elementor-top-section elementor-element elementor-element-68e081b0 hero-banner elementor-section-boxed elementor-section-height-default elementor-section-height-default\" data-id=\"68e081b0\" data-element_type=\"section\" data-settings=\"{&quot;background_background&quot;:&quot;classic&quot;}\">\n\t\t\t\t\t\t<div class=\"elementor-container elementor-column-gap-default\">\n\t\t\t\t\t<div class=\"elementor-column elementor-col-50 elementor-top-column elementor-element elementor-element-7bbf14ba\" data-id=\"7bbf14ba\" data-element_type=\"column\">\n\t\t\t<div class=\"elementor-widget-wrap elementor-element-populated\">\n\t\t\t\t\t\t<section class=\"elementor-section elementor-inner-section elementor-element elementor-element-15ea118b hero-banner-breadcrumbs-container elementor-section-boxed elementor-section-height-default elementor-section-height-default\" data-id=\"15ea118b\" data-element_type=\"section\">\n\t\t\t\t\t\t<div class=\"elementor-container elementor-column-gap-default\">\n\t\t\t\t\t<div class=\"elementor-column elementor-col-100 elementor-inner-column elementor-element elementor-element-3acca1b4\" data-id=\"3acca1b4\" data-element_type=\"column\">\n\t\t\t<div class=\"elementor-widget-wrap elementor-element-populated\">\n\t\t\t\t\t\t<div class=\"elementor-element elementor-element-224616da elementor-widget elementor-widget-heading\" data-id=\"224616da\" data-element_type=\"widget\" data-widget_type=\"heading.default\">\n\t\t\t\t<div class=\"elementor-widget-container\">\n\t\t\t\t\t<p class=\"elementor-heading-title elementor-size-default\"><a href=\"\/de\/\">Home |&nbsp;<\/a><\/p>\t\t\t\t<\/div>\n\t\t\t\t<\/div>\n\t\t\t\t<div class=\"elementor-element elementor-element-5edef2cf elementor-widget elementor-widget-heading\" data-id=\"5edef2cf\" data-element_type=\"widget\" data-widget_type=\"heading.default\">\n\t\t\t\t<div class=\"elementor-widget-container\">\n\t\t\t\t\t<p class=\"elementor-heading-title elementor-size-default\">Baker Tilly International<\/p>\t\t\t\t<\/div>\n\t\t\t\t<\/div>\n\t\t\t\t\t<\/div>\n\t\t<\/div>\n\t\t\t\t\t<\/div>\n\t\t<\/section>\n\t\t\t\t<div class=\"elementor-element elementor-element-54c8335d elementor-widget elementor-widget-heading\" data-id=\"54c8335d\" data-element_type=\"widget\" data-widget_type=\"heading.default\">\n\t\t\t\t<div class=\"elementor-widget-container\">\n\t\t\t\t\t<h1 class=\"elementor-heading-title elementor-size-default\">Baker Tilly International<\/h1>\t\t\t\t<\/div>\n\t\t\t\t<\/div>\n\t\t\t\t<div class=\"elementor-element elementor-element-67ef3be1 elementor-widget elementor-widget-text-editor\" data-id=\"67ef3be1\" data-element_type=\"widget\" data-widget_type=\"text-editor.default\">\n\t\t\t\t<div class=\"elementor-widget-container\">\n\t\t\t\t\t\t\t\t\t<p>Dank unserer Allianz mit dem <span style=\"text-decoration: underline;\"><a title=\"Baker Tilly International - Now for tomorrow\" href=\"https:\/\/www.bakertilly.global\/\" target=\"_blank\" rel=\"noopener noreferrer\"><strong>Baker Tilly International Netzwerk<\/strong><\/a><\/span> sind die 12 L\u00e4nder der unabh\u00e4ngigen TPA Gruppe weltweit perfekt vernetzt, sodass wir in allen wichtigen Wirtschaftszentren und Regionen der Welt hochwertige Dienstleistungen anbieten k\u00f6nnen.<\/p>\t\t\t\t\t\t\t\t<\/div>\n\t\t\t\t<\/div>\n\t\t\t\t\t<\/div>\n\t\t<\/div>\n\t\t\t\t<div class=\"elementor-column elementor-col-50 elementor-top-column elementor-element elementor-element-14868d5\" data-id=\"14868d5\" data-element_type=\"column\">\n\t\t\t<div class=\"elementor-widget-wrap\">\n\t\t\t\t\t\t\t<\/div>\n\t\t<\/div>\n\t\t\t\t\t<\/div>\n\t\t<\/section>\n\t\t<div class=\"elementor-element elementor-element-518ca5d1 e-flex e-con-boxed e-con e-parent\" data-id=\"518ca5d1\" data-element_type=\"container\" data-settings=\"{&quot;background_background&quot;:&quot;classic&quot;}\">\n\t\t\t\t\t<div class=\"e-con-inner\">\n\t\t\t\t<div class=\"elementor-element elementor-element-43c10d6b elementor-widget elementor-widget-heading\" data-id=\"43c10d6b\" data-element_type=\"widget\" data-widget_type=\"heading.default\">\n\t\t\t\t<div class=\"elementor-widget-container\">\n\t\t\t\t\t<h3 class=\"elementor-heading-title elementor-size-default\">Baker Tilly in Deutschland<\/h3>\t\t\t\t<\/div>\n\t\t\t\t<\/div>\n\t\t\t\t<div class=\"elementor-element elementor-element-401339b4 elementor-widget elementor-widget-text-editor\" data-id=\"401339b4\" data-element_type=\"widget\" data-widget_type=\"text-editor.default\">\n\t\t\t\t<div class=\"elementor-widget-container\">\n\t\t\t\t\t\t\t\t\t<p>Auf dem wichtigsten europ\u00e4ischen Markt, <strong>Deutschland<\/strong>, arbeitet die TPA Gruppe eng mit einem f\u00fchrenden und \u00e4u\u00dferst erfolgreichen Mitglied von Baker Tilly International zusammen \u2013 der renommierten deutschen Beratungsgesellschaft <span style=\"text-decoration: underline;\"><a title=\"Steuerberatung, Rechnungswesen, Wirtschaftspr\u00fcfung und Beratung in Deutschland - Baker Tilly Germany\" href=\"http:\/\/www.bakertilly.de\/\"><strong>Baker Tilly<\/strong><\/a><\/span>, die \u00fcber 10 Standorte in Deutschland und mehr als 1.200 Mitarbeiter verf\u00fcgt.<\/p>\t\t\t\t\t\t\t\t<\/div>\n\t\t\t\t<\/div>\n\t\t\t\t<div class=\"elementor-element elementor-element-e3e8c68 elementor-widget elementor-widget-heading\" data-id=\"e3e8c68\" data-element_type=\"widget\" data-widget_type=\"heading.default\">\n\t\t\t\t<div class=\"elementor-widget-container\">\n\t\t\t\t\t<h3 class=\"elementor-heading-title elementor-size-default\">Jetzt f\u00fcr Morgen<\/h3>\t\t\t\t<\/div>\n\t\t\t\t<\/div>\n\t\t\t\t<div class=\"elementor-element elementor-element-5719680 elementor-widget elementor-widget-text-editor\" data-id=\"5719680\" data-element_type=\"widget\" data-widget_type=\"text-editor.default\">\n\t\t\t\t<div class=\"elementor-widget-container\">\n\t\t\t\t\t\t\t\t\t<p>Das <strong>Baker Tilly International Netzwerk<\/strong> umfasst derzeit mehr als 700 B\u00fcros in 148 L\u00e4ndern mit rund 39.000 Mitarbeitern und z\u00e4hlt damit zu den <strong>Top 10<\/strong> der globalen Beratungsnetzwerke f\u00fcr Steuerberatung, Rechnungswesen, Lohnabrechnung, Unternehmensberatung, Rechtsberatung und mehr.<\/p><p>Die TPA Gruppe ist ein unabh\u00e4ngiges Mitglied der <strong>Baker Tilly Europe Alliance<\/strong>. Die Baker Tilly Europe Alliance erbringt keine professionellen Dienstleistungen f\u00fcr Kunden. Jedes Mitgliedsunternehmen ist eine eigenst\u00e4ndige und unabh\u00e4ngige juristische Person und bezeichnet sich als solche. Die TPA Gruppe ist weder ein Vertreter der Baker Tilly Europe Alliance noch von Baker Tilly International und hat keine Befugnis, die Baker Tilly Europe Alliance oder Baker Tilly International zu verpflichten oder in deren Namen zu handeln. Weder Baker Tilly International, noch die Baker Tilly Europe Alliance, die TPA Gruppe oder andere Mitgliedsunternehmen von Baker Tilly International oder der Baker Tilly Europe Alliance haften f\u00fcr die Handlungen oder Unterlassungen anderer Mitglieder. Dar\u00fcber hinaus hat weder Baker Tilly International, noch die Baker Tilly Europe Alliance oder ein anderes Mitgliedsunternehmen das Recht, die Gesch\u00e4ftsf\u00fchrung eines anderen Mitgliedsunternehmens zu kontrollieren. Der Name Baker Tilly und das dazugeh\u00f6rige Logo werden unter Lizenz von Baker Tilly International Limited verwendet.<\/p><ul><li>Mehr \u00fcber <span style=\"text-decoration: underline;\"><a title=\"Now for Tomorrow: Das globale Netzwerk von Baker Tilly International\" href=\"https:\/\/www.bakertilly.global\/\" target=\"_blank\" rel=\"noopener noreferrer\"><strong>Baker Tilly International<\/strong><\/a><\/span><\/li><li>Mehr \u00fcber die <span style=\"text-decoration: underline;\"><a title=\"Perfekt zusammen: Mit der Baker Tilly Europe Alliance sind wir in Deutschland, \u00d6sterreich und der gesamten Region Mittel- und Osteuropa vertreten.\" href=\"https:\/\/www.tpa-group.com\/?page_id=4449\"><strong>Baker Tilly Europe Alliance<\/strong><\/a><\/span><\/li><li><a title=\"Finden Sie das n\u00e4chstgelegene TPA Steuer- &amp; Wirtschaftspr\u00fcfungsb\u00fcro! Alle Standorte der TPA Gruppe\" href=\"https:\/\/www.tpa-group.com\/en\/locations\/\"><strong><span style=\"text-decoration: underline;\">Alle TPA Steuer- &amp; Wirtschaftspr\u00fcfungsb\u00fcros<\/span><\/strong><\/a><\/li><\/ul>\t\t\t\t\t\t\t\t<\/div>\n\t\t\t\t<\/div>\n\t\t\t\t\t<\/div>\n\t\t\t\t<\/div>\n\t\t\t\t<\/div>\n\t\t","protected":false},"excerpt":{"rendered":"<p>Home |&nbsp; Baker Tilly International Baker Tilly International Dank unserer Allianz mit dem Baker Tilly International Netzwerk sind die 12 L\u00e4nder der unabh\u00e4ngigen TPA Gruppe weltweit perfekt vernetzt, sodass wir in allen wichtigen Wirtschaftszentren und Regionen der Welt hochwertige Dienstleistungen anbieten k\u00f6nnen. Baker Tilly in Deutschland Auf dem wichtigsten europ\u00e4ischen Markt, Deutschland, arbeitet die TPA [&hellip;]<\/p>\n","protected":false},"author":13,"featured_media":0,"parent":0,"menu_order":0,"comment_status":"closed","ping_status":"closed","template":"elementor_header_footer","meta":{"_acf_changed":false,"footnotes":""},"class_list":["post-4479","page","type-page","status-publish","hentry"],"acf":[],"yoast_head":"<!-- This site is optimized with the Yoast SEO plugin v26.0 - https:\/\/yoast.com\/wordpress\/plugins\/seo\/ -->\n<title>Baker Tilly International - TPA Hrvatska - TPA Croatia<\/title>\n<meta name=\"robots\" content=\"index, follow, max-snippet:-1, max-image-preview:large, max-video-preview:-1\" \/>\n<link rel=\"canonical\" href=\"https:\/\/www.tpa-group.hr\/de\/baker-tilly-international\" \/>\n<meta property=\"og:locale\" content=\"de_DE\" \/>\n<meta property=\"og:type\" content=\"article\" \/>\n<meta property=\"og:title\" content=\"Baker Tilly International - TPA Hrvatska - TPA Croatia\" \/>\n<meta property=\"og:description\" content=\"Home |&nbsp; Baker Tilly International Baker Tilly International Dank unserer Allianz mit dem Baker Tilly International Netzwerk sind die 12 L\u00e4nder der unabh\u00e4ngigen TPA Gruppe weltweit perfekt vernetzt, sodass wir in allen wichtigen Wirtschaftszentren und Regionen der Welt hochwertige Dienstleistungen anbieten k\u00f6nnen. Baker Tilly in Deutschland Auf dem wichtigsten europ\u00e4ischen Markt, Deutschland, arbeitet die TPA [&hellip;]\" \/>\n<meta property=\"og:url\" content=\"https:\/\/www.tpa-group.hr\/de\/baker-tilly-international\" \/>\n<meta property=\"og:site_name\" content=\"TPA Hrvatska - TPA Croatia\" \/>\n<meta property=\"article:modified_time\" content=\"2025-03-29T17:20:55+00:00\" \/>\n<meta name=\"twitter:card\" content=\"summary_large_image\" \/>\n<meta name=\"twitter:label1\" content=\"Est. reading time\" \/>\n\t<meta name=\"twitter:data1\" content=\"2 Minuten\" \/>\n<script type=\"application\/ld+json\" class=\"yoast-schema-graph\">{\"@context\":\"https:\/\/schema.org\",\"@graph\":[{\"@type\":\"WebPage\",\"@id\":\"https:\/\/www.tpa-group.hr\/de\/baker-tilly-international\",\"url\":\"https:\/\/www.tpa-group.hr\/de\/baker-tilly-international\",\"name\":\"Baker Tilly International - TPA Hrvatska - TPA Croatia\",\"isPartOf\":{\"@id\":\"https:\/\/www.tpa-group.hr\/de#website\"},\"datePublished\":\"2025-02-04T14:35:31+00:00\",\"dateModified\":\"2025-03-29T17:20:55+00:00\",\"breadcrumb\":{\"@id\":\"https:\/\/www.tpa-group.hr\/de\/baker-tilly-international#breadcrumb\"},\"inLanguage\":\"de-DE\",\"potentialAction\":[{\"@type\":\"ReadAction\",\"target\":[\"https:\/\/www.tpa-group.hr\/de\/baker-tilly-international\"]}]},{\"@type\":\"BreadcrumbList\",\"@id\":\"https:\/\/www.tpa-group.hr\/de\/baker-tilly-international#breadcrumb\",\"itemListElement\":[{\"@type\":\"ListItem\",\"position\":1,\"name\":\"Home\",\"item\":\"https:\/\/www.tpa-group.hr\/de\"},{\"@type\":\"ListItem\",\"position\":2,\"name\":\"Baker Tilly International\"}]},{\"@type\":\"WebSite\",\"@id\":\"https:\/\/www.tpa-group.hr\/de#website\",\"url\":\"https:\/\/www.tpa-group.hr\/de\",\"name\":\"TPA Hrvatska - TPA Croatia\",\"description\":\"Porezno savjetovanje\",\"publisher\":{\"@id\":\"https:\/\/www.tpa-group.hr\/de#organization\"},\"alternateName\":\"TPA\",\"potentialAction\":[{\"@type\":\"SearchAction\",\"target\":{\"@type\":\"EntryPoint\",\"urlTemplate\":\"https:\/\/www.tpa-group.hr\/de?s={search_term_string}\"},\"query-input\":{\"@type\":\"PropertyValueSpecification\",\"valueRequired\":true,\"valueName\":\"search_term_string\"}}],\"inLanguage\":\"de-DE\"},{\"@type\":\"Organization\",\"@id\":\"https:\/\/www.tpa-group.hr\/de#organization\",\"name\":\"TPA Hrvatska - TPA Croatia\",\"url\":\"https:\/\/www.tpa-group.hr\/de\",\"logo\":{\"@type\":\"ImageObject\",\"inLanguage\":\"de-DE\",\"@id\":\"https:\/\/www.tpa-group.hr\/de#\/schema\/logo\/image\/\",\"url\":\"https:\/\/www.tpa-group.hr\/app\/uploads\/sites\/5\/2025\/09\/WhatsApp-Image-2025-09-29-at-13.31.31-Photoroom.png\",\"contentUrl\":\"https:\/\/www.tpa-group.hr\/app\/uploads\/sites\/5\/2025\/09\/WhatsApp-Image-2025-09-29-at-13.31.31-Photoroom.png\",\"width\":709,\"height\":355,\"caption\":\"TPA Hrvatska - TPA Croatia\"},\"image\":{\"@id\":\"https:\/\/www.tpa-group.hr\/de#\/schema\/logo\/image\/\"}}]}<\/script>\n<!-- \/ Yoast SEO plugin. -->","yoast_head_json":{"title":"Baker Tilly International - TPA Hrvatska - TPA Croatia","robots":{"index":"index","follow":"follow","max-snippet":"max-snippet:-1","max-image-preview":"max-image-preview:large","max-video-preview":"max-video-preview:-1"},"canonical":"https:\/\/www.tpa-group.hr\/de\/baker-tilly-international","og_locale":"de_DE","og_type":"article","og_title":"Baker Tilly International - TPA Hrvatska - TPA Croatia","og_description":"Home |&nbsp; Baker Tilly International Baker Tilly International Dank unserer Allianz mit dem Baker Tilly International Netzwerk sind die 12 L\u00e4nder der unabh\u00e4ngigen TPA Gruppe weltweit perfekt vernetzt, sodass wir in allen wichtigen Wirtschaftszentren und Regionen der Welt hochwertige Dienstleistungen anbieten k\u00f6nnen. Baker Tilly in Deutschland Auf dem wichtigsten europ\u00e4ischen Markt, Deutschland, arbeitet die TPA [&hellip;]","og_url":"https:\/\/www.tpa-group.hr\/de\/baker-tilly-international","og_site_name":"TPA Hrvatska - TPA Croatia","article_modified_time":"2025-03-29T17:20:55+00:00","twitter_card":"summary_large_image","twitter_misc":{"Est. reading time":"2 Minuten"},"schema":{"@context":"https:\/\/schema.org","@graph":[{"@type":"WebPage","@id":"https:\/\/www.tpa-group.hr\/de\/baker-tilly-international","url":"https:\/\/www.tpa-group.hr\/de\/baker-tilly-international","name":"Baker Tilly International - TPA Hrvatska - TPA Croatia","isPartOf":{"@id":"https:\/\/www.tpa-group.hr\/de#website"},"datePublished":"2025-02-04T14:35:31+00:00","dateModified":"2025-03-29T17:20:55+00:00","breadcrumb":{"@id":"https:\/\/www.tpa-group.hr\/de\/baker-tilly-international#breadcrumb"},"inLanguage":"de-DE","potentialAction":[{"@type":"ReadAction","target":["https:\/\/www.tpa-group.hr\/de\/baker-tilly-international"]}]},{"@type":"BreadcrumbList","@id":"https:\/\/www.tpa-group.hr\/de\/baker-tilly-international#breadcrumb","itemListElement":[{"@type":"ListItem","position":1,"name":"Home","item":"https:\/\/www.tpa-group.hr\/de"},{"@type":"ListItem","position":2,"name":"Baker Tilly International"}]},{"@type":"WebSite","@id":"https:\/\/www.tpa-group.hr\/de#website","url":"https:\/\/www.tpa-group.hr\/de","name":"TPA Hrvatska - TPA Croatia","description":"Porezno savjetovanje","publisher":{"@id":"https:\/\/www.tpa-group.hr\/de#organization"},"alternateName":"TPA","potentialAction":[{"@type":"SearchAction","target":{"@type":"EntryPoint","urlTemplate":"https:\/\/www.tpa-group.hr\/de?s={search_term_string}"},"query-input":{"@type":"PropertyValueSpecification","valueRequired":true,"valueName":"search_term_string"}}],"inLanguage":"de-DE"},{"@type":"Organization","@id":"https:\/\/www.tpa-group.hr\/de#organization","name":"TPA Hrvatska - TPA Croatia","url":"https:\/\/www.tpa-group.hr\/de","logo":{"@type":"ImageObject","inLanguage":"de-DE","@id":"https:\/\/www.tpa-group.hr\/de#\/schema\/logo\/image\/","url":"https:\/\/www.tpa-group.hr\/app\/uploads\/sites\/5\/2025\/09\/WhatsApp-Image-2025-09-29-at-13.31.31-Photoroom.png","contentUrl":"https:\/\/www.tpa-group.hr\/app\/uploads\/sites\/5\/2025\/09\/WhatsApp-Image-2025-09-29-at-13.31.31-Photoroom.png","width":709,"height":355,"caption":"TPA Hrvatska - TPA Croatia"},"image":{"@id":"https:\/\/www.tpa-group.hr\/de#\/schema\/logo\/image\/"}}]}},"_links":{"self":[{"href":"https:\/\/www.tpa-group.hr\/de\/wp-json\/wp\/v2\/pages\/4479","targetHints":{"allow":["GET"]}}],"collection":[{"href":"https:\/\/www.tpa-group.hr\/de\/wp-json\/wp\/v2\/pages"}],"about":[{"href":"https:\/\/www.tpa-group.hr\/de\/wp-json\/wp\/v2\/types\/page"}],"author":[{"embeddable":true,"href":"https:\/\/www.tpa-group.hr\/de\/wp-json\/wp\/v2\/users\/13"}],"replies":[{"embeddable":true,"href":"https:\/\/www.tpa-group.hr\/de\/wp-json\/wp\/v2\/comments?post=4479"}],"version-history":[{"count":11,"href":"https:\/\/www.tpa-group.hr\/de\/wp-json\/wp\/v2\/pages\/4479\/revisions"}],"predecessor-version":[{"id":5332,"href":"https:\/\/www.tpa-group.hr\/de\/wp-json\/wp\/v2\/pages\/4479\/revisions\/5332"}],"wp:attachment":[{"href":"https:\/\/www.tpa-group.hr\/de\/wp-json\/wp\/v2\/media?parent=4479"}],"curies":[{"name":"wp","href":"https:\/\/api.w.org\/{rel}","templated":true}]}}