{"id":4164,"date":"2025-03-11T14:20:06","date_gmt":"2025-03-11T14:20:06","guid":{"rendered":"https:\/\/www.tpa-group.hr\/disclaimer"},"modified":"2025-04-07T10:53:57","modified_gmt":"2025-04-07T10:53:57","slug":"disclaimer","status":"publish","type":"page","link":"https:\/\/www.tpa-group.hr\/de\/disclaimer","title":{"rendered":"Disclaimer"},"content":{"rendered":"\t\t<div data-elementor-type=\"wp-page\" data-elementor-id=\"4164\" class=\"elementor elementor-4164 elementor-4143\" data-elementor-post-type=\"page\">\n\t\t\t\t\t\t<section class=\"elementor-section elementor-top-section elementor-element elementor-element-721753cb hero-banner elementor-section-boxed elementor-section-height-default elementor-section-height-default\" data-id=\"721753cb\" data-element_type=\"section\" data-settings=\"{&quot;background_background&quot;:&quot;classic&quot;}\">\n\t\t\t\t\t\t\t<div class=\"elementor-background-overlay\"><\/div>\n\t\t\t\t\t\t\t<div class=\"elementor-container elementor-column-gap-default\">\n\t\t\t\t\t<div class=\"elementor-column elementor-col-50 elementor-top-column elementor-element elementor-element-6acf4799\" data-id=\"6acf4799\" data-element_type=\"column\">\n\t\t\t<div class=\"elementor-widget-wrap elementor-element-populated\">\n\t\t\t\t\t\t<section class=\"elementor-section elementor-inner-section elementor-element elementor-element-69c3c27e hero-banner-breadcrumbs-container elementor-section-boxed elementor-section-height-default elementor-section-height-default\" data-id=\"69c3c27e\" data-element_type=\"section\">\n\t\t\t\t\t\t<div class=\"elementor-container elementor-column-gap-default\">\n\t\t\t\t\t<div class=\"elementor-column elementor-col-100 elementor-inner-column elementor-element elementor-element-5ad62f99\" data-id=\"5ad62f99\" data-element_type=\"column\">\n\t\t\t<div class=\"elementor-widget-wrap elementor-element-populated\">\n\t\t\t\t\t\t<div class=\"elementor-element elementor-element-74e5a6cf elementor-widget elementor-widget-heading\" data-id=\"74e5a6cf\" data-element_type=\"widget\" data-widget_type=\"heading.default\">\n\t\t\t\t<div class=\"elementor-widget-container\">\n\t\t\t\t\t<p class=\"elementor-heading-title elementor-size-default\"><a href=\"\/de\/\">Home |&nbsp;<\/a><\/p>\t\t\t\t<\/div>\n\t\t\t\t<\/div>\n\t\t\t\t<div class=\"elementor-element elementor-element-aeb1437 elementor-widget elementor-widget-heading\" data-id=\"aeb1437\" data-element_type=\"widget\" data-widget_type=\"heading.default\">\n\t\t\t\t<div class=\"elementor-widget-container\">\n\t\t\t\t\t<p class=\"elementor-heading-title elementor-size-default\">Disclaimer<\/p>\t\t\t\t<\/div>\n\t\t\t\t<\/div>\n\t\t\t\t\t<\/div>\n\t\t<\/div>\n\t\t\t\t\t<\/div>\n\t\t<\/section>\n\t\t\t\t<div class=\"elementor-element elementor-element-77df1814 elementor-widget elementor-widget-heading\" data-id=\"77df1814\" data-element_type=\"widget\" data-widget_type=\"heading.default\">\n\t\t\t\t<div class=\"elementor-widget-container\">\n\t\t\t\t\t<h1 class=\"elementor-heading-title elementor-size-default\">Disclaimer<\/h1>\t\t\t\t<\/div>\n\t\t\t\t<\/div>\n\t\t\t\t\t<\/div>\n\t\t<\/div>\n\t\t\t\t<div class=\"elementor-column elementor-col-50 elementor-top-column elementor-element elementor-element-4089c130\" data-id=\"4089c130\" data-element_type=\"column\">\n\t\t\t<div class=\"elementor-widget-wrap\">\n\t\t\t\t\t\t\t<\/div>\n\t\t<\/div>\n\t\t\t\t\t<\/div>\n\t\t<\/section>\n\t\t<div class=\"elementor-element elementor-element-d9937d2 page-content-container e-flex e-con-boxed e-con e-parent\" data-id=\"d9937d2\" data-element_type=\"container\" data-settings=\"{&quot;background_background&quot;:&quot;classic&quot;}\">\n\t\t\t\t\t<div class=\"e-con-inner\">\n\t\t\t\t<div class=\"elementor-element elementor-element-f294178 page-content-container elementor-widget elementor-widget-text-editor\" data-id=\"f294178\" data-element_type=\"widget\" data-widget_type=\"text-editor.default\">\n\t\t\t\t<div class=\"elementor-widget-container\">\n\t\t\t\t\t\t\t\t\t<p>Die auf dieser Website dargebotenen Informationen, Meinungen und Rechtsansichten dienen lediglich der allgemeinen Information. Die Anwendbarkeit und Wirkung der Gesetze kann unter Ber\u00fccksichtigung der jeweils konkreten Fakten weitl\u00e4ufig variieren. In Anbetracht der sich st\u00e4ndig \u00e4ndernden Rechtssprechung, Bestimmungen und Vorschriften sowie der der elektronischen Kommunikation innewohnenden Risiken k\u00f6nnen Verz\u00f6gerungen, Auslassungen oder Ungenauigkeiten der Informationen, die auf dieser Website dargestellt sind, auftreten. Dementsprechend ist f\u00fcr die Informationen, die auf dieser Website zur Verf\u00fcgung gestellt sind, zu ber\u00fccksichtigen, dass die dargestellten Informationen eine Beratung mit professionellen Steuer- oder Rechtsberatern nicht ersetzen k\u00f6nnen und sollen. Bevor Sie eine Entscheidung treffen, sollten Sie daher einen Berater der TPA konsultieren.<\/p><p>Obwohl jeder Versuch unternommen wird, dass die Informationen, die auf dieser Website beinhaltet sind, von verl\u00e4sslichen Quellen stammen, haften die TPA und die Autoren nicht f\u00fcr Fehler, Auslassungen oder das Ergebnis, welches Sie bei der Verwendung dieser Informationen erhalten. Alle Informationen auf dieser Website werden zur Verf\u00fcgung gestellt, ohne Anspruch auf Vollst\u00e4ndigkeit, Genauigkeit oder Rechtzeitigkeit zu erheben und ohne Garantie, f\u00fcr bestimmte Zwecke geeignet zu sein.<\/p><p>Die TPA sowie die Autoren \u00fcbernehmen keine Haftung f\u00fcr jegliche Entscheidungen und Handlungen, die im Vertrauen auf den Inhalt dieser Website gemacht werden oder f\u00fcr irgendwelche sich aus diesen Handlungen ergebenden Sch\u00e4den. Die TPA hat keinen Einfluss auf den Inhalt und die Gestaltung von verlinken Internetangeboten und macht sich dessen Inhalt nicht zu eigen. TPA \u00fcbernimmt keine Haftung f\u00fcr die Richtigkeit, Vollst\u00e4ndigkeit und Aktualit\u00e4t der verlinkten Internetangebote.<\/p><p>Die in der Website enthaltenen Elemente wie zB Texte, Bilder, Grafiken und Video-Dateien unterliegen dem Urheberschutz und dem Schutz des geistigen Eigentums. Diese Elemente d\u00fcrfen nicht ohne ausdr\u00fcckliche schriftliche Zustimmung von TPA an Dritte weiter gegeben, vervielf\u00e4ltigt oder anderw\u00e4rtig bearbeitet oder verarbeitet werden.<\/p><p>S\u00e4mtliche im Zusammenhang mit der Nutzung der Website entstehenden Rechtsstreitigkeiten unterliegen ausschlie\u00dflich \u00f6sterreichischem materiellen Recht. Als Gerichtsstand f\u00fcr alle sich mittelbar oder unmittelbar aus der Nutzung der Website ergebenden Streitigkeiten wird ausschlie\u00dflich das f\u00fcr Zagreb \u00f6rtlich und zust\u00e4ndige kr\u00f6atische Gericht vereinbart.<\/p><p>TPA haftet nicht f\u00fcr die st\u00f6rungsfreie Funktion der angebotenen Dienste. TPA ist berechtigt, jederzeit \u2013 auch ohne Vorank\u00fcndigung \u2013 sowohl einzelne Dienste als auch das gesamte unter der Website abrufbare Internetangebot vor\u00fcbergehend aber auch dauerhaft einzustellen.<\/p><p><strong>Zus\u00e4tzlich gilt f\u00fcr E-Mails:<\/strong><\/p><p>Informationen und Ausk\u00fcnfte an den Adressaten von E-Mails unterliegen den Vereinbarungen des zugrundeliegenden Anbotes und Auftrages, insbesondere auch den Allgemeinen Vertragsbedingungen (siehe unten).<\/p><p>Insbesondere ist vereinbart, dass Ausk\u00fcnfte per E-Mail samt Beilagen nur verbindlich sind, wenn sie mittels Brief oder Fax best\u00e4tigt werden. Die elektronische \u00dcbermittlung von Nachrichten erfolgt insbesondere hinsichtlich \u00dcbermittlungs- und Zustellproblemen, der Gefahr der Abwesenheit des Empf\u00e4ngers und der Gefahr der Verletzung der Geheimhaltung im Internet ausschlie\u00dflich auf Gefahr des Auftraggebers. Automatische Empfangs- und Lesebest\u00e4tigungen gelten nicht als Best\u00e4tigung des Erhaltes Ihrer Nachricht.<\/p><p><strong>DATENSCHUTZRECHTLICHER HINWEIS BETREFFEND Google Analytics<\/strong><\/p><p>Diese Website benutzt das externe Statistik-Tool \u201eGoogle Analytics\u201c (<a title=\"google analytics\" href=\"http:\/\/www.google.com\/analytics\/\" target=\"_blank\" rel=\"noopener\">www.google.com\/analytics<\/a>). Durch Benutzung dieser Website best\u00e4tigen Sie, dass Ihre Klick-Daten anonym f\u00fcr statistische Zwecke gespeichert und ausgewertet werden d\u00fcrfen.<\/p>\t\t\t\t\t\t\t\t<\/div>\n\t\t\t\t<\/div>\n\t\t\t\t\t<\/div>\n\t\t\t\t<\/div>\n\t\t\t\t<\/div>\n\t\t","protected":false},"excerpt":{"rendered":"<p>Home |&nbsp; Disclaimer Disclaimer Die auf dieser Website dargebotenen Informationen, Meinungen und Rechtsansichten dienen lediglich der allgemeinen Information. Die Anwendbarkeit und Wirkung der Gesetze kann unter Ber\u00fccksichtigung der jeweils konkreten Fakten weitl\u00e4ufig variieren. In Anbetracht der sich st\u00e4ndig \u00e4ndernden Rechtssprechung, Bestimmungen und Vorschriften sowie der der elektronischen Kommunikation innewohnenden Risiken k\u00f6nnen Verz\u00f6gerungen, Auslassungen oder Ungenauigkeiten [&hellip;]<\/p>\n","protected":false},"author":13,"featured_media":0,"parent":0,"menu_order":0,"comment_status":"closed","ping_status":"closed","template":"elementor_header_footer","meta":{"_acf_changed":false,"footnotes":""},"class_list":["post-4164","page","type-page","status-publish","hentry"],"acf":[],"yoast_head":"<!-- This site is optimized with the Yoast SEO plugin v26.0 - https:\/\/yoast.com\/wordpress\/plugins\/seo\/ -->\n<title>Disclaimer - TPA Hrvatska - TPA Croatia<\/title>\n<meta name=\"robots\" content=\"index, follow, max-snippet:-1, max-image-preview:large, max-video-preview:-1\" \/>\n<link rel=\"canonical\" href=\"https:\/\/www.tpa-group.hr\/de\/disclaimer\" \/>\n<meta property=\"og:locale\" content=\"de_DE\" \/>\n<meta property=\"og:type\" content=\"article\" \/>\n<meta property=\"og:title\" content=\"Disclaimer - TPA Hrvatska - TPA Croatia\" \/>\n<meta property=\"og:description\" content=\"Home |&nbsp; Disclaimer Disclaimer Die auf dieser Website dargebotenen Informationen, Meinungen und Rechtsansichten dienen lediglich der allgemeinen Information. Die Anwendbarkeit und Wirkung der Gesetze kann unter Ber\u00fccksichtigung der jeweils konkreten Fakten weitl\u00e4ufig variieren. In Anbetracht der sich st\u00e4ndig \u00e4ndernden Rechtssprechung, Bestimmungen und Vorschriften sowie der der elektronischen Kommunikation innewohnenden Risiken k\u00f6nnen Verz\u00f6gerungen, Auslassungen oder Ungenauigkeiten [&hellip;]\" \/>\n<meta property=\"og:url\" content=\"https:\/\/www.tpa-group.hr\/de\/disclaimer\" \/>\n<meta property=\"og:site_name\" content=\"TPA Hrvatska - TPA Croatia\" \/>\n<meta property=\"article:modified_time\" content=\"2025-04-07T10:53:57+00:00\" \/>\n<meta name=\"twitter:card\" content=\"summary_large_image\" \/>\n<meta name=\"twitter:label1\" content=\"Est. reading time\" \/>\n\t<meta name=\"twitter:data1\" content=\"3 Minuten\" \/>\n<script type=\"application\/ld+json\" class=\"yoast-schema-graph\">{\"@context\":\"https:\/\/schema.org\",\"@graph\":[{\"@type\":\"WebPage\",\"@id\":\"https:\/\/www.tpa-group.hr\/de\/disclaimer\",\"url\":\"https:\/\/www.tpa-group.hr\/de\/disclaimer\",\"name\":\"Disclaimer - TPA Hrvatska - TPA Croatia\",\"isPartOf\":{\"@id\":\"https:\/\/www.tpa-group.hr\/de#website\"},\"datePublished\":\"2025-03-11T14:20:06+00:00\",\"dateModified\":\"2025-04-07T10:53:57+00:00\",\"breadcrumb\":{\"@id\":\"https:\/\/www.tpa-group.hr\/de\/disclaimer#breadcrumb\"},\"inLanguage\":\"de-DE\",\"potentialAction\":[{\"@type\":\"ReadAction\",\"target\":[\"https:\/\/www.tpa-group.hr\/de\/disclaimer\"]}]},{\"@type\":\"BreadcrumbList\",\"@id\":\"https:\/\/www.tpa-group.hr\/de\/disclaimer#breadcrumb\",\"itemListElement\":[{\"@type\":\"ListItem\",\"position\":1,\"name\":\"Home\",\"item\":\"https:\/\/www.tpa-group.hr\/de\"},{\"@type\":\"ListItem\",\"position\":2,\"name\":\"Disclaimer\"}]},{\"@type\":\"WebSite\",\"@id\":\"https:\/\/www.tpa-group.hr\/de#website\",\"url\":\"https:\/\/www.tpa-group.hr\/de\",\"name\":\"TPA Hrvatska - TPA Croatia\",\"description\":\"Porezno savjetovanje\",\"publisher\":{\"@id\":\"https:\/\/www.tpa-group.hr\/de#organization\"},\"alternateName\":\"TPA\",\"potentialAction\":[{\"@type\":\"SearchAction\",\"target\":{\"@type\":\"EntryPoint\",\"urlTemplate\":\"https:\/\/www.tpa-group.hr\/de?s={search_term_string}\"},\"query-input\":{\"@type\":\"PropertyValueSpecification\",\"valueRequired\":true,\"valueName\":\"search_term_string\"}}],\"inLanguage\":\"de-DE\"},{\"@type\":\"Organization\",\"@id\":\"https:\/\/www.tpa-group.hr\/de#organization\",\"name\":\"TPA Hrvatska - TPA Croatia\",\"url\":\"https:\/\/www.tpa-group.hr\/de\",\"logo\":{\"@type\":\"ImageObject\",\"inLanguage\":\"de-DE\",\"@id\":\"https:\/\/www.tpa-group.hr\/de#\/schema\/logo\/image\/\",\"url\":\"https:\/\/www.tpa-group.hr\/app\/uploads\/sites\/5\/2025\/09\/WhatsApp-Image-2025-09-29-at-13.31.31-Photoroom.png\",\"contentUrl\":\"https:\/\/www.tpa-group.hr\/app\/uploads\/sites\/5\/2025\/09\/WhatsApp-Image-2025-09-29-at-13.31.31-Photoroom.png\",\"width\":709,\"height\":355,\"caption\":\"TPA Hrvatska - TPA Croatia\"},\"image\":{\"@id\":\"https:\/\/www.tpa-group.hr\/de#\/schema\/logo\/image\/\"}}]}<\/script>\n<!-- \/ Yoast SEO plugin. -->","yoast_head_json":{"title":"Disclaimer - TPA Hrvatska - TPA Croatia","robots":{"index":"index","follow":"follow","max-snippet":"max-snippet:-1","max-image-preview":"max-image-preview:large","max-video-preview":"max-video-preview:-1"},"canonical":"https:\/\/www.tpa-group.hr\/de\/disclaimer","og_locale":"de_DE","og_type":"article","og_title":"Disclaimer - TPA Hrvatska - TPA Croatia","og_description":"Home |&nbsp; Disclaimer Disclaimer Die auf dieser Website dargebotenen Informationen, Meinungen und Rechtsansichten dienen lediglich der allgemeinen Information. Die Anwendbarkeit und Wirkung der Gesetze kann unter Ber\u00fccksichtigung der jeweils konkreten Fakten weitl\u00e4ufig variieren. In Anbetracht der sich st\u00e4ndig \u00e4ndernden Rechtssprechung, Bestimmungen und Vorschriften sowie der der elektronischen Kommunikation innewohnenden Risiken k\u00f6nnen Verz\u00f6gerungen, Auslassungen oder Ungenauigkeiten [&hellip;]","og_url":"https:\/\/www.tpa-group.hr\/de\/disclaimer","og_site_name":"TPA Hrvatska - TPA Croatia","article_modified_time":"2025-04-07T10:53:57+00:00","twitter_card":"summary_large_image","twitter_misc":{"Est. reading time":"3 Minuten"},"schema":{"@context":"https:\/\/schema.org","@graph":[{"@type":"WebPage","@id":"https:\/\/www.tpa-group.hr\/de\/disclaimer","url":"https:\/\/www.tpa-group.hr\/de\/disclaimer","name":"Disclaimer - TPA Hrvatska - TPA Croatia","isPartOf":{"@id":"https:\/\/www.tpa-group.hr\/de#website"},"datePublished":"2025-03-11T14:20:06+00:00","dateModified":"2025-04-07T10:53:57+00:00","breadcrumb":{"@id":"https:\/\/www.tpa-group.hr\/de\/disclaimer#breadcrumb"},"inLanguage":"de-DE","potentialAction":[{"@type":"ReadAction","target":["https:\/\/www.tpa-group.hr\/de\/disclaimer"]}]},{"@type":"BreadcrumbList","@id":"https:\/\/www.tpa-group.hr\/de\/disclaimer#breadcrumb","itemListElement":[{"@type":"ListItem","position":1,"name":"Home","item":"https:\/\/www.tpa-group.hr\/de"},{"@type":"ListItem","position":2,"name":"Disclaimer"}]},{"@type":"WebSite","@id":"https:\/\/www.tpa-group.hr\/de#website","url":"https:\/\/www.tpa-group.hr\/de","name":"TPA Hrvatska - TPA Croatia","description":"Porezno savjetovanje","publisher":{"@id":"https:\/\/www.tpa-group.hr\/de#organization"},"alternateName":"TPA","potentialAction":[{"@type":"SearchAction","target":{"@type":"EntryPoint","urlTemplate":"https:\/\/www.tpa-group.hr\/de?s={search_term_string}"},"query-input":{"@type":"PropertyValueSpecification","valueRequired":true,"valueName":"search_term_string"}}],"inLanguage":"de-DE"},{"@type":"Organization","@id":"https:\/\/www.tpa-group.hr\/de#organization","name":"TPA Hrvatska - TPA Croatia","url":"https:\/\/www.tpa-group.hr\/de","logo":{"@type":"ImageObject","inLanguage":"de-DE","@id":"https:\/\/www.tpa-group.hr\/de#\/schema\/logo\/image\/","url":"https:\/\/www.tpa-group.hr\/app\/uploads\/sites\/5\/2025\/09\/WhatsApp-Image-2025-09-29-at-13.31.31-Photoroom.png","contentUrl":"https:\/\/www.tpa-group.hr\/app\/uploads\/sites\/5\/2025\/09\/WhatsApp-Image-2025-09-29-at-13.31.31-Photoroom.png","width":709,"height":355,"caption":"TPA Hrvatska - TPA Croatia"},"image":{"@id":"https:\/\/www.tpa-group.hr\/de#\/schema\/logo\/image\/"}}]}},"_links":{"self":[{"href":"https:\/\/www.tpa-group.hr\/de\/wp-json\/wp\/v2\/pages\/4164","targetHints":{"allow":["GET"]}}],"collection":[{"href":"https:\/\/www.tpa-group.hr\/de\/wp-json\/wp\/v2\/pages"}],"about":[{"href":"https:\/\/www.tpa-group.hr\/de\/wp-json\/wp\/v2\/types\/page"}],"author":[{"embeddable":true,"href":"https:\/\/www.tpa-group.hr\/de\/wp-json\/wp\/v2\/users\/13"}],"replies":[{"embeddable":true,"href":"https:\/\/www.tpa-group.hr\/de\/wp-json\/wp\/v2\/comments?post=4164"}],"version-history":[{"count":8,"href":"https:\/\/www.tpa-group.hr\/de\/wp-json\/wp\/v2\/pages\/4164\/revisions"}],"predecessor-version":[{"id":5404,"href":"https:\/\/www.tpa-group.hr\/de\/wp-json\/wp\/v2\/pages\/4164\/revisions\/5404"}],"wp:attachment":[{"href":"https:\/\/www.tpa-group.hr\/de\/wp-json\/wp\/v2\/media?parent=4164"}],"curies":[{"name":"wp","href":"https:\/\/api.w.org\/{rel}","templated":true}]}}