{"id":4118,"date":"2025-01-29T17:42:59","date_gmt":"2025-01-29T17:42:59","guid":{"rendered":"https:\/\/www.tpa-group.hr\/imprint"},"modified":"2025-04-07T10:52:59","modified_gmt":"2025-04-07T10:52:59","slug":"imprint","status":"publish","type":"page","link":"https:\/\/www.tpa-group.hr\/de\/imprint","title":{"rendered":"Impressum"},"content":{"rendered":"\t\t<div data-elementor-type=\"wp-page\" data-elementor-id=\"4118\" class=\"elementor elementor-4118 elementor-3065\" data-elementor-post-type=\"page\">\n\t\t\t\t<div class=\"elementor-element elementor-element-72f957c6 page-content-container e-flex e-con-boxed e-con e-parent\" data-id=\"72f957c6\" data-element_type=\"container\" data-settings=\"{&quot;background_background&quot;:&quot;classic&quot;}\">\n\t\t\t\t\t<div class=\"e-con-inner\">\n\t\t\t\t\t<\/div>\n\t\t\t\t<\/div>\n\t\t\t\t<section class=\"elementor-section elementor-top-section elementor-element elementor-element-17de9f83 hero-banner elementor-section-boxed elementor-section-height-default elementor-section-height-default\" data-id=\"17de9f83\" data-element_type=\"section\" data-settings=\"{&quot;background_background&quot;:&quot;classic&quot;}\">\n\t\t\t\t\t\t\t<div class=\"elementor-background-overlay\"><\/div>\n\t\t\t\t\t\t\t<div class=\"elementor-container elementor-column-gap-default\">\n\t\t\t\t\t<div class=\"elementor-column elementor-col-50 elementor-top-column elementor-element elementor-element-6518ae5e\" data-id=\"6518ae5e\" data-element_type=\"column\">\n\t\t\t<div class=\"elementor-widget-wrap elementor-element-populated\">\n\t\t\t\t\t\t<section class=\"elementor-section elementor-inner-section elementor-element elementor-element-59a9e33 hero-banner-breadcrumbs-container elementor-section-boxed elementor-section-height-default elementor-section-height-default\" data-id=\"59a9e33\" data-element_type=\"section\">\n\t\t\t\t\t\t<div class=\"elementor-container elementor-column-gap-default\">\n\t\t\t\t\t<div class=\"elementor-column elementor-col-100 elementor-inner-column elementor-element elementor-element-48092b54\" data-id=\"48092b54\" data-element_type=\"column\">\n\t\t\t<div class=\"elementor-widget-wrap elementor-element-populated\">\n\t\t\t\t\t\t<div class=\"elementor-element elementor-element-67e401ec elementor-widget elementor-widget-heading\" data-id=\"67e401ec\" data-element_type=\"widget\" data-widget_type=\"heading.default\">\n\t\t\t\t<div class=\"elementor-widget-container\">\n\t\t\t\t\t<p class=\"elementor-heading-title elementor-size-default\"><a href=\"\/de\/\">Home |&nbsp;<\/a><\/p>\t\t\t\t<\/div>\n\t\t\t\t<\/div>\n\t\t\t\t<div class=\"elementor-element elementor-element-57a956ff elementor-widget elementor-widget-heading\" data-id=\"57a956ff\" data-element_type=\"widget\" data-widget_type=\"heading.default\">\n\t\t\t\t<div class=\"elementor-widget-container\">\n\t\t\t\t\t<p class=\"elementor-heading-title elementor-size-default\">Impressum<\/p>\t\t\t\t<\/div>\n\t\t\t\t<\/div>\n\t\t\t\t\t<\/div>\n\t\t<\/div>\n\t\t\t\t\t<\/div>\n\t\t<\/section>\n\t\t\t\t<div class=\"elementor-element elementor-element-7af74bd7 elementor-widget elementor-widget-heading\" data-id=\"7af74bd7\" data-element_type=\"widget\" data-widget_type=\"heading.default\">\n\t\t\t\t<div class=\"elementor-widget-container\">\n\t\t\t\t\t<h1 class=\"elementor-heading-title elementor-size-default\">Impressum<\/h1>\t\t\t\t<\/div>\n\t\t\t\t<\/div>\n\t\t\t\t\t<\/div>\n\t\t<\/div>\n\t\t\t\t<div class=\"elementor-column elementor-col-50 elementor-top-column elementor-element elementor-element-777db1f5\" data-id=\"777db1f5\" data-element_type=\"column\">\n\t\t\t<div class=\"elementor-widget-wrap\">\n\t\t\t\t\t\t\t<\/div>\n\t\t<\/div>\n\t\t\t\t\t<\/div>\n\t\t<\/section>\n\t\t<div class=\"elementor-element elementor-element-43179b71 page-content-container e-flex e-con-boxed e-con e-parent\" data-id=\"43179b71\" data-element_type=\"container\" data-settings=\"{&quot;background_background&quot;:&quot;classic&quot;}\">\n\t\t\t\t\t<div class=\"e-con-inner\">\n\t\t\t\t<div class=\"elementor-element elementor-element-44b40e1 page-content-container elementor-widget elementor-widget-text-editor\" data-id=\"44b40e1\" data-element_type=\"widget\" data-widget_type=\"text-editor.default\">\n\t\t\t\t<div class=\"elementor-widget-container\">\n\t\t\t\t\t\t\t\t\t<div class=\"flex max-w-full flex-col flex-grow\"><div class=\"min-h-8 text-message relative flex w-full flex-col items-end gap-2 whitespace-normal break-words text-start [.text-message+&amp;]:mt-5\" dir=\"auto\" data-message-author-role=\"assistant\" data-message-id=\"dfd8279f-971d-43dd-a5f4-915410ac8d3e\" data-message-model-slug=\"gpt-4o\"><div class=\"flex w-full flex-col gap-1 empty:hidden first:pt-[3px]\"><div class=\"markdown prose w-full break-words dark:prose-invert light\"><p data-start=\"0\" data-end=\"27\"><strong data-start=\"0\" data-end=\"25\">Impressum TPA Croatia<\/strong><\/p><p data-start=\"29\" data-end=\"91\"><strong data-start=\"29\" data-end=\"89\">Informationen gem\u00e4\u00df Artikel 21 des Gesellschaftsgesetzes<\/strong><\/p><h3 data-start=\"93\" data-end=\"111\">Unternehmen:<\/h3><p data-start=\"112\" data-end=\"128\"><strong data-start=\"112\" data-end=\"126\">TPA d.o.o.<\/strong><\/p><p data-start=\"130\" data-end=\"190\"><strong data-start=\"130\" data-end=\"139\">Sitz:<\/strong><br data-start=\"139\" data-end=\"142\" \/>Josipa Marohni\u0107a 1\/1<br data-start=\"162\" data-end=\"165\" \/>10 000 Zagreb, Kroatien<\/p><p data-start=\"192\" data-end=\"252\"><strong data-start=\"192\" data-end=\"200\">Tel:<\/strong> +385 1 6461 780<br data-start=\"216\" data-end=\"219\" \/><strong data-start=\"219\" data-end=\"230\">E-Mail:<\/strong> <a rel=\"noopener\" data-start=\"231\" data-end=\"250\">office@tpa-group.hr<\/a><\/p><p data-start=\"254\" data-end=\"350\"><strong data-start=\"254\" data-end=\"278\">Firmeninformationen:<\/strong><br data-start=\"278\" data-end=\"281\" \/>MBS: 080988662<br data-start=\"295\" data-end=\"298\" \/>PIN: 18197068007<br data-start=\"314\" data-end=\"317\" \/>USt-IdNr.\/PDV ID: HR18197068007<\/p><p data-start=\"352\" data-end=\"454\"><strong data-start=\"352\" data-end=\"371\">Handelsgericht:<\/strong><br data-start=\"371\" data-end=\"374\" \/>Handelsgericht in Zagreb<br data-start=\"398\" data-end=\"401\" \/>Stammkapital: HRK 20.000,00, vollst\u00e4ndig eingezahlt<\/p><p data-start=\"456\" data-end=\"575\"><strong data-start=\"456\" data-end=\"475\">Bankverbindung:<\/strong><br data-start=\"475\" data-end=\"478\" \/>IBAN: HR7324020061100755587<br data-start=\"505\" data-end=\"508\" \/>Erste &amp; Steierm\u00e4rkische Bank d.d., Jadranski trg 3a, 51000 Rijeka<\/p><h3 data-start=\"577\" data-end=\"600\">Gesch\u00e4ftsf\u00fchrung:<\/h3><p data-start=\"601\" data-end=\"649\">Thomas Haneder<br data-start=\"615\" data-end=\"618\" \/>Bojan Huzani\u0107<br data-start=\"631\" data-end=\"634\" \/>Igor Arbutina<\/p><h3 data-start=\"656\" data-end=\"674\">Unternehmen:<\/h3><p data-start=\"675\" data-end=\"697\"><strong data-start=\"675\" data-end=\"695\">TPA Audit d.o.o.<\/strong><\/p><p data-start=\"699\" data-end=\"752\"><strong data-start=\"699\" data-end=\"711\">Adresse:<\/strong><br data-start=\"711\" data-end=\"714\" \/>Kneza Branimira 28, Prelog, Kroatien<\/p><p data-start=\"754\" data-end=\"814\"><strong data-start=\"754\" data-end=\"762\">Tel:<\/strong> +385 1 6461 780<br data-start=\"778\" data-end=\"781\" \/><strong data-start=\"781\" data-end=\"792\">E-Mail:<\/strong> <a rel=\"noopener\" data-start=\"793\" data-end=\"812\">office@tpa-group.hr<\/a><\/p><p data-start=\"816\" data-end=\"905\"><strong data-start=\"816\" data-end=\"840\">Firmeninformationen:<\/strong><br data-start=\"840\" data-end=\"843\" \/>MBS: 070143436<br data-start=\"857\" data-end=\"860\" \/>PIN: 82899666867<br data-start=\"876\" data-end=\"879\" \/>USt-IdNr.: HR82899666867<\/p><p data-start=\"907\" data-end=\"1011\"><strong data-start=\"907\" data-end=\"926\">Handelsgericht:<\/strong><br data-start=\"926\" data-end=\"929\" \/>Handelsgericht in Vara\u017edin<br data-start=\"955\" data-end=\"958\" \/>Stammkapital: HRK 20.000,00, vollst\u00e4ndig eingezahlt<\/p><p data-start=\"1013\" data-end=\"1129\"><strong data-start=\"1013\" data-end=\"1032\">Bankverbindung:<\/strong><br data-start=\"1032\" data-end=\"1035\" \/>IBAN: HR8524840081135296810<br data-start=\"1062\" data-end=\"1065\" \/>Raiffeisenbank Austria d.d., Magazinska cesta 69, 10000 Zagreb<\/p><h3 data-start=\"1131\" data-end=\"1154\">Gesch\u00e4ftsf\u00fchrung:<\/h3><p data-start=\"1155\" data-end=\"1184\" data-is-last-node=\"\" data-is-only-node=\"\">Bojan Huzani\u0107<br data-start=\"1168\" data-end=\"1171\" \/>Igor Arbutina<\/p><\/div><\/div><\/div><\/div>\t\t\t\t\t\t\t\t<\/div>\n\t\t\t\t<\/div>\n\t\t\t\t\t<\/div>\n\t\t\t\t<\/div>\n\t\t\t\t<\/div>\n\t\t","protected":false},"excerpt":{"rendered":"<p>Home |&nbsp; Impressum Impressum Impressum TPA Croatia Informationen gem\u00e4\u00df Artikel 21 des Gesellschaftsgesetzes Unternehmen: TPA d.o.o. Sitz:Josipa Marohni\u0107a 1\/110 000 Zagreb, Kroatien Tel: +385 1 6461 780E-Mail: office@tpa-group.hr Firmeninformationen:MBS: 080988662PIN: 18197068007USt-IdNr.\/PDV ID: HR18197068007 Handelsgericht:Handelsgericht in ZagrebStammkapital: HRK 20.000,00, vollst\u00e4ndig eingezahlt Bankverbindung:IBAN: HR7324020061100755587Erste &amp; Steierm\u00e4rkische Bank d.d., Jadranski trg 3a, 51000 Rijeka Gesch\u00e4ftsf\u00fchrung: Thomas HanederBojan Huzani\u0107Igor [&hellip;]<\/p>\n","protected":false},"author":13,"featured_media":0,"parent":0,"menu_order":0,"comment_status":"closed","ping_status":"closed","template":"elementor_header_footer","meta":{"_acf_changed":false,"footnotes":""},"class_list":["post-4118","page","type-page","status-publish","hentry"],"acf":[],"yoast_head":"<!-- This site is optimized with the Yoast SEO plugin v26.0 - https:\/\/yoast.com\/wordpress\/plugins\/seo\/ -->\n<title>Impressum - TPA Hrvatska - TPA Croatia<\/title>\n<meta name=\"robots\" content=\"index, follow, max-snippet:-1, max-image-preview:large, max-video-preview:-1\" \/>\n<link rel=\"canonical\" href=\"https:\/\/www.tpa-group.hr\/de\/imprint\" \/>\n<meta property=\"og:locale\" content=\"de_DE\" \/>\n<meta property=\"og:type\" content=\"article\" \/>\n<meta property=\"og:title\" content=\"Impressum - TPA Hrvatska - TPA Croatia\" \/>\n<meta property=\"og:description\" content=\"Home |&nbsp; Impressum Impressum Impressum TPA Croatia Informationen gem\u00e4\u00df Artikel 21 des Gesellschaftsgesetzes Unternehmen: TPA d.o.o. Sitz:Josipa Marohni\u0107a 1\/110 000 Zagreb, Kroatien Tel: +385 1 6461 780E-Mail: office@tpa-group.hr Firmeninformationen:MBS: 080988662PIN: 18197068007USt-IdNr.\/PDV ID: HR18197068007 Handelsgericht:Handelsgericht in ZagrebStammkapital: HRK 20.000,00, vollst\u00e4ndig eingezahlt Bankverbindung:IBAN: HR7324020061100755587Erste &amp; Steierm\u00e4rkische Bank d.d., Jadranski trg 3a, 51000 Rijeka Gesch\u00e4ftsf\u00fchrung: Thomas HanederBojan Huzani\u0107Igor [&hellip;]\" \/>\n<meta property=\"og:url\" content=\"https:\/\/www.tpa-group.hr\/de\/imprint\" \/>\n<meta property=\"og:site_name\" content=\"TPA Hrvatska - TPA Croatia\" \/>\n<meta property=\"article:modified_time\" content=\"2025-04-07T10:52:59+00:00\" \/>\n<meta name=\"twitter:card\" content=\"summary_large_image\" \/>\n<meta name=\"twitter:label1\" content=\"Est. reading time\" \/>\n\t<meta name=\"twitter:data1\" content=\"1 Minute\" \/>\n<script type=\"application\/ld+json\" class=\"yoast-schema-graph\">{\"@context\":\"https:\/\/schema.org\",\"@graph\":[{\"@type\":\"WebPage\",\"@id\":\"https:\/\/www.tpa-group.hr\/de\/imprint\",\"url\":\"https:\/\/www.tpa-group.hr\/de\/imprint\",\"name\":\"Impressum - TPA Hrvatska - TPA Croatia\",\"isPartOf\":{\"@id\":\"https:\/\/www.tpa-group.hr\/de#website\"},\"datePublished\":\"2025-01-29T17:42:59+00:00\",\"dateModified\":\"2025-04-07T10:52:59+00:00\",\"breadcrumb\":{\"@id\":\"https:\/\/www.tpa-group.hr\/de\/imprint#breadcrumb\"},\"inLanguage\":\"de-DE\",\"potentialAction\":[{\"@type\":\"ReadAction\",\"target\":[\"https:\/\/www.tpa-group.hr\/de\/imprint\"]}]},{\"@type\":\"BreadcrumbList\",\"@id\":\"https:\/\/www.tpa-group.hr\/de\/imprint#breadcrumb\",\"itemListElement\":[{\"@type\":\"ListItem\",\"position\":1,\"name\":\"Home\",\"item\":\"https:\/\/www.tpa-group.hr\/de\"},{\"@type\":\"ListItem\",\"position\":2,\"name\":\"Impressum\"}]},{\"@type\":\"WebSite\",\"@id\":\"https:\/\/www.tpa-group.hr\/de#website\",\"url\":\"https:\/\/www.tpa-group.hr\/de\",\"name\":\"TPA Hrvatska - TPA Croatia\",\"description\":\"Porezno savjetovanje\",\"publisher\":{\"@id\":\"https:\/\/www.tpa-group.hr\/de#organization\"},\"alternateName\":\"TPA\",\"potentialAction\":[{\"@type\":\"SearchAction\",\"target\":{\"@type\":\"EntryPoint\",\"urlTemplate\":\"https:\/\/www.tpa-group.hr\/de?s={search_term_string}\"},\"query-input\":{\"@type\":\"PropertyValueSpecification\",\"valueRequired\":true,\"valueName\":\"search_term_string\"}}],\"inLanguage\":\"de-DE\"},{\"@type\":\"Organization\",\"@id\":\"https:\/\/www.tpa-group.hr\/de#organization\",\"name\":\"TPA Hrvatska - TPA Croatia\",\"url\":\"https:\/\/www.tpa-group.hr\/de\",\"logo\":{\"@type\":\"ImageObject\",\"inLanguage\":\"de-DE\",\"@id\":\"https:\/\/www.tpa-group.hr\/de#\/schema\/logo\/image\/\",\"url\":\"https:\/\/www.tpa-group.hr\/app\/uploads\/sites\/5\/2025\/09\/WhatsApp-Image-2025-09-29-at-13.31.31-Photoroom.png\",\"contentUrl\":\"https:\/\/www.tpa-group.hr\/app\/uploads\/sites\/5\/2025\/09\/WhatsApp-Image-2025-09-29-at-13.31.31-Photoroom.png\",\"width\":709,\"height\":355,\"caption\":\"TPA Hrvatska - TPA Croatia\"},\"image\":{\"@id\":\"https:\/\/www.tpa-group.hr\/de#\/schema\/logo\/image\/\"}}]}<\/script>\n<!-- \/ Yoast SEO plugin. -->","yoast_head_json":{"title":"Impressum - TPA Hrvatska - TPA Croatia","robots":{"index":"index","follow":"follow","max-snippet":"max-snippet:-1","max-image-preview":"max-image-preview:large","max-video-preview":"max-video-preview:-1"},"canonical":"https:\/\/www.tpa-group.hr\/de\/imprint","og_locale":"de_DE","og_type":"article","og_title":"Impressum - TPA Hrvatska - TPA Croatia","og_description":"Home |&nbsp; Impressum Impressum Impressum TPA Croatia Informationen gem\u00e4\u00df Artikel 21 des Gesellschaftsgesetzes Unternehmen: TPA d.o.o. Sitz:Josipa Marohni\u0107a 1\/110 000 Zagreb, Kroatien Tel: +385 1 6461 780E-Mail: office@tpa-group.hr Firmeninformationen:MBS: 080988662PIN: 18197068007USt-IdNr.\/PDV ID: HR18197068007 Handelsgericht:Handelsgericht in ZagrebStammkapital: HRK 20.000,00, vollst\u00e4ndig eingezahlt Bankverbindung:IBAN: HR7324020061100755587Erste &amp; Steierm\u00e4rkische Bank d.d., Jadranski trg 3a, 51000 Rijeka Gesch\u00e4ftsf\u00fchrung: Thomas HanederBojan Huzani\u0107Igor [&hellip;]","og_url":"https:\/\/www.tpa-group.hr\/de\/imprint","og_site_name":"TPA Hrvatska - TPA Croatia","article_modified_time":"2025-04-07T10:52:59+00:00","twitter_card":"summary_large_image","twitter_misc":{"Est. reading time":"1 Minute"},"schema":{"@context":"https:\/\/schema.org","@graph":[{"@type":"WebPage","@id":"https:\/\/www.tpa-group.hr\/de\/imprint","url":"https:\/\/www.tpa-group.hr\/de\/imprint","name":"Impressum - TPA Hrvatska - TPA Croatia","isPartOf":{"@id":"https:\/\/www.tpa-group.hr\/de#website"},"datePublished":"2025-01-29T17:42:59+00:00","dateModified":"2025-04-07T10:52:59+00:00","breadcrumb":{"@id":"https:\/\/www.tpa-group.hr\/de\/imprint#breadcrumb"},"inLanguage":"de-DE","potentialAction":[{"@type":"ReadAction","target":["https:\/\/www.tpa-group.hr\/de\/imprint"]}]},{"@type":"BreadcrumbList","@id":"https:\/\/www.tpa-group.hr\/de\/imprint#breadcrumb","itemListElement":[{"@type":"ListItem","position":1,"name":"Home","item":"https:\/\/www.tpa-group.hr\/de"},{"@type":"ListItem","position":2,"name":"Impressum"}]},{"@type":"WebSite","@id":"https:\/\/www.tpa-group.hr\/de#website","url":"https:\/\/www.tpa-group.hr\/de","name":"TPA Hrvatska - TPA Croatia","description":"Porezno savjetovanje","publisher":{"@id":"https:\/\/www.tpa-group.hr\/de#organization"},"alternateName":"TPA","potentialAction":[{"@type":"SearchAction","target":{"@type":"EntryPoint","urlTemplate":"https:\/\/www.tpa-group.hr\/de?s={search_term_string}"},"query-input":{"@type":"PropertyValueSpecification","valueRequired":true,"valueName":"search_term_string"}}],"inLanguage":"de-DE"},{"@type":"Organization","@id":"https:\/\/www.tpa-group.hr\/de#organization","name":"TPA Hrvatska - TPA Croatia","url":"https:\/\/www.tpa-group.hr\/de","logo":{"@type":"ImageObject","inLanguage":"de-DE","@id":"https:\/\/www.tpa-group.hr\/de#\/schema\/logo\/image\/","url":"https:\/\/www.tpa-group.hr\/app\/uploads\/sites\/5\/2025\/09\/WhatsApp-Image-2025-09-29-at-13.31.31-Photoroom.png","contentUrl":"https:\/\/www.tpa-group.hr\/app\/uploads\/sites\/5\/2025\/09\/WhatsApp-Image-2025-09-29-at-13.31.31-Photoroom.png","width":709,"height":355,"caption":"TPA Hrvatska - TPA Croatia"},"image":{"@id":"https:\/\/www.tpa-group.hr\/de#\/schema\/logo\/image\/"}}]}},"_links":{"self":[{"href":"https:\/\/www.tpa-group.hr\/de\/wp-json\/wp\/v2\/pages\/4118","targetHints":{"allow":["GET"]}}],"collection":[{"href":"https:\/\/www.tpa-group.hr\/de\/wp-json\/wp\/v2\/pages"}],"about":[{"href":"https:\/\/www.tpa-group.hr\/de\/wp-json\/wp\/v2\/types\/page"}],"author":[{"embeddable":true,"href":"https:\/\/www.tpa-group.hr\/de\/wp-json\/wp\/v2\/users\/13"}],"replies":[{"embeddable":true,"href":"https:\/\/www.tpa-group.hr\/de\/wp-json\/wp\/v2\/comments?post=4118"}],"version-history":[{"count":12,"href":"https:\/\/www.tpa-group.hr\/de\/wp-json\/wp\/v2\/pages\/4118\/revisions"}],"predecessor-version":[{"id":5398,"href":"https:\/\/www.tpa-group.hr\/de\/wp-json\/wp\/v2\/pages\/4118\/revisions\/5398"}],"wp:attachment":[{"href":"https:\/\/www.tpa-group.hr\/de\/wp-json\/wp\/v2\/media?parent=4118"}],"curies":[{"name":"wp","href":"https:\/\/api.w.org\/{rel}","templated":true}]}}