{"id":3904,"date":"2025-01-27T07:56:00","date_gmt":"2025-01-27T07:56:00","guid":{"rendered":"https:\/\/www.tpa-group.hr\/nasa-filozofija"},"modified":"2025-03-29T17:15:17","modified_gmt":"2025-03-29T17:15:17","slug":"unsere-philosophie","status":"publish","type":"page","link":"https:\/\/www.tpa-group.hr\/de\/unsere-philosophie","title":{"rendered":"Unsere Philosophie"},"content":{"rendered":"\t\t<div data-elementor-type=\"wp-page\" data-elementor-id=\"3904\" class=\"elementor elementor-3904 elementor-2918\" data-elementor-post-type=\"page\">\n\t\t\t\t\t\t<section class=\"elementor-section elementor-top-section elementor-element elementor-element-6d3dfa11 hero-banner elementor-section-boxed elementor-section-height-default elementor-section-height-default\" data-id=\"6d3dfa11\" data-element_type=\"section\" data-settings=\"{&quot;background_background&quot;:&quot;classic&quot;}\">\n\t\t\t\t\t\t\t<div class=\"elementor-background-overlay\"><\/div>\n\t\t\t\t\t\t\t<div class=\"elementor-container elementor-column-gap-default\">\n\t\t\t\t\t<div class=\"elementor-column elementor-col-50 elementor-top-column elementor-element elementor-element-7705abbe\" data-id=\"7705abbe\" data-element_type=\"column\">\n\t\t\t<div class=\"elementor-widget-wrap elementor-element-populated\">\n\t\t\t\t\t\t<section class=\"elementor-section elementor-inner-section elementor-element elementor-element-d27858 hero-banner-breadcrumbs-container elementor-section-boxed elementor-section-height-default elementor-section-height-default\" data-id=\"d27858\" data-element_type=\"section\">\n\t\t\t\t\t\t<div class=\"elementor-container elementor-column-gap-default\">\n\t\t\t\t\t<div class=\"elementor-column elementor-col-100 elementor-inner-column elementor-element elementor-element-6034bb49\" data-id=\"6034bb49\" data-element_type=\"column\">\n\t\t\t<div class=\"elementor-widget-wrap elementor-element-populated\">\n\t\t\t\t\t\t<div class=\"elementor-element elementor-element-6efc58b2 elementor-widget elementor-widget-heading\" data-id=\"6efc58b2\" data-element_type=\"widget\" data-widget_type=\"heading.default\">\n\t\t\t\t<div class=\"elementor-widget-container\">\n\t\t\t\t\t<p class=\"elementor-heading-title elementor-size-default\"><a href=\"\/de\/\">Home |&nbsp;<\/a><\/p>\t\t\t\t<\/div>\n\t\t\t\t<\/div>\n\t\t\t\t<div class=\"elementor-element elementor-element-7f6d3740 elementor-widget elementor-widget-heading\" data-id=\"7f6d3740\" data-element_type=\"widget\" data-widget_type=\"heading.default\">\n\t\t\t\t<div class=\"elementor-widget-container\">\n\t\t\t\t\t<p class=\"elementor-heading-title elementor-size-default\">Unsere Philosophie<\/p>\t\t\t\t<\/div>\n\t\t\t\t<\/div>\n\t\t\t\t\t<\/div>\n\t\t<\/div>\n\t\t\t\t\t<\/div>\n\t\t<\/section>\n\t\t\t\t<div class=\"elementor-element elementor-element-2da34cce elementor-widget elementor-widget-heading\" data-id=\"2da34cce\" data-element_type=\"widget\" data-widget_type=\"heading.default\">\n\t\t\t\t<div class=\"elementor-widget-container\">\n\t\t\t\t\t<h1 class=\"elementor-heading-title elementor-size-default\">Unsere Philosophie<\/h1>\t\t\t\t<\/div>\n\t\t\t\t<\/div>\n\t\t\t\t<div class=\"elementor-element elementor-element-2b2ef649 elementor-widget elementor-widget-text-editor\" data-id=\"2b2ef649\" data-element_type=\"widget\" data-widget_type=\"text-editor.default\">\n\t\t\t\t<div class=\"elementor-widget-container\">\n\t\t\t\t\t\t\t\t\t<p><strong>Die TPA Gruppe sieht sich als Ihr Partner \u2013 auf Augenh\u00f6he \u2013 ein Partner, auf den Sie sich jederzeit verlassen k\u00f6nnen. F\u00fcr uns gilt:<\/strong><\/p><p>Nur wer auf gleicher Ebene kommuniziert und sich mit jedem Projekt identifizieren kann, findet die bestm\u00f6gliche L\u00f6sung. Genau das verstehen wir unter Face-to-Face-Business. Wir setzen dies tagt\u00e4glich um \u2013 sowohl lokal als auch international \u2013 in den Bereichen <span style=\"text-decoration: underline;\"><a href=\"https:\/\/www.tpa-group.hr\/de\/the-tpa-services-de\/tax-advisory\"><strong>Steuerberatung<\/strong><\/a>, <a href=\"https:\/\/www.tpa-group.hr\/de\/the-tpa-services-de\/accounting\"><strong>Rechnungswesen<\/strong><\/a>, <a href=\"https:\/\/www.tpa-group.hr\/de\/the-tpa-services-de\/audit\"><strong>Wirtschaftspr\u00fcfung<\/strong><\/a> und <a href=\"https:\/\/www.tpa-group.hr\/de\/the-tpa-services-de\/advisory\"><strong>Finanzberatung<\/strong><\/a><\/span>.<\/p>\t\t\t\t\t\t\t\t<\/div>\n\t\t\t\t<\/div>\n\t\t\t\t\t<\/div>\n\t\t<\/div>\n\t\t\t\t<div class=\"elementor-column elementor-col-50 elementor-top-column elementor-element elementor-element-1f05bd78\" data-id=\"1f05bd78\" data-element_type=\"column\">\n\t\t\t<div class=\"elementor-widget-wrap\">\n\t\t\t\t\t\t\t<\/div>\n\t\t<\/div>\n\t\t\t\t\t<\/div>\n\t\t<\/section>\n\t\t<div class=\"elementor-element elementor-element-69312f page-content-container e-flex e-con-boxed e-con e-parent\" data-id=\"69312f\" data-element_type=\"container\" data-settings=\"{&quot;background_background&quot;:&quot;classic&quot;}\">\n\t\t\t\t\t<div class=\"e-con-inner\">\n\t\t\t\t<div class=\"elementor-element elementor-element-0c9c7ed elementor-widget__width-initial elementor-widget elementor-widget-heading\" data-id=\"0c9c7ed\" data-element_type=\"widget\" data-widget_type=\"heading.default\">\n\t\t\t\t<div class=\"elementor-widget-container\">\n\t\t\t\t\t<h2 class=\"elementor-heading-title elementor-size-default\">Face-to-Face-Business. Denn der Kunde steht im Mittelpunkt.<\/h2>\t\t\t\t<\/div>\n\t\t\t\t<\/div>\n\t\t\t\t<div class=\"elementor-element elementor-element-76fc928 elementor-widget__width-initial elementor-widget elementor-widget-text-editor\" data-id=\"76fc928\" data-element_type=\"widget\" data-widget_type=\"text-editor.default\">\n\t\t\t\t<div class=\"elementor-widget-container\">\n\t\t\t\t\t\t\t\t\tWir verstehen Ihre Sprache, kennen Ihr Gesch\u00e4ft und sind Ihren Bed\u00fcrfnissen verpflichtet.\n\nJede Beratung beginnt mit einem ausf\u00fchrlichen Gespr\u00e4ch. Auf dieser Grundlage entwickeln wir gemeinsam mit Ihnen die beste L\u00f6sung und unterst\u00fctzen Sie bei deren Umsetzung.\n\nUnsere Experten haben ein Gesp\u00fcr f\u00fcr Ihre individuelle Situation, k\u00f6nnen \u201ezwischen den Zeilen\u201c der Zahlen lesen und konzentrieren sich dabei auf das Wesentliche: Ihren Erfolg.\t\t\t\t\t\t\t\t<\/div>\n\t\t\t\t<\/div>\n\t\t\t\t<div class=\"elementor-element elementor-element-da832ba elementor-widget__width-initial elementor-widget elementor-widget-heading\" data-id=\"da832ba\" data-element_type=\"widget\" data-widget_type=\"heading.default\">\n\t\t\t\t<div class=\"elementor-widget-container\">\n\t\t\t\t\t<h2 class=\"elementor-heading-title elementor-size-default\">Die Gr\u00f6\u00dfe spielt keine Rolle. Ihre Bed\u00fcrfnisse sind das, was z\u00e4hlt.<\/h2>\t\t\t\t<\/div>\n\t\t\t\t<\/div>\n\t\t\t\t<div class=\"elementor-element elementor-element-12462a5 elementor-widget__width-initial elementor-widget elementor-widget-text-editor\" data-id=\"12462a5\" data-element_type=\"widget\" data-widget_type=\"text-editor.default\">\n\t\t\t\t<div class=\"elementor-widget-container\">\n\t\t\t\t\t\t\t\t\t<div class=\"elementor-element elementor-element-f151aac elementor-widget elementor-widget-heading\" data-id=\"f151aac\" data-element_type=\"widget\" data-widget_type=\"heading.default\"><div class=\"elementor-widget-container\"><p class=\"elementor-heading-title elementor-size-default\"><span style=\"font-size: 16px;\"> Suchen Sie einen Partner f\u00fcr die Buchhaltung, strategische Entscheidungen oder die Vorbereitung auf eine Pr\u00fcfung? Bei TPA konzentrieren wir uns auf Ihre Bed\u00fcrfnisse. Wir lieben Herausforderungen, arbeiten zuverl\u00e4ssig und kreativ und bieten schnelle sowie kompetente L\u00f6sungen. Dies gilt f\u00fcr kleine und mittelst\u00e4ndische Unternehmen ebenso wie f\u00fcr Unternehmensgruppen oder \u00f6ffentliche Institutionen. <\/span><\/p><\/div><\/div>\t\t\t\t\t\t\t\t<\/div>\n\t\t\t\t<\/div>\n\t\t\t\t<div class=\"elementor-element elementor-element-79e09fc elementor-widget__width-initial elementor-widget elementor-widget-heading\" data-id=\"79e09fc\" data-element_type=\"widget\" data-widget_type=\"heading.default\">\n\t\t\t\t<div class=\"elementor-widget-container\">\n\t\t\t\t\t<h2 class=\"elementor-heading-title elementor-size-default\">Lokal, regional, international. Ein Partner, der stets an Ihrer Seite ist.<\/h2>\t\t\t\t<\/div>\n\t\t\t\t<\/div>\n\t\t\t\t<div class=\"elementor-element elementor-element-05416db elementor-widget__width-initial elementor-widget elementor-widget-text-editor\" data-id=\"05416db\" data-element_type=\"widget\" data-widget_type=\"text-editor.default\">\n\t\t\t\t<div class=\"elementor-widget-container\">\n\t\t\t\t\t\t\t\t\t<div class=\"elementor-element elementor-element-f151aac elementor-widget elementor-widget-heading\" data-id=\"f151aac\" data-element_type=\"widget\" data-widget_type=\"heading.default\"><div class=\"elementor-widget-container\"><p data-start=\"0\" data-end=\"71\"><strong data-start=\"0\" data-end=\"69\">Wo immer unsere Kunden uns brauchen \u2013 wir sind nie weit entfernt.<\/strong><\/p><p data-start=\"73\" data-end=\"355\">Wir bieten erstklassigen Service und individuelle Unterst\u00fctzung vor Ort. Die TPA Gruppe ist ein unabh\u00e4ngiges Mitglied der Baker Tilly Europe Alliance, wodurch unsere Kunden Zugang zu einem globalen Netzwerk von Steuerberatern, Wirtschaftspr\u00fcfern und Unternehmensberatern erhalten.<\/p><p data-start=\"357\" data-end=\"596\" data-is-last-node=\"\" data-is-only-node=\"\">Das <strong data-start=\"361\" data-end=\"390\">Baker Tilly International<\/strong> Netzwerk umfasst derzeit <strong data-start=\"416\" data-end=\"461\">126 unabh\u00e4ngige Mitglieder in 148 L\u00e4ndern<\/strong>, besch\u00e4ftigt insgesamt <strong data-start=\"485\" data-end=\"520\">38.600 Mitarbeiter in 706 B\u00fcros<\/strong> und geh\u00f6rt damit zu den <strong data-start=\"545\" data-end=\"595\">Top 10 der weltweit gr\u00f6\u00dften Beratungsnetzwerke<\/strong>.<\/p><\/div><\/div>\t\t\t\t\t\t\t\t<\/div>\n\t\t\t\t<\/div>\n\t\t\t\t<div class=\"elementor-element elementor-element-60efae6 elementor-widget__width-initial elementor-widget elementor-widget-heading\" data-id=\"60efae6\" data-element_type=\"widget\" data-widget_type=\"heading.default\">\n\t\t\t\t<div class=\"elementor-widget-container\">\n\t\t\t\t\t<h2 class=\"elementor-heading-title elementor-size-default\">Raum f\u00fcr Entwicklung. Wir f\u00f6rdern individuelles Wachstum.<\/h2>\t\t\t\t<\/div>\n\t\t\t\t<\/div>\n\t\t\t\t<div class=\"elementor-element elementor-element-0e36ce7 elementor-widget__width-initial elementor-widget elementor-widget-text-editor\" data-id=\"0e36ce7\" data-element_type=\"widget\" data-widget_type=\"text-editor.default\">\n\t\t\t\t<div class=\"elementor-widget-container\">\n\t\t\t\t\t\t\t\t\t<div class=\"elementor-element elementor-element-f151aac elementor-widget elementor-widget-heading\" data-id=\"f151aac\" data-element_type=\"widget\" data-widget_type=\"heading.default\"><div class=\"elementor-widget-container\"><div class=\"elementor-element elementor-element-48f305e elementor-widget elementor-widget-text-editor\" data-id=\"48f305e\" data-element_type=\"widget\" data-widget_type=\"text-editor.default\"><div class=\"elementor-widget-container\"><p>Wer bei TPA arbeitet, liefert t\u00e4glich herausragende Ergebnisse. Wir unterst\u00fctzen ihre kontinuierliche Weiterentwicklung.<br \/>Dazu bieten wir nicht nur ein breites Spektrum an <strong>Karrierem\u00f6glichkeiten<\/strong> und Weiterbildungen, sondern vor allem eines: Raum f\u00fcr individuelle Entwicklung.<br \/>Menschen k\u00f6nnen ihre St\u00e4rken nur dann entfalten, wenn sie mit ihrer Arbeit zufrieden sind und das Arbeitsumfeld positiv ist.<\/p><ul><li><strong>TPA Gruppe: <span style=\"text-decoration: underline;\"><a href=\"http:\/\/www.tpa-group.com\/en\/about-us\/cee-network\" target=\"_blank\" rel=\"noopener\">Unsere Standorte in Mittel- und S\u00fcdosteuropa<\/a><\/span><\/strong><\/li><\/ul><ul><li><a href=\"https:\/\/www.tpa-group.hr\/de\/knowhow?type=news\"><strong><span style=\"text-decoration: underline;\">TPA News<\/span><\/strong><\/a>: Steuer- und Finanznachrichten aus der CEE\/SEE-Region.<\/li><\/ul><\/div><\/div><div class=\"elementor-element elementor-element-e0d83e4 elementor-widget elementor-widget-text-editor\" data-id=\"e0d83e4\" data-element_type=\"widget\" data-widget_type=\"text-editor.default\"><div class=\"elementor-widget-container\"><span style=\"text-decoration: underline;\"><a href=\"\/app\/uploads\/sites\/10\/2024\/06\/Code_of_conduct_TPA-Croatia-1.pdf\"><strong>TPA Verhaltenskodex<\/strong><\/a><\/span><\/div><\/div><\/div><\/div>\t\t\t\t\t\t\t\t<\/div>\n\t\t\t\t<\/div>\n\t\t\t\t\t<\/div>\n\t\t\t\t<\/div>\n\t\t\t\t<\/div>\n\t\t","protected":false},"excerpt":{"rendered":"<p>Home |&nbsp; Unsere Philosophie Unsere Philosophie Die TPA Gruppe sieht sich als Ihr Partner \u2013 auf Augenh\u00f6he \u2013 ein Partner, auf den Sie sich jederzeit verlassen k\u00f6nnen. F\u00fcr uns gilt: Nur wer auf gleicher Ebene kommuniziert und sich mit jedem Projekt identifizieren kann, findet die bestm\u00f6gliche L\u00f6sung. Genau das verstehen wir unter Face-to-Face-Business. Wir setzen [&hellip;]<\/p>\n","protected":false},"author":13,"featured_media":0,"parent":0,"menu_order":0,"comment_status":"closed","ping_status":"closed","template":"elementor_header_footer","meta":{"_acf_changed":false,"footnotes":""},"class_list":["post-3904","page","type-page","status-publish","hentry"],"acf":[],"yoast_head":"<!-- This site is optimized with the Yoast SEO plugin v26.0 - https:\/\/yoast.com\/wordpress\/plugins\/seo\/ -->\n<title>Unsere Philosophie - TPA Hrvatska - TPA Croatia<\/title>\n<meta name=\"robots\" content=\"index, follow, max-snippet:-1, max-image-preview:large, max-video-preview:-1\" \/>\n<link rel=\"canonical\" href=\"https:\/\/www.tpa-group.hr\/de\/unsere-philosophie\" \/>\n<meta property=\"og:locale\" content=\"de_DE\" \/>\n<meta property=\"og:type\" content=\"article\" \/>\n<meta property=\"og:title\" content=\"Unsere Philosophie - TPA Hrvatska - TPA Croatia\" \/>\n<meta property=\"og:description\" content=\"Home |&nbsp; Unsere Philosophie Unsere Philosophie Die TPA Gruppe sieht sich als Ihr Partner \u2013 auf Augenh\u00f6he \u2013 ein Partner, auf den Sie sich jederzeit verlassen k\u00f6nnen. F\u00fcr uns gilt: Nur wer auf gleicher Ebene kommuniziert und sich mit jedem Projekt identifizieren kann, findet die bestm\u00f6gliche L\u00f6sung. Genau das verstehen wir unter Face-to-Face-Business. Wir setzen [&hellip;]\" \/>\n<meta property=\"og:url\" content=\"https:\/\/www.tpa-group.hr\/de\/unsere-philosophie\" \/>\n<meta property=\"og:site_name\" content=\"TPA Hrvatska - TPA Croatia\" \/>\n<meta property=\"article:modified_time\" content=\"2025-03-29T17:15:17+00:00\" \/>\n<meta name=\"twitter:card\" content=\"summary_large_image\" \/>\n<meta name=\"twitter:label1\" content=\"Est. reading time\" \/>\n\t<meta name=\"twitter:data1\" content=\"4 Minuten\" \/>\n<script type=\"application\/ld+json\" class=\"yoast-schema-graph\">{\"@context\":\"https:\/\/schema.org\",\"@graph\":[{\"@type\":\"WebPage\",\"@id\":\"https:\/\/www.tpa-group.hr\/de\/unsere-philosophie\",\"url\":\"https:\/\/www.tpa-group.hr\/de\/unsere-philosophie\",\"name\":\"Unsere Philosophie - TPA Hrvatska - TPA Croatia\",\"isPartOf\":{\"@id\":\"https:\/\/www.tpa-group.hr\/de#website\"},\"datePublished\":\"2025-01-27T07:56:00+00:00\",\"dateModified\":\"2025-03-29T17:15:17+00:00\",\"breadcrumb\":{\"@id\":\"https:\/\/www.tpa-group.hr\/de\/unsere-philosophie#breadcrumb\"},\"inLanguage\":\"de-DE\",\"potentialAction\":[{\"@type\":\"ReadAction\",\"target\":[\"https:\/\/www.tpa-group.hr\/de\/unsere-philosophie\"]}]},{\"@type\":\"BreadcrumbList\",\"@id\":\"https:\/\/www.tpa-group.hr\/de\/unsere-philosophie#breadcrumb\",\"itemListElement\":[{\"@type\":\"ListItem\",\"position\":1,\"name\":\"Home\",\"item\":\"https:\/\/www.tpa-group.hr\/de\"},{\"@type\":\"ListItem\",\"position\":2,\"name\":\"Unsere Philosophie\"}]},{\"@type\":\"WebSite\",\"@id\":\"https:\/\/www.tpa-group.hr\/de#website\",\"url\":\"https:\/\/www.tpa-group.hr\/de\",\"name\":\"TPA Hrvatska - TPA Croatia\",\"description\":\"Porezno savjetovanje\",\"publisher\":{\"@id\":\"https:\/\/www.tpa-group.hr\/de#organization\"},\"alternateName\":\"TPA\",\"potentialAction\":[{\"@type\":\"SearchAction\",\"target\":{\"@type\":\"EntryPoint\",\"urlTemplate\":\"https:\/\/www.tpa-group.hr\/de?s={search_term_string}\"},\"query-input\":{\"@type\":\"PropertyValueSpecification\",\"valueRequired\":true,\"valueName\":\"search_term_string\"}}],\"inLanguage\":\"de-DE\"},{\"@type\":\"Organization\",\"@id\":\"https:\/\/www.tpa-group.hr\/de#organization\",\"name\":\"TPA Hrvatska - TPA Croatia\",\"url\":\"https:\/\/www.tpa-group.hr\/de\",\"logo\":{\"@type\":\"ImageObject\",\"inLanguage\":\"de-DE\",\"@id\":\"https:\/\/www.tpa-group.hr\/de#\/schema\/logo\/image\/\",\"url\":\"https:\/\/www.tpa-group.hr\/app\/uploads\/sites\/5\/2025\/09\/WhatsApp-Image-2025-09-29-at-13.31.31-Photoroom.png\",\"contentUrl\":\"https:\/\/www.tpa-group.hr\/app\/uploads\/sites\/5\/2025\/09\/WhatsApp-Image-2025-09-29-at-13.31.31-Photoroom.png\",\"width\":709,\"height\":355,\"caption\":\"TPA Hrvatska - TPA Croatia\"},\"image\":{\"@id\":\"https:\/\/www.tpa-group.hr\/de#\/schema\/logo\/image\/\"}}]}<\/script>\n<!-- \/ Yoast SEO plugin. -->","yoast_head_json":{"title":"Unsere Philosophie - TPA Hrvatska - TPA Croatia","robots":{"index":"index","follow":"follow","max-snippet":"max-snippet:-1","max-image-preview":"max-image-preview:large","max-video-preview":"max-video-preview:-1"},"canonical":"https:\/\/www.tpa-group.hr\/de\/unsere-philosophie","og_locale":"de_DE","og_type":"article","og_title":"Unsere Philosophie - TPA Hrvatska - TPA Croatia","og_description":"Home |&nbsp; Unsere Philosophie Unsere Philosophie Die TPA Gruppe sieht sich als Ihr Partner \u2013 auf Augenh\u00f6he \u2013 ein Partner, auf den Sie sich jederzeit verlassen k\u00f6nnen. F\u00fcr uns gilt: Nur wer auf gleicher Ebene kommuniziert und sich mit jedem Projekt identifizieren kann, findet die bestm\u00f6gliche L\u00f6sung. Genau das verstehen wir unter Face-to-Face-Business. Wir setzen [&hellip;]","og_url":"https:\/\/www.tpa-group.hr\/de\/unsere-philosophie","og_site_name":"TPA Hrvatska - TPA Croatia","article_modified_time":"2025-03-29T17:15:17+00:00","twitter_card":"summary_large_image","twitter_misc":{"Est. reading time":"4 Minuten"},"schema":{"@context":"https:\/\/schema.org","@graph":[{"@type":"WebPage","@id":"https:\/\/www.tpa-group.hr\/de\/unsere-philosophie","url":"https:\/\/www.tpa-group.hr\/de\/unsere-philosophie","name":"Unsere Philosophie - TPA Hrvatska - TPA Croatia","isPartOf":{"@id":"https:\/\/www.tpa-group.hr\/de#website"},"datePublished":"2025-01-27T07:56:00+00:00","dateModified":"2025-03-29T17:15:17+00:00","breadcrumb":{"@id":"https:\/\/www.tpa-group.hr\/de\/unsere-philosophie#breadcrumb"},"inLanguage":"de-DE","potentialAction":[{"@type":"ReadAction","target":["https:\/\/www.tpa-group.hr\/de\/unsere-philosophie"]}]},{"@type":"BreadcrumbList","@id":"https:\/\/www.tpa-group.hr\/de\/unsere-philosophie#breadcrumb","itemListElement":[{"@type":"ListItem","position":1,"name":"Home","item":"https:\/\/www.tpa-group.hr\/de"},{"@type":"ListItem","position":2,"name":"Unsere Philosophie"}]},{"@type":"WebSite","@id":"https:\/\/www.tpa-group.hr\/de#website","url":"https:\/\/www.tpa-group.hr\/de","name":"TPA Hrvatska - TPA Croatia","description":"Porezno savjetovanje","publisher":{"@id":"https:\/\/www.tpa-group.hr\/de#organization"},"alternateName":"TPA","potentialAction":[{"@type":"SearchAction","target":{"@type":"EntryPoint","urlTemplate":"https:\/\/www.tpa-group.hr\/de?s={search_term_string}"},"query-input":{"@type":"PropertyValueSpecification","valueRequired":true,"valueName":"search_term_string"}}],"inLanguage":"de-DE"},{"@type":"Organization","@id":"https:\/\/www.tpa-group.hr\/de#organization","name":"TPA Hrvatska - TPA Croatia","url":"https:\/\/www.tpa-group.hr\/de","logo":{"@type":"ImageObject","inLanguage":"de-DE","@id":"https:\/\/www.tpa-group.hr\/de#\/schema\/logo\/image\/","url":"https:\/\/www.tpa-group.hr\/app\/uploads\/sites\/5\/2025\/09\/WhatsApp-Image-2025-09-29-at-13.31.31-Photoroom.png","contentUrl":"https:\/\/www.tpa-group.hr\/app\/uploads\/sites\/5\/2025\/09\/WhatsApp-Image-2025-09-29-at-13.31.31-Photoroom.png","width":709,"height":355,"caption":"TPA Hrvatska - TPA Croatia"},"image":{"@id":"https:\/\/www.tpa-group.hr\/de#\/schema\/logo\/image\/"}}]}},"_links":{"self":[{"href":"https:\/\/www.tpa-group.hr\/de\/wp-json\/wp\/v2\/pages\/3904","targetHints":{"allow":["GET"]}}],"collection":[{"href":"https:\/\/www.tpa-group.hr\/de\/wp-json\/wp\/v2\/pages"}],"about":[{"href":"https:\/\/www.tpa-group.hr\/de\/wp-json\/wp\/v2\/types\/page"}],"author":[{"embeddable":true,"href":"https:\/\/www.tpa-group.hr\/de\/wp-json\/wp\/v2\/users\/13"}],"replies":[{"embeddable":true,"href":"https:\/\/www.tpa-group.hr\/de\/wp-json\/wp\/v2\/comments?post=3904"}],"version-history":[{"count":11,"href":"https:\/\/www.tpa-group.hr\/de\/wp-json\/wp\/v2\/pages\/3904\/revisions"}],"predecessor-version":[{"id":5310,"href":"https:\/\/www.tpa-group.hr\/de\/wp-json\/wp\/v2\/pages\/3904\/revisions\/5310"}],"wp:attachment":[{"href":"https:\/\/www.tpa-group.hr\/de\/wp-json\/wp\/v2\/media?parent=3904"}],"curies":[{"name":"wp","href":"https:\/\/api.w.org\/{rel}","templated":true}]}}