{"id":3895,"date":"2025-02-01T20:31:23","date_gmt":"2025-02-01T20:31:23","guid":{"rendered":"https:\/\/www.tpa-group.hr\/o-nama"},"modified":"2025-03-29T17:08:13","modified_gmt":"2025-03-29T17:08:13","slug":"uber-uns","status":"publish","type":"page","link":"https:\/\/www.tpa-group.hr\/de\/uber-uns","title":{"rendered":"\u00dcber uns"},"content":{"rendered":"\t\t<div data-elementor-type=\"wp-page\" data-elementor-id=\"3895\" class=\"elementor elementor-3895 elementor-3283\" data-elementor-post-type=\"page\">\n\t\t\t\t\t\t<section class=\"elementor-section elementor-top-section elementor-element elementor-element-27678f43 hero-banner elementor-section-boxed elementor-section-height-default elementor-section-height-default\" data-id=\"27678f43\" data-element_type=\"section\">\n\t\t\t\t\t\t<div class=\"elementor-container elementor-column-gap-default\">\n\t\t\t\t\t<div class=\"elementor-column elementor-col-50 elementor-top-column elementor-element elementor-element-b6b8861\" data-id=\"b6b8861\" data-element_type=\"column\">\n\t\t\t<div class=\"elementor-widget-wrap elementor-element-populated\">\n\t\t\t\t\t\t<section class=\"elementor-section elementor-inner-section elementor-element elementor-element-7d3a09de hero-banner-breadcrumbs-container elementor-section-boxed elementor-section-height-default elementor-section-height-default\" data-id=\"7d3a09de\" data-element_type=\"section\">\n\t\t\t\t\t\t<div class=\"elementor-container elementor-column-gap-default\">\n\t\t\t\t\t<div class=\"elementor-column elementor-col-100 elementor-inner-column elementor-element elementor-element-5eddc3bc\" data-id=\"5eddc3bc\" data-element_type=\"column\">\n\t\t\t<div class=\"elementor-widget-wrap elementor-element-populated\">\n\t\t\t\t\t\t<div class=\"elementor-element elementor-element-4db80735 elementor-widget elementor-widget-heading\" data-id=\"4db80735\" data-element_type=\"widget\" data-widget_type=\"heading.default\">\n\t\t\t\t<div class=\"elementor-widget-container\">\n\t\t\t\t\t<p class=\"elementor-heading-title elementor-size-default\"><a href=\"\/de\/\">Home |&nbsp;<\/a><\/p>\t\t\t\t<\/div>\n\t\t\t\t<\/div>\n\t\t\t\t<div class=\"elementor-element elementor-element-4406cc8b elementor-widget elementor-widget-heading\" data-id=\"4406cc8b\" data-element_type=\"widget\" data-widget_type=\"heading.default\">\n\t\t\t\t<div class=\"elementor-widget-container\">\n\t\t\t\t\t<p class=\"elementor-heading-title elementor-size-default\">\u00dcber uns<\/p>\t\t\t\t<\/div>\n\t\t\t\t<\/div>\n\t\t\t\t\t<\/div>\n\t\t<\/div>\n\t\t\t\t\t<\/div>\n\t\t<\/section>\n\t\t\t\t<div class=\"elementor-element elementor-element-61fed9e3 elementor-widget elementor-widget-heading\" data-id=\"61fed9e3\" data-element_type=\"widget\" data-widget_type=\"heading.default\">\n\t\t\t\t<div class=\"elementor-widget-container\">\n\t\t\t\t\t<h1 class=\"elementor-heading-title elementor-size-default\">\u00dcber uns<\/h1>\t\t\t\t<\/div>\n\t\t\t\t<\/div>\n\t\t\t\t<div class=\"elementor-element elementor-element-17d87de0 elementor-widget elementor-widget-text-editor\" data-id=\"17d87de0\" data-element_type=\"widget\" data-widget_type=\"text-editor.default\">\n\t\t\t\t<div class=\"elementor-widget-container\">\n\t\t\t\t\t\t\t\t\t<p>Suchen Sie einen Partner, der Ihre Bed\u00fcrfnisse versteht? Der Ihre Sprache spricht, Ihre Branche kennt und bereit ist, sich die Zeit zu nehmen, um Ihre Anforderungen zu h\u00f6ren?<\/p>\t\t\t\t\t\t\t\t<\/div>\n\t\t\t\t<\/div>\n\t\t\t\t\t<\/div>\n\t\t<\/div>\n\t\t\t\t<div class=\"elementor-column elementor-col-50 elementor-top-column elementor-element elementor-element-30cddf3e\" data-id=\"30cddf3e\" data-element_type=\"column\">\n\t\t\t<div class=\"elementor-widget-wrap\">\n\t\t\t\t\t\t\t<\/div>\n\t\t<\/div>\n\t\t\t\t\t<\/div>\n\t\t<\/section>\n\t\t<div class=\"elementor-element elementor-element-8fb23c6 page-content-container e-flex e-con-boxed e-con e-parent\" data-id=\"8fb23c6\" data-element_type=\"container\" data-settings=\"{&quot;background_background&quot;:&quot;classic&quot;}\">\n\t\t\t\t\t<div class=\"e-con-inner\">\n\t\t\t\t<div class=\"elementor-element elementor-element-378eebe elementor-widget__width-initial elementor-widget elementor-widget-text-editor\" data-id=\"378eebe\" data-element_type=\"widget\" data-widget_type=\"text-editor.default\">\n\t\t\t\t<div class=\"elementor-widget-container\">\n\t\t\t\t\t\t\t\t\t<div class=\"elementor-element elementor-element-e884ab4 elementor-widget elementor-widget-text-editor\" data-id=\"e884ab4\" data-element_type=\"widget\" data-widget_type=\"text-editor.default\"><div class=\"elementor-widget-container\"><p data-start=\"0\" data-end=\"258\">Dann ist die TPA Gruppe der richtige Gesch\u00e4ftspartner f\u00fcr Sie. Unsere wichtigsten Werkzeuge sind nicht Taschenrechner, Tabellenkalkulationen oder moderne Technologien, sondern ein aufmerksames Auge, ein offenes Ohr, ein gutes Gesp\u00fcr und ehrliche Gespr\u00e4che.<\/p><p data-start=\"260\" data-end=\"531\">Nur wer auf Augenh\u00f6he kommuniziert und sich mit jedem Projekt identifizieren kann, findet die passendste L\u00f6sung. Genau das verstehen wir unter <strong data-start=\"403\" data-end=\"428\">Face-to-Face-Business<\/strong> \u2013 und setzen es Tag f\u00fcr Tag in die Praxis um, sowohl auf lokaler als auch auf internationaler Ebene.<\/p><p data-start=\"533\" data-end=\"663\" data-is-last-node=\"\" data-is-only-node=\"\">In den Bereichen <span style=\"text-decoration: underline;\"><strong data-start=\"550\" data-end=\"629\"><a href=\"\/de\/the-tpa-services-de\/tax-advisory\">Steuerberatung<\/a>, <a href=\"\/de\/the-tpa-services-de\/accounting\">Buchhaltung\u00a0<\/a>, <a href=\"\/de\/the-tpa-services-de\/audit\">Wirtschaftspr\u00fcfung <\/a><\/strong><\/span>und <span style=\"text-decoration: underline;\"><strong data-start=\"550\" data-end=\"629\"><a href=\"\/de\/the-tpa-services-de\/advisory\">Unternehmensberatung<\/a><\/strong><\/span> sind wir Ihr kompetenter Partner.<\/p><\/div><\/div>\t\t\t\t\t\t\t\t<\/div>\n\t\t\t\t<\/div>\n\t\t\t\t<div class=\"elementor-element elementor-element-26e55d3 elementor-widget__width-initial elementor-widget elementor-widget-heading\" data-id=\"26e55d3\" data-element_type=\"widget\" data-widget_type=\"heading.default\">\n\t\t\t\t<div class=\"elementor-widget-container\">\n\t\t\t\t\t<h2 class=\"elementor-heading-title elementor-size-default\">12 L\u00e4nder. 1 Unternehmen. TPA Gruppe.<\/h2>\t\t\t\t<\/div>\n\t\t\t\t<\/div>\n\t\t\t\t<div class=\"elementor-element elementor-element-6a3c065 elementor-widget__width-initial elementor-widget elementor-widget-text-editor\" data-id=\"6a3c065\" data-element_type=\"widget\" data-widget_type=\"text-editor.default\">\n\t\t\t\t<div class=\"elementor-widget-container\">\n\t\t\t\t\t\t\t\t\t<strong>Die TPA Gruppe<\/strong> steht Ihnen auch in Mittel- und S\u00fcdosteuropa zur Verf\u00fcgung: in Albanien, \u00d6sterreich, Bulgarien, Kroatien, Tschechien, Montenegro, Polen, Rum\u00e4nien, Serbien, der Slowakei, Slowenien und Ungarn. Mehr als 1.850 Mitarbeiter an 30 Standorten in zw\u00f6lf L\u00e4ndern k\u00fcmmern sich um Ihre Anliegen.\t\t\t\t\t\t\t\t<\/div>\n\t\t\t\t<\/div>\n\t\t\t\t<div class=\"elementor-element elementor-element-55b813b elementor-widget__width-initial elementor-widget elementor-widget-heading\" data-id=\"55b813b\" data-element_type=\"widget\" data-widget_type=\"heading.default\">\n\t\t\t\t<div class=\"elementor-widget-container\">\n\t\t\t\t\t<h2 class=\"elementor-heading-title elementor-size-default\">Die TPA Gruppe: Regionale Wurzeln. Globales Netzwerk.<\/h2>\t\t\t\t<\/div>\n\t\t\t\t<\/div>\n\t\t\t\t<div class=\"elementor-element elementor-element-713fffc elementor-widget__width-initial elementor-widget elementor-widget-text-editor\" data-id=\"713fffc\" data-element_type=\"widget\" data-widget_type=\"text-editor.default\">\n\t\t\t\t<div class=\"elementor-widget-container\">\n\t\t\t\t\t\t\t\t\t<p>Die TPA Gruppe ist ein unabh\u00e4ngiges Mitglied der Baker Tilly Europe Alliance, was ihr den Zugang zu einem globalen Netzwerk von Steuerberatern, Wirtschaftspr\u00fcfern und Beratern f\u00fcr ihre Kunden erm\u00f6glicht.<\/p><p>Dank unserer Partnerschaft mit dem Baker Tilly International Netzwerk sind die 12 L\u00e4nder der unabh\u00e4ngigen TPA Gruppe perfekt auf globaler Ebene vernetzt. Dies erm\u00f6glicht es uns, hochwertige Dienstleistungen in allen wichtigen Wirtschaftszentren und Regionen weltweit anzubieten.<\/p><p>Das Netzwerk von Baker Tilly International umfasst derzeit 126 unabh\u00e4ngige Mitglieder in 150 L\u00e4ndern, mit insgesamt mehr als 41.360 Mitarbeitern in 703 B\u00fcros und geh\u00f6rt damit zu den Top 10 der gr\u00f6\u00dften globalen Beratungsnetzwerke.<\/p><p>TPA Gruppe: <span style=\"text-decoration: underline;\"><strong><a href=\"https:\/\/www.tpa-group.com\/\" target=\"_blank\" rel=\"noopener\">Unsere Standorte in Mittel- und S\u00fcdosteuropa<\/a><\/strong><\/span><\/p>\t\t\t\t\t\t\t\t<\/div>\n\t\t\t\t<\/div>\n\t\t\t\t\t<\/div>\n\t\t\t\t<\/div>\n\t\t\t\t<\/div>\n\t\t","protected":false},"excerpt":{"rendered":"<p>Home |&nbsp; \u00dcber uns \u00dcber uns Suchen Sie einen Partner, der Ihre Bed\u00fcrfnisse versteht? Der Ihre Sprache spricht, Ihre Branche kennt und bereit ist, sich die Zeit zu nehmen, um Ihre Anforderungen zu h\u00f6ren? Dann ist die TPA Gruppe der richtige Gesch\u00e4ftspartner f\u00fcr Sie. Unsere wichtigsten Werkzeuge sind nicht Taschenrechner, Tabellenkalkulationen oder moderne Technologien, sondern [&hellip;]<\/p>\n","protected":false},"author":13,"featured_media":0,"parent":0,"menu_order":0,"comment_status":"closed","ping_status":"closed","template":"elementor_header_footer","meta":{"_acf_changed":false,"footnotes":""},"class_list":["post-3895","page","type-page","status-publish","hentry"],"acf":[],"yoast_head":"<!-- This site is optimized with the Yoast SEO plugin v26.0 - https:\/\/yoast.com\/wordpress\/plugins\/seo\/ -->\n<title>\u00dcber uns - TPA Hrvatska - TPA Croatia<\/title>\n<meta name=\"robots\" content=\"index, follow, max-snippet:-1, max-image-preview:large, max-video-preview:-1\" \/>\n<link rel=\"canonical\" href=\"https:\/\/www.tpa-group.hr\/de\/uber-uns\" \/>\n<meta property=\"og:locale\" content=\"de_DE\" \/>\n<meta property=\"og:type\" content=\"article\" \/>\n<meta property=\"og:title\" content=\"\u00dcber uns - TPA Hrvatska - TPA Croatia\" \/>\n<meta property=\"og:description\" content=\"Home |&nbsp; \u00dcber uns \u00dcber uns Suchen Sie einen Partner, der Ihre Bed\u00fcrfnisse versteht? Der Ihre Sprache spricht, Ihre Branche kennt und bereit ist, sich die Zeit zu nehmen, um Ihre Anforderungen zu h\u00f6ren? Dann ist die TPA Gruppe der richtige Gesch\u00e4ftspartner f\u00fcr Sie. Unsere wichtigsten Werkzeuge sind nicht Taschenrechner, Tabellenkalkulationen oder moderne Technologien, sondern [&hellip;]\" \/>\n<meta property=\"og:url\" content=\"https:\/\/www.tpa-group.hr\/de\/uber-uns\" \/>\n<meta property=\"og:site_name\" content=\"TPA Hrvatska - TPA Croatia\" \/>\n<meta property=\"article:modified_time\" content=\"2025-03-29T17:08:13+00:00\" \/>\n<meta name=\"twitter:card\" content=\"summary_large_image\" \/>\n<meta name=\"twitter:label1\" content=\"Est. reading time\" \/>\n\t<meta name=\"twitter:data1\" content=\"3 Minuten\" \/>\n<script type=\"application\/ld+json\" class=\"yoast-schema-graph\">{\"@context\":\"https:\/\/schema.org\",\"@graph\":[{\"@type\":\"WebPage\",\"@id\":\"https:\/\/www.tpa-group.hr\/de\/uber-uns\",\"url\":\"https:\/\/www.tpa-group.hr\/de\/uber-uns\",\"name\":\"\u00dcber uns - TPA Hrvatska - TPA Croatia\",\"isPartOf\":{\"@id\":\"https:\/\/www.tpa-group.hr\/de#website\"},\"datePublished\":\"2025-02-01T20:31:23+00:00\",\"dateModified\":\"2025-03-29T17:08:13+00:00\",\"breadcrumb\":{\"@id\":\"https:\/\/www.tpa-group.hr\/de\/uber-uns#breadcrumb\"},\"inLanguage\":\"de-DE\",\"potentialAction\":[{\"@type\":\"ReadAction\",\"target\":[\"https:\/\/www.tpa-group.hr\/de\/uber-uns\"]}]},{\"@type\":\"BreadcrumbList\",\"@id\":\"https:\/\/www.tpa-group.hr\/de\/uber-uns#breadcrumb\",\"itemListElement\":[{\"@type\":\"ListItem\",\"position\":1,\"name\":\"Home\",\"item\":\"https:\/\/www.tpa-group.hr\/de\"},{\"@type\":\"ListItem\",\"position\":2,\"name\":\"\u00dcber uns\"}]},{\"@type\":\"WebSite\",\"@id\":\"https:\/\/www.tpa-group.hr\/de#website\",\"url\":\"https:\/\/www.tpa-group.hr\/de\",\"name\":\"TPA Hrvatska - TPA Croatia\",\"description\":\"Porezno savjetovanje\",\"publisher\":{\"@id\":\"https:\/\/www.tpa-group.hr\/de#organization\"},\"alternateName\":\"TPA\",\"potentialAction\":[{\"@type\":\"SearchAction\",\"target\":{\"@type\":\"EntryPoint\",\"urlTemplate\":\"https:\/\/www.tpa-group.hr\/de?s={search_term_string}\"},\"query-input\":{\"@type\":\"PropertyValueSpecification\",\"valueRequired\":true,\"valueName\":\"search_term_string\"}}],\"inLanguage\":\"de-DE\"},{\"@type\":\"Organization\",\"@id\":\"https:\/\/www.tpa-group.hr\/de#organization\",\"name\":\"TPA Hrvatska - TPA Croatia\",\"url\":\"https:\/\/www.tpa-group.hr\/de\",\"logo\":{\"@type\":\"ImageObject\",\"inLanguage\":\"de-DE\",\"@id\":\"https:\/\/www.tpa-group.hr\/de#\/schema\/logo\/image\/\",\"url\":\"https:\/\/www.tpa-group.hr\/app\/uploads\/sites\/5\/2025\/09\/WhatsApp-Image-2025-09-29-at-13.31.31-Photoroom.png\",\"contentUrl\":\"https:\/\/www.tpa-group.hr\/app\/uploads\/sites\/5\/2025\/09\/WhatsApp-Image-2025-09-29-at-13.31.31-Photoroom.png\",\"width\":709,\"height\":355,\"caption\":\"TPA Hrvatska - TPA Croatia\"},\"image\":{\"@id\":\"https:\/\/www.tpa-group.hr\/de#\/schema\/logo\/image\/\"}}]}<\/script>\n<!-- \/ Yoast SEO plugin. -->","yoast_head_json":{"title":"\u00dcber uns - TPA Hrvatska - TPA Croatia","robots":{"index":"index","follow":"follow","max-snippet":"max-snippet:-1","max-image-preview":"max-image-preview:large","max-video-preview":"max-video-preview:-1"},"canonical":"https:\/\/www.tpa-group.hr\/de\/uber-uns","og_locale":"de_DE","og_type":"article","og_title":"\u00dcber uns - TPA Hrvatska - TPA Croatia","og_description":"Home |&nbsp; \u00dcber uns \u00dcber uns Suchen Sie einen Partner, der Ihre Bed\u00fcrfnisse versteht? Der Ihre Sprache spricht, Ihre Branche kennt und bereit ist, sich die Zeit zu nehmen, um Ihre Anforderungen zu h\u00f6ren? Dann ist die TPA Gruppe der richtige Gesch\u00e4ftspartner f\u00fcr Sie. Unsere wichtigsten Werkzeuge sind nicht Taschenrechner, Tabellenkalkulationen oder moderne Technologien, sondern [&hellip;]","og_url":"https:\/\/www.tpa-group.hr\/de\/uber-uns","og_site_name":"TPA Hrvatska - TPA Croatia","article_modified_time":"2025-03-29T17:08:13+00:00","twitter_card":"summary_large_image","twitter_misc":{"Est. reading time":"3 Minuten"},"schema":{"@context":"https:\/\/schema.org","@graph":[{"@type":"WebPage","@id":"https:\/\/www.tpa-group.hr\/de\/uber-uns","url":"https:\/\/www.tpa-group.hr\/de\/uber-uns","name":"\u00dcber uns - TPA Hrvatska - TPA Croatia","isPartOf":{"@id":"https:\/\/www.tpa-group.hr\/de#website"},"datePublished":"2025-02-01T20:31:23+00:00","dateModified":"2025-03-29T17:08:13+00:00","breadcrumb":{"@id":"https:\/\/www.tpa-group.hr\/de\/uber-uns#breadcrumb"},"inLanguage":"de-DE","potentialAction":[{"@type":"ReadAction","target":["https:\/\/www.tpa-group.hr\/de\/uber-uns"]}]},{"@type":"BreadcrumbList","@id":"https:\/\/www.tpa-group.hr\/de\/uber-uns#breadcrumb","itemListElement":[{"@type":"ListItem","position":1,"name":"Home","item":"https:\/\/www.tpa-group.hr\/de"},{"@type":"ListItem","position":2,"name":"\u00dcber uns"}]},{"@type":"WebSite","@id":"https:\/\/www.tpa-group.hr\/de#website","url":"https:\/\/www.tpa-group.hr\/de","name":"TPA Hrvatska - TPA Croatia","description":"Porezno savjetovanje","publisher":{"@id":"https:\/\/www.tpa-group.hr\/de#organization"},"alternateName":"TPA","potentialAction":[{"@type":"SearchAction","target":{"@type":"EntryPoint","urlTemplate":"https:\/\/www.tpa-group.hr\/de?s={search_term_string}"},"query-input":{"@type":"PropertyValueSpecification","valueRequired":true,"valueName":"search_term_string"}}],"inLanguage":"de-DE"},{"@type":"Organization","@id":"https:\/\/www.tpa-group.hr\/de#organization","name":"TPA Hrvatska - TPA Croatia","url":"https:\/\/www.tpa-group.hr\/de","logo":{"@type":"ImageObject","inLanguage":"de-DE","@id":"https:\/\/www.tpa-group.hr\/de#\/schema\/logo\/image\/","url":"https:\/\/www.tpa-group.hr\/app\/uploads\/sites\/5\/2025\/09\/WhatsApp-Image-2025-09-29-at-13.31.31-Photoroom.png","contentUrl":"https:\/\/www.tpa-group.hr\/app\/uploads\/sites\/5\/2025\/09\/WhatsApp-Image-2025-09-29-at-13.31.31-Photoroom.png","width":709,"height":355,"caption":"TPA Hrvatska - TPA Croatia"},"image":{"@id":"https:\/\/www.tpa-group.hr\/de#\/schema\/logo\/image\/"}}]}},"_links":{"self":[{"href":"https:\/\/www.tpa-group.hr\/de\/wp-json\/wp\/v2\/pages\/3895","targetHints":{"allow":["GET"]}}],"collection":[{"href":"https:\/\/www.tpa-group.hr\/de\/wp-json\/wp\/v2\/pages"}],"about":[{"href":"https:\/\/www.tpa-group.hr\/de\/wp-json\/wp\/v2\/types\/page"}],"author":[{"embeddable":true,"href":"https:\/\/www.tpa-group.hr\/de\/wp-json\/wp\/v2\/users\/13"}],"replies":[{"embeddable":true,"href":"https:\/\/www.tpa-group.hr\/de\/wp-json\/wp\/v2\/comments?post=3895"}],"version-history":[{"count":18,"href":"https:\/\/www.tpa-group.hr\/de\/wp-json\/wp\/v2\/pages\/3895\/revisions"}],"predecessor-version":[{"id":5295,"href":"https:\/\/www.tpa-group.hr\/de\/wp-json\/wp\/v2\/pages\/3895\/revisions\/5295"}],"wp:attachment":[{"href":"https:\/\/www.tpa-group.hr\/de\/wp-json\/wp\/v2\/media?parent=3895"}],"curies":[{"name":"wp","href":"https:\/\/api.w.org\/{rel}","templated":true}]}}