{"id":2892,"date":"2025-01-24T19:06:45","date_gmt":"2025-01-24T19:06:45","guid":{"rendered":"https:\/\/www.tpa-group.hr\/?page_id=2892"},"modified":"2025-03-29T12:49:05","modified_gmt":"2025-03-29T12:49:05","slug":"karriere","status":"publish","type":"page","link":"https:\/\/www.tpa-group.hr\/de\/karriere","title":{"rendered":"Karriere"},"content":{"rendered":"\t\t<div data-elementor-type=\"wp-page\" data-elementor-id=\"2892\" class=\"elementor elementor-2892 elementor-2891\" data-elementor-post-type=\"page\">\n\t\t\t\t\t\t<section class=\"elementor-section elementor-top-section elementor-element elementor-element-41ddea92 hero-banner elementor-section-boxed elementor-section-height-default elementor-section-height-default\" data-id=\"41ddea92\" data-element_type=\"section\" data-settings=\"{&quot;background_background&quot;:&quot;classic&quot;}\">\n\t\t\t\t\t\t<div class=\"elementor-container elementor-column-gap-default\">\n\t\t\t\t\t<div class=\"elementor-column elementor-col-50 elementor-top-column elementor-element elementor-element-4d825c5d\" data-id=\"4d825c5d\" data-element_type=\"column\">\n\t\t\t<div class=\"elementor-widget-wrap elementor-element-populated\">\n\t\t\t\t\t\t<section class=\"elementor-section elementor-inner-section elementor-element elementor-element-2bee9223 hero-banner-breadcrumbs-container elementor-section-boxed elementor-section-height-default elementor-section-height-default\" data-id=\"2bee9223\" data-element_type=\"section\">\n\t\t\t\t\t\t<div class=\"elementor-container elementor-column-gap-default\">\n\t\t\t\t\t<div class=\"elementor-column elementor-col-100 elementor-inner-column elementor-element elementor-element-22fece82\" data-id=\"22fece82\" data-element_type=\"column\">\n\t\t\t<div class=\"elementor-widget-wrap elementor-element-populated\">\n\t\t\t\t\t\t<div class=\"elementor-element elementor-element-1e6c32f1 elementor-widget elementor-widget-heading\" data-id=\"1e6c32f1\" data-element_type=\"widget\" data-widget_type=\"heading.default\">\n\t\t\t\t<div class=\"elementor-widget-container\">\n\t\t\t\t\t<p class=\"elementor-heading-title elementor-size-default\"><a href=\"\/de\/\">Home |&nbsp;<\/a><\/p>\t\t\t\t<\/div>\n\t\t\t\t<\/div>\n\t\t\t\t<div class=\"elementor-element elementor-element-341ff5eb elementor-widget elementor-widget-heading\" data-id=\"341ff5eb\" data-element_type=\"widget\" data-widget_type=\"heading.default\">\n\t\t\t\t<div class=\"elementor-widget-container\">\n\t\t\t\t\t<p class=\"elementor-heading-title elementor-size-default\">Karriere<\/p>\t\t\t\t<\/div>\n\t\t\t\t<\/div>\n\t\t\t\t\t<\/div>\n\t\t<\/div>\n\t\t\t\t\t<\/div>\n\t\t<\/section>\n\t\t\t\t<div class=\"elementor-element elementor-element-6e79881a elementor-widget elementor-widget-heading\" data-id=\"6e79881a\" data-element_type=\"widget\" data-widget_type=\"heading.default\">\n\t\t\t\t<div class=\"elementor-widget-container\">\n\t\t\t\t\t<h1 class=\"elementor-heading-title elementor-size-default\">Karriere<\/h1>\t\t\t\t<\/div>\n\t\t\t\t<\/div>\n\t\t\t\t<div class=\"elementor-element elementor-element-72abb3b9 elementor-widget elementor-widget-text-editor\" data-id=\"72abb3b9\" data-element_type=\"widget\" data-widget_type=\"text-editor.default\">\n\t\t\t\t<div class=\"elementor-widget-container\">\n\t\t\t\t\t\t\t\t\t<p data-start=\"0\" data-end=\"224\">Ein sicherer Job und beruflicher Aufstieg \u2013 so sieht die Perspektive bei TPA aus. Jeder Mitarbeiter hat die M\u00f6glichkeit, eine Karriere aufzubauen, die in erster Linie von seinem eigenen Engagement abh\u00e4ngt. Wir sind uns bewusst, dass herausragende Ergebnisse aus der engagierten Arbeit hochqualifizierter Fachkr\u00e4fte resultieren. Deshalb investieren wir viel Zeit und Ressourcen in die Ausbildung unserer Mitarbeiter.<\/p>\t\t\t\t\t\t\t\t<\/div>\n\t\t\t\t<\/div>\n\t\t\t\t\t<\/div>\n\t\t<\/div>\n\t\t\t\t<div class=\"elementor-column elementor-col-50 elementor-top-column elementor-element elementor-element-46b4cbc4\" data-id=\"46b4cbc4\" data-element_type=\"column\">\n\t\t\t<div class=\"elementor-widget-wrap\">\n\t\t\t\t\t\t\t<\/div>\n\t\t<\/div>\n\t\t\t\t\t<\/div>\n\t\t<\/section>\n\t\t<div class=\"elementor-element elementor-element-49217a49 page-content-container e-flex e-con-boxed e-con e-parent\" data-id=\"49217a49\" data-element_type=\"container\">\n\t\t\t\t\t<div class=\"e-con-inner\">\n\t\t\t\t<div class=\"elementor-element elementor-element-529ab094 elementor-widget elementor-widget-text-editor\" data-id=\"529ab094\" data-element_type=\"widget\" data-widget_type=\"text-editor.default\">\n\t\t\t\t<div class=\"elementor-widget-container\">\n\t\t\t\t\t\t\t\t\t<h3 data-start=\"0\" data-end=\"49\">Entfalten Sie Ihr volles Potenzial bei TPA!<\/h3>\n<p data-start=\"51\" data-end=\"430\">Erfolg, stetiges Wachstum und Fokus sind die Schl\u00fcsselfaktoren f\u00fcr die berufliche Entwicklung. Unser Team engagiert sich intensiv f\u00fcr die Weiterbildung und professionelle Entwicklung zum Wohle unserer Kunden. Der Schl\u00fcssel zu unserem Erfolg liegt in hochqualifizierten und motivierten Menschen, die stets eng zusammenarbeiten, um au\u00dfergew\u00f6hnliche Dienstleistungen zu erbringen.<\/p>\n<h3 data-start=\"432\" data-end=\"447\">Bewerbung<\/h3>\n<p data-start=\"448\" data-end=\"565\">M\u00f6chten Sie Ihre Karriere in der Steuerberatung, Buchhaltung, Wirtschaftspr\u00fcfung oder Unternehmensberatung starten?<\/p>\n<p data-start=\"567\" data-end=\"709\">Bitte senden Sie uns Ihren Lebenslauf und Ihr Motivationsschreiben auf Kroatisch sowie auf Englisch oder Deutsch an folgende E-Mail-Adresse:<\/p>\n<p data-start=\"711\" data-end=\"739\" data-is-last-node=\"\" data-is-only-node=\"\"><strong data-start=\"714\" data-end=\"737\"><a rel=\"noopener\" data-start=\"716\" data-end=\"735\"><a href=\"mailto:office@tpa-group.hr\">office@tpa-group.hr<\/a><\/strong><\/p>\t\t\t\t\t\t\t\t<\/div>\n\t\t\t\t<\/div>\n\t\t\t\t\t<\/div>\n\t\t\t\t<\/div>\n\t\t\t\t<\/div>\n\t\t","protected":false},"excerpt":{"rendered":"<p>Home |&nbsp; Karriere Karriere Ein sicherer Job und beruflicher Aufstieg \u2013 so sieht die Perspektive bei TPA aus. Jeder Mitarbeiter hat die M\u00f6glichkeit, eine Karriere aufzubauen, die in erster Linie von seinem eigenen Engagement abh\u00e4ngt. Wir sind uns bewusst, dass herausragende Ergebnisse aus der engagierten Arbeit hochqualifizierter Fachkr\u00e4fte resultieren. Deshalb investieren wir viel Zeit und [&hellip;]<\/p>\n","protected":false},"author":13,"featured_media":0,"parent":0,"menu_order":0,"comment_status":"closed","ping_status":"closed","template":"elementor_header_footer","meta":{"_acf_changed":false,"footnotes":""},"class_list":["post-2892","page","type-page","status-publish","hentry"],"acf":[],"yoast_head":"<!-- This site is optimized with the Yoast SEO plugin v26.0 - https:\/\/yoast.com\/wordpress\/plugins\/seo\/ -->\n<title>Karriere - TPA Hrvatska - TPA Croatia<\/title>\n<meta name=\"robots\" content=\"index, follow, max-snippet:-1, max-image-preview:large, max-video-preview:-1\" \/>\n<link rel=\"canonical\" href=\"https:\/\/www.tpa-group.hr\/de\/karriere\" \/>\n<meta property=\"og:locale\" content=\"de_DE\" \/>\n<meta property=\"og:type\" content=\"article\" \/>\n<meta property=\"og:title\" content=\"Karriere - TPA Hrvatska - TPA Croatia\" \/>\n<meta property=\"og:description\" content=\"Home |&nbsp; Karriere Karriere Ein sicherer Job und beruflicher Aufstieg \u2013 so sieht die Perspektive bei TPA aus. Jeder Mitarbeiter hat die M\u00f6glichkeit, eine Karriere aufzubauen, die in erster Linie von seinem eigenen Engagement abh\u00e4ngt. Wir sind uns bewusst, dass herausragende Ergebnisse aus der engagierten Arbeit hochqualifizierter Fachkr\u00e4fte resultieren. Deshalb investieren wir viel Zeit und [&hellip;]\" \/>\n<meta property=\"og:url\" content=\"https:\/\/www.tpa-group.hr\/de\/karriere\" \/>\n<meta property=\"og:site_name\" content=\"TPA Hrvatska - TPA Croatia\" \/>\n<meta property=\"article:modified_time\" content=\"2025-03-29T12:49:05+00:00\" \/>\n<meta name=\"twitter:card\" content=\"summary_large_image\" \/>\n<meta name=\"twitter:label1\" content=\"Est. reading time\" \/>\n\t<meta name=\"twitter:data1\" content=\"1 Minute\" \/>\n<script type=\"application\/ld+json\" class=\"yoast-schema-graph\">{\"@context\":\"https:\/\/schema.org\",\"@graph\":[{\"@type\":\"WebPage\",\"@id\":\"https:\/\/www.tpa-group.hr\/de\/karriere\",\"url\":\"https:\/\/www.tpa-group.hr\/de\/karriere\",\"name\":\"Karriere - TPA Hrvatska - TPA Croatia\",\"isPartOf\":{\"@id\":\"https:\/\/www.tpa-group.hr\/de#website\"},\"datePublished\":\"2025-01-24T19:06:45+00:00\",\"dateModified\":\"2025-03-29T12:49:05+00:00\",\"breadcrumb\":{\"@id\":\"https:\/\/www.tpa-group.hr\/de\/karriere#breadcrumb\"},\"inLanguage\":\"de-DE\",\"potentialAction\":[{\"@type\":\"ReadAction\",\"target\":[\"https:\/\/www.tpa-group.hr\/de\/karriere\"]}]},{\"@type\":\"BreadcrumbList\",\"@id\":\"https:\/\/www.tpa-group.hr\/de\/karriere#breadcrumb\",\"itemListElement\":[{\"@type\":\"ListItem\",\"position\":1,\"name\":\"Home\",\"item\":\"https:\/\/www.tpa-group.hr\/de\"},{\"@type\":\"ListItem\",\"position\":2,\"name\":\"Karriere\"}]},{\"@type\":\"WebSite\",\"@id\":\"https:\/\/www.tpa-group.hr\/de#website\",\"url\":\"https:\/\/www.tpa-group.hr\/de\",\"name\":\"TPA Hrvatska - TPA Croatia\",\"description\":\"Porezno savjetovanje\",\"publisher\":{\"@id\":\"https:\/\/www.tpa-group.hr\/de#organization\"},\"alternateName\":\"TPA\",\"potentialAction\":[{\"@type\":\"SearchAction\",\"target\":{\"@type\":\"EntryPoint\",\"urlTemplate\":\"https:\/\/www.tpa-group.hr\/de?s={search_term_string}\"},\"query-input\":{\"@type\":\"PropertyValueSpecification\",\"valueRequired\":true,\"valueName\":\"search_term_string\"}}],\"inLanguage\":\"de-DE\"},{\"@type\":\"Organization\",\"@id\":\"https:\/\/www.tpa-group.hr\/de#organization\",\"name\":\"TPA Hrvatska - TPA Croatia\",\"url\":\"https:\/\/www.tpa-group.hr\/de\",\"logo\":{\"@type\":\"ImageObject\",\"inLanguage\":\"de-DE\",\"@id\":\"https:\/\/www.tpa-group.hr\/de#\/schema\/logo\/image\/\",\"url\":\"https:\/\/www.tpa-group.hr\/app\/uploads\/sites\/5\/2025\/09\/WhatsApp-Image-2025-09-29-at-13.31.31-Photoroom.png\",\"contentUrl\":\"https:\/\/www.tpa-group.hr\/app\/uploads\/sites\/5\/2025\/09\/WhatsApp-Image-2025-09-29-at-13.31.31-Photoroom.png\",\"width\":709,\"height\":355,\"caption\":\"TPA Hrvatska - TPA Croatia\"},\"image\":{\"@id\":\"https:\/\/www.tpa-group.hr\/de#\/schema\/logo\/image\/\"}}]}<\/script>\n<!-- \/ Yoast SEO plugin. -->","yoast_head_json":{"title":"Karriere - TPA Hrvatska - TPA Croatia","robots":{"index":"index","follow":"follow","max-snippet":"max-snippet:-1","max-image-preview":"max-image-preview:large","max-video-preview":"max-video-preview:-1"},"canonical":"https:\/\/www.tpa-group.hr\/de\/karriere","og_locale":"de_DE","og_type":"article","og_title":"Karriere - TPA Hrvatska - TPA Croatia","og_description":"Home |&nbsp; Karriere Karriere Ein sicherer Job und beruflicher Aufstieg \u2013 so sieht die Perspektive bei TPA aus. Jeder Mitarbeiter hat die M\u00f6glichkeit, eine Karriere aufzubauen, die in erster Linie von seinem eigenen Engagement abh\u00e4ngt. Wir sind uns bewusst, dass herausragende Ergebnisse aus der engagierten Arbeit hochqualifizierter Fachkr\u00e4fte resultieren. Deshalb investieren wir viel Zeit und [&hellip;]","og_url":"https:\/\/www.tpa-group.hr\/de\/karriere","og_site_name":"TPA Hrvatska - TPA Croatia","article_modified_time":"2025-03-29T12:49:05+00:00","twitter_card":"summary_large_image","twitter_misc":{"Est. reading time":"1 Minute"},"schema":{"@context":"https:\/\/schema.org","@graph":[{"@type":"WebPage","@id":"https:\/\/www.tpa-group.hr\/de\/karriere","url":"https:\/\/www.tpa-group.hr\/de\/karriere","name":"Karriere - TPA Hrvatska - TPA Croatia","isPartOf":{"@id":"https:\/\/www.tpa-group.hr\/de#website"},"datePublished":"2025-01-24T19:06:45+00:00","dateModified":"2025-03-29T12:49:05+00:00","breadcrumb":{"@id":"https:\/\/www.tpa-group.hr\/de\/karriere#breadcrumb"},"inLanguage":"de-DE","potentialAction":[{"@type":"ReadAction","target":["https:\/\/www.tpa-group.hr\/de\/karriere"]}]},{"@type":"BreadcrumbList","@id":"https:\/\/www.tpa-group.hr\/de\/karriere#breadcrumb","itemListElement":[{"@type":"ListItem","position":1,"name":"Home","item":"https:\/\/www.tpa-group.hr\/de"},{"@type":"ListItem","position":2,"name":"Karriere"}]},{"@type":"WebSite","@id":"https:\/\/www.tpa-group.hr\/de#website","url":"https:\/\/www.tpa-group.hr\/de","name":"TPA Hrvatska - TPA Croatia","description":"Porezno savjetovanje","publisher":{"@id":"https:\/\/www.tpa-group.hr\/de#organization"},"alternateName":"TPA","potentialAction":[{"@type":"SearchAction","target":{"@type":"EntryPoint","urlTemplate":"https:\/\/www.tpa-group.hr\/de?s={search_term_string}"},"query-input":{"@type":"PropertyValueSpecification","valueRequired":true,"valueName":"search_term_string"}}],"inLanguage":"de-DE"},{"@type":"Organization","@id":"https:\/\/www.tpa-group.hr\/de#organization","name":"TPA Hrvatska - TPA Croatia","url":"https:\/\/www.tpa-group.hr\/de","logo":{"@type":"ImageObject","inLanguage":"de-DE","@id":"https:\/\/www.tpa-group.hr\/de#\/schema\/logo\/image\/","url":"https:\/\/www.tpa-group.hr\/app\/uploads\/sites\/5\/2025\/09\/WhatsApp-Image-2025-09-29-at-13.31.31-Photoroom.png","contentUrl":"https:\/\/www.tpa-group.hr\/app\/uploads\/sites\/5\/2025\/09\/WhatsApp-Image-2025-09-29-at-13.31.31-Photoroom.png","width":709,"height":355,"caption":"TPA Hrvatska - TPA Croatia"},"image":{"@id":"https:\/\/www.tpa-group.hr\/de#\/schema\/logo\/image\/"}}]}},"_links":{"self":[{"href":"https:\/\/www.tpa-group.hr\/de\/wp-json\/wp\/v2\/pages\/2892","targetHints":{"allow":["GET"]}}],"collection":[{"href":"https:\/\/www.tpa-group.hr\/de\/wp-json\/wp\/v2\/pages"}],"about":[{"href":"https:\/\/www.tpa-group.hr\/de\/wp-json\/wp\/v2\/types\/page"}],"author":[{"embeddable":true,"href":"https:\/\/www.tpa-group.hr\/de\/wp-json\/wp\/v2\/users\/13"}],"replies":[{"embeddable":true,"href":"https:\/\/www.tpa-group.hr\/de\/wp-json\/wp\/v2\/comments?post=2892"}],"version-history":[{"count":33,"href":"https:\/\/www.tpa-group.hr\/de\/wp-json\/wp\/v2\/pages\/2892\/revisions"}],"predecessor-version":[{"id":4854,"href":"https:\/\/www.tpa-group.hr\/de\/wp-json\/wp\/v2\/pages\/2892\/revisions\/4854"}],"wp:attachment":[{"href":"https:\/\/www.tpa-group.hr\/de\/wp-json\/wp\/v2\/media?parent=2892"}],"curies":[{"name":"wp","href":"https:\/\/api.w.org\/{rel}","templated":true}]}}