{"id":1895,"date":"2023-09-28T11:15:28","date_gmt":"2023-09-28T11:15:28","guid":{"rendered":"https:\/\/www.tpa-group.hr\/buero\/"},"modified":"2025-03-29T12:45:56","modified_gmt":"2025-03-29T12:45:56","slug":"branche","status":"publish","type":"page","link":"https:\/\/www.tpa-group.hr\/de\/branche","title":{"rendered":"Branche"},"content":{"rendered":"\t\t<div data-elementor-type=\"wp-page\" data-elementor-id=\"1895\" class=\"elementor elementor-1895 elementor-533\" data-elementor-post-type=\"page\">\n\t\t\t\t\t\t<section class=\"elementor-section elementor-top-section elementor-element elementor-element-722e9932 hero-banner elementor-section-boxed elementor-section-height-default elementor-section-height-default\" data-id=\"722e9932\" data-element_type=\"section\">\n\t\t\t\t\t\t<div class=\"elementor-container elementor-column-gap-default\">\n\t\t\t\t\t<div class=\"elementor-column elementor-col-50 elementor-top-column elementor-element elementor-element-5f7c06a6\" data-id=\"5f7c06a6\" data-element_type=\"column\">\n\t\t\t<div class=\"elementor-widget-wrap elementor-element-populated\">\n\t\t\t\t\t\t<section class=\"elementor-section elementor-inner-section elementor-element elementor-element-59c1ff15 hero-banner-breadcrumbs-container elementor-section-boxed elementor-section-height-default elementor-section-height-default\" data-id=\"59c1ff15\" data-element_type=\"section\">\n\t\t\t\t\t\t<div class=\"elementor-container elementor-column-gap-default\">\n\t\t\t\t\t<div class=\"elementor-column elementor-col-100 elementor-inner-column elementor-element elementor-element-6c1a80f7\" data-id=\"6c1a80f7\" data-element_type=\"column\">\n\t\t\t<div class=\"elementor-widget-wrap elementor-element-populated\">\n\t\t\t\t\t\t<div class=\"elementor-element elementor-element-19770714 elementor-widget elementor-widget-heading\" data-id=\"19770714\" data-element_type=\"widget\" data-widget_type=\"heading.default\">\n\t\t\t\t<div class=\"elementor-widget-container\">\n\t\t\t\t\t<p class=\"elementor-heading-title elementor-size-default\"><a href=\"\/de\/\">Home |&nbsp;<\/a><\/p>\t\t\t\t<\/div>\n\t\t\t\t<\/div>\n\t\t\t\t<div class=\"elementor-element elementor-element-3b1e79c4 elementor-widget elementor-widget-heading\" data-id=\"3b1e79c4\" data-element_type=\"widget\" data-widget_type=\"heading.default\">\n\t\t\t\t<div class=\"elementor-widget-container\">\n\t\t\t\t\t<p class=\"elementor-heading-title elementor-size-default\">Branche <\/p>\t\t\t\t<\/div>\n\t\t\t\t<\/div>\n\t\t\t\t\t<\/div>\n\t\t<\/div>\n\t\t\t\t\t<\/div>\n\t\t<\/section>\n\t\t\t\t<div class=\"elementor-element elementor-element-18dd6ad8 elementor-widget elementor-widget-heading\" data-id=\"18dd6ad8\" data-element_type=\"widget\" data-widget_type=\"heading.default\">\n\t\t\t\t<div class=\"elementor-widget-container\">\n\t\t\t\t\t<h1 class=\"elementor-heading-title elementor-size-default\">Branche <\/h1>\t\t\t\t<\/div>\n\t\t\t\t<\/div>\n\t\t\t\t<div class=\"elementor-element elementor-element-75507fe8 elementor-widget elementor-widget-text-editor\" data-id=\"75507fe8\" data-element_type=\"widget\" data-widget_type=\"text-editor.default\">\n\t\t\t\t<div class=\"elementor-widget-container\">\n\t\t\t\t\t\t\t\t\t<p>Jede Branche hat ihre eigenen Spielregeln. Je besser Sie sie verstehen, desto besser k\u00f6nnen Sie Ihre Kunden betreuen. F\u00fcr uns bedeutet pers\u00f6nliches Gesch\u00e4ft, Sie auf Augenh\u00f6he zu beraten. Wir sprechen Ihre Sprache und kennen die Herausforderungen Ihres Marktes. Unsere Experten verbinden Fach- und Branchenwissen mit Leidenschaft und Liebe zum Detail.<\/p>\t\t\t\t\t\t\t\t<\/div>\n\t\t\t\t<\/div>\n\t\t\t\t\t<\/div>\n\t\t<\/div>\n\t\t\t\t<div class=\"elementor-column elementor-col-50 elementor-top-column elementor-element elementor-element-206bc5e1\" data-id=\"206bc5e1\" data-element_type=\"column\">\n\t\t\t<div class=\"elementor-widget-wrap\">\n\t\t\t\t\t\t\t<\/div>\n\t\t<\/div>\n\t\t\t\t\t<\/div>\n\t\t<\/section>\n\t\t<div class=\"elementor-element elementor-element-3b08f65f e-flex e-con-boxed e-con e-parent\" data-id=\"3b08f65f\" data-element_type=\"container\" data-settings=\"{&quot;background_background&quot;:&quot;classic&quot;}\">\n\t\t\t\t\t<div class=\"e-con-inner\">\n\t\t<div class=\"elementor-element elementor-element-50e65a3b e-flex e-con-boxed e-con e-child\" data-id=\"50e65a3b\" data-element_type=\"container\">\n\t\t\t\t\t<div class=\"e-con-inner\">\n\t\t\t\t<div class=\"elementor-element elementor-element-3547c85b elementor-widget elementor-widget-posts-card-grid\" data-id=\"3547c85b\" data-element_type=\"widget\" data-settings=\"{&quot;posts_card_grid_content_type&quot;:&quot;post&quot;,&quot;posts_card_grid_category&quot;:&quot;43&quot;,&quot;posts_card_grid_order_by&quot;:&quot;alphabet&quot;,&quot;posts_card_grid_order&quot;:&quot;ASC&quot;}\" data-widget_type=\"posts-card-grid.default\">\n\t\t\t\t<div class=\"elementor-widget-container\">\n\t\t\t\t\t\t \t<div \n\t \t\tclass=\"posts-card-grid-container\" \n \t\t>   \n\n\t\t\t\t  <div class=\"posts-grid\" style=\"opacity: 0;\">\n\n\t\t  \t<div class=\"posts-grid-sizer\"><\/div>\n\t\t    \t\n\t\t        \t<div class=\"posts-grid-item\">\n\t\t        \t\t\t        \t\t\t<a href=\"https:\/\/www.tpa-group.hr\/de\/branchen\/waste-industry\">\n\n\t\t        \t\t\t        \t\t\t\t\t\t<p class=\"main-category\">Abfallwirtschaft<\/p>\n\t        \t\t\t\t\t\t\t        \t\t<div class=\"img-container\">\n\t\t\t        \t\t\t<img decoding=\"async\" class=\"post-image\" src=\"https:\/\/www.tpa-group.hr\/app\/uploads\/sites\/5\/2023\/11\/TPA-Industry-Waste-Industry.jpg\" alt=\"Abfallwirtschaft\">\n\t\t        \t\t\t\t\t\t\t        \t\t<\/div>\n        \t\t\t\t<\/a>\n\n        \t\t\t\t\t\t        \t<\/div>\n\t\t        \t\n\t\t        \t<div class=\"posts-grid-item\">\n\t\t        \t\t\t        \t\t\t<a href=\"https:\/\/www.tpa-group.hr\/de\/branchen\/banken-versicherungen-finanzdienstleister\">\n\n\t\t        \t\t\t\t\t        \t\t\t\t<p class=\"main-category\">Banken,<br> Versicherungen &<br> Finanzdienstleister<\/p>\n\t        \t\t\t\t\t\t\t        \t\t<div class=\"img-container\">\n\t\t\t        \t\t\t<img decoding=\"async\" class=\"post-image\" src=\"https:\/\/www.tpa-group.hr\/app\/uploads\/sites\/5\/2023\/11\/TPA-Industry-Banking-Insurance-Financial-Service-Provider.jpg\" alt=\"Banken, Versicherungen &amp; Finanzdienstleister\">\n\t\t        \t\t\t\t\t\t\t        \t\t<\/div>\n        \t\t\t\t<\/a>\n\n        \t\t\t\t\t\t        \t<\/div>\n\t\t        \t\n\t\t        \t<div class=\"posts-grid-item\">\n\t\t        \t\t\t        \t\t\t<a href=\"https:\/\/www.tpa-group.hr\/de\/branchen\/biotechnologie_pharmaindustrie\">\n\n\t\t        \t\t\t        \t\t\t\t\t\t<p class=\"main-category\">Biotechnologie &amp; Pharmaindustrie<\/p>\n\t        \t\t\t\t\t\t\t        \t\t<div class=\"img-container\">\n\t\t\t        \t\t\t<img decoding=\"async\" class=\"post-image\" src=\"https:\/\/www.tpa-group.hr\/app\/uploads\/sites\/5\/2023\/11\/TPA-Industry-Biotechnology-Pharmaceutical-Industry.jpg\" alt=\"Biotechnologie &amp; Pharmaindustrie\">\n\t\t        \t\t\t\t\t\t\t        \t\t<\/div>\n        \t\t\t\t<\/a>\n\n        \t\t\t\t\t\t        \t<\/div>\n\t\t        \t\n\t\t        \t<div class=\"posts-grid-item\">\n\t\t        \t\t\t        \t\t\t<a href=\"https:\/\/www.tpa-group.hr\/de\/branchen\/energie\">\n\n\t\t        \t\t\t        \t\t\t\t\t\t<p class=\"main-category\">Energie<\/p>\n\t        \t\t\t\t\t\t\t        \t\t<div class=\"img-container\">\n\t\t\t        \t\t\t<img decoding=\"async\" class=\"post-image\" src=\"https:\/\/www.tpa-group.hr\/app\/uploads\/sites\/5\/2023\/11\/TPA-Industry-Energy.jpg\" alt=\"Energie\">\n\t\t        \t\t\t\t\t\t\t        \t\t<\/div>\n        \t\t\t\t<\/a>\n\n        \t\t\t\t\t\t        \t<\/div>\n\t\t        \t\n\t\t        \t<div class=\"posts-grid-item\">\n\t\t        \t\t\t        \t\t\t<a href=\"https:\/\/www.tpa-group.hr\/de\/branchen\/handel\">\n\n\t\t        \t\t\t        \t\t\t\t\t\t<p class=\"main-category\">Handel<\/p>\n\t        \t\t\t\t\t\t\t        \t\t<div class=\"img-container\">\n\t\t\t        \t\t\t<img decoding=\"async\" class=\"post-image\" src=\"https:\/\/www.tpa-group.hr\/app\/uploads\/sites\/5\/2023\/09\/Lebensmittelbranche-1.jpg\" alt=\"Handel\">\n\t\t        \t\t\t\t\t\t\t        \t\t<\/div>\n        \t\t\t\t<\/a>\n\n        \t\t\t\t\t\t        \t<\/div>\n\t\t        \t\n\t\t        \t<div class=\"posts-grid-item\">\n\t\t        \t\t\t        \t\t\t<a href=\"https:\/\/www.tpa-group.hr\/de\/branchen\/holdinggesellschaften-konzerne\">\n\n\t\t        \t\t\t\t\t        \t\t\t\t<p class=\"main-category\">Holdinggesellschaften<br> & Konzerne<\/p>\n\t        \t\t\t\t\t\t\t        \t\t<div class=\"img-container\">\n\t\t\t        \t\t\t<img decoding=\"async\" class=\"post-image\" src=\"https:\/\/www.tpa-group.hr\/app\/uploads\/sites\/5\/2023\/11\/TPA-Industry-Holdings.jpg\" alt=\"Holdinggesellschaften &amp; Konzerne\">\n\t\t        \t\t\t\t\t\t\t        \t\t<\/div>\n        \t\t\t\t<\/a>\n\n        \t\t\t\t\t\t        \t<\/div>\n\t\t        \t\n\t\t        \t<div class=\"posts-grid-item\">\n\t\t        \t\t\t        \t\t\t<a href=\"https:\/\/www.tpa-group.hr\/de\/branchen\/immobilien\">\n\n\t\t        \t\t\t        \t\t\t\t\t\t<p class=\"main-category\">Immobilien<\/p>\n\t        \t\t\t\t\t\t\t        \t\t<div class=\"img-container\">\n\t\t\t        \t\t\t<img decoding=\"async\" class=\"post-image\" src=\"https:\/\/www.tpa-group.hr\/app\/uploads\/sites\/5\/2023\/11\/TPA-Industry-Real-Estate.jpg\" alt=\"Immobilien\">\n\t\t        \t\t\t\t\t\t\t        \t\t<\/div>\n        \t\t\t\t<\/a>\n\n        \t\t\t\t\t\t        \t<\/div>\n\t\t        \t\n\t\t        \t<div class=\"posts-grid-item\">\n\t\t        \t\t\t        \t\t\t<a href=\"https:\/\/www.tpa-group.hr\/de\/branchen\/produzierende-industrie\">\n\n\t\t        \t\t\t\t\t        \t\t\t\t<p class=\"main-category\">Produzierende<br> Industrie<\/p>\n\t        \t\t\t\t\t\t\t        \t\t<div class=\"img-container\">\n\t\t\t        \t\t\t<img decoding=\"async\" class=\"post-image\" src=\"https:\/\/www.tpa-group.hr\/app\/uploads\/sites\/5\/2023\/11\/TPA-Industry-Manufacturing-Industry.jpg\" alt=\"Produzierende Industrie\">\n\t\t        \t\t\t\t\t\t\t        \t\t<\/div>\n        \t\t\t\t<\/a>\n\n        \t\t\t\t\t\t        \t<\/div>\n\t\t        \t\n\t\t        \t<div class=\"posts-grid-item\">\n\t\t        \t\t\t        \t\t\t<a href=\"https:\/\/www.tpa-group.hr\/de\/branchen\/transport-ogistik\">\n\n\t\t        \t\t\t        \t\t\t\t\t\t<p class=\"main-category\">Transport &amp; Logistik<\/p>\n\t        \t\t\t\t\t\t\t        \t\t<div class=\"img-container\">\n\t\t\t        \t\t\t<img decoding=\"async\" class=\"post-image\" src=\"https:\/\/www.tpa-group.hr\/app\/uploads\/sites\/5\/2023\/11\/TPA-Industry-Transport-Logistics.jpg\" alt=\"Transport &amp; Logistik\">\n\t\t        \t\t\t\t\t\t\t        \t\t<\/div>\n        \t\t\t\t<\/a>\n\n        \t\t\t\t\t\t        \t<\/div>\n\t\t        \t\n\t\t        \t<div class=\"posts-grid-item\">\n\t\t        \t\t\t        \t\t\t<a href=\"https:\/\/www.tpa-group.hr\/de\/branchen\/weinbau-agrarwirtschaft\">\n\n\t\t        \t\t\t\t\t        \t\t\t\t<p class=\"main-category\">Weinbau &<br> Agrarwirtschaft<\/p>\n\t        \t\t\t\t\t\t\t        \t\t<div class=\"img-container\">\n\t\t\t        \t\t\t<img decoding=\"async\" class=\"post-image\" src=\"https:\/\/www.tpa-group.hr\/app\/uploads\/sites\/5\/2023\/11\/TPA-Industry-Winegrowing-Agriculture.jpg\" alt=\"Weinbau &amp; Agrarwirtschaft\">\n\t\t        \t\t\t\t\t\t\t        \t\t<\/div>\n        \t\t\t\t<\/a>\n\n        \t\t\t\t\t\t        \t<\/div>\n\t\t        \t\t  <\/div>\n\t\t  \t\t\n\t\t\n\n\t\t\t \t<\/div>\n\t\t\t\t\t\t<\/div>\n\t\t\t\t<\/div>\n\t\t\t\t\t<\/div>\n\t\t\t\t<\/div>\n\t\t\t\t\t<\/div>\n\t\t\t\t<\/div>\n\t\t\t\t<\/div>\n\t\t","protected":false},"excerpt":{"rendered":"<p>Home |&nbsp; Branche Branche Jede Branche hat ihre eigenen Spielregeln. Je besser Sie sie verstehen, desto besser k\u00f6nnen Sie Ihre Kunden betreuen. F\u00fcr uns bedeutet pers\u00f6nliches Gesch\u00e4ft, Sie auf Augenh\u00f6he zu beraten. Wir sprechen Ihre Sprache und kennen die Herausforderungen Ihres Marktes. Unsere Experten verbinden Fach- und Branchenwissen mit Leidenschaft und Liebe zum Detail.<\/p>\n","protected":false},"author":1,"featured_media":0,"parent":0,"menu_order":0,"comment_status":"closed","ping_status":"closed","template":"elementor_header_footer","meta":{"_acf_changed":false,"footnotes":""},"class_list":["post-1895","page","type-page","status-publish","hentry"],"acf":[],"yoast_head":"<!-- This site is optimized with the Yoast SEO plugin v26.0 - https:\/\/yoast.com\/wordpress\/plugins\/seo\/ -->\n<title>Branche - TPA Hrvatska - TPA Croatia<\/title>\n<meta name=\"robots\" content=\"index, follow, max-snippet:-1, max-image-preview:large, max-video-preview:-1\" \/>\n<link rel=\"canonical\" href=\"https:\/\/www.tpa-group.hr\/de\/branche\" \/>\n<meta property=\"og:locale\" content=\"de_DE\" \/>\n<meta property=\"og:type\" content=\"article\" \/>\n<meta property=\"og:title\" content=\"Branche - TPA Hrvatska - TPA Croatia\" \/>\n<meta property=\"og:description\" content=\"Home |&nbsp; Branche Branche Jede Branche hat ihre eigenen Spielregeln. Je besser Sie sie verstehen, desto besser k\u00f6nnen Sie Ihre Kunden betreuen. F\u00fcr uns bedeutet pers\u00f6nliches Gesch\u00e4ft, Sie auf Augenh\u00f6he zu beraten. Wir sprechen Ihre Sprache und kennen die Herausforderungen Ihres Marktes. Unsere Experten verbinden Fach- und Branchenwissen mit Leidenschaft und Liebe zum Detail.\" \/>\n<meta property=\"og:url\" content=\"https:\/\/www.tpa-group.hr\/de\/branche\" \/>\n<meta property=\"og:site_name\" content=\"TPA Hrvatska - TPA Croatia\" \/>\n<meta property=\"article:modified_time\" content=\"2025-03-29T12:45:56+00:00\" \/>\n<meta name=\"twitter:card\" content=\"summary_large_image\" \/>\n<meta name=\"twitter:label1\" content=\"Est. reading time\" \/>\n\t<meta name=\"twitter:data1\" content=\"3 Minuten\" \/>\n<script type=\"application\/ld+json\" class=\"yoast-schema-graph\">{\"@context\":\"https:\/\/schema.org\",\"@graph\":[{\"@type\":\"WebPage\",\"@id\":\"https:\/\/www.tpa-group.hr\/de\/branche\",\"url\":\"https:\/\/www.tpa-group.hr\/de\/branche\",\"name\":\"Branche - TPA Hrvatska - TPA Croatia\",\"isPartOf\":{\"@id\":\"https:\/\/www.tpa-group.hr\/de#website\"},\"datePublished\":\"2023-09-28T11:15:28+00:00\",\"dateModified\":\"2025-03-29T12:45:56+00:00\",\"breadcrumb\":{\"@id\":\"https:\/\/www.tpa-group.hr\/de\/branche#breadcrumb\"},\"inLanguage\":\"de-DE\",\"potentialAction\":[{\"@type\":\"ReadAction\",\"target\":[\"https:\/\/www.tpa-group.hr\/de\/branche\"]}]},{\"@type\":\"BreadcrumbList\",\"@id\":\"https:\/\/www.tpa-group.hr\/de\/branche#breadcrumb\",\"itemListElement\":[{\"@type\":\"ListItem\",\"position\":1,\"name\":\"Home\",\"item\":\"https:\/\/www.tpa-group.hr\/de\"},{\"@type\":\"ListItem\",\"position\":2,\"name\":\"Branche\"}]},{\"@type\":\"WebSite\",\"@id\":\"https:\/\/www.tpa-group.hr\/de#website\",\"url\":\"https:\/\/www.tpa-group.hr\/de\",\"name\":\"TPA Hrvatska - TPA Croatia\",\"description\":\"Porezno savjetovanje\",\"publisher\":{\"@id\":\"https:\/\/www.tpa-group.hr\/de#organization\"},\"alternateName\":\"TPA\",\"potentialAction\":[{\"@type\":\"SearchAction\",\"target\":{\"@type\":\"EntryPoint\",\"urlTemplate\":\"https:\/\/www.tpa-group.hr\/de?s={search_term_string}\"},\"query-input\":{\"@type\":\"PropertyValueSpecification\",\"valueRequired\":true,\"valueName\":\"search_term_string\"}}],\"inLanguage\":\"de-DE\"},{\"@type\":\"Organization\",\"@id\":\"https:\/\/www.tpa-group.hr\/de#organization\",\"name\":\"TPA Hrvatska - TPA Croatia\",\"url\":\"https:\/\/www.tpa-group.hr\/de\",\"logo\":{\"@type\":\"ImageObject\",\"inLanguage\":\"de-DE\",\"@id\":\"https:\/\/www.tpa-group.hr\/de#\/schema\/logo\/image\/\",\"url\":\"https:\/\/www.tpa-group.hr\/app\/uploads\/sites\/5\/2025\/09\/WhatsApp-Image-2025-09-29-at-13.31.31-Photoroom.png\",\"contentUrl\":\"https:\/\/www.tpa-group.hr\/app\/uploads\/sites\/5\/2025\/09\/WhatsApp-Image-2025-09-29-at-13.31.31-Photoroom.png\",\"width\":709,\"height\":355,\"caption\":\"TPA Hrvatska - TPA Croatia\"},\"image\":{\"@id\":\"https:\/\/www.tpa-group.hr\/de#\/schema\/logo\/image\/\"}}]}<\/script>\n<!-- \/ Yoast SEO plugin. -->","yoast_head_json":{"title":"Branche - TPA Hrvatska - TPA Croatia","robots":{"index":"index","follow":"follow","max-snippet":"max-snippet:-1","max-image-preview":"max-image-preview:large","max-video-preview":"max-video-preview:-1"},"canonical":"https:\/\/www.tpa-group.hr\/de\/branche","og_locale":"de_DE","og_type":"article","og_title":"Branche - TPA Hrvatska - TPA Croatia","og_description":"Home |&nbsp; Branche Branche Jede Branche hat ihre eigenen Spielregeln. Je besser Sie sie verstehen, desto besser k\u00f6nnen Sie Ihre Kunden betreuen. F\u00fcr uns bedeutet pers\u00f6nliches Gesch\u00e4ft, Sie auf Augenh\u00f6he zu beraten. Wir sprechen Ihre Sprache und kennen die Herausforderungen Ihres Marktes. Unsere Experten verbinden Fach- und Branchenwissen mit Leidenschaft und Liebe zum Detail.","og_url":"https:\/\/www.tpa-group.hr\/de\/branche","og_site_name":"TPA Hrvatska - TPA Croatia","article_modified_time":"2025-03-29T12:45:56+00:00","twitter_card":"summary_large_image","twitter_misc":{"Est. reading time":"3 Minuten"},"schema":{"@context":"https:\/\/schema.org","@graph":[{"@type":"WebPage","@id":"https:\/\/www.tpa-group.hr\/de\/branche","url":"https:\/\/www.tpa-group.hr\/de\/branche","name":"Branche - TPA Hrvatska - TPA Croatia","isPartOf":{"@id":"https:\/\/www.tpa-group.hr\/de#website"},"datePublished":"2023-09-28T11:15:28+00:00","dateModified":"2025-03-29T12:45:56+00:00","breadcrumb":{"@id":"https:\/\/www.tpa-group.hr\/de\/branche#breadcrumb"},"inLanguage":"de-DE","potentialAction":[{"@type":"ReadAction","target":["https:\/\/www.tpa-group.hr\/de\/branche"]}]},{"@type":"BreadcrumbList","@id":"https:\/\/www.tpa-group.hr\/de\/branche#breadcrumb","itemListElement":[{"@type":"ListItem","position":1,"name":"Home","item":"https:\/\/www.tpa-group.hr\/de"},{"@type":"ListItem","position":2,"name":"Branche"}]},{"@type":"WebSite","@id":"https:\/\/www.tpa-group.hr\/de#website","url":"https:\/\/www.tpa-group.hr\/de","name":"TPA Hrvatska - TPA Croatia","description":"Porezno savjetovanje","publisher":{"@id":"https:\/\/www.tpa-group.hr\/de#organization"},"alternateName":"TPA","potentialAction":[{"@type":"SearchAction","target":{"@type":"EntryPoint","urlTemplate":"https:\/\/www.tpa-group.hr\/de?s={search_term_string}"},"query-input":{"@type":"PropertyValueSpecification","valueRequired":true,"valueName":"search_term_string"}}],"inLanguage":"de-DE"},{"@type":"Organization","@id":"https:\/\/www.tpa-group.hr\/de#organization","name":"TPA Hrvatska - TPA Croatia","url":"https:\/\/www.tpa-group.hr\/de","logo":{"@type":"ImageObject","inLanguage":"de-DE","@id":"https:\/\/www.tpa-group.hr\/de#\/schema\/logo\/image\/","url":"https:\/\/www.tpa-group.hr\/app\/uploads\/sites\/5\/2025\/09\/WhatsApp-Image-2025-09-29-at-13.31.31-Photoroom.png","contentUrl":"https:\/\/www.tpa-group.hr\/app\/uploads\/sites\/5\/2025\/09\/WhatsApp-Image-2025-09-29-at-13.31.31-Photoroom.png","width":709,"height":355,"caption":"TPA Hrvatska - TPA Croatia"},"image":{"@id":"https:\/\/www.tpa-group.hr\/de#\/schema\/logo\/image\/"}}]}},"_links":{"self":[{"href":"https:\/\/www.tpa-group.hr\/de\/wp-json\/wp\/v2\/pages\/1895","targetHints":{"allow":["GET"]}}],"collection":[{"href":"https:\/\/www.tpa-group.hr\/de\/wp-json\/wp\/v2\/pages"}],"about":[{"href":"https:\/\/www.tpa-group.hr\/de\/wp-json\/wp\/v2\/types\/page"}],"author":[{"embeddable":true,"href":"https:\/\/www.tpa-group.hr\/de\/wp-json\/wp\/v2\/users\/1"}],"replies":[{"embeddable":true,"href":"https:\/\/www.tpa-group.hr\/de\/wp-json\/wp\/v2\/comments?post=1895"}],"version-history":[{"count":10,"href":"https:\/\/www.tpa-group.hr\/de\/wp-json\/wp\/v2\/pages\/1895\/revisions"}],"predecessor-version":[{"id":4841,"href":"https:\/\/www.tpa-group.hr\/de\/wp-json\/wp\/v2\/pages\/1895\/revisions\/4841"}],"wp:attachment":[{"href":"https:\/\/www.tpa-group.hr\/de\/wp-json\/wp\/v2\/media?parent=1895"}],"curies":[{"name":"wp","href":"https:\/\/api.w.org\/{rel}","templated":true}]}}