{"id":1891,"date":"2023-09-28T11:20:34","date_gmt":"2023-09-28T11:20:34","guid":{"rendered":"https:\/\/www.tpa-group.hr\/standorte\/"},"modified":"2025-03-24T09:26:26","modified_gmt":"2025-03-24T09:26:26","slug":"standorte","status":"publish","type":"page","link":"https:\/\/www.tpa-group.hr\/de\/standorte","title":{"rendered":"Standorte"},"content":{"rendered":"\t\t<div data-elementor-type=\"wp-page\" data-elementor-id=\"1891\" class=\"elementor elementor-1891 elementor-546\" data-elementor-post-type=\"page\">\n\t\t\t\t\t\t<section class=\"elementor-section elementor-top-section elementor-element elementor-element-6e5eb59f hero-banner elementor-section-boxed elementor-section-height-default elementor-section-height-default\" data-id=\"6e5eb59f\" data-element_type=\"section\">\n\t\t\t\t\t\t<div class=\"elementor-container elementor-column-gap-default\">\n\t\t\t\t\t<div class=\"elementor-column elementor-col-50 elementor-top-column elementor-element elementor-element-782806d5\" data-id=\"782806d5\" data-element_type=\"column\">\n\t\t\t<div class=\"elementor-widget-wrap elementor-element-populated\">\n\t\t\t\t\t\t<section class=\"elementor-section elementor-inner-section elementor-element elementor-element-16325c41 hero-banner-breadcrumbs-container elementor-section-boxed elementor-section-height-default elementor-section-height-default\" data-id=\"16325c41\" data-element_type=\"section\">\n\t\t\t\t\t\t<div class=\"elementor-container elementor-column-gap-default\">\n\t\t\t\t\t<div class=\"elementor-column elementor-col-100 elementor-inner-column elementor-element elementor-element-55f77443\" data-id=\"55f77443\" data-element_type=\"column\">\n\t\t\t<div class=\"elementor-widget-wrap elementor-element-populated\">\n\t\t\t\t\t\t<div class=\"elementor-element elementor-element-4e114058 elementor-widget elementor-widget-heading\" data-id=\"4e114058\" data-element_type=\"widget\" data-widget_type=\"heading.default\">\n\t\t\t\t<div class=\"elementor-widget-container\">\n\t\t\t\t\t<p class=\"elementor-heading-title elementor-size-default\"><a href=\"\/de\/\">Home |&nbsp;<\/a><\/p>\t\t\t\t<\/div>\n\t\t\t\t<\/div>\n\t\t\t\t<div class=\"elementor-element elementor-element-1a9a1182 elementor-widget elementor-widget-heading\" data-id=\"1a9a1182\" data-element_type=\"widget\" data-widget_type=\"heading.default\">\n\t\t\t\t<div class=\"elementor-widget-container\">\n\t\t\t\t\t<p class=\"elementor-heading-title elementor-size-default\">Standorte<\/p>\t\t\t\t<\/div>\n\t\t\t\t<\/div>\n\t\t\t\t\t<\/div>\n\t\t<\/div>\n\t\t\t\t\t<\/div>\n\t\t<\/section>\n\t\t\t\t<div class=\"elementor-element elementor-element-494e3eb0 elementor-widget elementor-widget-heading\" data-id=\"494e3eb0\" data-element_type=\"widget\" data-widget_type=\"heading.default\">\n\t\t\t\t<div class=\"elementor-widget-container\">\n\t\t\t\t\t<h1 class=\"elementor-heading-title elementor-size-default\">Unsere Standorte<\/h1>\t\t\t\t<\/div>\n\t\t\t\t<\/div>\n\t\t\t\t<div class=\"elementor-element elementor-element-18b2707b elementor-widget elementor-widget-text-editor\" data-id=\"18b2707b\" data-element_type=\"widget\" data-widget_type=\"text-editor.default\">\n\t\t\t\t<div class=\"elementor-widget-container\">\n\t\t\t\t\t\t\t\t\t<p>Bei TPA leben wir unseren Beratungsansatz \u201ePartner auf Augenh\u00f6he\u201c jeden Tag. Der direkte Kontakt mit Ihnen ist uns daher besonders wichtig. Wir m\u00f6chten Ihnen diesen bieten, wann immer es m\u00f6glich ist. Schlie\u00dflich sind die meisten gesch\u00e4ftlichen Gespr\u00e4che von Angesicht zu Angesicht einfacher und effizienter. Deshalb sind wir dort, wo Sie und Ihr Unternehmen sind.<\/p>\t\t\t\t\t\t\t\t<\/div>\n\t\t\t\t<\/div>\n\t\t\t\t\t<\/div>\n\t\t<\/div>\n\t\t\t\t<div class=\"elementor-column elementor-col-50 elementor-top-column elementor-element elementor-element-661f4385\" data-id=\"661f4385\" data-element_type=\"column\">\n\t\t\t<div class=\"elementor-widget-wrap\">\n\t\t\t\t\t\t\t<\/div>\n\t\t<\/div>\n\t\t\t\t\t<\/div>\n\t\t<\/section>\n\t\t\t\t<section class=\"elementor-section elementor-top-section elementor-element elementor-element-16dc9f74 elementor-section-boxed elementor-section-height-default elementor-section-height-default\" data-id=\"16dc9f74\" data-element_type=\"section\" data-settings=\"{&quot;background_background&quot;:&quot;classic&quot;}\">\n\t\t\t\t\t\t<div class=\"elementor-container elementor-column-gap-default\">\n\t\t\t\t\t<div class=\"elementor-column elementor-col-100 elementor-top-column elementor-element elementor-element-370b788e\" data-id=\"370b788e\" data-element_type=\"column\">\n\t\t\t<div class=\"elementor-widget-wrap elementor-element-populated\">\n\t\t\t\t\t\t<div class=\"elementor-element elementor-element-1990647e elementor-widget elementor-widget-locations-card-grid\" data-id=\"1990647e\" data-element_type=\"widget\" data-widget_type=\"locations-card-grid.default\">\n\t\t\t\t<div class=\"elementor-widget-container\">\n\t\t\t\t\t\t \t<div \n\t \t\tclass=\"locations-card-grid-container\" \n \t\t>   \n\n\t\t\t\t  <div class=\"locations-grid\" style=\"opacity: 0;\">\n\n\t\t  \t<div class=\"locations-grid-sizer\"><\/div>\n\t\t    \t\n\t\t        \t<div class=\"locations-grid-item\">\n\t        \t\t\t<a class=\"location-link\" href=\"https:\/\/www.tpa-group.hr\/de\/locations\/tpa-kroatien\">\n\t\t        \t\t\t        \t\t\t\t\t\t<p class=\"main-category\">Zagreb<\/p>\n\t        \t\t\t\t\t\t\t        \t\t\t\t\t        \t\t<div class=\"img-container\">\n\t\t\t        \t\t\t<img decoding=\"async\" class=\"post-image\" src=\"https:\/\/www.tpa-group.hr\/app\/uploads\/sites\/5\/2023\/12\/Plaza-Event-Centar-ZG_TPA-Croatia_01-scaled.jpg\" alt=\"Zagreb\">\n\t\t\t        \t\t<\/div>\n\t\t        \t\t<\/a>\n\t        \t\t\t\t\t\t        \t\t\t\t<div class=\"post-content-wrapper\">\n\t\t\t\t\t        \t\t<div class=\"content-container\">\n\t\t\t\t\t        \t\t\t\n\t\t\t        \t\t\t\t\t\t<a href=\"https:\/\/www.tpa-group.hr\/de\/locations\/tpa-kroatien\">\n\t\t\t\t\t        \t\t\t\t\t<h5 class=\"post-title\">Zagreb<\/h5>\n\t\t\t\t\t        \t\t\t\t<\/a>\n\t\t                    \t\t\t\t\t                    \t\t\t<div class=\"location-email-container\">\n                    \t\t\t\t\t\t<a href=\"mailto:office@tpa-group.hr\">\n\t\t\t                    \t\t\t\t<i aria-hidden=\"true\" class=\"fa6s fa6s-solid-envelope\"><\/i>\n\t\t\t                    \t\t\t\t<p>office@tpa-group.hr<\/p>\n\t\t                    \t\t\t\t<\/a>\n\t\t                    \t\t\t<\/div>\n\t\t\t\t\t\t\t\t\t\t\n\t\t                    \t\t\t<div class=\"location-telephone-container\">\n\t\t                    \t\t\t\t<a href=\"tel:+385 1 6461 780\">\n\t\t\t                    \t\t\t\t<i aria-hidden=\"true\" class=\"fa6s fa6s-solid-phone\"><\/i>\n\t\t\t\t\t\t\t\t\t\t\t\t<p>+385 1 6461 780<\/p>\n\t\t\t\t\t\t\t\t\t\t\t<\/a>\n\t\t                    \t\t\t<\/div>\n\t\t\t\t\t\t\t\t\t\t\n\t\t                    \t\t\t<div class=\"location-address-container\">\n\t\t                    \t\t\t\t<i aria-hidden=\"true\" class=\"fa6s fa6s-solid-location-dot\"><\/i>\n\t\t\t\t\t\t\t\t\t\t\t<p>Slavonska avenija 6, HoB - zgrada B1a, 7. kat, 10000 Zagreb<\/p>\n\t\t                    \t\t\t<\/div>\n\t\t\t\t\t\t\t\t\t\t<br>\n\t\t\t\t\t\t\t\t\t\t\t\t\t\t\t\t\t\t\t\t\t<div class=\"location-working-hours-container\">\n\t\t                    \t\t\t\t<i aria-hidden=\"true\" class=\"fa6s fa6s-solid-clock\"><\/i>\n\t\t\t\t\t\t\t\t\t\t\t\t\t\t\t\t\t\t\t\t\t        <div class=\"working-hours-row\">\n\t\t\t\t\t\t\t\t\t\t        \t<p class=\"working-days\">Mo-Fr<\/p>\n\t\t\t\t\t\t\t\t\t\t        \t<p class=\"working-hours\">8:00-18:00<\/p>\n\t\t\t\t\t\t\t\t\t\t        <\/div>\n\t\t\t\t\t\t\t\t\t        \t\t\t\t\t\t\t\t\t\t\t\t<\/div>\n\t\t\t\t\t\t\t\t\t    \n\t        \t\t\t\t\t\t\t<a href=\"https:\/\/www.tpa-group.hr\/de\/locations\/tpa-kroatien\">\n\t\t\t        \t\t\t\t\t\t<div class=\"btn-arrow\" style=\"background-image: url('https:\/\/www.tpa-group.hr\/app\/plugins\/ovos-elementor-widgets\/widgets\/locations-card-grid-widget\/img\/button-arrow-right-long.svg')\"><\/div>\n\t\t\t        \t\t\t\t\t<\/a>\n\t\t\t\t\t        \t\t<\/div>\n\t\t\t\t        \t\t<\/div>\n\t        \t\t\t\t\t\t        \t<\/div>\n\t\t        \t\t  <\/div>\n\t\t  \t\t\t\t\n\t \t<\/div>\n\t\t\t\t\t\t<\/div>\n\t\t\t\t<\/div>\n\t\t\t\t\t<\/div>\n\t\t<\/div>\n\t\t\t\t\t<\/div>\n\t\t<\/section>\n\t\t\t\t<\/div>\n\t\t","protected":false},"excerpt":{"rendered":"<p>Home |&nbsp; Standorte Unsere Standorte Bei TPA leben wir unseren Beratungsansatz \u201ePartner auf Augenh\u00f6he\u201c jeden Tag. Der direkte Kontakt mit Ihnen ist uns daher besonders wichtig. Wir m\u00f6chten Ihnen diesen bieten, wann immer es m\u00f6glich ist. Schlie\u00dflich sind die meisten gesch\u00e4ftlichen Gespr\u00e4che von Angesicht zu Angesicht einfacher und effizienter. Deshalb sind wir dort, wo Sie [&hellip;]<\/p>\n","protected":false},"author":1,"featured_media":0,"parent":0,"menu_order":0,"comment_status":"closed","ping_status":"closed","template":"elementor_header_footer","meta":{"_acf_changed":false,"footnotes":""},"class_list":["post-1891","page","type-page","status-publish","hentry"],"acf":[],"yoast_head":"<!-- This site is optimized with the Yoast SEO plugin v26.0 - https:\/\/yoast.com\/wordpress\/plugins\/seo\/ -->\n<title>Standorte - TPA Hrvatska - TPA Croatia<\/title>\n<meta name=\"robots\" content=\"index, follow, max-snippet:-1, max-image-preview:large, max-video-preview:-1\" \/>\n<link rel=\"canonical\" href=\"https:\/\/www.tpa-group.hr\/de\/standorte\" \/>\n<meta property=\"og:locale\" content=\"de_DE\" \/>\n<meta property=\"og:type\" content=\"article\" \/>\n<meta property=\"og:title\" content=\"Standorte - TPA Hrvatska - TPA Croatia\" \/>\n<meta property=\"og:description\" content=\"Home |&nbsp; Standorte Unsere Standorte Bei TPA leben wir unseren Beratungsansatz \u201ePartner auf Augenh\u00f6he\u201c jeden Tag. Der direkte Kontakt mit Ihnen ist uns daher besonders wichtig. Wir m\u00f6chten Ihnen diesen bieten, wann immer es m\u00f6glich ist. Schlie\u00dflich sind die meisten gesch\u00e4ftlichen Gespr\u00e4che von Angesicht zu Angesicht einfacher und effizienter. Deshalb sind wir dort, wo Sie [&hellip;]\" \/>\n<meta property=\"og:url\" content=\"https:\/\/www.tpa-group.hr\/de\/standorte\" \/>\n<meta property=\"og:site_name\" content=\"TPA Hrvatska - TPA Croatia\" \/>\n<meta property=\"article:modified_time\" content=\"2025-03-24T09:26:26+00:00\" \/>\n<meta property=\"og:image\" content=\"https:\/\/www.tpa-group.hr\/app\/uploads\/sites\/5\/2023\/12\/Plaza-Event-Centar-ZG_TPA-Croatia_01-scaled.jpg\" \/>\n<meta name=\"twitter:card\" content=\"summary_large_image\" \/>\n<meta name=\"twitter:label1\" content=\"Est. reading time\" \/>\n\t<meta name=\"twitter:data1\" content=\"1 Minute\" \/>\n<script type=\"application\/ld+json\" class=\"yoast-schema-graph\">{\"@context\":\"https:\/\/schema.org\",\"@graph\":[{\"@type\":\"WebPage\",\"@id\":\"https:\/\/www.tpa-group.hr\/de\/standorte\",\"url\":\"https:\/\/www.tpa-group.hr\/de\/standorte\",\"name\":\"Standorte - TPA Hrvatska - TPA Croatia\",\"isPartOf\":{\"@id\":\"https:\/\/www.tpa-group.hr\/de#website\"},\"primaryImageOfPage\":{\"@id\":\"https:\/\/www.tpa-group.hr\/de\/standorte#primaryimage\"},\"image\":{\"@id\":\"https:\/\/www.tpa-group.hr\/de\/standorte#primaryimage\"},\"thumbnailUrl\":\"https:\/\/www.tpa-group.hr\/app\/uploads\/sites\/5\/2023\/12\/Plaza-Event-Centar-ZG_TPA-Croatia_01-scaled.jpg\",\"datePublished\":\"2023-09-28T11:20:34+00:00\",\"dateModified\":\"2025-03-24T09:26:26+00:00\",\"breadcrumb\":{\"@id\":\"https:\/\/www.tpa-group.hr\/de\/standorte#breadcrumb\"},\"inLanguage\":\"de-DE\",\"potentialAction\":[{\"@type\":\"ReadAction\",\"target\":[\"https:\/\/www.tpa-group.hr\/de\/standorte\"]}]},{\"@type\":\"ImageObject\",\"inLanguage\":\"de-DE\",\"@id\":\"https:\/\/www.tpa-group.hr\/de\/standorte#primaryimage\",\"url\":\"https:\/\/www.tpa-group.hr\/app\/uploads\/sites\/5\/2023\/12\/Plaza-Event-Centar-ZG_TPA-Croatia_01-scaled.jpg\",\"contentUrl\":\"https:\/\/www.tpa-group.hr\/app\/uploads\/sites\/5\/2023\/12\/Plaza-Event-Centar-ZG_TPA-Croatia_01-scaled.jpg\"},{\"@type\":\"BreadcrumbList\",\"@id\":\"https:\/\/www.tpa-group.hr\/de\/standorte#breadcrumb\",\"itemListElement\":[{\"@type\":\"ListItem\",\"position\":1,\"name\":\"Home\",\"item\":\"https:\/\/www.tpa-group.hr\/de\"},{\"@type\":\"ListItem\",\"position\":2,\"name\":\"Standorte\"}]},{\"@type\":\"WebSite\",\"@id\":\"https:\/\/www.tpa-group.hr\/de#website\",\"url\":\"https:\/\/www.tpa-group.hr\/de\",\"name\":\"TPA Hrvatska - TPA Croatia\",\"description\":\"Porezno savjetovanje\",\"publisher\":{\"@id\":\"https:\/\/www.tpa-group.hr\/de#organization\"},\"alternateName\":\"TPA\",\"potentialAction\":[{\"@type\":\"SearchAction\",\"target\":{\"@type\":\"EntryPoint\",\"urlTemplate\":\"https:\/\/www.tpa-group.hr\/de?s={search_term_string}\"},\"query-input\":{\"@type\":\"PropertyValueSpecification\",\"valueRequired\":true,\"valueName\":\"search_term_string\"}}],\"inLanguage\":\"de-DE\"},{\"@type\":\"Organization\",\"@id\":\"https:\/\/www.tpa-group.hr\/de#organization\",\"name\":\"TPA Hrvatska - TPA Croatia\",\"url\":\"https:\/\/www.tpa-group.hr\/de\",\"logo\":{\"@type\":\"ImageObject\",\"inLanguage\":\"de-DE\",\"@id\":\"https:\/\/www.tpa-group.hr\/de#\/schema\/logo\/image\/\",\"url\":\"https:\/\/www.tpa-group.hr\/app\/uploads\/sites\/5\/2025\/09\/WhatsApp-Image-2025-09-29-at-13.31.31-Photoroom.png\",\"contentUrl\":\"https:\/\/www.tpa-group.hr\/app\/uploads\/sites\/5\/2025\/09\/WhatsApp-Image-2025-09-29-at-13.31.31-Photoroom.png\",\"width\":709,\"height\":355,\"caption\":\"TPA Hrvatska - TPA Croatia\"},\"image\":{\"@id\":\"https:\/\/www.tpa-group.hr\/de#\/schema\/logo\/image\/\"}}]}<\/script>\n<!-- \/ Yoast SEO plugin. -->","yoast_head_json":{"title":"Standorte - TPA Hrvatska - TPA Croatia","robots":{"index":"index","follow":"follow","max-snippet":"max-snippet:-1","max-image-preview":"max-image-preview:large","max-video-preview":"max-video-preview:-1"},"canonical":"https:\/\/www.tpa-group.hr\/de\/standorte","og_locale":"de_DE","og_type":"article","og_title":"Standorte - TPA Hrvatska - TPA Croatia","og_description":"Home |&nbsp; Standorte Unsere Standorte Bei TPA leben wir unseren Beratungsansatz \u201ePartner auf Augenh\u00f6he\u201c jeden Tag. Der direkte Kontakt mit Ihnen ist uns daher besonders wichtig. Wir m\u00f6chten Ihnen diesen bieten, wann immer es m\u00f6glich ist. Schlie\u00dflich sind die meisten gesch\u00e4ftlichen Gespr\u00e4che von Angesicht zu Angesicht einfacher und effizienter. Deshalb sind wir dort, wo Sie [&hellip;]","og_url":"https:\/\/www.tpa-group.hr\/de\/standorte","og_site_name":"TPA Hrvatska - TPA Croatia","article_modified_time":"2025-03-24T09:26:26+00:00","og_image":[{"url":"https:\/\/www.tpa-group.hr\/app\/uploads\/sites\/5\/2023\/12\/Plaza-Event-Centar-ZG_TPA-Croatia_01-scaled.jpg","type":"","width":"","height":""}],"twitter_card":"summary_large_image","twitter_misc":{"Est. reading time":"1 Minute"},"schema":{"@context":"https:\/\/schema.org","@graph":[{"@type":"WebPage","@id":"https:\/\/www.tpa-group.hr\/de\/standorte","url":"https:\/\/www.tpa-group.hr\/de\/standorte","name":"Standorte - TPA Hrvatska - TPA Croatia","isPartOf":{"@id":"https:\/\/www.tpa-group.hr\/de#website"},"primaryImageOfPage":{"@id":"https:\/\/www.tpa-group.hr\/de\/standorte#primaryimage"},"image":{"@id":"https:\/\/www.tpa-group.hr\/de\/standorte#primaryimage"},"thumbnailUrl":"https:\/\/www.tpa-group.hr\/app\/uploads\/sites\/5\/2023\/12\/Plaza-Event-Centar-ZG_TPA-Croatia_01-scaled.jpg","datePublished":"2023-09-28T11:20:34+00:00","dateModified":"2025-03-24T09:26:26+00:00","breadcrumb":{"@id":"https:\/\/www.tpa-group.hr\/de\/standorte#breadcrumb"},"inLanguage":"de-DE","potentialAction":[{"@type":"ReadAction","target":["https:\/\/www.tpa-group.hr\/de\/standorte"]}]},{"@type":"ImageObject","inLanguage":"de-DE","@id":"https:\/\/www.tpa-group.hr\/de\/standorte#primaryimage","url":"https:\/\/www.tpa-group.hr\/app\/uploads\/sites\/5\/2023\/12\/Plaza-Event-Centar-ZG_TPA-Croatia_01-scaled.jpg","contentUrl":"https:\/\/www.tpa-group.hr\/app\/uploads\/sites\/5\/2023\/12\/Plaza-Event-Centar-ZG_TPA-Croatia_01-scaled.jpg"},{"@type":"BreadcrumbList","@id":"https:\/\/www.tpa-group.hr\/de\/standorte#breadcrumb","itemListElement":[{"@type":"ListItem","position":1,"name":"Home","item":"https:\/\/www.tpa-group.hr\/de"},{"@type":"ListItem","position":2,"name":"Standorte"}]},{"@type":"WebSite","@id":"https:\/\/www.tpa-group.hr\/de#website","url":"https:\/\/www.tpa-group.hr\/de","name":"TPA Hrvatska - TPA Croatia","description":"Porezno savjetovanje","publisher":{"@id":"https:\/\/www.tpa-group.hr\/de#organization"},"alternateName":"TPA","potentialAction":[{"@type":"SearchAction","target":{"@type":"EntryPoint","urlTemplate":"https:\/\/www.tpa-group.hr\/de?s={search_term_string}"},"query-input":{"@type":"PropertyValueSpecification","valueRequired":true,"valueName":"search_term_string"}}],"inLanguage":"de-DE"},{"@type":"Organization","@id":"https:\/\/www.tpa-group.hr\/de#organization","name":"TPA Hrvatska - TPA Croatia","url":"https:\/\/www.tpa-group.hr\/de","logo":{"@type":"ImageObject","inLanguage":"de-DE","@id":"https:\/\/www.tpa-group.hr\/de#\/schema\/logo\/image\/","url":"https:\/\/www.tpa-group.hr\/app\/uploads\/sites\/5\/2025\/09\/WhatsApp-Image-2025-09-29-at-13.31.31-Photoroom.png","contentUrl":"https:\/\/www.tpa-group.hr\/app\/uploads\/sites\/5\/2025\/09\/WhatsApp-Image-2025-09-29-at-13.31.31-Photoroom.png","width":709,"height":355,"caption":"TPA Hrvatska - TPA Croatia"},"image":{"@id":"https:\/\/www.tpa-group.hr\/de#\/schema\/logo\/image\/"}}]}},"_links":{"self":[{"href":"https:\/\/www.tpa-group.hr\/de\/wp-json\/wp\/v2\/pages\/1891","targetHints":{"allow":["GET"]}}],"collection":[{"href":"https:\/\/www.tpa-group.hr\/de\/wp-json\/wp\/v2\/pages"}],"about":[{"href":"https:\/\/www.tpa-group.hr\/de\/wp-json\/wp\/v2\/types\/page"}],"author":[{"embeddable":true,"href":"https:\/\/www.tpa-group.hr\/de\/wp-json\/wp\/v2\/users\/1"}],"replies":[{"embeddable":true,"href":"https:\/\/www.tpa-group.hr\/de\/wp-json\/wp\/v2\/comments?post=1891"}],"version-history":[{"count":10,"href":"https:\/\/www.tpa-group.hr\/de\/wp-json\/wp\/v2\/pages\/1891\/revisions"}],"predecessor-version":[{"id":4689,"href":"https:\/\/www.tpa-group.hr\/de\/wp-json\/wp\/v2\/pages\/1891\/revisions\/4689"}],"wp:attachment":[{"href":"https:\/\/www.tpa-group.hr\/de\/wp-json\/wp\/v2\/media?parent=1891"}],"curies":[{"name":"wp","href":"https:\/\/api.w.org\/{rel}","templated":true}]}}